{"id":66,"date":"2015-11-18T21:34:32","date_gmt":"2015-11-19T02:34:32","guid":{"rendered":"http:\/\/blog.espol.edu.ec\/ashvagar\/?page_id=66"},"modified":"2015-11-24T14:43:08","modified_gmt":"2015-11-24T19:43:08","slug":"sinopsis-3","status":"publish","type":"page","link":"https:\/\/blog.espol.edu.ec\/ashvagar\/universityshow\/sinopsis-3\/","title":{"rendered":"Sinopsis"},"content":{"rendered":"<h1 style=\"text-align: center\"><strong><em><span style=\"color: #00ff00\">Sinopsis<\/span><\/em><\/strong><\/h1>\n<p style=\"text-align: justify\"><span style=\"color: #003300\">Mike Wazowski desde ni\u00f1o era rechazado por sus compa\u00f1eros, lo cual lo llev\u00f3 a la meta de demostrarles que \u00e9l era especial . Su obsesi\u00f3n por ser un asustador se origin\u00f3 en una excursi\u00f3n departe de su escuela , en la cual entro sin permiso en una puerta y qued\u00f3 fascinado de los asustadores para siempre. Gracias a sus buenos estudios, es admitido en Monsters University. A Mike se le dan un recorrido y una habitaci\u00f3n, su compa\u00f1ero es Randy Boggs y se hacen buenos amigos.<\/span><\/p>\n<p style=\"text-align: justify\"><a href=\"http:\/\/blog.espol.edu.ec\/ashvagar\/files\/2015\/11\/monstruos-university-con-boggs.jpg\"><img loading=\"lazy\" decoding=\"async\" class=\"aligncenter size-full wp-image-279\" src=\"http:\/\/blog.espol.edu.ec\/ashvagar\/files\/2015\/11\/monstruos-university-con-boggs.jpg\" alt=\"monstruos university con boggs\" width=\"720\" height=\"384\" srcset=\"https:\/\/blog.espol.edu.ec\/ashvagar\/files\/2015\/11\/monstruos-university-con-boggs.jpg 720w, https:\/\/blog.espol.edu.ec\/ashvagar\/files\/2015\/11\/monstruos-university-con-boggs-300x160.jpg 300w\" sizes=\"auto, (max-width: 720px) 100vw, 720px\" \/><\/a><\/p>\n<p style=\"text-align: justify\"><span style=\"color: #003300\">El primer d\u00eda de clase, el profesor Knight avisa a sus alumnos de que eran el m\u00e1s terror\u00edfico seg\u00fan dicen. Ahora, est\u00e1n en el \"pueblo del Profesor Knight\" y \u00e9l no se asusta con facilidad hasta que aparece la decana de la facultad de sustos Hardscrabble, les informa que al final del semestre habr\u00e1 un examen final y los que no lo aprueben estar\u00e1n fuera del Programa de Sustos. Hardscrabble es una leyenda. Bati\u00f3 el r\u00e9cord de todos los tiempos con un grito que estaba en su conserva-gritos que Mike y Sulley rompen por accidente.<\/span><\/p>\n<p style=\"text-align: justify\"><span style=\"color: #003300\">Por la noche, Mike trata de estudiar, pero James P. Sullivan (Jimmy Sullivan), un compa\u00f1ero de clase, se esconde en su habitaci\u00f3n, ya que ha robado a Archie, la mascota de una hermandad rival. Archie se escapa y Mike y Sulley lo persiguen por todo el campus y lo atrapan, pero al final el m\u00e9rito se lo lleva Sulley, que es admitido por los Roar Omega Roar, la fraternidad m\u00e1s popular de la universidad con Johnny Worthington como l\u00edder. Mike trata de unirse a ellos, pero tiene una discusi\u00f3n con Sulley que provoca una rivalidad entre ellos.<\/span><\/p>\n<p style=\"text-align: justify\"><a href=\"http:\/\/blog.espol.edu.ec\/ashvagar\/files\/2015\/11\/msf_mu_cmi_ror-group.jpg\"><img loading=\"lazy\" decoding=\"async\" class=\"aligncenter size-large wp-image-281\" src=\"http:\/\/blog.espol.edu.ec\/ashvagar\/files\/2015\/11\/msf_mu_cmi_ror-group-1024x576.jpg\" alt=\"msf_mu_cmi_ror-group\" width=\"610\" height=\"343\" srcset=\"https:\/\/blog.espol.edu.ec\/ashvagar\/files\/2015\/11\/msf_mu_cmi_ror-group-1024x576.jpg 1024w, https:\/\/blog.espol.edu.ec\/ashvagar\/files\/2015\/11\/msf_mu_cmi_ror-group-300x169.jpg 300w, https:\/\/blog.espol.edu.ec\/ashvagar\/files\/2015\/11\/msf_mu_cmi_ror-group.jpg 1240w\" sizes=\"auto, (max-width: 610px) 100vw, 610px\" \/><\/a><\/p>\n<p style=\"text-align: justify\"><span style=\"color: #003300\">El d\u00eda del examen final, Mike y Sulley tienen una pelea en la que destrozan una de las posesiones m\u00e1s preciadas de Hardscrabble, provocando que ambos sean expulsados del Programa de Sustos y que Sulley sea rechazado por los Roar Omega Roar. Con la intenci\u00f3n de demostrar de que es un buen asustador, Mike trata de participar en una serie de pruebas conocidas como las sustolimpiadas, cuyos ganadores ser\u00e1n los monstruos m\u00e1s aterradores de la universidad. Para unirse necesita pertenecer a un grupo y Mike solo es aceptado por los Oozma Kappa, un grupo de monstruos que no saben asustar. Lamentablemente, los Oozma Kappa necesitan un miembro m\u00e1s, por lo que Mike acepta a rega\u00f1adientes a Sulley. Hardscrabble que es la organizadora del torneo al ver que Mike quiere participar le permite entrar y hacen un trato en que si gana su equipo lo volver\u00e1 a aceptar dentro del Programa de Sustos de lo contrario quedar\u00e1n expulsados.<\/span><\/p>\n<p style=\"text-align: justify\"><span style=\"color: #003300\">Todos tienen bajas expectativas en que el equipo de Mike y Sulley ganen, pero Mike trata de entrenarlos a pesar de todo. Mike, Sulley y los dem\u00e1s pasan las primeras pruebas y son invitados a una fiesta en casa de los Roar Omega Roar, que les gastan una broma y les humillan delante de toda la universidad.<\/span><\/p>\n<p><iframe loading=\"lazy\" src=\"https:\/\/www.youtube-nocookie.com\/embed\/JdnHqUMi87s\" width=\"640\" height=\"360\" frameborder=\"0\" allowfullscreen=\"allowfullscreen\"><\/iframe><\/p>\n<p style=\"text-align: justify\"><span style=\"color: #003300\">El grupo hace una excursi\u00f3n a Monsters Inc., en la que descubren que todo los asustadores son completamente diferentes y que cada uno utiliza sus virtudes para asustar. Animados, los Oozma Kappa pasan la pen\u00faltima prueba quedando finalistas junto con los Roar Omega Roar. En la \u00faltima prueba (un simulador de sustos) los Oozma Kappa tienen un desempe\u00f1o sorprendente, incluyendo a Sulley que suelta un rugido tan fuerte que humilla a Randy; al final Mike compite contra Worthington, da su m\u00e1s intenso susto, que no fue suficiente, pero aun as\u00ed ganan lo que significa estar de vuelta en la universidad.<\/span><\/p>\n<p style=\"text-align: justify\"><span style=\"color: #003300\">Sin embargo poco despu\u00e9s Mike descubre que Sulley sabote\u00f3 el simulador de sustos poni\u00e9ndolo en \"Dificultad Principiante\" cuando fue su turno dand\u00f3se cuenta que no tiene capacidad para asustar. Sulley le confesaria a Hardscrabble y Johnny le ofrece volver pero este se niega ignor\u00e1ndolo. Sulley le confiesa a Hardscrabble la trampa que hizo pero le aclara que su equipo no tuvo nada que ver y Hardscrabble muy molesta lo expulsa de la universidad.<\/span><\/p>\n<p style=\"text-align: justify\"><span style=\"color: #003300\">Cuando Mike se entera de que Sulley hizo trampas porque no cre\u00eda en \u00e9l, se infiltra en el laboratorio de puertas y viaja a un campamento humano y trata de asustar a un ni\u00f1o que en vez de asustarse lo considera adorable. Sulley tras darse cuenta viaja al mundo humano para salvar a Mike. Despu\u00e9s de reconciliarse, los dos tratan de volver a la universidad, pero Hardscrabble ha desconectado la puerta, provocando que Mike y Sulley queden atrapados en el mundo humano. al verse acorralados por humanos adultos, Mike planea una excelente estrategia para intimidar a los guardabosques y Sulley finalmente les da el mayor susto que se haya visto, generando la suficiente energ\u00eda como para activar la puerta y volver. Pero, las cosas empeoraron; pues Sulley rugio tan fuerte que la energ\u00eda hizo que la puerta estallara justo despu\u00e9s de cruzarla y volver al mundo de los monstruos. Hardscrabble queda muy sorprendida al ver la capacidad de asustar de Sulley y m\u00e1s aun con la idea de Mike para lograr el mayor susto de la historia. <span style=\"color: #333300\">En ese momento llega la CDA y les llevan al despacho del rector, mientras pasan entre sus amigos de Oozma Kappa (felices de ver que ambos salieron ilesos de su aventura e el mundo humano) y los<\/span><\/span><span style=\"color: #333300\"> dem\u00e1s alumnos les abuchean por romper la puerta y se enfadan.<\/span><\/p>\n<p style=\"text-align: justify\">\n<p style=\"text-align: justify\"><span style=\"color: #333300\">A pesar de todo Mike y Sulley son expulsados de la universidad por hacer trampa en las Sustolimpiadas y por colarse en el laboratorio de puertas, pero Hardscrabble, impresionada por lo que hicieron les desea mucha suerte.<\/span><\/p>\n<p style=\"text-align: justify\"><span style=\"color: #003300\">Con una meta en mente, Mike y Sulley contin\u00faan persiguiendo su sue\u00f1o de trabajar en Monsters Inc., comienzan siendo mensajeros (trabajando para el Hombre de las Nieves), luego conserjes, m\u00e1s tarde trabajando en la cafeter\u00eda de la empresa, siempre destac\u00e1ndose por ser los mejores en cada actividad, hasta tener la oportunidad de probarse como asustadores finalmente logrando sus sue\u00f1os de ser asustadores de la empresa y ser parte del mejor equipo de asustadores de la compa\u00f1\u00eda, derivando por ende en lo que ocurre despu\u00e9s en Monsters Inc.<\/span><\/p>\n<p style=\"text-align: justify\"><span style=\"color: #003300\">En el transcurso de la pel\u00edcula se pueden descubrir varios mensajes: que las malas acciones tienen consecuencias, que cada cual tiene sus propias virtudes, s\u00f3lo hay que saber reconocerlas, y el mensaje m\u00e1s importante de todos es que cuando se tiene un sue\u00f1o, nunca es imposible lograrlo si se pone esfuerzo y dedicaci\u00f3n.<br \/>\n<\/span><\/p>\n","protected":false},"excerpt":{"rendered":"<p>Sinopsis Mike Wazowski desde ni\u00f1o era rechazado por sus compa\u00f1eros, lo cual lo llev\u00f3 a la meta de demostrarles que \u00e9l era especial . Su obsesi\u00f3n por ser un asustador se origin\u00f3 en una excursi\u00f3n departe de su escuela , en la cual entro sin permiso en una puerta y qued\u00f3 fascinado de los asustadores [&hellip;]<\/p>\n","protected":false},"author":10041,"featured_media":132,"parent":44,"menu_order":2,"comment_status":"closed","ping_status":"closed","template":"","meta":{"_monsterinsights_skip_tracking":false,"_monsterinsights_sitenote_active":false,"_monsterinsights_sitenote_note":"","_monsterinsights_sitenote_category":0,"footnotes":""},"class_list":["post-66","page","type-page","status-publish","has-post-thumbnail","hentry"],"aioseo_notices":[],"_links":{"self":[{"href":"https:\/\/blog.espol.edu.ec\/ashvagar\/wp-json\/wp\/v2\/pages\/66","targetHints":{"allow":["GET"]}}],"collection":[{"href":"https:\/\/blog.espol.edu.ec\/ashvagar\/wp-json\/wp\/v2\/pages"}],"about":[{"href":"https:\/\/blog.espol.edu.ec\/ashvagar\/wp-json\/wp\/v2\/types\/page"}],"author":[{"embeddable":true,"href":"https:\/\/blog.espol.edu.ec\/ashvagar\/wp-json\/wp\/v2\/users\/10041"}],"replies":[{"embeddable":true,"href":"https:\/\/blog.espol.edu.ec\/ashvagar\/wp-json\/wp\/v2\/comments?post=66"}],"version-history":[{"count":11,"href":"https:\/\/blog.espol.edu.ec\/ashvagar\/wp-json\/wp\/v2\/pages\/66\/revisions"}],"predecessor-version":[{"id":284,"href":"https:\/\/blog.espol.edu.ec\/ashvagar\/wp-json\/wp\/v2\/pages\/66\/revisions\/284"}],"up":[{"embeddable":true,"href":"https:\/\/blog.espol.edu.ec\/ashvagar\/wp-json\/wp\/v2\/pages\/44"}],"wp:featuredmedia":[{"embeddable":true,"href":"https:\/\/blog.espol.edu.ec\/ashvagar\/wp-json\/wp\/v2\/media\/132"}],"wp:attachment":[{"href":"https:\/\/blog.espol.edu.ec\/ashvagar\/wp-json\/wp\/v2\/media?parent=66"}],"curies":[{"name":"wp","href":"https:\/\/api.w.org\/{rel}","templated":true}]}}