{"id":320,"date":"2022-05-28T02:10:34","date_gmt":"2022-05-28T00:10:34","guid":{"rendered":"http:\/\/blog.espol.edu.ec\/auto2\/?page_id=320"},"modified":"2023-05-21T23:53:10","modified_gmt":"2023-05-21T21:53:10","slug":"prepracticas","status":"publish","type":"page","link":"https:\/\/blog.espol.edu.ec\/auto2\/prepracticas\/","title":{"rendered":"PREPR\u00c1CTICAS"},"content":{"rendered":"<div id=\"pl-320\"  class=\"panel-layout\" ><div id=\"pg-320-0\"  class=\"panel-grid panel-no-style\" ><div id=\"pgc-320-0-0\"  class=\"panel-grid-cell\" ><div id=\"panel-320-0-0-0\" class=\"so-panel widget widget_sow-accordion panel-first-child panel-last-child\" data-index=\"0\" ><div\n\t\t\t\n\t\t\tclass=\"so-widget-sow-accordion so-widget-sow-accordion-default-99be652ed941-320\"\n\t\t\t\n\t\t><div>\n\t<div class=\"sow-accordion\">\n\t\t\t<div class=\"sow-accordion-panel\n\t\t\t\t\"\n\t\t\tdata-anchor-id=\"prepractica-1\">\n\t\t\t\t<div class=\"sow-accordion-panel-header-container\" role=\"heading\" aria-level=\"2\">\n\t\t\t\t\t<div class=\"sow-accordion-panel-header\" tabindex=\"0\" role=\"button\" id=\"accordion-label-prepr%c3%a1ctica-1\" aria-controls=\"accordion-content-prepr%c3%a1ctica-1\" aria-expanded=\"false\">\n\t\t\t\t\t\t<div class=\"sow-accordion-title sow-accordion-title-icon-left\">\n\t\t\t\t\t\t\t\t\t\t\t\t\t\tPREPR\u00c1CTICA 1\t\t\t\t\t\t\t\t\t\t\t\t\t<\/div>\n\t\t\t\t\t\t<div class=\"sow-accordion-open-close-button\">\n\t\t\t\t\t\t\t<div class=\"sow-accordion-open-button\">\n\t\t\t\t\t\t\t\t<span class=\"sow-icon-ionicons\" data-sow-icon=\"&#xf218;\"\n\t\t \n\t\taria-hidden=\"true\"><\/span>\t\t\t\t\t\t\t<\/div>\n\t\t\t\t\t\t\t<div class=\"sow-accordion-close-button\">\n\t\t\t\t\t\t\t\t<span class=\"sow-icon-ionicons\" data-sow-icon=\"&#xf209;\"\n\t\t \n\t\taria-hidden=\"true\"><\/span>\t\t\t\t\t\t\t<\/div>\n\t\t\t\t\t\t<\/div>\n\t\t\t\t\t<\/div>\n\t\t\t\t<\/div>\n\n\t\t\t<div\n\t\t\t\tclass=\"sow-accordion-panel-content\"\n\t\t\t\trole=\"region\"\n\t\t\t\taria-labelledby=\"accordion-label-prepr%c3%a1ctica-1\"\n\t\t\t\tid=\"accordion-content-prepr%c3%a1ctica-1\"\n\t\t\t\tstyle=\"display: none;\"\t\t\t>\n\t\t\t\t<div class=\"sow-accordion-panel-border\">\n\t\t\t\t\t<ul>\n<li><a href=\"http:\/\/blog.espol.edu.ec\/auto2\/files\/2023\/05\/Prepr\u00e1ctica_Site_Edition_23.pdf\" target=\"_blank\" rel=\"noopener\">Introducci\u00f3n a FactoryTalk View Site Edition<\/a><\/li>\n<li><a href=\"http:\/\/blog.espol.edu.ec\/auto\/files\/2022\/11\/PLANOS-F\u00cdSICOS_MALPA.pdf\" target=\"_blank\" rel=\"noopener\">Planos fisicos del tablero de comunicaciones industriales<\/a><\/li>\n<\/ul>\n\t\t\t\t<\/div>\n\t\t\t<\/div>\n\t\t<\/div>\n\t\t\t<div class=\"sow-accordion-panel\n\t\t\t\t\"\n\t\t\tdata-anchor-id=\"prepractica-2\">\n\t\t\t\t<div class=\"sow-accordion-panel-header-container\" role=\"heading\" aria-level=\"2\">\n\t\t\t\t\t<div class=\"sow-accordion-panel-header\" tabindex=\"0\" role=\"button\" id=\"accordion-label-prepr%c3%a1ctica-2\" aria-controls=\"accordion-content-prepr%c3%a1ctica-2\" aria-expanded=\"false\">\n\t\t\t\t\t\t<div class=\"sow-accordion-title sow-accordion-title-icon-left\">\n\t\t\t\t\t\t\t\t\t\t\t\t\t\tPREPR\u00c1CTICA 2\t\t\t\t\t\t\t\t\t\t\t\t\t<\/div>\n\t\t\t\t\t\t<div class=\"sow-accordion-open-close-button\">\n\t\t\t\t\t\t\t<div class=\"sow-accordion-open-button\">\n\t\t\t\t\t\t\t\t<span class=\"sow-icon-ionicons\" data-sow-icon=\"&#xf218;\"\n\t\t \n\t\taria-hidden=\"true\"><\/span>\t\t\t\t\t\t\t<\/div>\n\t\t\t\t\t\t\t<div class=\"sow-accordion-close-button\">\n\t\t\t\t\t\t\t\t<span class=\"sow-icon-ionicons\" data-sow-icon=\"&#xf209;\"\n\t\t \n\t\taria-hidden=\"true\"><\/span>\t\t\t\t\t\t\t<\/div>\n\t\t\t\t\t\t<\/div>\n\t\t\t\t\t<\/div>\n\t\t\t\t<\/div>\n\n\t\t\t<div\n\t\t\t\tclass=\"sow-accordion-panel-content\"\n\t\t\t\trole=\"region\"\n\t\t\t\taria-labelledby=\"accordion-label-prepr%c3%a1ctica-2\"\n\t\t\t\tid=\"accordion-content-prepr%c3%a1ctica-2\"\n\t\t\t\tstyle=\"display: none;\"\t\t\t>\n\t\t\t\t<div class=\"sow-accordion-panel-border\">\n\t\t\t\t\t<ul>\n<li><a href=\"http:\/\/blog.espol.edu.ec\/auto2\/files\/2023\/05\/Prepr\u00e1ctica_HART_23.pdf\" target=\"_blank\" rel=\"noopener\">Protocolo Hart<\/a><\/li>\n<li><a href=\"http:\/\/blog.espol.edu.ec\/auto\/files\/2022\/11\/PLANOS-F\u00cdSICOS_MALPA.pdf\" target=\"_blank\" rel=\"noopener\">Planos fisicos del tablero de comunicaciones industriales<\/a><\/li>\n<\/ul>\n\t\t\t\t<\/div>\n\t\t\t<\/div>\n\t\t<\/div>\n\t\t\t<div class=\"sow-accordion-panel\n\t\t\t\t\"\n\t\t\tdata-anchor-id=\"prepractica-3\">\n\t\t\t\t<div class=\"sow-accordion-panel-header-container\" role=\"heading\" aria-level=\"2\">\n\t\t\t\t\t<div class=\"sow-accordion-panel-header\" tabindex=\"0\" role=\"button\" id=\"accordion-label-prepr%c3%a1ctica-3\" aria-controls=\"accordion-content-prepr%c3%a1ctica-3\" aria-expanded=\"false\">\n\t\t\t\t\t\t<div class=\"sow-accordion-title sow-accordion-title-icon-left\">\n\t\t\t\t\t\t\t\t\t\t\t\t\t\tPREPR\u00c1CTICA 3\t\t\t\t\t\t\t\t\t\t\t\t\t<\/div>\n\t\t\t\t\t\t<div class=\"sow-accordion-open-close-button\">\n\t\t\t\t\t\t\t<div class=\"sow-accordion-open-button\">\n\t\t\t\t\t\t\t\t<span class=\"sow-icon-ionicons\" data-sow-icon=\"&#xf218;\"\n\t\t \n\t\taria-hidden=\"true\"><\/span>\t\t\t\t\t\t\t<\/div>\n\t\t\t\t\t\t\t<div class=\"sow-accordion-close-button\">\n\t\t\t\t\t\t\t\t<span class=\"sow-icon-ionicons\" data-sow-icon=\"&#xf209;\"\n\t\t \n\t\taria-hidden=\"true\"><\/span>\t\t\t\t\t\t\t<\/div>\n\t\t\t\t\t\t<\/div>\n\t\t\t\t\t<\/div>\n\t\t\t\t<\/div>\n\n\t\t\t<div\n\t\t\t\tclass=\"sow-accordion-panel-content\"\n\t\t\t\trole=\"region\"\n\t\t\t\taria-labelledby=\"accordion-label-prepr%c3%a1ctica-3\"\n\t\t\t\tid=\"accordion-content-prepr%c3%a1ctica-3\"\n\t\t\t\tstyle=\"display: none;\"\t\t\t>\n\t\t\t\t<div class=\"sow-accordion-panel-border\">\n\t\t\t\t\t<p><a href=\"http:\/\/blog.espol.edu.ec\/auto2\/files\/2023\/05\/Practica_Productor_consumidor_23.pdf\" target=\"_blank\" rel=\"noopener\">Productor-Consumidor del protocolo CIP y topolog\u00edas<\/a>\u00a0f\u00edsicas de red<\/p>\n\t\t\t\t<\/div>\n\t\t\t<\/div>\n\t\t<\/div>\n\t\t\t<div class=\"sow-accordion-panel\n\t\t\t\t\"\n\t\t\tdata-anchor-id=\"prepractica-4\">\n\t\t\t\t<div class=\"sow-accordion-panel-header-container\" role=\"heading\" aria-level=\"2\">\n\t\t\t\t\t<div class=\"sow-accordion-panel-header\" tabindex=\"0\" role=\"button\" id=\"accordion-label-prepr%c3%a1ctica-4\" aria-controls=\"accordion-content-prepr%c3%a1ctica-4\" aria-expanded=\"false\">\n\t\t\t\t\t\t<div class=\"sow-accordion-title sow-accordion-title-icon-left\">\n\t\t\t\t\t\t\t\t\t\t\t\t\t\tPREPR\u00c1CTICA 4\t\t\t\t\t\t\t\t\t\t\t\t\t<\/div>\n\t\t\t\t\t\t<div class=\"sow-accordion-open-close-button\">\n\t\t\t\t\t\t\t<div class=\"sow-accordion-open-button\">\n\t\t\t\t\t\t\t\t<span class=\"sow-icon-ionicons\" data-sow-icon=\"&#xf218;\"\n\t\t \n\t\taria-hidden=\"true\"><\/span>\t\t\t\t\t\t\t<\/div>\n\t\t\t\t\t\t\t<div class=\"sow-accordion-close-button\">\n\t\t\t\t\t\t\t\t<span class=\"sow-icon-ionicons\" data-sow-icon=\"&#xf209;\"\n\t\t \n\t\taria-hidden=\"true\"><\/span>\t\t\t\t\t\t\t<\/div>\n\t\t\t\t\t\t<\/div>\n\t\t\t\t\t<\/div>\n\t\t\t\t<\/div>\n\n\t\t\t<div\n\t\t\t\tclass=\"sow-accordion-panel-content\"\n\t\t\t\trole=\"region\"\n\t\t\t\taria-labelledby=\"accordion-label-prepr%c3%a1ctica-4\"\n\t\t\t\tid=\"accordion-content-prepr%c3%a1ctica-4\"\n\t\t\t\tstyle=\"display: none;\"\t\t\t>\n\t\t\t\t<div class=\"sow-accordion-panel-border\">\n\t\t\t\t\t<ul>\n<li><a href=\"http:\/\/blog.espol.edu.ec\/auto2\/files\/2023\/05\/Prepr\u00e1ctica_Motion_Control_23.pdf\" target=\"_blank\" rel=\"noopener\">Introducci\u00f3n a motion Control<\/a><\/li>\n<\/ul>\n\t\t\t\t<\/div>\n\t\t\t<\/div>\n\t\t<\/div>\n\t\t\t<div class=\"sow-accordion-panel\n\t\t\t\t\"\n\t\t\tdata-anchor-id=\"prepractica-5\">\n\t\t\t\t<div class=\"sow-accordion-panel-header-container\" role=\"heading\" aria-level=\"2\">\n\t\t\t\t\t<div class=\"sow-accordion-panel-header\" tabindex=\"0\" role=\"button\" id=\"accordion-label-prepr%c3%a1ctica-5\" aria-controls=\"accordion-content-prepr%c3%a1ctica-5\" aria-expanded=\"false\">\n\t\t\t\t\t\t<div class=\"sow-accordion-title sow-accordion-title-icon-left\">\n\t\t\t\t\t\t\t\t\t\t\t\t\t\tPREPR\u00c1CTICA 5\t\t\t\t\t\t\t\t\t\t\t\t\t<\/div>\n\t\t\t\t\t\t<div class=\"sow-accordion-open-close-button\">\n\t\t\t\t\t\t\t<div class=\"sow-accordion-open-button\">\n\t\t\t\t\t\t\t\t<span class=\"sow-icon-ionicons\" data-sow-icon=\"&#xf218;\"\n\t\t \n\t\taria-hidden=\"true\"><\/span>\t\t\t\t\t\t\t<\/div>\n\t\t\t\t\t\t\t<div class=\"sow-accordion-close-button\">\n\t\t\t\t\t\t\t\t<span class=\"sow-icon-ionicons\" data-sow-icon=\"&#xf209;\"\n\t\t \n\t\taria-hidden=\"true\"><\/span>\t\t\t\t\t\t\t<\/div>\n\t\t\t\t\t\t<\/div>\n\t\t\t\t\t<\/div>\n\t\t\t\t<\/div>\n\n\t\t\t<div\n\t\t\t\tclass=\"sow-accordion-panel-content\"\n\t\t\t\trole=\"region\"\n\t\t\t\taria-labelledby=\"accordion-label-prepr%c3%a1ctica-5\"\n\t\t\t\tid=\"accordion-content-prepr%c3%a1ctica-5\"\n\t\t\t\tstyle=\"display: none;\"\t\t\t>\n\t\t\t\t<div class=\"sow-accordion-panel-border\">\n\t\t\t\t\t<p><a href=\"http:\/\/blog.espol.edu.ec\/auto2\/files\/2023\/05\/Prepractica_modbus_23.pdf\" target=\"_blank\" rel=\"noopener\">Comunicaci\u00f3n de una red Modbus RTU<\/a><\/p>\n\t\t\t\t<\/div>\n\t\t\t<\/div>\n\t\t<\/div>\n\t\t<\/div>\n<\/div>\n<\/div><\/div><\/div><\/div><\/div>","protected":false},"excerpt":{"rendered":"<p>PREPR\u00c1CTICA 1 Introducci\u00f3n a FactoryTalk View Site Edition Planos fisicos del tablero de comunicaciones industriales PREPR\u00c1CTICA 2 Protocolo Hart Planos fisicos del tablero de comunicaciones industriales PREPR\u00c1CTICA 3 Productor-Consumidor del protocolo CIP y topolog\u00edas\u00a0f\u00edsicas de red PREPR\u00c1CTICA 4 Introducci\u00f3n a motion Control PREPR\u00c1CTICA 5 Comunicaci\u00f3n de una red Modbus RTU<\/p>\n","protected":false},"author":11112,"featured_media":0,"parent":0,"menu_order":0,"comment_status":"closed","ping_status":"closed","template":"","meta":{"footnotes":""},"class_list":["post-320","page","type-page","status-publish","hentry"],"_links":{"self":[{"href":"https:\/\/blog.espol.edu.ec\/auto2\/wp-json\/wp\/v2\/pages\/320","targetHints":{"allow":["GET"]}}],"collection":[{"href":"https:\/\/blog.espol.edu.ec\/auto2\/wp-json\/wp\/v2\/pages"}],"about":[{"href":"https:\/\/blog.espol.edu.ec\/auto2\/wp-json\/wp\/v2\/types\/page"}],"author":[{"embeddable":true,"href":"https:\/\/blog.espol.edu.ec\/auto2\/wp-json\/wp\/v2\/users\/11112"}],"replies":[{"embeddable":true,"href":"https:\/\/blog.espol.edu.ec\/auto2\/wp-json\/wp\/v2\/comments?post=320"}],"version-history":[{"count":13,"href":"https:\/\/blog.espol.edu.ec\/auto2\/wp-json\/wp\/v2\/pages\/320\/revisions"}],"predecessor-version":[{"id":403,"href":"https:\/\/blog.espol.edu.ec\/auto2\/wp-json\/wp\/v2\/pages\/320\/revisions\/403"}],"wp:attachment":[{"href":"https:\/\/blog.espol.edu.ec\/auto2\/wp-json\/wp\/v2\/media?parent=320"}],"curies":[{"name":"wp","href":"https:\/\/api.w.org\/{rel}","templated":true}]}}