{"id":109,"date":"2020-08-21T04:54:55","date_gmt":"2020-08-21T02:54:55","guid":{"rendered":"http:\/\/blog.espol.edu.ec\/ayudantiaspa\/?page_id=109"},"modified":"2022-05-05T20:14:16","modified_gmt":"2022-05-05T18:14:16","slug":"manuales","status":"publish","type":"page","link":"https:\/\/blog.espol.edu.ec\/automatizacion\/manuales\/","title":{"rendered":"Informaci\u00f3n"},"content":{"rendered":"<p>A continuaci\u00f3n, se muestra los links donde podr\u00e1n visualizar los manuales de los pasos a seguir para el proceso de realizaci\u00f3n y convalidaci\u00f3n\u00a0 de las pr\u00e1cticas empresariales.<\/p>\n<ul>\n<li><strong>Video tutorial del proceso para estudiantes<\/strong><\/li>\n<\/ul>\n<p><a href=\"https:\/\/youtu.be\/ZbtEcw0cdjk\" target=\"_blank\" rel=\"noopener\">Plan de actividades<\/a><\/p>\n<p><a href=\"https:\/\/youtu.be\/OG1vFFutXW4\" target=\"_blank\" rel=\"noopener\">Evaluaciones parciales de pr\u00e1cticas empresariales\u00a0<\/a><\/p>\n<p><a href=\"https:\/\/www.youtube.com\/watch?v=_Y8m2nPv7bM&amp;ab_channel=UnidaddeVinculaci%C3%B3nconlaSociedad-ESPOL\" target=\"_blank\" rel=\"noopener\">Evaluaciones finales<\/a><\/p>\n<ul>\n<li><strong>Manual de tutores<\/strong><\/li>\n<\/ul>\n<p><a href=\"http:\/\/blog.espol.edu.ec\/automatizacion\/files\/2022\/04\/manualEmpresariales2022.pdf\" target=\"_blank\" rel=\"noopener\">Archivo de Manual de tutores<\/a><\/p>\n","protected":false},"excerpt":{"rendered":"<p>A continuaci\u00f3n, se muestra los links donde podr\u00e1n visualizar los manuales de los pasos a seguir para el proceso de realizaci\u00f3n y convalidaci\u00f3n\u00a0 de las pr\u00e1cticas empresariales. Video tutorial del proceso para estudiantes Plan de actividades Evaluaciones parciales de pr\u00e1cticas empresariales\u00a0 Evaluaciones finales Manual de tutores Archivo de Manual de tutores<\/p>\n","protected":false},"author":11112,"featured_media":0,"parent":0,"menu_order":0,"comment_status":"closed","ping_status":"closed","template":"","meta":{"footnotes":""},"class_list":["post-109","page","type-page","status-publish","hentry"],"_links":{"self":[{"href":"https:\/\/blog.espol.edu.ec\/automatizacion\/wp-json\/wp\/v2\/pages\/109","targetHints":{"allow":["GET"]}}],"collection":[{"href":"https:\/\/blog.espol.edu.ec\/automatizacion\/wp-json\/wp\/v2\/pages"}],"about":[{"href":"https:\/\/blog.espol.edu.ec\/automatizacion\/wp-json\/wp\/v2\/types\/page"}],"author":[{"embeddable":true,"href":"https:\/\/blog.espol.edu.ec\/automatizacion\/wp-json\/wp\/v2\/users\/11112"}],"replies":[{"embeddable":true,"href":"https:\/\/blog.espol.edu.ec\/automatizacion\/wp-json\/wp\/v2\/comments?post=109"}],"version-history":[{"count":5,"href":"https:\/\/blog.espol.edu.ec\/automatizacion\/wp-json\/wp\/v2\/pages\/109\/revisions"}],"predecessor-version":[{"id":635,"href":"https:\/\/blog.espol.edu.ec\/automatizacion\/wp-json\/wp\/v2\/pages\/109\/revisions\/635"}],"wp:attachment":[{"href":"https:\/\/blog.espol.edu.ec\/automatizacion\/wp-json\/wp\/v2\/media?parent=109"}],"curies":[{"name":"wp","href":"https:\/\/api.w.org\/{rel}","templated":true}]}}