{"id":124,"date":"2020-08-21T06:45:24","date_gmt":"2020-08-21T04:45:24","guid":{"rendered":"http:\/\/blog.espol.edu.ec\/ayudantiaspa\/?page_id=124"},"modified":"2025-02-15T00:44:42","modified_gmt":"2025-02-14T23:44:42","slug":"coordinador-de-practicas-pre-profesionales-de-ing-electronica-y-automatizacion","status":"publish","type":"page","link":"https:\/\/blog.espol.edu.ec\/automatizacion\/coordinador-de-practicas-pre-profesionales-de-ing-electronica-y-automatizacion\/","title":{"rendered":"Coordinador de pr\u00e1cticas empresariales"},"content":{"rendered":"<p>Cada carrera cuenta con un docente encargado de la planificaci\u00f3n y asignaci\u00f3n de las plazas a los estudiantes que desean realizar sus pr\u00e1cticas empresariales.<\/p>\n<p>Su principal objetivo es llevar una log\u00edstica adecuada de todos los estudiantes que est\u00e1n realizando el proceso, para a base de ello tomar las respectivas acciones para asegurar que su proceso se desarrolla de la mejor manera.<\/p>\n<p>El Coordinador de\u00a0 pr\u00e1cticas Empresariales de Ing. Electr\u00f3nica y Automatizaci\u00f3n es:<\/p>\n<p>&nbsp;<\/p>\n<ul>\n<li><strong>Nombre<\/strong><\/li>\n<li>Ing. Victor Arce<\/li>\n<\/ul>\n<ul>\n<li><strong style=\"font-size: 1rem\">Correo electr\u00f3nico<\/strong><\/li>\n<li><span style=\"font-size: 1rem\">varce<span class=\"\"><span class=\"\">@<\/span>espol.edu.ec<\/span><\/span><\/li>\n<\/ul>\n<p>&nbsp;<\/p>\n","protected":false},"excerpt":{"rendered":"<p>Cada carrera cuenta con un docente encargado de la planificaci\u00f3n y asignaci\u00f3n de las plazas a los estudiantes que desean realizar sus pr\u00e1cticas empresariales. Su principal objetivo es llevar una log\u00edstica adecuada de todos los estudiantes que est\u00e1n realizando el proceso, para a base de ello tomar las respectivas acciones para asegurar que su proceso &hellip; <\/p>\n<p class=\"link-more\"><a href=\"https:\/\/blog.espol.edu.ec\/automatizacion\/coordinador-de-practicas-pre-profesionales-de-ing-electronica-y-automatizacion\/\" class=\"more-link\">Continuar leyendo<span class=\"screen-reader-text\"> \"Coordinador de pr\u00e1cticas empresariales\"<\/span><\/a><\/p>\n","protected":false},"author":11112,"featured_media":0,"parent":0,"menu_order":0,"comment_status":"closed","ping_status":"closed","template":"","meta":{"footnotes":""},"class_list":["post-124","page","type-page","status-publish","hentry"],"_links":{"self":[{"href":"https:\/\/blog.espol.edu.ec\/automatizacion\/wp-json\/wp\/v2\/pages\/124","targetHints":{"allow":["GET"]}}],"collection":[{"href":"https:\/\/blog.espol.edu.ec\/automatizacion\/wp-json\/wp\/v2\/pages"}],"about":[{"href":"https:\/\/blog.espol.edu.ec\/automatizacion\/wp-json\/wp\/v2\/types\/page"}],"author":[{"embeddable":true,"href":"https:\/\/blog.espol.edu.ec\/automatizacion\/wp-json\/wp\/v2\/users\/11112"}],"replies":[{"embeddable":true,"href":"https:\/\/blog.espol.edu.ec\/automatizacion\/wp-json\/wp\/v2\/comments?post=124"}],"version-history":[{"count":10,"href":"https:\/\/blog.espol.edu.ec\/automatizacion\/wp-json\/wp\/v2\/pages\/124\/revisions"}],"predecessor-version":[{"id":707,"href":"https:\/\/blog.espol.edu.ec\/automatizacion\/wp-json\/wp\/v2\/pages\/124\/revisions\/707"}],"wp:attachment":[{"href":"https:\/\/blog.espol.edu.ec\/automatizacion\/wp-json\/wp\/v2\/media?parent=124"}],"curies":[{"name":"wp","href":"https:\/\/api.w.org\/{rel}","templated":true}]}}