{"id":126,"date":"2020-08-21T06:52:05","date_gmt":"2020-08-21T04:52:05","guid":{"rendered":"http:\/\/blog.espol.edu.ec\/ayudantiaspa\/?page_id=126"},"modified":"2022-04-27T18:53:05","modified_gmt":"2022-04-27T16:53:05","slug":"tutores-de-practicas-pre-profesionales-de-ing-electronica-y-automatizacion","status":"publish","type":"page","link":"https:\/\/blog.espol.edu.ec\/automatizacion\/tutores-de-practicas-pre-profesionales-de-ing-electronica-y-automatizacion\/","title":{"rendered":"Tutores"},"content":{"rendered":"<p>Los tutores son los encargados de realizar un seguimiento de cada uno de los estudiantes que se encuentren realizando las pr\u00e1cticas, adem\u00e1s de verificar que las actividades se realicen seg\u00fan la planificaci\u00f3n establecida.<\/p>\n<p>A continuaci\u00f3n se muestra una lista de los\u00a0Tutores de Pr\u00e1cticas Empresariales de Ing. Electr\u00f3nica y Automatizaci\u00f3n para el Periodo Acad\u00e9mico Extraordinario\u00a0 2021.<\/p>\n<p><img loading=\"lazy\" decoding=\"async\" class=\"alignleft wp-image-589 size-thumbnail\" src=\"http:\/\/blog.espol.edu.ec\/automatizacion\/files\/2022\/04\/final-1-150x150.jpg\" alt=\"\" width=\"150\" height=\"150\" srcset=\"https:\/\/blog.espol.edu.ec\/automatizacion\/files\/2022\/04\/final-1-150x150.jpg 150w, https:\/\/blog.espol.edu.ec\/automatizacion\/files\/2022\/04\/final-1-100x100.jpg 100w, https:\/\/blog.espol.edu.ec\/automatizacion\/files\/2022\/04\/final-1.jpg 200w\" sizes=\"auto, (max-width: 150px) 100vw, 150px\" \/><\/p>\n<ul>\n<li><strong>Nombre<\/strong><\/li>\n<li>Ing. Adriana Aguirre<\/li>\n<\/ul>\n<ul>\n<li><strong style=\"font-size: 1rem\">Correo electr\u00f3nico<\/strong><\/li>\n<li><span style=\"font-size: 1rem\">aaaguirr@espol.edu.ec<\/span><\/li>\n<\/ul>\n<hr \/>\n<p><img loading=\"lazy\" decoding=\"async\" class=\"alignleft wp-image-592 size-thumbnail\" src=\"http:\/\/blog.espol.edu.ec\/automatizacion\/files\/2022\/04\/Patricia-Pasmay-1-150x150.jpg\" alt=\"\" width=\"150\" height=\"150\" srcset=\"https:\/\/blog.espol.edu.ec\/automatizacion\/files\/2022\/04\/Patricia-Pasmay-1-150x150.jpg 150w, https:\/\/blog.espol.edu.ec\/automatizacion\/files\/2022\/04\/Patricia-Pasmay-1-100x100.jpg 100w, https:\/\/blog.espol.edu.ec\/automatizacion\/files\/2022\/04\/Patricia-Pasmay-1.jpg 200w\" sizes=\"auto, (max-width: 150px) 100vw, 150px\" \/><\/p>\n<ul>\n<li><strong>Nombre<\/strong><\/li>\n<li>Ing. Patricia Pasmay<\/li>\n<\/ul>\n<ul>\n<li><strong style=\"font-size: 1rem\">Correo electr\u00f3nico<\/strong><\/li>\n<li><span style=\"font-size: 1rem\">ppasmay@espol.edu.ec<\/span><\/li>\n<\/ul>\n<hr \/>\n<p><img loading=\"lazy\" decoding=\"async\" class=\"alignleft wp-image-582 size-thumbnail\" src=\"http:\/\/blog.espol.edu.ec\/automatizacion\/files\/2022\/04\/rintriago_0-150x150.jpg\" alt=\"\" width=\"150\" height=\"150\" srcset=\"https:\/\/blog.espol.edu.ec\/automatizacion\/files\/2022\/04\/rintriago_0-150x150.jpg 150w, https:\/\/blog.espol.edu.ec\/automatizacion\/files\/2022\/04\/rintriago_0-100x100.jpg 100w, https:\/\/blog.espol.edu.ec\/automatizacion\/files\/2022\/04\/rintriago_0.jpg 200w\" sizes=\"auto, (max-width: 150px) 100vw, 150px\" \/><\/p>\n<ul>\n<li><strong>Nombre<\/strong><\/li>\n<li>Ing. Ra\u00fal Intriago<\/li>\n<\/ul>\n<ul>\n<li><strong style=\"font-size: 1rem\">Correo electr\u00f3nico<\/strong><\/li>\n<li><span style=\"font-size: 1rem\">raugintr@espol.edu.ec<\/span><\/li>\n<\/ul>\n<hr \/>\n<p><img loading=\"lazy\" decoding=\"async\" class=\"alignleft wp-image-594 size-thumbnail\" src=\"http:\/\/blog.espol.edu.ec\/automatizacion\/files\/2022\/04\/final_13-1-150x150.jpg\" alt=\"\" width=\"150\" height=\"150\" srcset=\"https:\/\/blog.espol.edu.ec\/automatizacion\/files\/2022\/04\/final_13-1-150x150.jpg 150w, https:\/\/blog.espol.edu.ec\/automatizacion\/files\/2022\/04\/final_13-1-100x100.jpg 100w, https:\/\/blog.espol.edu.ec\/automatizacion\/files\/2022\/04\/final_13-1.jpg 200w\" sizes=\"auto, (max-width: 150px) 100vw, 150px\" \/><\/p>\n<ul>\n<li><strong>Nombre<\/strong><\/li>\n<li>Ing. Tonny Toscano<\/li>\n<\/ul>\n<ul>\n<li><strong style=\"font-size: 1rem\">Correo electr\u00f3nico<\/strong><\/li>\n<li><span style=\"font-size: 1rem\">ttoscano@espol.edu.ec<\/span><\/li>\n<\/ul>\n","protected":false},"excerpt":{"rendered":"<p>Los tutores son los encargados de realizar un seguimiento de cada uno de los estudiantes que se encuentren realizando las pr\u00e1cticas, adem\u00e1s de verificar que las actividades se realicen seg\u00fan la planificaci\u00f3n establecida. A continuaci\u00f3n se muestra una lista de los\u00a0Tutores de Pr\u00e1cticas Empresariales de Ing. Electr\u00f3nica y Automatizaci\u00f3n para el Periodo Acad\u00e9mico Extraordinario\u00a0 2021. &hellip; <\/p>\n<p class=\"link-more\"><a href=\"https:\/\/blog.espol.edu.ec\/automatizacion\/tutores-de-practicas-pre-profesionales-de-ing-electronica-y-automatizacion\/\" class=\"more-link\">Continuar leyendo<span class=\"screen-reader-text\"> \"Tutores\"<\/span><\/a><\/p>\n","protected":false},"author":11112,"featured_media":0,"parent":0,"menu_order":0,"comment_status":"closed","ping_status":"closed","template":"","meta":{"footnotes":""},"class_list":["post-126","page","type-page","status-publish","hentry"],"_links":{"self":[{"href":"https:\/\/blog.espol.edu.ec\/automatizacion\/wp-json\/wp\/v2\/pages\/126","targetHints":{"allow":["GET"]}}],"collection":[{"href":"https:\/\/blog.espol.edu.ec\/automatizacion\/wp-json\/wp\/v2\/pages"}],"about":[{"href":"https:\/\/blog.espol.edu.ec\/automatizacion\/wp-json\/wp\/v2\/types\/page"}],"author":[{"embeddable":true,"href":"https:\/\/blog.espol.edu.ec\/automatizacion\/wp-json\/wp\/v2\/users\/11112"}],"replies":[{"embeddable":true,"href":"https:\/\/blog.espol.edu.ec\/automatizacion\/wp-json\/wp\/v2\/comments?post=126"}],"version-history":[{"count":8,"href":"https:\/\/blog.espol.edu.ec\/automatizacion\/wp-json\/wp\/v2\/pages\/126\/revisions"}],"predecessor-version":[{"id":595,"href":"https:\/\/blog.espol.edu.ec\/automatizacion\/wp-json\/wp\/v2\/pages\/126\/revisions\/595"}],"wp:attachment":[{"href":"https:\/\/blog.espol.edu.ec\/automatizacion\/wp-json\/wp\/v2\/media?parent=126"}],"curies":[{"name":"wp","href":"https:\/\/api.w.org\/{rel}","templated":true}]}}