{"id":177,"date":"2020-08-28T00:33:26","date_gmt":"2020-08-27T22:33:26","guid":{"rendered":"http:\/\/blog.espol.edu.ec\/automatizacion\/?page_id=177"},"modified":"2020-09-24T02:28:10","modified_gmt":"2020-09-24T00:28:10","slug":"postulacion","status":"publish","type":"page","link":"https:\/\/blog.espol.edu.ec\/automatizacion\/postulacion\/","title":{"rendered":"Postulaci\u00f3n"},"content":{"rendered":"<p>Los pasos a seguir para postular a una pasant\u00eda son los siguientes:<\/p>\n<p><strong>1.<\/strong> Ingresa con tu usuario y contrase\u00f1a a tu acad\u00e9mico en\u00a0<a href=\"https:\/\/www.academico.espol.edu.ec\/\" target=\"_blank\" rel=\"noopener\">www.academico.espol.edu.ec<\/a><\/p>\n<p><strong>2.<\/strong> Selecciona la opci\u00f3n<strong><em>\u00a0<u>Registro Pr\u00e1cticas Empresariales.<\/u><\/em><\/strong><\/p>\n<p><strong>3.<\/strong> Te aparecer\u00e1n todas las empresas disponibles para tu perfil, selecciona la empresa que deseas postular.<\/p>\n<p><strong>4.<\/strong> Espera un correo electr\u00f3nico a tu correo ESPOL, donde el coordinador de pr\u00e1cticas empresariales de tu carrera se comunicara contigo.<\/p>\n<p>\u00a1Muchos \u00e9xitos en tu proceso!<\/p>\n<p>&nbsp;<\/p>\n<p>&nbsp;<\/p>\n","protected":false},"excerpt":{"rendered":"<p>Los pasos a seguir para postular a una pasant\u00eda son los siguientes: 1. Ingresa con tu usuario y contrase\u00f1a a tu acad\u00e9mico en\u00a0www.academico.espol.edu.ec 2. Selecciona la opci\u00f3n\u00a0Registro Pr\u00e1cticas Empresariales. 3. Te aparecer\u00e1n todas las empresas disponibles para tu perfil, selecciona la empresa que deseas postular. 4. Espera un correo electr\u00f3nico a tu correo ESPOL, donde &hellip; <\/p>\n<p class=\"link-more\"><a href=\"https:\/\/blog.espol.edu.ec\/automatizacion\/postulacion\/\" class=\"more-link\">Continuar leyendo<span class=\"screen-reader-text\"> \"Postulaci\u00f3n\"<\/span><\/a><\/p>\n","protected":false},"author":11136,"featured_media":0,"parent":0,"menu_order":0,"comment_status":"closed","ping_status":"closed","template":"","meta":{"footnotes":""},"class_list":["post-177","page","type-page","status-publish","hentry"],"_links":{"self":[{"href":"https:\/\/blog.espol.edu.ec\/automatizacion\/wp-json\/wp\/v2\/pages\/177","targetHints":{"allow":["GET"]}}],"collection":[{"href":"https:\/\/blog.espol.edu.ec\/automatizacion\/wp-json\/wp\/v2\/pages"}],"about":[{"href":"https:\/\/blog.espol.edu.ec\/automatizacion\/wp-json\/wp\/v2\/types\/page"}],"author":[{"embeddable":true,"href":"https:\/\/blog.espol.edu.ec\/automatizacion\/wp-json\/wp\/v2\/users\/11136"}],"replies":[{"embeddable":true,"href":"https:\/\/blog.espol.edu.ec\/automatizacion\/wp-json\/wp\/v2\/comments?post=177"}],"version-history":[{"count":8,"href":"https:\/\/blog.espol.edu.ec\/automatizacion\/wp-json\/wp\/v2\/pages\/177\/revisions"}],"predecessor-version":[{"id":346,"href":"https:\/\/blog.espol.edu.ec\/automatizacion\/wp-json\/wp\/v2\/pages\/177\/revisions\/346"}],"wp:attachment":[{"href":"https:\/\/blog.espol.edu.ec\/automatizacion\/wp-json\/wp\/v2\/media?parent=177"}],"curies":[{"name":"wp","href":"https:\/\/api.w.org\/{rel}","templated":true}]}}