{"id":180,"date":"2020-08-28T00:37:29","date_gmt":"2020-08-27T22:37:29","guid":{"rendered":"http:\/\/blog.espol.edu.ec\/automatizacion\/?page_id=180"},"modified":"2023-02-15T21:14:44","modified_gmt":"2023-02-15T20:14:44","slug":"requisitos","status":"publish","type":"page","link":"https:\/\/blog.espol.edu.ec\/automatizacion\/requisitos\/","title":{"rendered":"Requisitos"},"content":{"rendered":"<p><strong>1.<\/strong>\u00a0Ser estudiante activo.<\/p>\n<p><strong>2.<\/strong>\u00a0No estar en situaci\u00f3n de prueba.<\/p>\n<p><strong>3.<\/strong>\u00a0Cumplir con el perfil de practicante ligado a la pr\u00e1ctica preprofesional. Es decir, cursar o aprobar las materias requeridas seg\u00fan cada perfil que se muestran a continuaci\u00f3n.<\/p>\n<p><img loading=\"lazy\" decoding=\"async\" class=\"alignnone wp-image-297 size-full\" src=\"http:\/\/blog.espol.edu.ec\/automatizacion\/files\/2020\/09\/perfiles.png\" alt=\"\" width=\"1966\" height=\"1232\" srcset=\"https:\/\/blog.espol.edu.ec\/automatizacion\/files\/2020\/09\/perfiles.png 1966w, https:\/\/blog.espol.edu.ec\/automatizacion\/files\/2020\/09\/perfiles-300x188.png 300w, https:\/\/blog.espol.edu.ec\/automatizacion\/files\/2020\/09\/perfiles-768x481.png 768w, https:\/\/blog.espol.edu.ec\/automatizacion\/files\/2020\/09\/perfiles-1024x642.png 1024w\" sizes=\"auto, (max-width: 767px) 89vw, (max-width: 1000px) 54vw, (max-width: 1071px) 543px, 580px\" \/><\/p>\n<p><strong>4.<\/strong>\u00a0Disponibilidad de cr\u00e9ditos para realizar las pr\u00e1cticas. (5 cr\u00e9ditos para pr\u00e1cticas preprofesionales empresariales del m\u00e1ximo de 15 cr\u00e9ditos permitidos al semestre)<\/p>\n<p><strong>Nota:\u00a0<\/strong>La empresa donde quiera realizar pr\u00e1cticas empresariales debe tener un convenio vigente con la universidad para el\u00a0desarrollo y ejecuci\u00f3n de pr\u00e1cticas pre-profesionales empresariales previo al inicio de la pr\u00e1ctica.\u00a0Se puede verificar los convenios ingresando con tu usuario y contrase\u00f1a al <a href=\"http:\/\/practicas.espol.edu.ec\/\" target=\"_blank\" rel=\"noopener\">sistema de pr\u00e1cticas<\/a>, da clic en informaci\u00f3n y selecciona <strong>Convenio vigente con empresas.\u00a0\u00a0<\/strong><\/p>\n","protected":false},"excerpt":{"rendered":"<p>1.\u00a0Ser estudiante activo. 2.\u00a0No estar en situaci\u00f3n de prueba. 3.\u00a0Cumplir con el perfil de practicante ligado a la pr\u00e1ctica preprofesional. Es decir, cursar o aprobar las materias requeridas seg\u00fan cada perfil que se muestran a continuaci\u00f3n. 4.\u00a0Disponibilidad de cr\u00e9ditos para realizar las pr\u00e1cticas. (5 cr\u00e9ditos para pr\u00e1cticas preprofesionales empresariales del m\u00e1ximo de 15 cr\u00e9ditos permitidos &hellip; <\/p>\n<p class=\"link-more\"><a href=\"https:\/\/blog.espol.edu.ec\/automatizacion\/requisitos\/\" class=\"more-link\">Continuar leyendo<span class=\"screen-reader-text\"> \"Requisitos\"<\/span><\/a><\/p>\n","protected":false},"author":11136,"featured_media":0,"parent":0,"menu_order":0,"comment_status":"closed","ping_status":"closed","template":"","meta":{"footnotes":""},"class_list":["post-180","page","type-page","status-publish","hentry"],"_links":{"self":[{"href":"https:\/\/blog.espol.edu.ec\/automatizacion\/wp-json\/wp\/v2\/pages\/180","targetHints":{"allow":["GET"]}}],"collection":[{"href":"https:\/\/blog.espol.edu.ec\/automatizacion\/wp-json\/wp\/v2\/pages"}],"about":[{"href":"https:\/\/blog.espol.edu.ec\/automatizacion\/wp-json\/wp\/v2\/types\/page"}],"author":[{"embeddable":true,"href":"https:\/\/blog.espol.edu.ec\/automatizacion\/wp-json\/wp\/v2\/users\/11136"}],"replies":[{"embeddable":true,"href":"https:\/\/blog.espol.edu.ec\/automatizacion\/wp-json\/wp\/v2\/comments?post=180"}],"version-history":[{"count":14,"href":"https:\/\/blog.espol.edu.ec\/automatizacion\/wp-json\/wp\/v2\/pages\/180\/revisions"}],"predecessor-version":[{"id":677,"href":"https:\/\/blog.espol.edu.ec\/automatizacion\/wp-json\/wp\/v2\/pages\/180\/revisions\/677"}],"wp:attachment":[{"href":"https:\/\/blog.espol.edu.ec\/automatizacion\/wp-json\/wp\/v2\/media?parent=180"}],"curies":[{"name":"wp","href":"https:\/\/api.w.org\/{rel}","templated":true}]}}