{"id":288,"date":"2020-09-23T23:28:32","date_gmt":"2020-09-23T21:28:32","guid":{"rendered":"http:\/\/blog.espol.edu.ec\/automatizacion\/?page_id=288"},"modified":"2025-02-15T00:42:11","modified_gmt":"2025-02-14T23:42:11","slug":"preguntas","status":"publish","type":"page","link":"https:\/\/blog.espol.edu.ec\/automatizacion\/preguntas\/","title":{"rendered":"Preguntas Frecuentes"},"content":{"rendered":"<div id=\"pl-288\"  class=\"panel-layout\"><div id=\"pg-288-0\"  class=\"panel-grid panel-no-style\"><div id=\"pgc-288-0-0\"  class=\"panel-grid-cell\"><div id=\"panel-288-0-0-0\" class=\"so-panel widget widget_sow-accordion panel-first-child panel-last-child\" data-index=\"0\"><div\n\t\t\t\n\t\t\tclass=\"so-widget-sow-accordion so-widget-sow-accordion-default-319f6794266d-288\"><div>\n\t<div class=\"sow-accordion\">\n\t\t\t<div class=\"sow-accordion-panel\n\t\t\t\t\"\n\t\t\tdata-anchor-id=\"informacion\">\n\t\t\t\t<div class=\"sow-accordion-panel-header-container\" role=\"heading\" aria-level=\"2\">\n\t\t\t\t\t<div class=\"sow-accordion-panel-header\" tabindex=\"0\" role=\"button\" id=\"accordion-label-informaci%c3%b3n\" aria-controls=\"accordion-content-informaci%c3%b3n\" aria-expanded=\"false\">\n\t\t\t\t\t\t<div class=\"sow-accordion-title sow-accordion-title-icon-left\">\n\t\t\t\t\t\t\t\t\t\t\t\t\t\tInformaci\u00f3n \t\t\t\t\t\t\t\t\t\t\t\t\t<\/div>\n\t\t\t\t\t\t<div class=\"sow-accordion-open-close-button\">\n\t\t\t\t\t\t\t<div class=\"sow-accordion-open-button\">\n\t\t\t\t\t\t\t\t<span class=\"sow-icon-ionicons\" data-sow-icon=\"&#xf218;\"\n\t\t \n\t\taria-hidden=\"true\"><\/span>\t\t\t\t\t\t\t<\/div>\n\t\t\t\t\t\t\t<div class=\"sow-accordion-close-button\">\n\t\t\t\t\t\t\t\t<span class=\"sow-icon-ionicons\" data-sow-icon=\"&#xf209;\"\n\t\t \n\t\taria-hidden=\"true\"><\/span>\t\t\t\t\t\t\t<\/div>\n\t\t\t\t\t\t<\/div>\n\t\t\t\t\t<\/div>\n\t\t\t\t<\/div>\n\n\t\t\t<div\n\t\t\t\tclass=\"sow-accordion-panel-content\"\n\t\t\t\trole=\"region\"\n\t\t\t\taria-labelledby=\"accordion-label-informaci%c3%b3n\"\n\t\t\t\tid=\"accordion-content-informaci%c3%b3n\"\n\t\t\t\tstyle=\"display: none;\">\n\t\t\t\t<div class=\"sow-accordion-panel-border\">\n\t\t\t\t\t<h4>1. \u00bfQu\u00e9 requisitos debo cumplir para registrarme en la materia integradora?<\/h4>\n<p style=\"text-align: left\">Se deben tener convalidadas las horas de pr\u00e1cticas empresariales (240) y comunitarias (96) antes de registrarse en la integradora. Adem\u00e1s, el n\u00famero total de cr\u00e9ditos entre materias, incluyendo la integradora, no pueden ser m\u00e1s de 15 cr\u00e9ditos.<\/p>\n<h4><b>2. \u00bfCu\u00e1ndo se podr\u00e1n realizar pr\u00e1cticas empresariales?<\/b><\/h4>\n<p>Los estudiantes podr\u00e1n realizar pr\u00e1cticas preprofesionales empresariales durante todo el a\u00f1o cumpliendo con los <a href=\"http:\/\/blog.espol.edu.ec\/automatizacion\/requisitos\/\" target=\"_blank\" rel=\"noopener\">requisitos<\/a>.<\/p>\n<p>Se recomienda realizar las pr\u00e1cticas preprofesionales en el PAE, sin embargo pueden realizarlos en el PAO.<\/p>\n<h4><b>3. \u00bfCu\u00e1ntas horas puede realizar durante un periodo acad\u00e9mico ordinario (PAO)?<\/b><\/h4>\n<p>Se considera que cada 48 horas equivalen a un cr\u00e9dito, por lo cual el n\u00famero que debe tener es de 5 cr\u00e9ditos si se desea completar el total de horas.\u00a0Adem\u00e1s, el n\u00famero total de cr\u00e9ditos entre materias, incluyendo las practicas preprofesionales (empresariales y comunitarias), no pueden ser m\u00e1s de 15 cr\u00e9ditos.<\/p>\n<p><strong><em>En ning\u00fan caso se asignar\u00e1n m\u00e1s de 5 cr\u00e9ditos para pr\u00e1cticas preprofesionales empresariales durante la carrera.<\/em><\/strong><\/p>\n<ul>\n<li><strong>4. \u00bfCu\u00e1les son los lapsos considerados para iniciar mi pr\u00e1ctica empresarial\u00a0 en cada periodo acad\u00e9mico ordinario?<\/strong><\/li>\n<\/ul>\n<p>Se puede estimar que el calendario para el registro de pr\u00e1ctica empresarial est\u00e1 desfasado con 30 d\u00edas del calendario acad\u00e9mico de ESPOL.<\/p>\n<p><img loading=\"lazy\" decoding=\"async\" class=\"aligncenter wp-image-545 size-full\" src=\"http:\/\/blog.espol.edu.ec\/automatizacion\/files\/2021\/05\/periodo-de-practicas.png\" alt=\"\" width=\"1203\" height=\"544\" srcset=\"https:\/\/blog.espol.edu.ec\/automatizacion\/files\/2021\/05\/periodo-de-practicas.png 1203w, https:\/\/blog.espol.edu.ec\/automatizacion\/files\/2021\/05\/periodo-de-practicas-300x136.png 300w, https:\/\/blog.espol.edu.ec\/automatizacion\/files\/2021\/05\/periodo-de-practicas-768x347.png 768w, https:\/\/blog.espol.edu.ec\/automatizacion\/files\/2021\/05\/periodo-de-practicas-1024x463.png 1024w\" sizes=\"auto, (max-width: 767px) 89vw, (max-width: 1000px) 54vw, (max-width: 1071px) 543px, 580px\" \/><\/p>\n<p>Por ejemplo, una pr\u00e1ctica registrada desde 30 d\u00edas antes de los registros ordinarios del I PAO hasta 30 d\u00edas antes del registro del II PAO ser\u00e1n consideradas como parte del IPAO.<\/p>\n<p><img loading=\"lazy\" decoding=\"async\" class=\"aligncenter wp-image-544 size-full\" src=\"http:\/\/blog.espol.edu.ec\/automatizacion\/files\/2021\/05\/ejemplo-IPAO.png\" alt=\"\" width=\"1239\" height=\"557\" srcset=\"https:\/\/blog.espol.edu.ec\/automatizacion\/files\/2021\/05\/ejemplo-IPAO.png 1239w, https:\/\/blog.espol.edu.ec\/automatizacion\/files\/2021\/05\/ejemplo-IPAO-300x135.png 300w, https:\/\/blog.espol.edu.ec\/automatizacion\/files\/2021\/05\/ejemplo-IPAO-768x345.png 768w, https:\/\/blog.espol.edu.ec\/automatizacion\/files\/2021\/05\/ejemplo-IPAO-1024x460.png 1024w\" sizes=\"auto, (max-width: 767px) 89vw, (max-width: 1000px) 54vw, (max-width: 1071px) 543px, 580px\" \/><\/p>\n<h4><b>5. \u00bfSe pueden reprobar las pr\u00e1cticas preprofesionales?<\/b><\/h4>\n<p class=\"rtejustify\">S\u00ed, se reprueba la pr\u00e1ctica en las siguientes situaciones:<\/p>\n<p class=\"rtejustify\">a) Por abandono de la pr\u00e1ctica preprofesional declarado por el coordinador respectivo, sin que medie una justificaci\u00f3n aprobada por la instancia correspondiente, que implique la existencia de caso fortuito o fuerza mayor.<\/p>\n<p class=\"rtejustify\">b) Por incumplimiento declarado por el coordinador respectivo de la entrega oportuna de productos o servicios, o si estos no son de la calidad establecida, afectando los objetivos del proyecto y\/o compromisos adquiridos con la comunidad beneficiaria o instituciones.<\/p>\n<p class=\"rtejustify\"><strong>Los estudiantes que reprueben la pr\u00e1ctica preprofesional perder\u00e1n los beneficios de la gratuidad<\/strong>, y estar\u00e1n sujetos a los pagos determinados en el Reglamento de Aranceles, Matr\u00edculas y Derechos para el nivel de Admisiones y nivel de Grado de la ESPOL. (Art. 63 del Reglamento de Grado de la ESPOL).<\/p>\n<h4><b>6. \u00bfPuedo alcanzar la regularidad contabilizando los cr\u00e9ditos de pr\u00e1cticas sean empresariales<\/b><b>?\u00a0<\/b><\/h4>\n<p>S\u00ed, los estudiantes que hayan sido asignados a una pr\u00e1ctica preprofesional empresarial desde 30 d\u00edas antes del inicio de la matr\u00edcula ordinaria (registros) y hasta el \u00faltimo d\u00eda de matr\u00edcula extraordinaria podr\u00e1n utilizar sus cr\u00e9ditos para regularidad. La Unidad de Vinculaci\u00f3n con la sociedad (UVS) generar\u00e1 un listado de estudiantes que le falten cr\u00e9ditos para ser regular y est\u00e9n realizando pr\u00e1cticas empresariales, durante las dos primeras semanas del PAO.<\/p>\n<p>Luego, se comprobar\u00e1 el estado activo de pr\u00e1cticas empresariales a trav\u00e9s de los diferentes sistemas y coordinador de pr\u00e1cticas empresariales para que Secretaria T\u00e9cnica Acad\u00e9mica cambie de estado irregular a regular, ya que\u00a0este proceso no es autom\u00e1tico.<\/p>\n<h4><b>7. \u00bfSe puede acreditar experiencia laboral como pr\u00e1cticas preprofesionales empresariales?<\/b><b>\u00a0<\/b><\/h4>\n<p>No, no se podr\u00e1n acreditar actividades retroactivas. Sin embargo, podr\u00e1s iniciar un proceso de pr\u00e1cticas preprofesionales siempre que las actividades contribuyan a la aplicaci\u00f3n de conocimientos adquiridos en la carrera.\u00a0Para la formalizaci\u00f3n de la pr\u00e1ctica preprofesional, se deber\u00e1 verificar la suscripci\u00f3n de un convenio o acuerdo de cooperaci\u00f3n y la firma de la carta de compromiso para el inicio de sus actividades, cumpliendo con las disposiciones del presente lineamiento y las directrices para pr\u00e1cticas preprofesionales empresariales definidas por la UVS.<\/p>\n<p><em><strong>Nota:<\/strong> No se validar\u00e1n actividades realizadas antes de la firma de la carta de compromiso, ni que su inicio est\u00e9 fuera del tiempo de vigencia del convenio o acuerdo de cooperaci\u00f3n<\/em><\/p>\n<ul>\n<li><strong>8. \u00bfC\u00f3mo puedo obtener la carta de la universidad para realizar pr\u00e1cticas preprofesionales que piden las empresas, ya sea para el ingreso o postulaci\u00f3n de oportunidades de pasant\u00edas o pr\u00e1cticas empresariales?<\/strong><\/li>\n<\/ul>\n<p>El certificado de pr\u00e1cticas preprofesionales se obtiene a trav\u00e9s del Polim\u00e1tico El proceso es el siguiente:<\/p>\n<ol>\n<li>\u00a0Ingresar a\u00a0<a href=\"https:\/\/polimatico.espol.edu.ec\/\">https:\/\/polimatico.espol.edu.ec\/\u00a0<\/a><\/li>\n<li>En la opci\u00f3n Certificados, escoger Pr\u00e1cticas Pre profesionales<\/li>\n<li>El tiempo de procesamiento para la emisi\u00f3n del certificado por parte del Polim\u00e1tico es de dos a tres d\u00edas laborables.<\/li>\n<\/ol>\n<ul>\n<li>Si la empresa requiere una carta dirigida a un representante de la empresa y <strong>NO<\/strong> requiere la firma del coordinador\u00a0de pr\u00e1cticas empresariales, entonces el estudiante puede generar este documento siguiendo las indicaciones del video \"<a href=\"https:\/\/youtu.be\/o8DS3dhRJfQ\">Gu\u00eda para obtener la carta de presentaci\u00f3n\"<\/a>.<\/li>\n<li>Caso contrario, si la empresa requiere una carta dirigida a un representante de la empresa y <strong>SI<\/strong> requiere la firma del coordinador\u00a0de pr\u00e1cticas empresariales, llenar el siguiente formulario.<\/li>\n<li><a href=\"https:\/\/forms.gle\/Jzgv2jaJuuzJLYs96\">https:\/\/forms.gle\/Jzgv2jaJuuzJLYs96\u00a0\u00a0<\/a><\/li>\n<li>Revisar la copia de respuesta enviada autom\u00e1ticamente por el sistema al correo Gmail. Luego, enviar la copia de respuesta en PDF al correo por correo, con el asunto \"Carta de presentaci\u00f3n\" al coordinador de pr\u00e1cticas empresariales de la carrera Ing. Jos\u00e9 Cueva, josecuev@espol.edu.ec.<br \/>\nUna vez haya enviado el correo, se responder\u00e1 en la brevedad posible para continuar con el proceso.<\/li>\n<\/ul>\n<h4><strong>9. \u00bfPuedo realizar pr\u00e1cticas empresariales o pasant\u00edas a pesar de tener convalidadas las 240 horas en el sistema?<\/strong><\/h4>\n<p>Si, los estudiantes pueden realizar m\u00e1s practicas para adquirir experiencia. Cabe indicar que si la empresa desea una carta de solicitud o presentaci\u00f3n de las pr\u00e1cticas empresariales,\u00a0 entonces el estudiante debe hacer el requerimiento de este documento a UVS enviando un correo electr\u00f3nico a ceproem@espol.edu.ec<\/p>\n<p>&nbsp;<\/p>\n<p>&nbsp;<\/p>\n<p>&nbsp;<\/p>\n\t\t\t\t<\/div>\n\t\t\t<\/div>\n\t\t<\/div>\n\t\t\t<div class=\"sow-accordion-panel\n\t\t\t\t\"\n\t\t\tdata-anchor-id=\"requisitos\">\n\t\t\t\t<div class=\"sow-accordion-panel-header-container\" role=\"heading\" aria-level=\"2\">\n\t\t\t\t\t<div class=\"sow-accordion-panel-header\" tabindex=\"0\" role=\"button\" id=\"accordion-label-requisitos\" aria-controls=\"accordion-content-requisitos\" aria-expanded=\"false\">\n\t\t\t\t\t\t<div class=\"sow-accordion-title sow-accordion-title-icon-left\">\n\t\t\t\t\t\t\t\t\t\t\t\t\t\tRequisitos\t\t\t\t\t\t\t\t\t\t\t\t\t<\/div>\n\t\t\t\t\t\t<div class=\"sow-accordion-open-close-button\">\n\t\t\t\t\t\t\t<div class=\"sow-accordion-open-button\">\n\t\t\t\t\t\t\t\t<span class=\"sow-icon-ionicons\" data-sow-icon=\"&#xf218;\"\n\t\t \n\t\taria-hidden=\"true\"><\/span>\t\t\t\t\t\t\t<\/div>\n\t\t\t\t\t\t\t<div class=\"sow-accordion-close-button\">\n\t\t\t\t\t\t\t\t<span class=\"sow-icon-ionicons\" data-sow-icon=\"&#xf209;\"\n\t\t \n\t\taria-hidden=\"true\"><\/span>\t\t\t\t\t\t\t<\/div>\n\t\t\t\t\t\t<\/div>\n\t\t\t\t\t<\/div>\n\t\t\t\t<\/div>\n\n\t\t\t<div\n\t\t\t\tclass=\"sow-accordion-panel-content\"\n\t\t\t\trole=\"region\"\n\t\t\t\taria-labelledby=\"accordion-label-requisitos\"\n\t\t\t\tid=\"accordion-content-requisitos\"\n\t\t\t\tstyle=\"display: none;\">\n\t\t\t\t<div class=\"sow-accordion-panel-border\">\n\t\t\t\t\t<h6><b>\u00bfCu\u00e1les son los requisitos que debo cumplir para poder realizar las pr\u00e1cticas empresariales?<\/b><\/h6>\n<ul>\n<li><strong>1.<\/strong>\u00a0Ser estudiante activo.<\/li>\n<li><strong>2.<\/strong>\u00a0No estar en situaci\u00f3n de prueba.<\/li>\n<li><strong>3.<\/strong>\u00a0Cumplir con el perfil de practicante ligado a la pr\u00e1ctica preprofesional. Es decir, cursar o aprobar las materias requeridas seg\u00fan cada perfil que se muestran a continuaci\u00f3n.<\/li>\n<\/ul>\n<p><img loading=\"lazy\" decoding=\"async\" class=\"alignnone wp-image-297 size-full\" src=\"http:\/\/blog.espol.edu.ec\/automatizacion\/files\/2020\/09\/perfiles.png\" alt=\"\" width=\"1966\" height=\"1232\" srcset=\"https:\/\/blog.espol.edu.ec\/automatizacion\/files\/2020\/09\/perfiles.png 1966w, https:\/\/blog.espol.edu.ec\/automatizacion\/files\/2020\/09\/perfiles-300x188.png 300w, https:\/\/blog.espol.edu.ec\/automatizacion\/files\/2020\/09\/perfiles-768x481.png 768w, https:\/\/blog.espol.edu.ec\/automatizacion\/files\/2020\/09\/perfiles-1024x642.png 1024w\" sizes=\"auto, (max-width: 767px) 89vw, (max-width: 1000px) 54vw, (max-width: 1071px) 543px, 580px\" \/><\/p>\n<ul>\n<li><strong>4.<\/strong> Disponibilidad de cr\u00e9ditos para realizar las pr\u00e1cticas. (5 cr\u00e9ditos para pr\u00e1cticas preprofesionales empresariales del m\u00e1ximo de 15 cr\u00e9ditos permitidos al semestre)<\/li>\n<li><strong>5.\u00a0<\/strong>Perfil en Linkedin<\/li>\n<li><strong>6.<\/strong>\u00a0\u00a0<strong style=\"font-size: 1rem\">Certificado de charla ofrecida por CEPROEM<\/strong><span style=\"font-size: 1rem\"> o <strong>Evidencia de registro\/ en la semana empresarial de FIEC<\/strong>\u00a0 o Certificado del curso\u00a0\u00a0<\/span><strong style=\"font-size: 1rem\"><a href=\"https:\/\/www.linkedin.com\/learning-login\/share?account=92964874&amp;forceAccount=true&amp;redirect=https%3A%2F%2Fwww.linkedin.com%2Flearning%2Fpaths%2Fescuela-superior-politecnica-del-litoral-espol-herramientas-para-promocionar-el-perfil-profesional%3Ftrk%3Dshare_ent_path_url%26shareId%3DPDpQG9IjQMy5OnpDMHNV0g%253D%253D\" target=\"_blank\" rel=\"noopener\">Herramientas para promocionar el perfil profesional\u00a0<\/a>\u00a0o\u00a0\u00a0curso\u00a0<a href=\"https:\/\/www.udemy.com\/course\/comunicacion-asertiva-de-la-teoria-a-la-practica\/\" target=\"_blank\" rel=\"noopener\">Comunicaci\u00f3n asertiva:<\/a><\/strong><\/li>\n<li><strong>Nota 1: <\/strong>La empresa donde quiera realizar pr\u00e1cticas empresariales debe tener un convenio vigente con la universidad para el desarrollo y ejecuci\u00f3n de pr\u00e1cticas pre-profesionales empresariales previo al inicio de la pr\u00e1ctica. Se puede verificar los convenios ingresando con tu usuario y contrase\u00f1a al <strong><a href=\"http:\/\/practicas.espol.edu.ec\/\" target=\"_blank\" rel=\"noopener\">sistema de pr\u00e1cticas<\/a><\/strong>, da clic en informaci\u00f3n y selecciona <strong>Convenio vigente con empresas.<\/strong><\/li>\n<\/ul>\n<p><\/p><\/div><\/div><\/div><\/div><\/div><\/div><\/div><\/div><\/div><\/div><p> <a href=\"https:\/\/blog.espol.edu.ec\/automatizacion\/preguntas\/#more-288\" class=\"more-link\">Leer m\u00e1s<\/a><\/p>","protected":false},"excerpt":{"rendered":"<p>Informaci\u00f3n 1. \u00bfQu\u00e9 requisitos debo cumplir para registrarme en la materia integradora? Se deben tener convalidadas las horas de pr\u00e1cticas empresariales (240) y comunitarias (96) antes de registrarse en la integradora. Adem\u00e1s, el n\u00famero total de cr\u00e9ditos entre materias, incluyendo la integradora, no pueden ser m\u00e1s de 15 cr\u00e9ditos. 2. \u00bfCu\u00e1ndo se podr\u00e1n realizar pr\u00e1cticas &hellip; <\/p>\n<p class=\"link-more\"><a href=\"https:\/\/blog.espol.edu.ec\/automatizacion\/preguntas\/\" class=\"more-link\">Continuar leyendo<span class=\"screen-reader-text\"> \"Preguntas Frecuentes\"<\/span><\/a><\/p>\n","protected":false},"author":11136,"featured_media":0,"parent":0,"menu_order":0,"comment_status":"closed","ping_status":"closed","template":"","meta":{"footnotes":""},"class_list":["post-288","page","type-page","status-publish","hentry"],"_links":{"self":[{"href":"https:\/\/blog.espol.edu.ec\/automatizacion\/wp-json\/wp\/v2\/pages\/288","targetHints":{"allow":["GET"]}}],"collection":[{"href":"https:\/\/blog.espol.edu.ec\/automatizacion\/wp-json\/wp\/v2\/pages"}],"about":[{"href":"https:\/\/blog.espol.edu.ec\/automatizacion\/wp-json\/wp\/v2\/types\/page"}],"author":[{"embeddable":true,"href":"https:\/\/blog.espol.edu.ec\/automatizacion\/wp-json\/wp\/v2\/users\/11136"}],"replies":[{"embeddable":true,"href":"https:\/\/blog.espol.edu.ec\/automatizacion\/wp-json\/wp\/v2\/comments?post=288"}],"version-history":[{"count":123,"href":"https:\/\/blog.espol.edu.ec\/automatizacion\/wp-json\/wp\/v2\/pages\/288\/revisions"}],"predecessor-version":[{"id":705,"href":"https:\/\/blog.espol.edu.ec\/automatizacion\/wp-json\/wp\/v2\/pages\/288\/revisions\/705"}],"wp:attachment":[{"href":"https:\/\/blog.espol.edu.ec\/automatizacion\/wp-json\/wp\/v2\/media?parent=288"}],"curies":[{"name":"wp","href":"https:\/\/api.w.org\/{rel}","templated":true}]}}