{"id":400,"date":"2020-10-10T04:25:05","date_gmt":"2020-10-10T02:25:05","guid":{"rendered":"http:\/\/blog.espol.edu.ec\/automatizacion\/?page_id=400"},"modified":"2022-08-19T06:13:20","modified_gmt":"2022-08-19T04:13:20","slug":"inicio","status":"publish","type":"page","link":"https:\/\/blog.espol.edu.ec\/automatizacion\/","title":{"rendered":"Inicio"},"content":{"rendered":"<div id=\"pl-400\"  class=\"panel-layout\" ><div id=\"pg-400-0\"  class=\"panel-grid panel-no-style\" ><div id=\"pgc-400-0-0\"  class=\"panel-grid-cell\" ><div id=\"panel-400-0-0-0\" class=\"so-panel widget widget_sow-slider panel-first-child panel-last-child\" data-index=\"0\" ><div class=\"panel-widget-style panel-widget-style-for-400-0-0-0\" ><div\n\t\t\t\n\t\t\tclass=\"so-widget-sow-slider so-widget-sow-slider-default-70082237e87e-400\"\n\t\t\t\n\t\t>\t\t\t\t<div class=\"sow-slider-base\" style=\"display: none\" tabindex=\"0\">\n\t\t\t\t\t<ul\n\t\t\t\t\tclass=\"sow-slider-images\"\n\t\t\t\t\tdata-settings=\"{&quot;pagination&quot;:true,&quot;speed&quot;:800,&quot;timeout&quot;:16000,&quot;paused&quot;:false,&quot;pause_on_hover&quot;:false,&quot;swipe&quot;:true,&quot;nav_always_show_desktop&quot;:&quot;&quot;,&quot;nav_always_show_mobile&quot;:&quot;&quot;,&quot;breakpoint&quot;:&quot;780px&quot;,&quot;unmute&quot;:false,&quot;anchor&quot;:null}\"\n\t\t\t\t\t\t\t\t\t\tdata-anchor-id=\"\"\n\t\t\t\t>\t\t<li class=\"sow-slider-image\" style=\"visibility: visible;\" >\n\t\t\t\t\t\t<img loading=\"lazy\" decoding=\"async\" width=\"987\" height=\"987\" src=\"https:\/\/blog.espol.edu.ec\/automatizacion\/files\/2022\/05\/WhatsApp-Image-2022-05-05-at-5.44.34-PM.jpeg\" class=\"sow-slider-background-image\" alt=\"\" style=\"\" srcset=\"https:\/\/blog.espol.edu.ec\/automatizacion\/files\/2022\/05\/WhatsApp-Image-2022-05-05-at-5.44.34-PM.jpeg 987w, https:\/\/blog.espol.edu.ec\/automatizacion\/files\/2022\/05\/WhatsApp-Image-2022-05-05-at-5.44.34-PM-150x150.jpeg 150w, https:\/\/blog.espol.edu.ec\/automatizacion\/files\/2022\/05\/WhatsApp-Image-2022-05-05-at-5.44.34-PM-300x300.jpeg 300w, https:\/\/blog.espol.edu.ec\/automatizacion\/files\/2022\/05\/WhatsApp-Image-2022-05-05-at-5.44.34-PM-768x768.jpeg 768w, https:\/\/blog.espol.edu.ec\/automatizacion\/files\/2022\/05\/WhatsApp-Image-2022-05-05-at-5.44.34-PM-100x100.jpeg 100w\" sizes=\"auto, 100vw\" \/>\t\t<\/li>\n\t\t\t\t<li class=\"sow-slider-image\" style=\"visibility: hidden;\" >\n\t\t\t\t\t\t<img loading=\"lazy\" decoding=\"async\" width=\"1140\" height=\"450\" src=\"https:\/\/blog.espol.edu.ec\/automatizacion\/files\/2022\/08\/Arte-slider-PAO-II-2022.jpg\" class=\"sow-slider-background-image\" alt=\"\" style=\"\" srcset=\"https:\/\/blog.espol.edu.ec\/automatizacion\/files\/2022\/08\/Arte-slider-PAO-II-2022.jpg 1140w, https:\/\/blog.espol.edu.ec\/automatizacion\/files\/2022\/08\/Arte-slider-PAO-II-2022-300x118.jpg 300w, https:\/\/blog.espol.edu.ec\/automatizacion\/files\/2022\/08\/Arte-slider-PAO-II-2022-768x303.jpg 768w, https:\/\/blog.espol.edu.ec\/automatizacion\/files\/2022\/08\/Arte-slider-PAO-II-2022-1024x404.jpg 1024w\" sizes=\"auto, 100vw\" \/>\t\t<\/li>\n\t\t\t\t<li class=\"sow-slider-image\" style=\"visibility: hidden;\" >\n\t\t\t\t\t\t<img loading=\"lazy\" decoding=\"async\" width=\"800\" height=\"800\" src=\"https:\/\/blog.espol.edu.ec\/automatizacion\/files\/2022\/05\/WhatsApp-Image-2022-05-05-at-5.44.34-PM-2.jpeg\" class=\"sow-slider-background-image\" alt=\"\" style=\"\" srcset=\"https:\/\/blog.espol.edu.ec\/automatizacion\/files\/2022\/05\/WhatsApp-Image-2022-05-05-at-5.44.34-PM-2.jpeg 800w, https:\/\/blog.espol.edu.ec\/automatizacion\/files\/2022\/05\/WhatsApp-Image-2022-05-05-at-5.44.34-PM-2-150x150.jpeg 150w, https:\/\/blog.espol.edu.ec\/automatizacion\/files\/2022\/05\/WhatsApp-Image-2022-05-05-at-5.44.34-PM-2-300x300.jpeg 300w, https:\/\/blog.espol.edu.ec\/automatizacion\/files\/2022\/05\/WhatsApp-Image-2022-05-05-at-5.44.34-PM-2-768x768.jpeg 768w, https:\/\/blog.espol.edu.ec\/automatizacion\/files\/2022\/05\/WhatsApp-Image-2022-05-05-at-5.44.34-PM-2-100x100.jpeg 100w\" sizes=\"auto, 100vw\" \/>\t\t<\/li>\n\t\t<\/ul>\t\t\t\t<ol class=\"sow-slider-pagination\">\n\t\t\t\t\t\t\t\t\t\t\t<li><a href=\"#\" data-goto=\"0\" aria-label=\"mostrar diapositiva 1\"><\/a><\/li>\n\t\t\t\t\t\t\t\t\t\t\t<li><a href=\"#\" data-goto=\"1\" aria-label=\"mostrar diapositiva 2\"><\/a><\/li>\n\t\t\t\t\t\t\t\t\t\t\t<li><a href=\"#\" data-goto=\"2\" aria-label=\"mostrar diapositiva 3\"><\/a><\/li>\n\t\t\t\t\t\t\t\t\t<\/ol>\n\n\t\t\t\t<div class=\"sow-slide-nav sow-slide-nav-next\">\n\t\t\t\t\t<a href=\"#\" data-goto=\"next\" aria-label=\"diapositiva siguiente\" data-action=\"next\">\n\t\t\t\t\t\t<em class=\"sow-sld-icon-thin-right\"><\/em>\n\t\t\t\t\t<\/a>\n\t\t\t\t<\/div>\n\n\t\t\t\t<div class=\"sow-slide-nav sow-slide-nav-prev\">\n\t\t\t\t\t<a href=\"#\" data-goto=\"previous\" aria-label=\"diapositiva anterior\" data-action=\"prev\">\n\t\t\t\t\t\t<em class=\"sow-sld-icon-thin-left\"><\/em>\n\t\t\t\t\t<\/a>\n\t\t\t\t<\/div>\n\t\t\t\t<\/div><\/div><\/div><\/div><\/div><\/div><div id=\"pg-400-1\"  class=\"panel-grid panel-has-style\" ><div class=\"siteorigin-panels-stretch panel-row-style panel-row-style-for-400-1\" data-stretch-type=\"full\" ><div id=\"pgc-400-1-0\"  class=\"panel-grid-cell\" ><div id=\"panel-400-1-0-0\" class=\"so-panel widget widget_sow-headline panel-first-child panel-last-child\" data-index=\"1\" ><div\n\t\t\t\n\t\t\tclass=\"so-widget-sow-headline so-widget-sow-headline-default-5217b8d0c3ad-400 so-widget-fittext-wrapper\"\n\t\t\t data-fit-text-compressor=\"1\"\n\t\t><div class=\"sow-headline-container \">\n\t\t\t\t\t\t\t<h2 class=\"sow-headline\">\n\t\t\t\t\t\tBienvenidos al Blog de Pr\u00e1cticas Empresariales de la Carrera de Ingenier\u00eda en Electr\u00f3nica y Automatizaci\u00f3n\t\t\t\t\t\t<\/h2>\n\t\t\t\t\t\t\t\t\t\t\t<div class=\"decoration\">\n\t\t\t\t\t\t<div class=\"decoration-inside\"><\/div>\n\t\t\t\t\t<\/div>\n\t\t\t\t\t\t\t\t\t\t\t<h3 class=\"sow-sub-headline\">\n\t\t\t\t\t\tEnlaces de Inter\u00e9s\t\t\t\t\t\t<\/h3>\n\t\t\t\t\t\t<\/div>\n<\/div><\/div><\/div><\/div><\/div><div id=\"pg-400-2\"  class=\"panel-grid panel-has-style\" ><div class=\"siteorigin-panels-stretch panel-row-style panel-row-style-for-400-2\" data-stretch-type=\"full\" ><div id=\"pgc-400-2-0\"  class=\"panel-grid-cell\" ><div id=\"panel-400-2-0-0\" class=\"so-panel widget widget_sow-button panel-first-child\" data-index=\"2\" ><div\n\t\t\t\n\t\t\tclass=\"so-widget-sow-button so-widget-sow-button-atom-e91ea79114af-400\"\n\t\t\t\n\t\t><div class=\"ow-button-base ow-button-align-center\"\n>\n\t\t\t<a\n\t\t\t\t\thref=\"http:\/\/blog.espol.edu.ec\/automatizacion\/requisitos\/\"\n\t\t\t\t\tclass=\"sowb-button ow-icon-placement-left ow-button-hover\" target=\"_blank\" rel=\"noopener noreferrer\" \t>\n\t\t<span>\n\t\t\t\n\t\t\tRequisitos\t\t<\/span>\n\t\t\t<\/a>\n\t<\/div>\n<\/div><\/div><div id=\"panel-400-2-0-1\" class=\"so-panel widget widget_sow-button\" data-index=\"3\" ><div\n\t\t\t\n\t\t\tclass=\"so-widget-sow-button so-widget-sow-button-atom-e91ea79114af-400\"\n\t\t\t\n\t\t><div class=\"ow-button-base ow-button-align-center\"\n>\n\t\t\t<a\n\t\t\t\t\thref=\"http:\/\/blog.espol.edu.ec\/automatizacion\/manuales\/\"\n\t\t\t\t\tclass=\"sowb-button ow-icon-placement-left ow-button-hover\" target=\"_blank\" rel=\"noopener noreferrer\" \t>\n\t\t<span>\n\t\t\t\n\t\t\tPasos a Seguir\t\t<\/span>\n\t\t\t<\/a>\n\t<\/div>\n<\/div><\/div><div id=\"panel-400-2-0-2\" class=\"so-panel widget widget_sow-button\" data-index=\"4\" ><div\n\t\t\t\n\t\t\tclass=\"so-widget-sow-button so-widget-sow-button-atom-e91ea79114af-400\"\n\t\t\t\n\t\t><div class=\"ow-button-base ow-button-align-center\"\n>\n\t\t\t<a\n\t\t\t\t\thref=\"http:\/\/blog.espol.edu.ec\/automatizacion\/formatos-para-pasantias\/\"\n\t\t\t\t\tclass=\"sowb-button ow-icon-placement-left ow-button-hover\" target=\"_blank\" rel=\"noopener noreferrer\" \t>\n\t\t<span>\n\t\t\t\n\t\t\tFormatos\t\t<\/span>\n\t\t\t<\/a>\n\t<\/div>\n<\/div><\/div><div id=\"panel-400-2-0-3\" class=\"so-panel widget widget_sow-button\" data-index=\"5\" ><div\n\t\t\t\n\t\t\tclass=\"so-widget-sow-button so-widget-sow-button-atom-e91ea79114af-400\"\n\t\t\t\n\t\t><div class=\"ow-button-base ow-button-align-center\"\n>\n\t\t\t<a\n\t\t\t\t\thref=\"http:\/\/practicas.espol.edu.ec\/\"\n\t\t\t\t\tclass=\"sowb-button ow-icon-placement-left ow-button-hover\" target=\"_blank\" rel=\"noopener noreferrer\" \t>\n\t\t<span>\n\t\t\t<span class=\"sow-icon-elegantline\" data-sow-icon=\"&#xe040;\"\n\t\tstyle=\"color: #ffffff\" \n\t\taria-hidden=\"true\"><\/span>\n\t\t\tSistema de Pr\u00e1cticas Preprofesionales\t\t<\/span>\n\t\t\t<\/a>\n\t<\/div>\n<\/div><\/div><div id=\"panel-400-2-0-4\" class=\"so-panel widget widget_sow-button\" data-index=\"6\" ><div\n\t\t\t\n\t\t\tclass=\"so-widget-sow-button so-widget-sow-button-atom-e91ea79114af-400\"\n\t\t\t\n\t\t><div class=\"ow-button-base ow-button-align-center\"\n>\n\t\t\t<a\n\t\t\t\t\thref=\"http:\/\/vinculacion.espol.edu.ec\/\"\n\t\t\t\t\tclass=\"sowb-button ow-icon-placement-left ow-button-hover\" target=\"_blank\" rel=\"noopener noreferrer\" \t>\n\t\t<span>\n\t\t\t<span class=\"sow-icon-elegantline\" data-sow-icon=\"&#xe052;\"\n\t\tstyle=\"\" \n\t\taria-hidden=\"true\"><\/span>\n\t\t\tDecanato de Vinculaci\u00f3n\t\t<\/span>\n\t\t\t<\/a>\n\t<\/div>\n<\/div><\/div><div id=\"panel-400-2-0-5\" class=\"so-panel widget widget_sow-button panel-last-child\" data-index=\"7\" ><div\n\t\t\t\n\t\t\tclass=\"so-widget-sow-button so-widget-sow-button-atom-e91ea79114af-400\"\n\t\t\t\n\t\t><div class=\"ow-button-base ow-button-align-center\"\n>\n\t\t\t<a\n\t\t\t\t\thref=\"http:\/\/blog.espol.edu.ec\/automatizacion\/preguntas\/\"\n\t\t\t\t\tclass=\"sowb-button ow-icon-placement-left ow-button-hover\" target=\"_blank\" rel=\"noopener noreferrer\" \t>\n\t\t<span>\n\t\t\t<span class=\"sow-icon-fontawesome sow-fas\" data-sow-icon=\"&#xf059;\"\n\t\tstyle=\"color: #ffffff\" \n\t\taria-hidden=\"true\"><\/span>\n\t\t\tPreguntas Frecuentes\t\t<\/span>\n\t\t\t<\/a>\n\t<\/div>\n<\/div><\/div><\/div><\/div><\/div><\/div>","protected":false},"excerpt":{"rendered":"<p>Bienvenidos al Blog de Pr\u00e1cticas Empresariales de la Carrera de Ingenier\u00eda en Electr\u00f3nica y Automatizaci\u00f3n Enlaces de Inter\u00e9s Requisitos Pasos a Seguir Formatos Sistema de Pr\u00e1cticas Preprofesionales Decanato de Vinculaci\u00f3n Preguntas Frecuentes<\/p>\n","protected":false},"author":11112,"featured_media":0,"parent":0,"menu_order":0,"comment_status":"closed","ping_status":"closed","template":"","meta":{"footnotes":""},"class_list":["post-400","page","type-page","status-publish","hentry"],"_links":{"self":[{"href":"https:\/\/blog.espol.edu.ec\/automatizacion\/wp-json\/wp\/v2\/pages\/400","targetHints":{"allow":["GET"]}}],"collection":[{"href":"https:\/\/blog.espol.edu.ec\/automatizacion\/wp-json\/wp\/v2\/pages"}],"about":[{"href":"https:\/\/blog.espol.edu.ec\/automatizacion\/wp-json\/wp\/v2\/types\/page"}],"author":[{"embeddable":true,"href":"https:\/\/blog.espol.edu.ec\/automatizacion\/wp-json\/wp\/v2\/users\/11112"}],"replies":[{"embeddable":true,"href":"https:\/\/blog.espol.edu.ec\/automatizacion\/wp-json\/wp\/v2\/comments?post=400"}],"version-history":[{"count":29,"href":"https:\/\/blog.espol.edu.ec\/automatizacion\/wp-json\/wp\/v2\/pages\/400\/revisions"}],"predecessor-version":[{"id":660,"href":"https:\/\/blog.espol.edu.ec\/automatizacion\/wp-json\/wp\/v2\/pages\/400\/revisions\/660"}],"wp:attachment":[{"href":"https:\/\/blog.espol.edu.ec\/automatizacion\/wp-json\/wp\/v2\/media?parent=400"}],"curies":[{"name":"wp","href":"https:\/\/api.w.org\/{rel}","templated":true}]}}