{"id":2,"date":"2010-06-13T03:15:18","date_gmt":"2010-06-13T03:15:18","guid":{"rendered":""},"modified":"2010-06-15T19:47:31","modified_gmt":"2010-06-15T19:47:31","slug":"about","status":"publish","type":"page","link":"https:\/\/blog.espol.edu.ec\/badatos\/about\/","title":{"rendered":"About"},"content":{"rendered":"<p><span style=\"font-family: Helvetica,sans-serif\"><span style=\"font-size: medium\">Descripci\u00f3n del Proceso de Generaci\u00f3n de Energ\u00eda El\u00e9ctrica en la Termoel\u00e9ctrica Guayas, Estaci\u00f3n Trinitaria.<\/span><\/span><\/p>\n","protected":false},"excerpt":{"rendered":"<p>Descripci\u00f3n del Proceso de Generaci\u00f3n de Energ\u00eda El\u00e9ctrica en la Termoel\u00e9ctrica Guayas, Estaci\u00f3n Trinitaria.<\/p>\n","protected":false},"author":4744,"featured_media":0,"parent":0,"menu_order":0,"comment_status":"open","ping_status":"open","template":"","meta":{"footnotes":""},"class_list":["post-2","page","type-page","status-publish","hentry"],"_links":{"self":[{"href":"https:\/\/blog.espol.edu.ec\/badatos\/wp-json\/wp\/v2\/pages\/2","targetHints":{"allow":["GET"]}}],"collection":[{"href":"https:\/\/blog.espol.edu.ec\/badatos\/wp-json\/wp\/v2\/pages"}],"about":[{"href":"https:\/\/blog.espol.edu.ec\/badatos\/wp-json\/wp\/v2\/types\/page"}],"author":[{"embeddable":true,"href":"https:\/\/blog.espol.edu.ec\/badatos\/wp-json\/wp\/v2\/users\/4744"}],"replies":[{"embeddable":true,"href":"https:\/\/blog.espol.edu.ec\/badatos\/wp-json\/wp\/v2\/comments?post=2"}],"version-history":[{"count":1,"href":"https:\/\/blog.espol.edu.ec\/badatos\/wp-json\/wp\/v2\/pages\/2\/revisions"}],"predecessor-version":[{"id":20,"href":"https:\/\/blog.espol.edu.ec\/badatos\/wp-json\/wp\/v2\/pages\/2\/revisions\/20"}],"wp:attachment":[{"href":"https:\/\/blog.espol.edu.ec\/badatos\/wp-json\/wp\/v2\/media?parent=2"}],"curies":[{"name":"wp","href":"https:\/\/api.w.org\/{rel}","templated":true}]}}