{"id":2,"date":"2010-05-25T19:09:18","date_gmt":"2010-05-25T19:09:18","guid":{"rendered":""},"modified":"2010-09-13T19:18:22","modified_gmt":"2010-09-13T19:18:22","slug":"about","status":"publish","type":"page","link":"https:\/\/blog.espol.edu.ec\/beabenavides\/about\/","title":{"rendered":"Ecologia"},"content":{"rendered":"<p>Un tema q me encanta es la ecologia...<\/p>\n<p>En primer lugar debemos saber algo sobre este tema, entonces<\/p>\n<ul>\n<li>\n<h1><span style=\"color: #008000\">\u00a0Qu\u00e9 es la ecologia?<\/span><\/h1>\n<\/li>\n<\/ul>\n<p style=\"text-align: justify\">El creciente inter\u00e9s del hombre por el ambiente en el que vive se debe fundamentalmente a la toma de consciencia sobre los problemas que afectan a nuestro planeta y exigen una pronta soluci\u00f3n.<\/p>\n<p style=\"text-align: justify\">Los seres vivos est\u00e1n en permanente contacto entre s\u00ed y con el ambiente f\u00edsico en el que viven. La ecolog\u00eda analiza c\u00f3mo cada elemento de un ecosistema afecta los dem\u00e1s componentes y c\u00f3mo es afectado. Es una ciencia de s\u00edntesis, pues para comprender la compleja trama de relaciones que existen en un ecosistema toma conocimientos de bot\u00e1nica, zoolog\u00eda, fisiolog\u00eda, gen\u00e9tica y otras disciplinas como la f\u00edsica, la qu\u00edmica y la geolog\u00eda.<\/p>\n<table style=\"text-align: justify\" border=\"0\" cellspacing=\"0\" cellpadding=\"0\" width=\"123\">\n<tbody>\n<tr>\n<td>\u00a0<\/td>\n<\/tr>\n<\/tbody>\n<\/table>\n<p style=\"text-align: justify\">En 1869, el bi\u00f3logo alem\u00e1n Ernst Haeckel acu\u00f1\u00f3 el t\u00e9rmino ecolog\u00eda, remiti\u00e9ndose al origen griego de la palabra (oikos, casa; logos, ciencia, estudio, tratado). Seg\u00fan entend\u00eda Haeckel, la ecolog\u00eda deb\u00eda encarar el estudio de una especie en sus relaciones biol\u00f3gicas con el medio ambiente. Otros cient\u00edficos se ocuparon posteriormente del medio en que vive cada especie y de sus relaciones simbi\u00f3ticas y antag\u00f3nicas con otras.<\/p>\n<p style=\"text-align: justify\">Hacia 1925, August Thienemann, Charles Elton y otros impulsaron la ecolog\u00eda de las comunidades. Tra<a href=\"http:\/\/blog.espol.edu.ec\/beabenavides\/files\/2010\/05\/ecologia.jpg\"><img loading=\"lazy\" decoding=\"async\" class=\"alignleft size-medium wp-image-40\" title=\"ecologia\" src=\"http:\/\/blog.espol.edu.ec\/beabenavides\/files\/2010\/05\/ecologia-284x300.jpg\" alt=\"ecologia\" width=\"284\" height=\"300\" srcset=\"https:\/\/blog.espol.edu.ec\/beabenavides\/files\/2010\/05\/ecologia-284x300.jpg 284w, https:\/\/blog.espol.edu.ec\/beabenavides\/files\/2010\/05\/ecologia.jpg 300w\" sizes=\"auto, (max-width: 284px) 100vw, 284px\" \/><\/a>bajaron con conceptos como el de cadena alimentar\u00eda, o el de pir\u00e1mide de especies, en la que el n\u00famero de individuos disminuye progresivamente desde la base hasta la c\u00faspide, desde las plantas hasta los animales herb\u00edvoros y los carn\u00edvoros.<\/p>\n<p style=\"text-align: justify\">Mas detalles:<a href=\"http:\/\/www.ecologiaverde.com\/\"> www.ecologiaverde.com<\/a><\/p>\n<p style=\"text-align: justify\">\u00a0<\/p>\n<p style=\"text-align: justify\">\u00a0<\/p>\n<p style=\"text-align: justify\">\u00a0<\/p>\n<p style=\"text-align: justify\">\u00a0<\/p>\n<p style=\"text-align: justify\">\u00a0<\/p>\n<p style=\"text-align: justify\">\u00a0<\/p>\n<p style=\"text-align: justify\"><strong><span style=\"color: #99cc00\">Produccion de biomasa a partir de algas:<\/span><\/strong><\/p>\n<p style=\"text-align: justify\"><strong><span style=\"color: #0000ff\">El proyecto consiste en demostrar que las emisiones de CO2 de las industrias \u00a0y la energia solar pueden ser utilizadas para a produccion de biomasa que servira como biocombustible.. <\/span><\/strong><\/p>\n<p style=\"text-align: justify\"><strong><\/strong><span style=\"text-decoration: underline\"><strong><span style=\"color: #ff00ff\">Bibliografia:<\/span><\/strong><\/span><span style=\"color: #339966\">\u00a0<strong>Ecologia Verde,<\/strong> (2008),\"<strong>Produccion de biomasa a partir de las Algas<\/strong>\",[en l\u00ednea],<br \/>\nObtenido el: 2 de agosto de 2010, Desde <\/span><a href=\"http:\/\/www.ecologiaverde.com\/produccion-de-biomasa-a-partir-de-algas\/\">http:\/\/www.ecologiaverde.com\/produccion-de-biomasa-a-partir-de-algas\/<\/a><\/p>\n","protected":false},"excerpt":{"rendered":"<p>Un tema q me encanta es la ecologia... En primer lugar debemos saber algo sobre este tema, entonces \u00a0Qu\u00e9 es la ecologia? El creciente inter\u00e9s del hombre por el ambiente en el que vive se debe fundamentalmente a la toma de consciencia sobre los problemas que afectan a nuestro planeta y exigen una pronta soluci\u00f3n. [&hellip;]<\/p>\n","protected":false},"author":3982,"featured_media":0,"parent":0,"menu_order":0,"comment_status":"open","ping_status":"open","template":"","meta":{"footnotes":""},"class_list":["post-2","page","type-page","status-publish","hentry"],"_links":{"self":[{"href":"https:\/\/blog.espol.edu.ec\/beabenavides\/wp-json\/wp\/v2\/pages\/2","targetHints":{"allow":["GET"]}}],"collection":[{"href":"https:\/\/blog.espol.edu.ec\/beabenavides\/wp-json\/wp\/v2\/pages"}],"about":[{"href":"https:\/\/blog.espol.edu.ec\/beabenavides\/wp-json\/wp\/v2\/types\/page"}],"author":[{"embeddable":true,"href":"https:\/\/blog.espol.edu.ec\/beabenavides\/wp-json\/wp\/v2\/users\/3982"}],"replies":[{"embeddable":true,"href":"https:\/\/blog.espol.edu.ec\/beabenavides\/wp-json\/wp\/v2\/comments?post=2"}],"version-history":[{"count":12,"href":"https:\/\/blog.espol.edu.ec\/beabenavides\/wp-json\/wp\/v2\/pages\/2\/revisions"}],"predecessor-version":[{"id":38,"href":"https:\/\/blog.espol.edu.ec\/beabenavides\/wp-json\/wp\/v2\/pages\/2\/revisions\/38"}],"wp:attachment":[{"href":"https:\/\/blog.espol.edu.ec\/beabenavides\/wp-json\/wp\/v2\/media?parent=2"}],"curies":[{"name":"wp","href":"https:\/\/api.w.org\/{rel}","templated":true}]}}