{"id":24,"date":"2016-10-26T03:07:47","date_gmt":"2016-10-26T03:07:47","guid":{"rendered":"http:\/\/blog.espol.edu.ec\/berneiprieto\/?page_id=24"},"modified":"2016-10-26T03:10:57","modified_gmt":"2016-10-26T03:10:57","slug":"cumpleanos-de-loki","status":"publish","type":"page","link":"https:\/\/blog.espol.edu.ec\/berneiprieto\/cumpleanos-de-loki\/","title":{"rendered":"Cumplea\u00f1os de Loki"},"content":{"rendered":"<p>No solo los cumplea\u00f1os de las personas se festejan, tambi\u00e9n en varias familias se lo celebran a sus mascotas porque consideran que es un miembro mas de la familia como por ejemplo en el video que se muestra a continuaci\u00f3n<iframe loading=\"lazy\" src=\"https:\/\/www.youtube.com\/embed\/yEsTD4RsOJI\" width=\"560\" height=\"315\" frameborder=\"0\" allowfullscreen=\"allowfullscreen\"><\/iframe><\/p>\n","protected":false},"excerpt":{"rendered":"<p>No solo los cumplea\u00f1os de las personas se festejan, tambi\u00e9n en varias familias se lo celebran a sus mascotas porque consideran que es un miembro mas de la familia como por ejemplo en el video que se muestra a continuaci\u00f3n<\/p>\n","protected":false},"author":10590,"featured_media":0,"parent":0,"menu_order":0,"comment_status":"closed","ping_status":"closed","template":"","meta":{"footnotes":""},"class_list":["post-24","page","type-page","status-publish","hentry"],"_links":{"self":[{"href":"https:\/\/blog.espol.edu.ec\/berneiprieto\/wp-json\/wp\/v2\/pages\/24","targetHints":{"allow":["GET"]}}],"collection":[{"href":"https:\/\/blog.espol.edu.ec\/berneiprieto\/wp-json\/wp\/v2\/pages"}],"about":[{"href":"https:\/\/blog.espol.edu.ec\/berneiprieto\/wp-json\/wp\/v2\/types\/page"}],"author":[{"embeddable":true,"href":"https:\/\/blog.espol.edu.ec\/berneiprieto\/wp-json\/wp\/v2\/users\/10590"}],"replies":[{"embeddable":true,"href":"https:\/\/blog.espol.edu.ec\/berneiprieto\/wp-json\/wp\/v2\/comments?post=24"}],"version-history":[{"count":3,"href":"https:\/\/blog.espol.edu.ec\/berneiprieto\/wp-json\/wp\/v2\/pages\/24\/revisions"}],"predecessor-version":[{"id":27,"href":"https:\/\/blog.espol.edu.ec\/berneiprieto\/wp-json\/wp\/v2\/pages\/24\/revisions\/27"}],"wp:attachment":[{"href":"https:\/\/blog.espol.edu.ec\/berneiprieto\/wp-json\/wp\/v2\/media?parent=24"}],"curies":[{"name":"wp","href":"https:\/\/api.w.org\/{rel}","templated":true}]}}