{"id":29,"date":"2016-10-26T03:48:56","date_gmt":"2016-10-26T03:48:56","guid":{"rendered":"http:\/\/blog.espol.edu.ec\/berneiprieto\/?page_id=29"},"modified":"2016-10-26T03:49:04","modified_gmt":"2016-10-26T03:49:04","slug":"que-son-los-cumpleanos","status":"publish","type":"page","link":"https:\/\/blog.espol.edu.ec\/berneiprieto\/que-son-los-cumpleanos\/","title":{"rendered":"Qu\u00e9 son los cumplea\u00f1os?"},"content":{"rendered":"<p>El <b>cumplea\u00f1os<\/b> es el aniversario de <a title=\"Nacimiento\" href=\"https:\/\/es.wikipedia.org\/wiki\/Nacimiento\">nacimiento<\/a> de un ser vivo. En muchas culturas es costumbre celebrar el cumplea\u00f1os, por ejemplo mediante una <a class=\"mw-redirect\" title=\"Fiesta de cumplea\u00f1os\" href=\"https:\/\/es.wikipedia.org\/wiki\/Fiesta_de_cumplea%C3%B1os\">fiesta<\/a> con amigos, en las que se dan <a title=\"Regalo\" href=\"https:\/\/es.wikipedia.org\/wiki\/Regalo\">regalos<\/a> al homenajeado. Las fiestas de cumplea\u00f1os son muy populares sobre todo entre los <a title=\"Ni\u00f1o\" href=\"https:\/\/es.wikipedia.org\/wiki\/Ni%C3%B1o\">ni\u00f1os<\/a>. Son una oportunidad m\u00e1s para la <a title=\"Socializaci\u00f3n\" href=\"https:\/\/es.wikipedia.org\/wiki\/Socializaci%C3%B3n\">socializaci\u00f3n<\/a> con los <a class=\"mw-redirect\" title=\"Amigo\" href=\"https:\/\/es.wikipedia.org\/wiki\/Amigo\">amigos<\/a> y la <a title=\"Familia\" href=\"https:\/\/es.wikipedia.org\/wiki\/Familia\">familia<\/a>. En ella, es costumbre entregar regalos al anfitri\u00f3n y comer una <a title=\"Tarta\" href=\"https:\/\/es.wikipedia.org\/wiki\/Tarta\">Tarta<\/a> o <a title=\"Pastel\" href=\"https:\/\/es.wikipedia.org\/wiki\/Pastel\">pastel<\/a> al cual se le colocan <a title=\"Vela (iluminaci\u00f3n)\" href=\"https:\/\/es.wikipedia.org\/wiki\/Vela_(iluminaci%C3%B3n)\">velas<\/a>, para que el cumplea\u00f1ero sople y las apague mientras los invitados cantan alguna <a title=\"Canci\u00f3n de cumplea\u00f1os\" href=\"https:\/\/es.wikipedia.org\/wiki\/Canci%C3%B3n_de_cumplea%C3%B1os\">canci\u00f3n de cumplea\u00f1os<\/a>, siendo entre las m\u00e1s populares <i><a title=\"Ay, qu\u00e9 noche tan preciosa\" href=\"https:\/\/es.wikipedia.org\/wiki\/Ay,_qu%C3%A9_noche_tan_preciosa\">Ay, qu\u00e9 noche tan preciosa<\/a><\/i> en <a title=\"Venezuela\" href=\"https:\/\/es.wikipedia.org\/wiki\/Venezuela\">Venezuela<\/a>, <i><a title=\"Cumplea\u00f1os feliz\" href=\"https:\/\/es.wikipedia.org\/wiki\/Cumplea%C3%B1os_feliz\">Cumplea\u00f1os feliz<\/a><\/i> en varios pa\u00edses y <i><a title=\"Las ma\u00f1anitas\" href=\"https:\/\/es.wikipedia.org\/wiki\/Las_ma%C3%B1anitas\">Las ma\u00f1anitas<\/a><\/i> en M\u00e9xico y otros pa\u00edses de habla hispana<\/p>\n","protected":false},"excerpt":{"rendered":"<p>El cumplea\u00f1os es el aniversario de nacimiento de un ser vivo. En muchas culturas es costumbre celebrar el cumplea\u00f1os, por ejemplo mediante una fiesta con amigos, en las que se dan regalos al homenajeado. Las fiestas de cumplea\u00f1os son muy populares sobre todo entre los ni\u00f1os. Son una oportunidad m\u00e1s para la socializaci\u00f3n con los [&hellip;]<\/p>\n","protected":false},"author":10590,"featured_media":0,"parent":0,"menu_order":0,"comment_status":"closed","ping_status":"closed","template":"","meta":{"footnotes":""},"class_list":["post-29","page","type-page","status-publish","hentry"],"_links":{"self":[{"href":"https:\/\/blog.espol.edu.ec\/berneiprieto\/wp-json\/wp\/v2\/pages\/29","targetHints":{"allow":["GET"]}}],"collection":[{"href":"https:\/\/blog.espol.edu.ec\/berneiprieto\/wp-json\/wp\/v2\/pages"}],"about":[{"href":"https:\/\/blog.espol.edu.ec\/berneiprieto\/wp-json\/wp\/v2\/types\/page"}],"author":[{"embeddable":true,"href":"https:\/\/blog.espol.edu.ec\/berneiprieto\/wp-json\/wp\/v2\/users\/10590"}],"replies":[{"embeddable":true,"href":"https:\/\/blog.espol.edu.ec\/berneiprieto\/wp-json\/wp\/v2\/comments?post=29"}],"version-history":[{"count":1,"href":"https:\/\/blog.espol.edu.ec\/berneiprieto\/wp-json\/wp\/v2\/pages\/29\/revisions"}],"predecessor-version":[{"id":30,"href":"https:\/\/blog.espol.edu.ec\/berneiprieto\/wp-json\/wp\/v2\/pages\/29\/revisions\/30"}],"wp:attachment":[{"href":"https:\/\/blog.espol.edu.ec\/berneiprieto\/wp-json\/wp\/v2\/media?parent=29"}],"curies":[{"name":"wp","href":"https:\/\/api.w.org\/{rel}","templated":true}]}}