{"id":1,"date":"2009-06-01T17:58:08","date_gmt":"2009-06-01T21:58:08","guid":{"rendered":""},"modified":"2009-08-08T20:24:46","modified_gmt":"2009-08-09T00:24:46","slug":"about","status":"publish","type":"page","link":"https:\/\/blog.espol.edu.ec\/beth\/about\/","title":{"rendered":"Poemas que llegan al coraz\u00f2n..."},"content":{"rendered":"<p style=\"text-align: center\">Amiga Mia<\/p>\n<p style=\"text-align: center\">Aunque los oc\u00e9anos y<br \/>\nlos continentes nos separan,<br \/>\nNadie puede separar nuestra amistad<br \/>\nEste v\u00ednculo tan fuerte que naci\u00f3<br \/>\ncuando estuve en tu pa\u00eds.<br \/>\nSomos de distintas naciones y razas,<br \/>\nno de distintos sentimientos.<br \/>\nMe aceptaste sin conocerme.<br \/>\nEl tiempo creci\u00f3 nuestra amistad.<br \/>\nMe consolaste cuando estuve triste.<br \/>\nMe acompa\u00f1aste en situaciones dif\u00edciles.<br \/>\nCompartimos risas y llantos.<br \/>\nCuando estuve a punto de caer,<br \/>\nme sustentaste,<br \/>\nAmiga, aunque lejos,<br \/>\nTe llevo siempre en mi mente y coraz\u00f3n.<br \/>\nSiempre estar\u00e1s presente.<br \/>\nMuy pronto inesperadamente,<br \/>\nnos encontraremos otra vez.<br \/>\nAmiga, amiga m\u00eda del coraz\u00f3n.<\/p>\n<p style=\"text-align: center\"><a href=\"http:\/\/images.google.com.ec\/imgres?imgurl=http:\/\/usarytirar.files.wordpress.com\/2008\/04\/amistad.jpg&amp;imgrefurl=http:\/\/republicavirtual.wordpress.com\/tag\/amistad\/&amp;usg=__Z6lbAyG4nrH67d1xBCVkWWW2pq0=&amp;h=320&amp;w=304&amp;sz=35&amp;hl=es&amp;start=24&amp;um=1&amp;tbnid=NNEqajx89m7VqM:&amp;tbnh=118&amp;tbnw=112&amp;prev=\/images%3Fq%3Dimagenes%2Bde%2Bamistad%26ndsp%3D20%26hl%3Des%26sa%3DN%26start%3D20%26um%3D1\"><img loading=\"lazy\" decoding=\"async\" style=\"border: 1px solid\" src=\"http:\/\/tbn2.google.com\/images?q=tbn:NNEqajx89m7VqM:http:\/\/usarytirar.files.wordpress.com\/2008\/04\/amistad.jpg\" alt=\"\" width=\"112\" height=\"118\" \/><\/a>\u00a0<\/p>\n<p style=\"text-align: center\">\u00a0<\/p>\n<p style=\"text-align: center\">Una Rosa de Tu Amistad<\/p>\n<p style=\"text-align: center\">Como los p\u00e9talos de tu rosa<br \/>\nfirmes y bonitos,<br \/>\nproteges con tus p\u00faas.<br \/>\nPara que nadie separe<br \/>\nni un p\u00e9talo de tu amistad.<\/p>\n<p style=\"text-align: center\">Con tu perfume das<br \/>\na cada uno de ellos<br \/>\nel aroma de tu amistad.<br \/>\nY con cada roc\u00edo<br \/>\nalimentas los corazones.<\/p>\n<p style=\"text-align: center\">La luz brilla su color de amistad.<br \/>\nLuz\u2026que ilumina tu camino.<br \/>\nSu aroma para sazonar tu existir.<br \/>\nSu belleza para entregar todo tu amor.<\/p>\n<p style=\"text-align: center\">Una rosa de tu bella amistad<br \/>\nque perdurar\u00e1<br \/>\nhasta la eternidad.<\/p>\n<p style=\"text-align: center\"><a href=\"http:\/\/images.google.com.ec\/imgres?imgurl=http:\/\/i126.photobucket.com\/albums\/p85\/bebe1975\/amistad.jpg&amp;imgrefurl=http:\/\/foro.univision.com\/univision\/board\/message%3Fboard.id%3Dshailadurcal%26message.id%3D137976%26page%3D1&amp;usg=__1_ZwMEiOIEVZz2Uu8ovON7WygzY=&amp;h=398&amp;w=445&amp;sz=140&amp;hl=es&amp;start=27&amp;um=1&amp;tbnid=7DKFrZ0k6_ceTM:&amp;tbnh=114&amp;tbnw=127&amp;prev=\/images%3Fq%3Dimagenes%2Bde%2Bamistad%26ndsp%3D20%26hl%3Des%26sa%3DN%26start%3D20%26um%3D1\"><img loading=\"lazy\" decoding=\"async\" style=\"border: 1px solid\" src=\"http:\/\/tbn1.google.com\/images?q=tbn:7DKFrZ0k6_ceTM:http:\/\/i126.photobucket.com\/albums\/p85\/bebe1975\/amistad.jpg\" alt=\"\" width=\"127\" height=\"114\" \/><\/a><\/p>\n<p style=\"text-align: center\">\u00a0<\/p>\n<p style=\"text-align: center\">La Vida es Linda<\/p>\n<p style=\"text-align: center\">Yo soy feliz<br \/>\nporque la vida es linda<br \/>\ny yo quiero vivir<br \/>\ncon alegr\u00eda,<br \/>\ncon muchos amigos<br \/>\nde todo el mundo<br \/>\ny con Dios.<\/p>\n<p style=\"text-align: center\"><a href=\"http:\/\/images.google.com.ec\/imgres?imgurl=http:\/\/blogs.villagevoice.com\/statusainthood\/VivaLaVida.jpg&amp;imgrefurl=http:\/\/blogs.villagevoice.com\/statusainthood\/archives\/2008\/06\/first_impressio_1.php&amp;usg=__9WHxvYhyzkM-IaBXZRfoNZMdSCA=&amp;h=600&amp;w=600&amp;sz=158&amp;hl=es&amp;start=17&amp;um=1&amp;tbnid=Brm8KGaJvzRiLM:&amp;tbnh=135&amp;tbnw=135&amp;prev=\/images%3Fq%3Dimagenes%2Bde%2Bvida%26ndsp%3D20%26hl%3Des%26sa%3DN%26um%3D1\"><img loading=\"lazy\" decoding=\"async\" style=\"border: 1px solid\" src=\"http:\/\/tbn0.google.com\/images?q=tbn:Brm8KGaJvzRiLM:http:\/\/blogs.villagevoice.com\/statusainthood\/VivaLaVida.jpg\" alt=\"\" width=\"135\" height=\"135\" \/><\/a><\/p>\n<p style=\"text-align: center\">\u00a0<\/p>\n<p style=\"text-align: center\">Nuestra Amistad<\/p>\n<p style=\"text-align: center\">Mi querido amigo una promesa<br \/>\nEncontr\u00e9 en ti y fue tan solo<br \/>\nTu sinceridad,<br \/>\nPues aunque con defectos<br \/>\nO virtudes ambos sabemos que<br \/>\nSiempre podremos contar<br \/>\nUno con el otro,<br \/>\nNuestra amistad creci\u00f3<br \/>\nCon tan solo ver nuestros<br \/>\nProblemas, pues t\u00fa y yo<br \/>\nSomos almas gemelas<br \/>\nQue han sufrido dolores,<br \/>\nAmores y decepciones<br \/>\nQue incre\u00edble fueron aquellos<br \/>\nD\u00edas en donde tu y yo nos<br \/>\nDivert\u00edamos con bromas tontas<br \/>\nIncluso con peleas<br \/>\nQue no nos llevaban a ning\u00fan<br \/>\nLado cuanto lloramos y<br \/>\nRe\u00edmos juntos, cuantas veces<br \/>\nPedimos a gritos tener todo<br \/>\nY luego ser mejores, aunque<br \/>\nFue dif\u00edcil siempre estuvimos juntos<br \/>\nPues la clave de la amistad,<br \/>\nEs estar juntos y tener<br \/>\nUna confianza plena<br \/>\nY actitudes que ayuden a<br \/>\nAmbos, siempre tendr\u00e9<br \/>\nPresente tu gran amistad<br \/>\nPues me es muy valiosa<br \/>\nGracias por todo m\u00ed querido amigo\u2026<\/p>\n<p style=\"text-align: center\"><a href=\"http:\/\/images.google.com.ec\/imgres?imgurl=http:\/\/www.recados.oriza.net\/gifsbyoriza-amistad1.gif&amp;imgrefurl=http:\/\/amor-y-pasion.blogspot.com\/2007\/06\/nuestros-momentos.html&amp;usg=__rliSdWksq72hNJMeFHGMdRYorS4=&amp;h=400&amp;w=350&amp;sz=53&amp;hl=es&amp;start=56&amp;um=1&amp;tbnid=aUZXUdWh-qkQHM:&amp;tbnh=124&amp;tbnw=109&amp;prev=\/images%3Fq%3Dimagenes%2Bde%2Bamistad%26ndsp%3D20%26hl%3Des%26sa%3DN%26start%3D40%26um%3D1\"><img loading=\"lazy\" decoding=\"async\" style=\"border: 1px solid\" src=\"http:\/\/tbn3.google.com\/images?q=tbn:aUZXUdWh-qkQHM:http:\/\/www.recados.oriza.net\/gifsbyoriza-amistad1.gif\" alt=\"\" width=\"109\" height=\"124\" \/><\/a><\/p>\n<p style=\"text-align: center\">\u00a0<\/p>\n<p style=\"text-align: center\">Para Conquistar el Amor<\/p>\n<p style=\"text-align: center\"><span style=\"font-size: medium;font-family: Monotype Corsiva\">Mientras me hablabas y yo te miraba,<br \/>\nse detuvo el tiempo en medio instante:<br \/>\nel amor me llamaba y yo le obedec\u00eda.<br \/>\nMientras me susurrabas y yo te amaba,<br \/>\nse alzaron los sentimientos,<br \/>\nmand\u00f3 tu voz,<br \/>\nel cielo se hizo visible en tus ojos,<br \/>\ny yo pronunci\u00e9 el querer en tus labios.<\/span><\/p>\n<p style=\"text-align: center\"><span style=\"font-size: medium;font-family: Monotype Corsiva\">Fue una mirada,<br \/>\nun frenes\u00ed de besos,<br \/>\nuna lujuria de sentimientos.<br \/>\nFue un instante sin fin,<br \/>\nsin tiempo para so\u00f1ar.<br \/>\nY entonces despertamos,<br \/>\n... y seguimos am\u00e1ndonos<\/span><\/p>\n<p style=\"text-align: center\"><a href=\"http:\/\/images.google.com.ec\/imgres?imgurl=http:\/\/s89.photobucket.com\/albums\/k213\/eldaram\/Latinosite\/graphics\/cat\/Amor\/amor.gif&amp;imgrefurl=http:\/\/www.mylatinotags.com\/graphics\/index.php%3Fid%3DAmor&amp;usg=__1-D1q3X0nQpAFafwAyrb_0fmtg0=&amp;h=372&amp;w=400&amp;sz=39&amp;hl=es&amp;start=37&amp;um=1&amp;tbnid=dDkidiCazlW5gM:&amp;tbnh=115&amp;tbnw=124&amp;prev=\/images%3Fq%3Dimagenes%2Bde%2Bamor%26ndsp%3D20%26hl%3Des%26sa%3DN%26start%3D20%26um%3D1\"><img loading=\"lazy\" decoding=\"async\" style=\"border: 1px solid\" src=\"http:\/\/tbn2.google.com\/images?q=tbn:dDkidiCazlW5gM:http:\/\/s89.photobucket.com\/albums\/k213\/eldaram\/Latinosite\/graphics\/cat\/Amor\/amor.gif\" alt=\"\" width=\"124\" height=\"115\" \/><\/a><\/p>\n","protected":false},"excerpt":{"rendered":"<p>Amiga Mia Aunque los oc\u00e9anos y los continentes nos separan, Nadie puede separar nuestra amistad Este v\u00ednculo tan fuerte que naci\u00f3 cuando estuve en tu pa\u00eds. Somos de distintas naciones y razas, no de distintos sentimientos. Me aceptaste sin conocerme. El tiempo creci\u00f3 nuestra amistad. Me consolaste cuando estuve triste. Me acompa\u00f1aste en situaciones dif\u00edciles. [&hellip;]<\/p>\n","protected":false},"author":1836,"featured_media":0,"parent":0,"menu_order":0,"comment_status":"open","ping_status":"open","template":"","meta":{"footnotes":""},"class_list":["post-1","page","type-page","status-publish","hentry"],"_links":{"self":[{"href":"https:\/\/blog.espol.edu.ec\/beth\/wp-json\/wp\/v2\/pages\/1","targetHints":{"allow":["GET"]}}],"collection":[{"href":"https:\/\/blog.espol.edu.ec\/beth\/wp-json\/wp\/v2\/pages"}],"about":[{"href":"https:\/\/blog.espol.edu.ec\/beth\/wp-json\/wp\/v2\/types\/page"}],"author":[{"embeddable":true,"href":"https:\/\/blog.espol.edu.ec\/beth\/wp-json\/wp\/v2\/users\/1836"}],"replies":[{"embeddable":true,"href":"https:\/\/blog.espol.edu.ec\/beth\/wp-json\/wp\/v2\/comments?post=1"}],"version-history":[{"count":3,"href":"https:\/\/blog.espol.edu.ec\/beth\/wp-json\/wp\/v2\/pages\/1\/revisions"}],"predecessor-version":[{"id":46,"href":"https:\/\/blog.espol.edu.ec\/beth\/wp-json\/wp\/v2\/pages\/1\/revisions\/46"}],"wp:attachment":[{"href":"https:\/\/blog.espol.edu.ec\/beth\/wp-json\/wp\/v2\/media?parent=1"}],"curies":[{"name":"wp","href":"https:\/\/api.w.org\/{rel}","templated":true}]}}