{"id":59,"date":"2009-08-09T21:36:24","date_gmt":"2009-08-10T01:36:24","guid":{"rendered":"http:\/\/blog.espol.edu.ec\/beth\/?page_id=59"},"modified":"2009-08-09T21:45:32","modified_gmt":"2009-08-10T01:45:32","slug":"emelec","status":"publish","type":"page","link":"https:\/\/blog.espol.edu.ec\/beth\/emelec\/","title":{"rendered":"Emelec"},"content":{"rendered":"<p>Este primero de Emelec tuvo ef\u00edmera vida. Renaci\u00f3 con la llegada de George Capwell, nacido en Nueva York, educado en su pa\u00eds, Panam\u00e1 y Cuba, y practicante de casi todos los deportes conocidos. En 1926 arrib\u00f3 de Cienfuegos, Cuba, y desde entonces se dedic\u00f3 al deporte. Era un organizador incansable y un fan\u00e1tico de la disciplina. Desde su puesto de Superintendente de la Empresa El\u00e9ctrica indujo a sus empleados a la pr\u00e1ctica del deporte y con ellos, el 28 de abril de 1929, dio vida legal a Emelec.<\/p>\n<p><img decoding=\"async\" src=\"http:\/\/sp6.fotolog.com\/photo\/22\/46\/16\/historiasdfutbol\/1240931960406_f.jpg\" alt=\"80 A\u00d1OS DE VIDA DEL EMELEC\" \/><\/p>\n<p>El Estadio<br \/>\nEn septiembre de 1940 la Municipalidad de Guayaquil aprueba el alquiler de cuatro manzanas para la construcci\u00f3n del Estadio de Emelec. El 8 de septiembre de 1942 los municipales resuelven la donaci\u00f3n de tales manzanas y el 15 de octubre del mismo a\u00f1o el Congreso de la Rep\u00fablica aprueba el decreto autorizando a la Municipalidad la donaci\u00f3n.<\/p>\n<p><a href=\"http:\/\/images.google.com.ec\/imgres?imgurl=http:\/\/www.ecuagol.com\/ecuagol\/images\/wallpapers\/Emelec-1024x768.jpg&amp;imgrefurl=http:\/\/www.ecuagol.com\/ecuagol\/content\/wallpapers.php&amp;usg=__n0MHXIPph6eeCJQnaAk_c6yOhTk=&amp;h=768&amp;w=1024&amp;sz=215&amp;hl=es&amp;start=8&amp;um=1&amp;tbnid=ZHxynQBWvt-paM:&amp;tbnh=113&amp;tbnw=150&amp;prev=\/images%3Fq%3Demelec%26hl%3Des%26sa%3DN%26um%3D1\"><img loading=\"lazy\" decoding=\"async\" style=\"border: 1px solid\" src=\"http:\/\/tbn2.google.com\/images?q=tbn:ZHxynQBWvt-paM:http:\/\/www.ecuagol.com\/ecuagol\/images\/wallpapers\/Emelec-1024x768.jpg\" alt=\"\" width=\"150\" height=\"113\" \/><\/a><\/p>\n<p>Barras de Emelec<\/p>\n<p>veeeer\u00e2\u20ac\u00a6 EMELEC!<br \/>\nhay que poner m\u00c3\u00a1s huevos no puedes perdeeer\u00e2\u20ac\u00a6 EMELEC!<\/p>\n<p>La Boca del Pozo te alentar\u00c3\u00a1,<br \/>\nen las buenas y las malas hasta el final\u00e2\u20ac\u00a6<\/p>\n<p>Podr\u00c3\u00a1n imitarnos pero jam\u00c3\u00a1aaas\u00e2\u20ac\u00a6<br \/>\nnos van a igualar!<\/p>\n<p>Otra, otra vuelta, otra<br \/>\nvamos vamos vamos millonarios<br \/>\nOtra, otra vuelta, otra<br \/>\nvamos vamos vamos EMELEC!!<br \/>\nOtra, otra vuelta, otra<br \/>\nvamos vamos vamos millonarios<br \/>\nOtra, otra vuelta, otra<br \/>\nvamos vamos vamos EMELEC!!<br \/>\n<a href=\"http:\/\/images.google.com.ec\/imgres?imgurl=http:\/\/img132.imageshack.us\/img132\/4549\/avatargoma0cs.jpg&amp;imgrefurl=http:\/\/www.emelexista.com\/gracias-por-este-ano-emelec-y-un-feliz-2007-para-todos\/&amp;usg=__g5YPLr8sDYfeAigX8uc7ol_aBro=&amp;h=163&amp;w=154&amp;sz=20&amp;hl=es&amp;start=24&amp;tbnid=HCx4tjJfbIA7RM:&amp;tbnh=98&amp;tbnw=93&amp;prev=\/images%3Fq%3Demelec%26gbv%3D2%26ndsp%3D20%26hl%3Des%26sa%3DN%26start%3D20\"><img loading=\"lazy\" decoding=\"async\" style=\"border: 1px solid\" src=\"http:\/\/tbn0.google.com\/images?q=tbn:HCx4tjJfbIA7RM:http:\/\/img132.imageshack.us\/img132\/4549\/avatargoma0cs.jpg\" alt=\"\" width=\"93\" height=\"98\" \/><\/a><\/p>\n<p>Barras..<\/p>\n<p>Emelec te llevo en el corazon<br \/>\nEsta hinchada que esta fuera de control\u00a0\u00a0\u00a0\u00a0\u00a0\u00a0\u00a0\u00a0\u00a0\u00a0\u00a0\u00a0\u00a0\u00a0\u00a0\u00a0\u00a0\u00a0\u00a0\u00a0\u00a0\u00a0\u00a0\u00a0\u00a0\u00a0<a href=\"http:\/\/images.google.com.ec\/imgres?imgurl=http:\/\/4.bp.blogspot.com\/_-Z5CZMl3W_s\/SjEgVPrEFQI\/AAAAAAAAErU\/cVT3XzeETC4\/s400\/wall_bdp_emelec_80anos.jpg&amp;imgrefurl=http:\/\/leyendasyrelatosdefutbol.blogspot.com\/2009\/06\/emelec-2.html&amp;usg=__xGW9xXpElRiFHu59xqpATtBCIKU=&amp;h=300&amp;w=400&amp;sz=51&amp;hl=es&amp;start=309&amp;tbnid=Zalu0buyblLfmM:&amp;tbnh=93&amp;tbnw=124&amp;prev=\/images%3Fq%3Demelec%26gbv%3D2%26ndsp%3D20%26hl%3Des%26sa%3DN%26start%3D300\"><img loading=\"lazy\" decoding=\"async\" style=\"border: 1px solid\" src=\"http:\/\/tbn2.google.com\/images?q=tbn:Zalu0buyblLfmM:http:\/\/4.bp.blogspot.com\/_-Z5CZMl3W_s\/SjEgVPrEFQI\/AAAAAAAAErU\/cVT3XzeETC4\/s400\/wall_bdp_emelec_80anos.jpg\" alt=\"\" width=\"124\" height=\"93\" \/><\/a>\u00a0\u00a0\u00a0\u00a0\u00a0\u00a0\u00a0\u00a0<br \/>\nNo me importa si perdes o si ganas<br \/>\nAl bombillo cada vez lo quiero mas<\/p>\n<p>Vamo emelec vamo a ganar<br \/>\nQue la caldera es carnaval<br \/>\nDonde tu estes yo voy a estar<br \/>\nEsta tu hinchada hasta el final<\/p>\n","protected":false},"excerpt":{"rendered":"<p>Este primero de Emelec tuvo ef\u00edmera vida. Renaci\u00f3 con la llegada de George Capwell, nacido en Nueva York, educado en su pa\u00eds, Panam\u00e1 y Cuba, y practicante de casi todos los deportes conocidos. En 1926 arrib\u00f3 de Cienfuegos, Cuba, y desde entonces se dedic\u00f3 al deporte. Era un organizador incansable y un fan\u00e1tico de la [&hellip;]<\/p>\n","protected":false},"author":1836,"featured_media":0,"parent":0,"menu_order":0,"comment_status":"open","ping_status":"open","template":"","meta":{"footnotes":""},"class_list":["post-59","page","type-page","status-publish","hentry"],"_links":{"self":[{"href":"https:\/\/blog.espol.edu.ec\/beth\/wp-json\/wp\/v2\/pages\/59","targetHints":{"allow":["GET"]}}],"collection":[{"href":"https:\/\/blog.espol.edu.ec\/beth\/wp-json\/wp\/v2\/pages"}],"about":[{"href":"https:\/\/blog.espol.edu.ec\/beth\/wp-json\/wp\/v2\/types\/page"}],"author":[{"embeddable":true,"href":"https:\/\/blog.espol.edu.ec\/beth\/wp-json\/wp\/v2\/users\/1836"}],"replies":[{"embeddable":true,"href":"https:\/\/blog.espol.edu.ec\/beth\/wp-json\/wp\/v2\/comments?post=59"}],"version-history":[{"count":5,"href":"https:\/\/blog.espol.edu.ec\/beth\/wp-json\/wp\/v2\/pages\/59\/revisions"}],"predecessor-version":[{"id":61,"href":"https:\/\/blog.espol.edu.ec\/beth\/wp-json\/wp\/v2\/pages\/59\/revisions\/61"}],"wp:attachment":[{"href":"https:\/\/blog.espol.edu.ec\/beth\/wp-json\/wp\/v2\/media?parent=59"}],"curies":[{"name":"wp","href":"https:\/\/api.w.org\/{rel}","templated":true}]}}