{"id":24,"date":"2014-10-30T02:11:37","date_gmt":"2014-10-30T02:11:37","guid":{"rendered":"http:\/\/blog.espol.edu.ec\/bgarcia\/?page_id=24"},"modified":"2014-10-30T02:11:37","modified_gmt":"2014-10-30T02:11:37","slug":"educativas","status":"publish","type":"page","link":"https:\/\/blog.espol.edu.ec\/bgarcia\/educativas\/","title":{"rendered":"Educativas"},"content":{"rendered":"<h2><strong>10monkeys Multiplication<\/strong><\/h2>\n<p><a href=\"http:\/\/blog.espol.edu.ec\/bgarcia\/files\/2014\/10\/10monkeys_Multiplication_-680x332.jpg\"><img loading=\"lazy\" decoding=\"async\" class=\"alignnone  wp-image-25\" src=\"http:\/\/blog.espol.edu.ec\/bgarcia\/files\/2014\/10\/10monkeys_Multiplication_-680x332-300x146.jpg\" alt=\"10monkeys_Multiplication_-680x332\" width=\"269\" height=\"131\" srcset=\"https:\/\/blog.espol.edu.ec\/bgarcia\/files\/2014\/10\/10monkeys_Multiplication_-680x332-300x146.jpg 300w, https:\/\/blog.espol.edu.ec\/bgarcia\/files\/2014\/10\/10monkeys_Multiplication_-680x332.jpg 680w\" sizes=\"auto, (max-width: 269px) 100vw, 269px\" \/><\/a><\/p>\n<p>&nbsp;<\/p>\n<p>Este juego ayudar\u00e1 a tus hijos a llevarse mejor con los <strong>n\u00fameros<\/strong>. En especial, con la<strong>multiplicaci\u00f3n de n\u00famero<\/strong>, ya que la aplicaci\u00f3n consiste en 10 monos con los que cada uno tendr\u00e1 que recitar las tablas del 1 al 10.<\/p>\n<p>Una buena opci\u00f3n para que a tus hijos se aprendan bien las <strong>tablas de multiplicar<\/strong>, que despu\u00e9s son mayores y hay quien se atasca con el 8 x 7.<\/p>\n<p>&nbsp;<\/p>\n<h2>Matem\u00e1ticas Wombi<\/h2>\n<p><a href=\"http:\/\/blog.espol.edu.ec\/bgarcia\/files\/2014\/10\/wombi-math-680x403.jpg\"><img loading=\"lazy\" decoding=\"async\" class=\"alignnone size-medium wp-image-26\" src=\"http:\/\/blog.espol.edu.ec\/bgarcia\/files\/2014\/10\/wombi-math-680x403-300x177.jpg\" alt=\"wombi-math-680x403\" width=\"300\" height=\"177\" srcset=\"https:\/\/blog.espol.edu.ec\/bgarcia\/files\/2014\/10\/wombi-math-680x403-300x177.jpg 300w, https:\/\/blog.espol.edu.ec\/bgarcia\/files\/2014\/10\/wombi-math-680x403.jpg 680w\" sizes=\"auto, (max-width: 300px) 100vw, 300px\" \/><\/a><\/p>\n<p>&nbsp;<\/p>\n<p>Con esta aplicaci\u00f3n tus hijos aprender\u00e1n las <strong>operaciones simples<\/strong> de las matem\u00e1ticas: sumar, restar, multiplicar y dividir.<\/p>\n<p>El juego consiste en que tienes muchas bolas, unas con operaciones y otras con un resultado. Entonces hay que unir la operaci\u00f3n matem\u00e1tica con el resultado para eliminar ese par de bolas. El nivel se completa cuando se unen todas las bolas.<\/p>\n<p>&nbsp;<\/p>\n<p>&nbsp;<\/p>\n","protected":false},"excerpt":{"rendered":"<p>10monkeys Multiplication &nbsp; Este juego ayudar\u00e1 a tus hijos a llevarse mejor con los n\u00fameros. En especial, con lamultiplicaci\u00f3n de n\u00famero, ya que la aplicaci\u00f3n consiste en 10 monos con los que cada uno tendr\u00e1 que recitar las tablas del 1 al 10. Una buena opci\u00f3n para que a tus hijos se aprendan bien las [&hellip;]<\/p>\n","protected":false},"author":9342,"featured_media":0,"parent":0,"menu_order":0,"comment_status":"open","ping_status":"open","template":"","meta":{"footnotes":""},"class_list":["post-24","page","type-page","status-publish","hentry"],"_links":{"self":[{"href":"https:\/\/blog.espol.edu.ec\/bgarcia\/wp-json\/wp\/v2\/pages\/24","targetHints":{"allow":["GET"]}}],"collection":[{"href":"https:\/\/blog.espol.edu.ec\/bgarcia\/wp-json\/wp\/v2\/pages"}],"about":[{"href":"https:\/\/blog.espol.edu.ec\/bgarcia\/wp-json\/wp\/v2\/types\/page"}],"author":[{"embeddable":true,"href":"https:\/\/blog.espol.edu.ec\/bgarcia\/wp-json\/wp\/v2\/users\/9342"}],"replies":[{"embeddable":true,"href":"https:\/\/blog.espol.edu.ec\/bgarcia\/wp-json\/wp\/v2\/comments?post=24"}],"version-history":[{"count":1,"href":"https:\/\/blog.espol.edu.ec\/bgarcia\/wp-json\/wp\/v2\/pages\/24\/revisions"}],"predecessor-version":[{"id":27,"href":"https:\/\/blog.espol.edu.ec\/bgarcia\/wp-json\/wp\/v2\/pages\/24\/revisions\/27"}],"wp:attachment":[{"href":"https:\/\/blog.espol.edu.ec\/bgarcia\/wp-json\/wp\/v2\/media?parent=24"}],"curies":[{"name":"wp","href":"https:\/\/api.w.org\/{rel}","templated":true}]}}