{"id":28,"date":"2014-10-30T02:17:55","date_gmt":"2014-10-30T02:17:55","guid":{"rendered":"http:\/\/blog.espol.edu.ec\/bgarcia\/?page_id=28"},"modified":"2014-10-30T02:17:55","modified_gmt":"2014-10-30T02:17:55","slug":"fondo-de-pantalla","status":"publish","type":"page","link":"https:\/\/blog.espol.edu.ec\/bgarcia\/fondo-de-pantalla\/","title":{"rendered":"Fondo de pantalla"},"content":{"rendered":"<h2>elementary Wallpapers<\/h2>\n<p><a href=\"http:\/\/blog.espol.edu.ec\/bgarcia\/files\/2014\/10\/Selecci\u00f3n_014.jpeg\"><img loading=\"lazy\" decoding=\"async\" class=\"alignnone size-medium wp-image-29\" src=\"http:\/\/blog.espol.edu.ec\/bgarcia\/files\/2014\/10\/Selecci\u00f3n_014-300x187.jpeg\" alt=\"Selecci\u00f3n_014\" width=\"300\" height=\"187\" srcset=\"https:\/\/blog.espol.edu.ec\/bgarcia\/files\/2014\/10\/Selecci\u00f3n_014-300x187.jpeg 300w, https:\/\/blog.espol.edu.ec\/bgarcia\/files\/2014\/10\/Selecci\u00f3n_014.jpeg 800w\" sizes=\"auto, (max-width: 300px) 100vw, 300px\" \/><\/a><\/p>\n<p><strong>elementary Wallpapers<\/strong> es una aplicaci\u00f3n creada por lo desarrolladores de la distribuci\u00f3n de Linux\u00a0<strong>elementary OS<\/strong>, con el prop\u00f3sito de ofrecer todos los fondos oficiales de la distro en una app para Android, y adem\u00e1s darle a los usuarios una manera sencilla de hacer una donaci\u00f3n si as\u00ed lo desean al proyecto elementary. Los fondos son hermosos, y son bastantes, as\u00ed que con esta app, si te gustan los wallpapers fotogr\u00e1ficos de calidad, tienes unos cuantos para usar.<\/p>\n<p>&nbsp;<\/p>\n<h2>Zedge<\/h2>\n<p><a href=\"http:\/\/blog.espol.edu.ec\/bgarcia\/files\/2014\/10\/Selecci\u00f3n_016.jpeg\"><img loading=\"lazy\" decoding=\"async\" class=\"alignnone size-medium wp-image-30\" src=\"http:\/\/blog.espol.edu.ec\/bgarcia\/files\/2014\/10\/Selecci\u00f3n_016-300x135.jpeg\" alt=\"Selecci\u00f3n_016\" width=\"300\" height=\"135\" srcset=\"https:\/\/blog.espol.edu.ec\/bgarcia\/files\/2014\/10\/Selecci\u00f3n_016-300x135.jpeg 300w, https:\/\/blog.espol.edu.ec\/bgarcia\/files\/2014\/10\/Selecci\u00f3n_016.jpeg 800w\" sizes=\"auto, (max-width: 300px) 100vw, 300px\" \/><\/a><\/p>\n<p><strong>Zedge<\/strong> es mi aplicaci\u00f3n favorita para descargar tonos de notificaci\u00f3n, pero no solo sirve para eso, sino que tambi\u00e9n puedes descargar wallpapers desde ella. Su colecci\u00f3n es grande al nivel de wallbase,y tiene el aliciente de los otros extras que podemos descargar desde ah\u00ed.<\/p>\n<p>&nbsp;<\/p>\n<h2>Wallpapyrus<\/h2>\n<p><a href=\"http:\/\/blog.espol.edu.ec\/bgarcia\/files\/2014\/10\/Selecci\u00f3n_010.jpeg\"><img loading=\"lazy\" decoding=\"async\" class=\"alignnone  wp-image-31\" src=\"http:\/\/blog.espol.edu.ec\/bgarcia\/files\/2014\/10\/Selecci\u00f3n_010.jpeg\" alt=\"Selecci\u00f3n_010\" width=\"240\" height=\"237\" \/><\/a><\/p>\n<p><strong>Wallpapyrus<\/strong> es una aplicaci\u00f3n sumamente sencilla cuya \u00fanica funci\u00f3n es algo tan simple como dejarnos colocar cualquier imagen como fondo de escritorio sin que Android nos obligue a recortarla de una manera espantosa. Una vez que la instales, debes acceder a ella desde los fondos de pantalla animados y ver\u00e1s la diferencia entre aplicar un wallpaper con Wallpapyrus y la de hacerlo desde la galer\u00eda de Android, es simplemente un alivio y la amar\u00e1s.<\/p>\n","protected":false},"excerpt":{"rendered":"<p>elementary Wallpapers elementary Wallpapers es una aplicaci\u00f3n creada por lo desarrolladores de la distribuci\u00f3n de Linux\u00a0elementary OS, con el prop\u00f3sito de ofrecer todos los fondos oficiales de la distro en una app para Android, y adem\u00e1s darle a los usuarios una manera sencilla de hacer una donaci\u00f3n si as\u00ed lo desean al proyecto elementary. Los [&hellip;]<\/p>\n","protected":false},"author":9342,"featured_media":0,"parent":0,"menu_order":0,"comment_status":"open","ping_status":"open","template":"","meta":{"footnotes":""},"class_list":["post-28","page","type-page","status-publish","hentry"],"_links":{"self":[{"href":"https:\/\/blog.espol.edu.ec\/bgarcia\/wp-json\/wp\/v2\/pages\/28","targetHints":{"allow":["GET"]}}],"collection":[{"href":"https:\/\/blog.espol.edu.ec\/bgarcia\/wp-json\/wp\/v2\/pages"}],"about":[{"href":"https:\/\/blog.espol.edu.ec\/bgarcia\/wp-json\/wp\/v2\/types\/page"}],"author":[{"embeddable":true,"href":"https:\/\/blog.espol.edu.ec\/bgarcia\/wp-json\/wp\/v2\/users\/9342"}],"replies":[{"embeddable":true,"href":"https:\/\/blog.espol.edu.ec\/bgarcia\/wp-json\/wp\/v2\/comments?post=28"}],"version-history":[{"count":1,"href":"https:\/\/blog.espol.edu.ec\/bgarcia\/wp-json\/wp\/v2\/pages\/28\/revisions"}],"predecessor-version":[{"id":32,"href":"https:\/\/blog.espol.edu.ec\/bgarcia\/wp-json\/wp\/v2\/pages\/28\/revisions\/32"}],"wp:attachment":[{"href":"https:\/\/blog.espol.edu.ec\/bgarcia\/wp-json\/wp\/v2\/media?parent=28"}],"curies":[{"name":"wp","href":"https:\/\/api.w.org\/{rel}","templated":true}]}}