{"id":39,"date":"2014-11-11T06:31:49","date_gmt":"2014-11-11T06:31:49","guid":{"rendered":"http:\/\/blog.espol.edu.ec\/bgarcia\/?page_id=39"},"modified":"2014-11-11T06:31:49","modified_gmt":"2014-11-11T06:31:49","slug":"musica","status":"publish","type":"page","link":"https:\/\/blog.espol.edu.ec\/bgarcia\/musica\/","title":{"rendered":"M\u00fasica"},"content":{"rendered":"<p><strong>BEATS MUSIC<\/strong><\/p>\n<p><a href=\"http:\/\/blog.espol.edu.ec\/bgarcia\/files\/2014\/11\/beats-music-logo-650-430.jpg\"><img loading=\"lazy\" decoding=\"async\" class=\"alignnone size-medium wp-image-40\" src=\"http:\/\/blog.espol.edu.ec\/bgarcia\/files\/2014\/11\/beats-music-logo-650-430-300x169.jpg\" alt=\"beats-music-logo-650-430\" width=\"300\" height=\"169\" srcset=\"https:\/\/blog.espol.edu.ec\/bgarcia\/files\/2014\/11\/beats-music-logo-650-430-300x169.jpg 300w, https:\/\/blog.espol.edu.ec\/bgarcia\/files\/2014\/11\/beats-music-logo-650-430.jpg 670w\" sizes=\"auto, (max-width: 300px) 100vw, 300px\" \/><\/a><\/p>\n<p>Tiene un planteamiento diferente a 4shared, ya que funciona como un servicio de m\u00fasica en streaming, m\u00e1s en la l\u00ednea de Spotify. Beats Music ofrece m\u00fasica basada tanto en las b\u00fasquedas del usuario como en las recomendaciones de expertos en cada estilo. Para llevar a cabo el proceso, la aplicaci\u00f3n comienza preguntando a la persona en qu\u00e9 estilos prefiere ser asesorado. Una vez definido el campo musical deseado, el sistema de recomendaci\u00f3n, basado tanto en algoritmos matem\u00e1ticos como en las opiniones de expertos, empieza a presentar una lista de reproducci\u00f3n. El usuario puede indicar su parecer respecto a los temas reproducidos para descartar los que no le gustan y destacar otros. Beats Music asegura tener acceso a m\u00e1s de 20 millones de archivos musicales.<\/p>\n<p><strong>Mp3 MUSIC DOWNLOADER<\/strong><\/p>\n<p><a href=\"http:\/\/blog.espol.edu.ec\/bgarcia\/files\/2014\/11\/2DwgZ.jpg\"><img loading=\"lazy\" decoding=\"async\" class=\"alignnone size-medium wp-image-41\" src=\"http:\/\/blog.espol.edu.ec\/bgarcia\/files\/2014\/11\/2DwgZ-300x274.jpg\" alt=\"2DwgZ\" width=\"300\" height=\"274\" srcset=\"https:\/\/blog.espol.edu.ec\/bgarcia\/files\/2014\/11\/2DwgZ-300x274.jpg 300w, https:\/\/blog.espol.edu.ec\/bgarcia\/files\/2014\/11\/2DwgZ.jpg 512w\" sizes=\"auto, (max-width: 300px) 100vw, 300px\" \/><\/a><\/p>\n<p>Resulta bastante m\u00e1s sencilla que las apps antes citadas, pero no por ello menos efectiva, seg\u00fan las opiniones recogidas en la tienda Google Play, aunque otras se quejan de un funcionamiento no tan fluido. Sea como fuere, la media de valoraciones que obtiene no es mala en absoluto. Es un buscador de archivos musicales disponibles de modo gratuito en diferentes sitios de la Red, que permite descargarlos al smartphone y o\u00edrlos con el reproductor por defecto del tel\u00e9fono. La aplicaci\u00f3n, que es tambi\u00e9n gratuita, muestra publicidad a cambio de la escucha, lo que, en opini\u00f3n de algunos usuarios, puede llegar a resultar pesado.<\/p>\n<p><strong>SOUNDCLOUD<\/strong><\/p>\n<p><a href=\"http:\/\/blog.espol.edu.ec\/bgarcia\/files\/2014\/11\/Download-SoundCloud-2-5-2-for-Android.png\"><img loading=\"lazy\" decoding=\"async\" class=\"alignnone size-medium wp-image-42\" src=\"http:\/\/blog.espol.edu.ec\/bgarcia\/files\/2014\/11\/Download-SoundCloud-2-5-2-for-Android-300x152.png\" alt=\"Download-SoundCloud-2-5-2-for-Android\" width=\"300\" height=\"152\" srcset=\"https:\/\/blog.espol.edu.ec\/bgarcia\/files\/2014\/11\/Download-SoundCloud-2-5-2-for-Android-300x152.png 300w, https:\/\/blog.espol.edu.ec\/bgarcia\/files\/2014\/11\/Download-SoundCloud-2-5-2-for-Android.png 728w\" sizes=\"auto, (max-width: 300px) 100vw, 300px\" \/><\/a><\/p>\n<p>Consta de una plataforma de distribuci\u00f3n y promoci\u00f3n de archivos de audio de modo gratuito con forma de red social, donde sus usuarios pueden subir y promocionar sus trabajos musicales para que los escuchen sus contactos y los valoren. Por su estructura y su manera de funcionar, se les ha llamado el \"YouTube de la m\u00fasica\". Pero no solo m\u00fasicos noveles hacen uso del servicio, sino que consagrados como Beck o el grupo Sonic Youth prueban sus trabajos primero aqu\u00ed. A Sound Cloud se puede entrar desde las cuentas de Facebook o Google+. Una vez registrados, se accede a los m\u00e1s de 12.000 archivos que se suben cada minuto, como aseguran desde el servicio. La entrada es gratuita y libre, y su biblioteca musical crece a diario, siendo en algunos pa\u00edses ya una competencia para Spotify y Pandora.<\/p>\n<p>&nbsp;<\/p>\n","protected":false},"excerpt":{"rendered":"<p>BEATS MUSIC Tiene un planteamiento diferente a 4shared, ya que funciona como un servicio de m\u00fasica en streaming, m\u00e1s en la l\u00ednea de Spotify. Beats Music ofrece m\u00fasica basada tanto en las b\u00fasquedas del usuario como en las recomendaciones de expertos en cada estilo. Para llevar a cabo el proceso, la aplicaci\u00f3n comienza preguntando a [&hellip;]<\/p>\n","protected":false},"author":9342,"featured_media":0,"parent":0,"menu_order":0,"comment_status":"open","ping_status":"open","template":"","meta":{"footnotes":""},"class_list":["post-39","page","type-page","status-publish","hentry"],"_links":{"self":[{"href":"https:\/\/blog.espol.edu.ec\/bgarcia\/wp-json\/wp\/v2\/pages\/39","targetHints":{"allow":["GET"]}}],"collection":[{"href":"https:\/\/blog.espol.edu.ec\/bgarcia\/wp-json\/wp\/v2\/pages"}],"about":[{"href":"https:\/\/blog.espol.edu.ec\/bgarcia\/wp-json\/wp\/v2\/types\/page"}],"author":[{"embeddable":true,"href":"https:\/\/blog.espol.edu.ec\/bgarcia\/wp-json\/wp\/v2\/users\/9342"}],"replies":[{"embeddable":true,"href":"https:\/\/blog.espol.edu.ec\/bgarcia\/wp-json\/wp\/v2\/comments?post=39"}],"version-history":[{"count":1,"href":"https:\/\/blog.espol.edu.ec\/bgarcia\/wp-json\/wp\/v2\/pages\/39\/revisions"}],"predecessor-version":[{"id":43,"href":"https:\/\/blog.espol.edu.ec\/bgarcia\/wp-json\/wp\/v2\/pages\/39\/revisions\/43"}],"wp:attachment":[{"href":"https:\/\/blog.espol.edu.ec\/bgarcia\/wp-json\/wp\/v2\/media?parent=39"}],"curies":[{"name":"wp","href":"https:\/\/api.w.org\/{rel}","templated":true}]}}