{"id":39,"date":"2015-06-02T02:41:08","date_gmt":"2015-06-02T02:41:08","guid":{"rendered":"http:\/\/blog.espol.edu.ec\/bgpulley\/?page_id=39"},"modified":"2015-06-02T02:41:08","modified_gmt":"2015-06-02T02:41:08","slug":"cuidados","status":"publish","type":"page","link":"https:\/\/blog.espol.edu.ec\/bgpulley\/cuidados\/","title":{"rendered":"CUIDADOS"},"content":{"rendered":"<p>Lo primero que usted se tiene que preguntar es si est\u00e1 dispuesto a adoptar un animal y si este le conviene. Para ello deber\u00e1 estar dispuesto a dedicar parte de su tiempo a la nueva mascota, ser paciente y perseverante, compartir parte de su tiempo libre con el animal y saber actuar con firmeza ante su posible comportamiento.<\/p>\n<p>Para lograr que la convivencia con el perro sea lo mejor posible es fundamental tener en cuenta las caracter\u00edsticas propias de cada raza y proporcionarle los cuidados adecuados durante las primeras semanas.<\/p>\n<p>Los accesorios que debe adquirir antes dela llegada a casa del nuevo animal son una cama, comedero y bebedero, complementos como correa y collar en el caso de los perros y cubeta de pl\u00e1stico para la arena de deposiciones en el caso de los gato. Deber\u00e1 disponer adem\u00e1s de un neceser que contenga peines o cepillos, tollitas h\u00famedas para limpieza de ojos y orejas y una tenacilla corta\u00fa\u00f1as.<a href=\"http:\/\/blog.espol.edu.ec\/bgpulley\/files\/2015\/06\/tarjetas-postales-tarjeta-de-cuidado-de-los-animales-635092240065324892.jpg\"><img loading=\"lazy\" decoding=\"async\" class=\"aligncenter size-full wp-image-40\" src=\"http:\/\/blog.espol.edu.ec\/bgpulley\/files\/2015\/06\/tarjetas-postales-tarjeta-de-cuidado-de-los-animales-635092240065324892.jpg\" alt=\"tarjetas-postales-tarjeta-de-cuidado-de-los-animales--635092240065324892\" width=\"750\" height=\"490\" srcset=\"https:\/\/blog.espol.edu.ec\/bgpulley\/files\/2015\/06\/tarjetas-postales-tarjeta-de-cuidado-de-los-animales-635092240065324892.jpg 750w, https:\/\/blog.espol.edu.ec\/bgpulley\/files\/2015\/06\/tarjetas-postales-tarjeta-de-cuidado-de-los-animales-635092240065324892-300x196.jpg 300w\" sizes=\"auto, (max-width: 750px) 100vw, 750px\" \/><\/a><a href=\"http:\/\/blog.espol.edu.ec\/bgpulley\/files\/2015\/06\/tarjetas-postales-tarjeta-de-cuidado-de-los-animales-635092240065324892.jpg\"><\/p>\n<p><\/a><\/p>\n","protected":false},"excerpt":{"rendered":"<p>Lo primero que usted se tiene que preguntar es si est\u00e1 dispuesto a adoptar un animal y si este le conviene. Para ello deber\u00e1 estar dispuesto a dedicar parte de su tiempo a la nueva mascota, ser paciente y perseverante, compartir parte de su tiempo libre con el animal y saber actuar con firmeza ante [&hellip;]<\/p>\n","protected":false},"author":9636,"featured_media":0,"parent":0,"menu_order":0,"comment_status":"open","ping_status":"open","template":"","meta":{"footnotes":""},"class_list":["post-39","page","type-page","status-publish","hentry"],"_links":{"self":[{"href":"https:\/\/blog.espol.edu.ec\/bgpulley\/wp-json\/wp\/v2\/pages\/39","targetHints":{"allow":["GET"]}}],"collection":[{"href":"https:\/\/blog.espol.edu.ec\/bgpulley\/wp-json\/wp\/v2\/pages"}],"about":[{"href":"https:\/\/blog.espol.edu.ec\/bgpulley\/wp-json\/wp\/v2\/types\/page"}],"author":[{"embeddable":true,"href":"https:\/\/blog.espol.edu.ec\/bgpulley\/wp-json\/wp\/v2\/users\/9636"}],"replies":[{"embeddable":true,"href":"https:\/\/blog.espol.edu.ec\/bgpulley\/wp-json\/wp\/v2\/comments?post=39"}],"version-history":[{"count":1,"href":"https:\/\/blog.espol.edu.ec\/bgpulley\/wp-json\/wp\/v2\/pages\/39\/revisions"}],"predecessor-version":[{"id":41,"href":"https:\/\/blog.espol.edu.ec\/bgpulley\/wp-json\/wp\/v2\/pages\/39\/revisions\/41"}],"wp:attachment":[{"href":"https:\/\/blog.espol.edu.ec\/bgpulley\/wp-json\/wp\/v2\/media?parent=39"}],"curies":[{"name":"wp","href":"https:\/\/api.w.org\/{rel}","templated":true}]}}