{"id":43,"date":"2015-06-02T02:48:33","date_gmt":"2015-06-02T02:48:33","guid":{"rendered":"http:\/\/blog.espol.edu.ec\/bgpulley\/?page_id=43"},"modified":"2015-06-02T03:11:13","modified_gmt":"2015-06-02T03:11:13","slug":"enfermedades","status":"publish","type":"page","link":"https:\/\/blog.espol.edu.ec\/bgpulley\/enfermedades\/","title":{"rendered":"ENFERMEDADES"},"content":{"rendered":"<hr \/>\n<p><img loading=\"lazy\" decoding=\"async\" class=\"aligncenter  wp-image-50\" src=\"http:\/\/blog.espol.edu.ec\/bgpulley\/files\/2015\/06\/happy-somos.png\" alt=\"happy-somos\" width=\"481\" height=\"261\" srcset=\"https:\/\/blog.espol.edu.ec\/bgpulley\/files\/2015\/06\/happy-somos.png 590w, https:\/\/blog.espol.edu.ec\/bgpulley\/files\/2015\/06\/happy-somos-300x163.png 300w\" sizes=\"auto, (max-width: 481px) 100vw, 481px\" \/><\/p>\n<p>La mejor forma de mantener a tu perro saludable es adquiriendo informaci\u00f3n. De esta manera podr\u00e1s prever y detectar muchas enfermedades comunes en tu perro. A continuaci\u00f3n, te presentamos\u00a0<strong>10 enfermedades comunes<\/strong>\u00a0que afectan a los perros.<\/p>\n<ul>\n<li><strong>Dermatitis Al\u00e9rgica o Dermatitis At\u00f3pica Canina<\/strong><\/li>\n<li><strong>La artritis y dolor articular\u00a0<\/strong><\/li>\n<li><strong>C\u00e1ncer<\/strong><\/li>\n<li><strong>Enfermedades Dentales<\/strong><\/li>\n<li><strong>\u00a0Diabetes<\/strong><\/li>\n<li><strong>Trastornos gastrointestinales<\/strong><\/li>\n<li><strong>Enfermedades del coraz\u00f3n<\/strong><\/li>\n<li><strong>Enfermedades del h\u00edgado<\/strong><\/li>\n<li><strong>Sobrepeso<\/strong><\/li>\n<li><strong>Envejecimiento Cerebral y cambios de comportamiento<\/strong><\/li>\n<li><strong>Enfermedades del tracto urinario<\/strong><\/li>\n<\/ul>\n<p>&nbsp;<\/p>\n<p><strong>VISITAS AL VETERINARIO<\/strong><\/p>\n<p>En general tanto los gatos como los perros precisan ser desparasitados y vacunados. El calendario de vacunaciones lo establecer\u00e1 su veterinario siendo las dosis anuales para la mayor\u00eda de las vacunas en animales adultos y para cachorros variar\u00e1 seg\u00fan cada protocolo.<\/p>\n<p>Como norma general y en ausencia de s\u00edntomas de enfermedad se debe acudir como m\u00ednimo una vez al a\u00f1o al veterinario.<\/p>\n<p>Es importante que en esa visita se revise la lectura del microchip del animal y se haga una exploraci\u00f3n completa del animal. Tome nota de las recomendaciones del veterinario.<\/p>\n<p>Si detecta que su mascota no come o se muestra deca\u00eddo, acuda al veterinario. Al ir al veterinario anote los s\u00edntomas anormales que haya podido observar en su perro o su gato, en caso de gatos trasl\u00e1delo en un transport\u00edn y no lo deje suelto en la sala de espera.<\/p>\n","protected":false},"excerpt":{"rendered":"<p>La mejor forma de mantener a tu perro saludable es adquiriendo informaci\u00f3n. De esta manera podr\u00e1s prever y detectar muchas enfermedades comunes en tu perro. A continuaci\u00f3n, te presentamos\u00a010 enfermedades comunes\u00a0que afectan a los perros. Dermatitis Al\u00e9rgica o Dermatitis At\u00f3pica Canina La artritis y dolor articular\u00a0 C\u00e1ncer Enfermedades Dentales \u00a0Diabetes Trastornos gastrointestinales Enfermedades del coraz\u00f3n [&hellip;]<\/p>\n","protected":false},"author":9636,"featured_media":0,"parent":0,"menu_order":0,"comment_status":"open","ping_status":"open","template":"","meta":{"footnotes":""},"class_list":["post-43","page","type-page","status-publish","hentry"],"_links":{"self":[{"href":"https:\/\/blog.espol.edu.ec\/bgpulley\/wp-json\/wp\/v2\/pages\/43","targetHints":{"allow":["GET"]}}],"collection":[{"href":"https:\/\/blog.espol.edu.ec\/bgpulley\/wp-json\/wp\/v2\/pages"}],"about":[{"href":"https:\/\/blog.espol.edu.ec\/bgpulley\/wp-json\/wp\/v2\/types\/page"}],"author":[{"embeddable":true,"href":"https:\/\/blog.espol.edu.ec\/bgpulley\/wp-json\/wp\/v2\/users\/9636"}],"replies":[{"embeddable":true,"href":"https:\/\/blog.espol.edu.ec\/bgpulley\/wp-json\/wp\/v2\/comments?post=43"}],"version-history":[{"count":4,"href":"https:\/\/blog.espol.edu.ec\/bgpulley\/wp-json\/wp\/v2\/pages\/43\/revisions"}],"predecessor-version":[{"id":51,"href":"https:\/\/blog.espol.edu.ec\/bgpulley\/wp-json\/wp\/v2\/pages\/43\/revisions\/51"}],"wp:attachment":[{"href":"https:\/\/blog.espol.edu.ec\/bgpulley\/wp-json\/wp\/v2\/media?parent=43"}],"curies":[{"name":"wp","href":"https:\/\/api.w.org\/{rel}","templated":true}]}}