{"id":2,"date":"2010-11-16T15:26:01","date_gmt":"2010-11-16T15:26:01","guid":{"rendered":""},"modified":"2010-11-18T11:32:14","modified_gmt":"2010-11-18T16:32:14","slug":"acerca-de-mi","status":"publish","type":"page","link":"https:\/\/blog.espol.edu.ec\/bianfa\/acerca-de-mi\/","title":{"rendered":"Acerca de mi"},"content":{"rendered":"<p style=\"text-align: center\"><a href=\"http:\/\/blog.espol.edu.ec\/bianfa\/files\/2010\/11\/simpsons2.jpg\"><\/a><a href=\"http:\/\/blog.espol.edu.ec\/bianfa\/files\/2010\/11\/simpsons4.jpg\"><\/a><a href=\"http:\/\/blog.espol.edu.ec\/bianfa\/files\/2010\/11\/simpsons5.jpg\"><\/a><a href=\"http:\/\/blog.espol.edu.ec\/bianfa\/files\/2010\/11\/5114_1193481235832_1192450614_30551700_7940725_n.jpg\"><img loading=\"lazy\" decoding=\"async\" class=\"size-medium wp-image-14 aligncenter\" title=\"5114_1193481235832_1192450614_30551700_7940725_n\" src=\"http:\/\/blog.espol.edu.ec\/bianfa\/files\/2010\/11\/5114_1193481235832_1192450614_30551700_7940725_n-225x300.jpg\" alt=\"\" width=\"225\" height=\"300\" srcset=\"https:\/\/blog.espol.edu.ec\/bianfa\/files\/2010\/11\/5114_1193481235832_1192450614_30551700_7940725_n-225x300.jpg 225w, https:\/\/blog.espol.edu.ec\/bianfa\/files\/2010\/11\/5114_1193481235832_1192450614_30551700_7940725_n.jpg 300w\" sizes=\"auto, (max-width: 225px) 100vw, 225px\" \/><\/a><\/p>\n<p><em>Mi nombre es Fabi\u00e1n Valarezo Troya, tengo 19 a\u00f1os, estudio en la Escuela Superior Polit\u00e9cnica del Litoral. Soy una persona super divertida, me gusta hacer reir a las personas, honesta, no me gusta mentir para que no lo hagan conmigo........en fin aplico algo muy sencillo....no hagas lo que no quieres que te hagan....tengo un genio un poco especial....si me hacen enojar es mejor que nadie este cerca mio. Tambien me gusta ir al cine con mis amigos, jugar soccer en el PlayStation 2 o 3....ademas de eso tambien soy catequista en la parroquia Santos Joaquin y Ana, llevo 3 a\u00f1os siendo catequista; es algo que me gusta mucho.<\/em><\/p>\n<p style=\"text-align: center\">\u00a0<\/p>\n<p style=\"text-align: center\">\u00a0<\/p>\n<p style=\"text-align: center\"><a href=\"http:\/\/blog.espol.edu.ec\/bianfa\/files\/2010\/11\/5114_1193481355835_1192450614_30551701_3875340_n.jpg\"><img loading=\"lazy\" decoding=\"async\" class=\"size-medium wp-image-16 aligncenter\" title=\"5114_1193481355835_1192450614_30551701_3875340_n\" src=\"http:\/\/blog.espol.edu.ec\/bianfa\/files\/2010\/11\/5114_1193481355835_1192450614_30551701_3875340_n-300x225.jpg\" alt=\"\" width=\"300\" height=\"225\" srcset=\"https:\/\/blog.espol.edu.ec\/bianfa\/files\/2010\/11\/5114_1193481355835_1192450614_30551701_3875340_n-300x225.jpg 300w, https:\/\/blog.espol.edu.ec\/bianfa\/files\/2010\/11\/5114_1193481355835_1192450614_30551701_3875340_n.jpg 320w\" sizes=\"auto, (max-width: 300px) 100vw, 300px\" \/><\/a><\/p>\n<p><em>Tengo muchos hobbies, me gusta escuchar m\u00fasica; realmente escucho todo tipo de genero musicales, pero m\u00e1s me inclino por el reggaeton......Wisin &amp; Yandel, Daddy Yankee, Plan B, Don Omar, Vico C...es decir\u00a0canciones que contenga algun tipo de mensaje........no cualquier canci\u00f3n...<\/em><\/p>\n<p><a href=\"http:\/\/blog.espol.edu.ec\/bianfa\/files\/2010\/11\/daddy_yankee-barrio_fino_a.jpg\"><img loading=\"lazy\" decoding=\"async\" class=\"alignleft size-thumbnail wp-image-17\" title=\"daddy_yankee-barrio_fino_a\" src=\"http:\/\/blog.espol.edu.ec\/bianfa\/files\/2010\/11\/daddy_yankee-barrio_fino_a-150x150.jpg\" alt=\"\" width=\"150\" height=\"150\" srcset=\"https:\/\/blog.espol.edu.ec\/bianfa\/files\/2010\/11\/daddy_yankee-barrio_fino_a-150x150.jpg 150w, https:\/\/blog.espol.edu.ec\/bianfa\/files\/2010\/11\/daddy_yankee-barrio_fino_a-300x299.jpg 300w, https:\/\/blog.espol.edu.ec\/bianfa\/files\/2010\/11\/daddy_yankee-barrio_fino_a.jpg 496w\" sizes=\"auto, (max-width: 150px) 100vw, 150px\" \/><\/a><a href=\"http:\/\/blog.espol.edu.ec\/bianfa\/files\/2010\/11\/don-omar-biografia.jpg\"><img loading=\"lazy\" decoding=\"async\" class=\"alignright size-thumbnail wp-image-18\" title=\"don-omar-biografia\" src=\"http:\/\/blog.espol.edu.ec\/bianfa\/files\/2010\/11\/don-omar-biografia-150x150.jpg\" alt=\"\" width=\"150\" height=\"150\" srcset=\"https:\/\/blog.espol.edu.ec\/bianfa\/files\/2010\/11\/don-omar-biografia-150x150.jpg 150w, https:\/\/blog.espol.edu.ec\/bianfa\/files\/2010\/11\/don-omar-biografia-298x300.jpg 298w, https:\/\/blog.espol.edu.ec\/bianfa\/files\/2010\/11\/don-omar-biografia.jpg 497w\" sizes=\"auto, (max-width: 150px) 100vw, 150px\" \/><\/a><a href=\"http:\/\/blog.espol.edu.ec\/bianfa\/files\/2010\/11\/wisinyyandel.jpg\"><img loading=\"lazy\" decoding=\"async\" class=\"aligncenter size-thumbnail wp-image-19\" title=\"wisinyyandel\" src=\"http:\/\/blog.espol.edu.ec\/bianfa\/files\/2010\/11\/wisinyyandel-150x150.jpg\" alt=\"\" width=\"150\" height=\"150\" \/><\/a><\/p>\n<p><em>Tambi\u00e9n me gusta mucho ver la tv...me considero un fanatico a muerte de los Simpsons... me he visto casi todos los capitulos y algunos ya me los se casi de memoria....soy fanatico de Supernatural, una serie que transmite Warner Channel; de esta serie si puedo decir que me he visto todos sus capitulos, en todas sus temporadas....<\/em><\/p>\n<p><a href=\"http:\/\/blog.espol.edu.ec\/bianfa\/files\/2010\/11\/simpsons6.jpg\"><img loading=\"lazy\" decoding=\"async\" class=\"alignleft size-thumbnail wp-image-27\" title=\"simpsons\" src=\"http:\/\/blog.espol.edu.ec\/bianfa\/files\/2010\/11\/simpsons6-150x150.jpg\" alt=\"\" width=\"150\" height=\"150\" \/><\/a><a href=\"http:\/\/blog.espol.edu.ec\/bianfa\/files\/2010\/11\/supernatural-wallpaper1.jpg\"><\/a><\/p>\n<p><img loading=\"lazy\" decoding=\"async\" class=\"aligncenter size-thumbnail wp-image-28\" title=\"supernatural-wallpaper\" src=\"http:\/\/blog.espol.edu.ec\/bianfa\/files\/2010\/11\/supernatural-wallpaper1-150x150.jpg\" alt=\"\" width=\"150\" height=\"150\" \/><\/p>\n","protected":false},"excerpt":{"rendered":"<p>Mi nombre es Fabi\u00e1n Valarezo Troya, tengo 19 a\u00f1os, estudio en la Escuela Superior Polit\u00e9cnica del Litoral. Soy una persona super divertida, me gusta hacer reir a las personas, honesta, no me gusta mentir para que no lo hagan conmigo........en fin aplico algo muy sencillo....no hagas lo que no quieres que te hagan....tengo un genio [&hellip;]<\/p>\n","protected":false},"author":5514,"featured_media":0,"parent":0,"menu_order":0,"comment_status":"open","ping_status":"open","template":"","meta":{"footnotes":""},"class_list":["post-2","page","type-page","status-publish","hentry"],"_links":{"self":[{"href":"https:\/\/blog.espol.edu.ec\/bianfa\/wp-json\/wp\/v2\/pages\/2","targetHints":{"allow":["GET"]}}],"collection":[{"href":"https:\/\/blog.espol.edu.ec\/bianfa\/wp-json\/wp\/v2\/pages"}],"about":[{"href":"https:\/\/blog.espol.edu.ec\/bianfa\/wp-json\/wp\/v2\/types\/page"}],"author":[{"embeddable":true,"href":"https:\/\/blog.espol.edu.ec\/bianfa\/wp-json\/wp\/v2\/users\/5514"}],"replies":[{"embeddable":true,"href":"https:\/\/blog.espol.edu.ec\/bianfa\/wp-json\/wp\/v2\/comments?post=2"}],"version-history":[{"count":2,"href":"https:\/\/blog.espol.edu.ec\/bianfa\/wp-json\/wp\/v2\/pages\/2\/revisions"}],"predecessor-version":[{"id":15,"href":"https:\/\/blog.espol.edu.ec\/bianfa\/wp-json\/wp\/v2\/pages\/2\/revisions\/15"}],"wp:attachment":[{"href":"https:\/\/blog.espol.edu.ec\/bianfa\/wp-json\/wp\/v2\/media?parent=2"}],"curies":[{"name":"wp","href":"https:\/\/api.w.org\/{rel}","templated":true}]}}