{"id":206,"date":"2019-10-04T17:49:12","date_gmt":"2019-10-04T17:49:12","guid":{"rendered":"http:\/\/blog.espol.edu.ec\/bicentenario\/?page_id=206"},"modified":"2019-10-05T02:07:40","modified_gmt":"2019-10-05T02:07:40","slug":"pagina-17","status":"publish","type":"page","link":"https:\/\/blog.espol.edu.ec\/bicentenario\/pagina-17\/","title":{"rendered":"P\u00e1gina 17: Declaraci\u00f3n de Su Santidad, Bah\u00e1'u'll\u00e1h"},"content":{"rendered":"<p><iframe loading=\"lazy\" src=\"https:\/\/www.facebook.com\/plugins\/post.php?href=https%3A%2F%2Fwww.facebook.com%2Fluminariasnuevodia%2Fposts%2F1782074245422711&amp;width=500\" width=\"500\" height=\"750\" frameborder=\"0\"><\/iframe><\/p>\n","protected":false},"excerpt":{"rendered":"","protected":false},"author":8049,"featured_media":0,"parent":0,"menu_order":0,"comment_status":"closed","ping_status":"closed","template":"","meta":{"footnotes":""},"class_list":["post-206","page","type-page","status-publish","hentry"],"_links":{"self":[{"href":"https:\/\/blog.espol.edu.ec\/bicentenario\/wp-json\/wp\/v2\/pages\/206","targetHints":{"allow":["GET"]}}],"collection":[{"href":"https:\/\/blog.espol.edu.ec\/bicentenario\/wp-json\/wp\/v2\/pages"}],"about":[{"href":"https:\/\/blog.espol.edu.ec\/bicentenario\/wp-json\/wp\/v2\/types\/page"}],"author":[{"embeddable":true,"href":"https:\/\/blog.espol.edu.ec\/bicentenario\/wp-json\/wp\/v2\/users\/8049"}],"replies":[{"embeddable":true,"href":"https:\/\/blog.espol.edu.ec\/bicentenario\/wp-json\/wp\/v2\/comments?post=206"}],"version-history":[{"count":2,"href":"https:\/\/blog.espol.edu.ec\/bicentenario\/wp-json\/wp\/v2\/pages\/206\/revisions"}],"predecessor-version":[{"id":209,"href":"https:\/\/blog.espol.edu.ec\/bicentenario\/wp-json\/wp\/v2\/pages\/206\/revisions\/209"}],"wp:attachment":[{"href":"https:\/\/blog.espol.edu.ec\/bicentenario\/wp-json\/wp\/v2\/media?parent=206"}],"curies":[{"name":"wp","href":"https:\/\/api.w.org\/{rel}","templated":true}]}}