{"id":215,"date":"2019-10-04T17:55:11","date_gmt":"2019-10-04T17:55:11","guid":{"rendered":"http:\/\/blog.espol.edu.ec\/bicentenario\/?page_id=215"},"modified":"2019-10-05T02:08:22","modified_gmt":"2019-10-05T02:08:22","slug":"pagina-19","status":"publish","type":"page","link":"https:\/\/blog.espol.edu.ec\/bicentenario\/pagina-19\/","title":{"rendered":"P\u00e1gina 19: La M\u00e1s Grande Prisi\u00f3n y Ascensi\u00f3n de Su Santidad, Bah\u00e1'u'll\u00e1h"},"content":{"rendered":"<p><iframe loading=\"lazy\" src=\"https:\/\/www.facebook.com\/plugins\/post.php?href=https%3A%2F%2Fwww.facebook.com%2Fluminariasnuevodia%2Fposts%2F1782082965421839&amp;width=500\" width=\"500\" height=\"750\" frameborder=\"0\"><\/iframe><\/p>\n","protected":false},"excerpt":{"rendered":"","protected":false},"author":8049,"featured_media":0,"parent":0,"menu_order":0,"comment_status":"closed","ping_status":"closed","template":"","meta":{"footnotes":""},"class_list":["post-215","page","type-page","status-publish","hentry"],"_links":{"self":[{"href":"https:\/\/blog.espol.edu.ec\/bicentenario\/wp-json\/wp\/v2\/pages\/215","targetHints":{"allow":["GET"]}}],"collection":[{"href":"https:\/\/blog.espol.edu.ec\/bicentenario\/wp-json\/wp\/v2\/pages"}],"about":[{"href":"https:\/\/blog.espol.edu.ec\/bicentenario\/wp-json\/wp\/v2\/types\/page"}],"author":[{"embeddable":true,"href":"https:\/\/blog.espol.edu.ec\/bicentenario\/wp-json\/wp\/v2\/users\/8049"}],"replies":[{"embeddable":true,"href":"https:\/\/blog.espol.edu.ec\/bicentenario\/wp-json\/wp\/v2\/comments?post=215"}],"version-history":[{"count":2,"href":"https:\/\/blog.espol.edu.ec\/bicentenario\/wp-json\/wp\/v2\/pages\/215\/revisions"}],"predecessor-version":[{"id":218,"href":"https:\/\/blog.espol.edu.ec\/bicentenario\/wp-json\/wp\/v2\/pages\/215\/revisions\/218"}],"wp:attachment":[{"href":"https:\/\/blog.espol.edu.ec\/bicentenario\/wp-json\/wp\/v2\/media?parent=215"}],"curies":[{"name":"wp","href":"https:\/\/api.w.org\/{rel}","templated":true}]}}