{"id":52,"date":"2017-10-14T17:35:27","date_gmt":"2017-10-14T17:35:27","guid":{"rendered":"http:\/\/blog.espol.edu.ec\/bicentenario\/?page_id=52"},"modified":"2019-10-04T23:47:42","modified_gmt":"2019-10-04T23:47:42","slug":"pagina-7","status":"publish","type":"page","link":"https:\/\/blog.espol.edu.ec\/bicentenario\/pagina-7\/","title":{"rendered":"P\u00e1gina 7: Un buscador en Sh\u00edr\u00e1z"},"content":{"rendered":"<p><iframe loading=\"lazy\" src=\"https:\/\/www.facebook.com\/plugins\/post.php?href=https%3A%2F%2Fwww.facebook.com%2Fluminariasnuevodia%2Fposts%2F2161160717514060&amp;width=500\" width=\"500\" height=\"750\" frameborder=\"0\"><\/iframe><\/p>\n","protected":false},"excerpt":{"rendered":"","protected":false},"author":8049,"featured_media":0,"parent":0,"menu_order":0,"comment_status":"closed","ping_status":"closed","template":"","meta":{"footnotes":""},"class_list":["post-52","page","type-page","status-publish","hentry"],"_links":{"self":[{"href":"https:\/\/blog.espol.edu.ec\/bicentenario\/wp-json\/wp\/v2\/pages\/52","targetHints":{"allow":["GET"]}}],"collection":[{"href":"https:\/\/blog.espol.edu.ec\/bicentenario\/wp-json\/wp\/v2\/pages"}],"about":[{"href":"https:\/\/blog.espol.edu.ec\/bicentenario\/wp-json\/wp\/v2\/types\/page"}],"author":[{"embeddable":true,"href":"https:\/\/blog.espol.edu.ec\/bicentenario\/wp-json\/wp\/v2\/users\/8049"}],"replies":[{"embeddable":true,"href":"https:\/\/blog.espol.edu.ec\/bicentenario\/wp-json\/wp\/v2\/comments?post=52"}],"version-history":[{"count":6,"href":"https:\/\/blog.espol.edu.ec\/bicentenario\/wp-json\/wp\/v2\/pages\/52\/revisions"}],"predecessor-version":[{"id":234,"href":"https:\/\/blog.espol.edu.ec\/bicentenario\/wp-json\/wp\/v2\/pages\/52\/revisions\/234"}],"wp:attachment":[{"href":"https:\/\/blog.espol.edu.ec\/bicentenario\/wp-json\/wp\/v2\/media?parent=52"}],"curies":[{"name":"wp","href":"https:\/\/api.w.org\/{rel}","templated":true}]}}