{"id":60,"date":"2017-10-14T22:29:24","date_gmt":"2017-10-14T22:29:24","guid":{"rendered":"http:\/\/blog.espol.edu.ec\/bicentenario\/?page_id=60"},"modified":"2019-10-05T17:15:53","modified_gmt":"2019-10-05T17:15:53","slug":"arte","status":"publish","type":"page","link":"https:\/\/blog.espol.edu.ec\/bicentenario\/","title":{"rendered":"Arte"},"content":{"rendered":"<h3><strong>1. Pinturas<\/strong><\/h3>\n<blockquote>\n<p style=\"text-align: left\">Conjunto de pinturas que representan el relato de la vida de Su Santidad, El B\u00e1b y Bah\u00e1'u'll\u00e1h.<\/p>\n<p style=\"text-align: left\">Creado por: Nathali Murillo<\/p>\n<\/blockquote>\n<p><iframe loading=\"lazy\" src=\"https:\/\/www.facebook.com\/plugins\/video.php?href=https%3A%2F%2Fwww.facebook.com%2Fluminariasnuevodia%2Fvideos%2F431561247496796%2F&amp;show_text=0&amp;width=560\" width=\"560\" height=\"420\" frameborder=\"0\" allowfullscreen=\"allowfullscreen\"><\/iframe><\/p>\n<h3><strong>2. Libro \"Las Luminarias de un nuevo D\u00eda\"<\/strong><\/h3>\n<blockquote>\n<p style=\"text-align: left\">Recopilaci\u00f3n del Relato de la Vida de Su Santidad,\u00a0El B\u00e1b y Bah\u00e1'u'll\u00e1h.<\/p>\n<p>Fuente: Textos Sagrados Bah\u00e1'\u00eds<\/p>\n<p>Colaboradores: Miembros de la Comunidad Bah\u00e1'\u00ed de distintas partes del mundo<\/p><\/blockquote>\n<p><a href=\"http:\/\/blog.espol.edu.ec\/bicentenario\/pagina-intro\/\"><img loading=\"lazy\" decoding=\"async\" class=\"aligncenter wp-image-132 size-full\" src=\"http:\/\/blog.espol.edu.ec\/bicentenario\/files\/2017\/10\/BicentenarioLogo2.png\" alt=\"\" width=\"240\" height=\"240\" srcset=\"https:\/\/blog.espol.edu.ec\/bicentenario\/files\/2017\/10\/BicentenarioLogo2.png 240w, https:\/\/blog.espol.edu.ec\/bicentenario\/files\/2017\/10\/BicentenarioLogo2-150x150.png 150w\" sizes=\"auto, (max-width: 240px) 100vw, 240px\" \/><\/a><\/p>\n","protected":false},"excerpt":{"rendered":"<p>1. Pinturas Conjunto de pinturas que representan el relato de la vida de Su Santidad, El B\u00e1b y Bah\u00e1'u'll\u00e1h. Creado por: Nathali Murillo 2. Libro \"Las Luminarias de un nuevo D\u00eda\" Recopilaci\u00f3n del Relato de la Vida de Su Santidad,\u00a0El B\u00e1b y Bah\u00e1'u'll\u00e1h. Fuente: Textos Sagrados Bah\u00e1'\u00eds Colaboradores: Miembros de la Comunidad Bah\u00e1'\u00ed de distintas &hellip; <a href=\"https:\/\/blog.espol.edu.ec\/bicentenario\/\" class=\"more-link\">Sigue leyendo <span class=\"screen-reader-text\">Arte<\/span><\/a><\/p>\n","protected":false},"author":8049,"featured_media":0,"parent":0,"menu_order":0,"comment_status":"closed","ping_status":"closed","template":"","meta":{"footnotes":""},"class_list":["post-60","page","type-page","status-publish","hentry"],"_links":{"self":[{"href":"https:\/\/blog.espol.edu.ec\/bicentenario\/wp-json\/wp\/v2\/pages\/60","targetHints":{"allow":["GET"]}}],"collection":[{"href":"https:\/\/blog.espol.edu.ec\/bicentenario\/wp-json\/wp\/v2\/pages"}],"about":[{"href":"https:\/\/blog.espol.edu.ec\/bicentenario\/wp-json\/wp\/v2\/types\/page"}],"author":[{"embeddable":true,"href":"https:\/\/blog.espol.edu.ec\/bicentenario\/wp-json\/wp\/v2\/users\/8049"}],"replies":[{"embeddable":true,"href":"https:\/\/blog.espol.edu.ec\/bicentenario\/wp-json\/wp\/v2\/comments?post=60"}],"version-history":[{"count":20,"href":"https:\/\/blog.espol.edu.ec\/bicentenario\/wp-json\/wp\/v2\/pages\/60\/revisions"}],"predecessor-version":[{"id":254,"href":"https:\/\/blog.espol.edu.ec\/bicentenario\/wp-json\/wp\/v2\/pages\/60\/revisions\/254"}],"wp:attachment":[{"href":"https:\/\/blog.espol.edu.ec\/bicentenario\/wp-json\/wp\/v2\/media?parent=60"}],"curies":[{"name":"wp","href":"https:\/\/api.w.org\/{rel}","templated":true}]}}