{"id":46,"date":"2011-06-09T19:07:11","date_gmt":"2011-06-09T19:07:11","guid":{"rendered":"http:\/\/blog.espol.edu.ec\/bjsanche\/?page_id=46"},"modified":"2011-06-09T19:07:11","modified_gmt":"2011-06-09T19:07:11","slug":"acerca-de-mi","status":"publish","type":"page","link":"https:\/\/blog.espol.edu.ec\/bjsanche\/acerca-de-mi\/","title":{"rendered":"Acerca de m\u00ed"},"content":{"rendered":"<p>Nombres y apellidos: Jazm\u00edn S\u00e1nchez Acosta<br \/>\nFecha de nacimiento: 19-04-93<br \/>\nEdad: 18 a\u00f1os<br \/>\nEstado civil: Soltera<br \/>\nCorreo electr\u00f3nico: dark_jaz_15@hotmail.com<br \/>\nTwitter: @JazGermanotta<br \/>\nEstudios: Carrera Licenciatura en Nutrici\u00f3n (ESPOL)<br \/>\nDeporte favorito: Volley ball<br \/>\nColor favorito: p\u00farpura<br \/>\nSigno zodiacal: Aries<br \/>\n<img loading=\"lazy\" decoding=\"async\" alt=\"\" src=\"http:\/\/www.absolutrusia.com\/wp-content\/uploads\/2009\/01\/cc26.jpg\" title=\"Tigre Siberiano\" class=\"alignnone\" width=\"400\" height=\"300\" \/><\/p>\n","protected":false},"excerpt":{"rendered":"<p>Nombres y apellidos: Jazm\u00edn S\u00e1nchez Acosta Fecha de nacimiento: 19-04-93 Edad: 18 a\u00f1os Estado civil: Soltera Correo electr\u00f3nico: dark_jaz_15@hotmail.com Twitter: @JazGermanotta Estudios: Carrera Licenciatura en Nutrici\u00f3n (ESPOL) Deporte favorito: Volley ball Color favorito: p\u00farpura Signo zodiacal: Aries<\/p>\n","protected":false},"author":5981,"featured_media":0,"parent":0,"menu_order":0,"comment_status":"open","ping_status":"open","template":"","meta":{"footnotes":""},"class_list":["post-46","page","type-page","status-publish","hentry"],"_links":{"self":[{"href":"https:\/\/blog.espol.edu.ec\/bjsanche\/wp-json\/wp\/v2\/pages\/46","targetHints":{"allow":["GET"]}}],"collection":[{"href":"https:\/\/blog.espol.edu.ec\/bjsanche\/wp-json\/wp\/v2\/pages"}],"about":[{"href":"https:\/\/blog.espol.edu.ec\/bjsanche\/wp-json\/wp\/v2\/types\/page"}],"author":[{"embeddable":true,"href":"https:\/\/blog.espol.edu.ec\/bjsanche\/wp-json\/wp\/v2\/users\/5981"}],"replies":[{"embeddable":true,"href":"https:\/\/blog.espol.edu.ec\/bjsanche\/wp-json\/wp\/v2\/comments?post=46"}],"version-history":[{"count":1,"href":"https:\/\/blog.espol.edu.ec\/bjsanche\/wp-json\/wp\/v2\/pages\/46\/revisions"}],"predecessor-version":[{"id":47,"href":"https:\/\/blog.espol.edu.ec\/bjsanche\/wp-json\/wp\/v2\/pages\/46\/revisions\/47"}],"wp:attachment":[{"href":"https:\/\/blog.espol.edu.ec\/bjsanche\/wp-json\/wp\/v2\/media?parent=46"}],"curies":[{"name":"wp","href":"https:\/\/api.w.org\/{rel}","templated":true}]}}