{"id":119,"date":"2016-06-02T00:11:26","date_gmt":"2016-06-02T05:11:26","guid":{"rendered":"http:\/\/blog.espol.edu.ec\/bmbravo\/?page_id=119"},"modified":"2016-06-02T00:11:26","modified_gmt":"2016-06-02T05:11:26","slug":"httpmoda2016-org","status":"publish","type":"page","link":"https:\/\/blog.espol.edu.ec\/bmbravo\/httpmoda2016-org\/","title":{"rendered":"MODA 2016"},"content":{"rendered":"<h1><strong>Vestidos bohemios de moda<\/strong><\/h1>\n<p>Una tendencia que llega con mucha fuerza para enamorarte, son modelos fant\u00e1sticos y llenos de vida que te van a enamorar en cada d\u00eda, as\u00ed que no lo pienses m\u00e1s y adqui\u00e9relos cuanto antes porque se terminan, son modelos impresionantes y con mucho estilo que no te podr\u00e1s perder por nada del mundo, se trata ni m\u00e1s ni menos que de vestidos bohemios de moda.<\/p>\n<p><img loading=\"lazy\" decoding=\"async\" class=\"alignnone size-medium wp-image-121\" src=\"http:\/\/blog.espol.edu.ec\/bmbravo\/files\/2016\/06\/Vestidos-bohemios-de-moda-6-200x300-200x300.jpg\" alt=\"Vestidos-bohemios-de-moda-6-200x300\" width=\"200\" height=\"300\" \/>\u00a0 \u00a0 \u00a0 \u00a0 \u00a0 \u00a0 \u00a0\u00a0<img loading=\"lazy\" decoding=\"async\" class=\"alignnone size-medium wp-image-122\" src=\"http:\/\/blog.espol.edu.ec\/bmbravo\/files\/2016\/06\/Vestidos-bohemios-de-moda-3-235x300-235x300.jpg\" alt=\"Vestidos-bohemios-de-moda-3-235x300\" width=\"235\" height=\"300\" \/><\/p>\n<p>&nbsp;<\/p>\n<p>Como puedes ver nuestra colecci\u00f3n es amplia y muy bella, contiene los modelos m\u00e1s lindos que te puedas imaginar, si deseas verte a\u00fan m\u00e1s linda puedes complementar tu outfit con un accesorio infalible, alg\u00fan <a href=\"http:\/\/bolsasdemoda.org\/bolsos-bohemios\/\">bolso de moda<\/a> ser\u00e1 el ideal.<\/p>\n<p>&nbsp;<\/p>\n<p>&nbsp;<\/p>\n","protected":false},"excerpt":{"rendered":"<p>Vestidos bohemios de moda Una tendencia que llega con mucha fuerza para enamorarte, son modelos fant\u00e1sticos y llenos de vida que te van a enamorar en cada d\u00eda, as\u00ed que no lo pienses m\u00e1s y adqui\u00e9relos cuanto antes porque se terminan, son modelos impresionantes y con mucho estilo que no te podr\u00e1s perder por nada [&hellip;]<\/p>\n","protected":false},"author":10399,"featured_media":0,"parent":0,"menu_order":0,"comment_status":"closed","ping_status":"closed","template":"","meta":{"footnotes":""},"class_list":["post-119","page","type-page","status-publish","hentry"],"_links":{"self":[{"href":"https:\/\/blog.espol.edu.ec\/bmbravo\/wp-json\/wp\/v2\/pages\/119","targetHints":{"allow":["GET"]}}],"collection":[{"href":"https:\/\/blog.espol.edu.ec\/bmbravo\/wp-json\/wp\/v2\/pages"}],"about":[{"href":"https:\/\/blog.espol.edu.ec\/bmbravo\/wp-json\/wp\/v2\/types\/page"}],"author":[{"embeddable":true,"href":"https:\/\/blog.espol.edu.ec\/bmbravo\/wp-json\/wp\/v2\/users\/10399"}],"replies":[{"embeddable":true,"href":"https:\/\/blog.espol.edu.ec\/bmbravo\/wp-json\/wp\/v2\/comments?post=119"}],"version-history":[{"count":1,"href":"https:\/\/blog.espol.edu.ec\/bmbravo\/wp-json\/wp\/v2\/pages\/119\/revisions"}],"predecessor-version":[{"id":124,"href":"https:\/\/blog.espol.edu.ec\/bmbravo\/wp-json\/wp\/v2\/pages\/119\/revisions\/124"}],"wp:attachment":[{"href":"https:\/\/blog.espol.edu.ec\/bmbravo\/wp-json\/wp\/v2\/media?parent=119"}],"curies":[{"name":"wp","href":"https:\/\/api.w.org\/{rel}","templated":true}]}}