{"id":145,"date":"2012-10-31T19:45:35","date_gmt":"2012-10-31T19:45:35","guid":{"rendered":"http:\/\/blog.espol.edu.ec\/bmbrione\/?page_id=145"},"modified":"2012-11-05T00:07:34","modified_gmt":"2012-11-05T00:07:34","slug":"generos-musicales-su-historia","status":"publish","type":"page","link":"https:\/\/blog.espol.edu.ec\/bmbrione\/generos-musicales-su-historia\/","title":{"rendered":"Generos Musicales"},"content":{"rendered":"<p><span style=\"color: #ffcc00\">En Jap\u00f3n existe una inumerable variedad de tipos de m\u00fasica tradicional. Dos de los estilos m\u00e1s antiguos son sh\u014dmy\u014d, u \"hombre gordo que canta\", y gagaku, o m\u00fasica orquestal de la corte, ambos estilos proviene de los per\u00edodos Nara y Heian.<\/span><\/p>\n<p><span style=\"color: #ffcc00\">El gagaku es un tipo de m\u00fasica cl\u00e1sica que ha sido ejecutada en la Corte Imperial desde el per\u00edodo Heian. Kagurauta (\u795e\u697d\u6b4c), Azumaasobi(\u6771\u904a) y Yamatouta (\u5927\u548c\u6b4c) son repertorios relativamente aut\u00f3ctonos. T\u014dgaku (\u5510\u697d) y komagaku se originaron a partir de la dinast\u00eda china Tang por transmisi\u00f3n por la pen\u00ednsula de Corea. Adicionalmente, el gagaku se divide en kangen (\u7ba1\u5f26) (m\u00fasica instrumental) y bugaku (\u821e\u697d) (danza acompa\u00f1ada de gagaku).<\/span><br \/>\n<span style=\"color: #ffcc00\">El gagaku es un tipo de m\u00fasica cl\u00e1sica que ha sido ejecutada en la Corte Imperial desde el per\u00edodo Heian. Kagurauta (\u795e\u697d\u6b4c), Azumaasobi(\u6771\u904a) y Yamatouta (\u5927\u548c\u6b4c) son repertorios relativamente aut\u00f3ctonos. T\u014dgaku (\u5510\u697d) y komagaku se originaron a partir de la dinast\u00eda china Tang por transmisi\u00f3n por la pen\u00ednsula de Corea. Adicionalmente, el gagaku se divide en kangen (\u7ba1\u5f26) (m\u00fasica instrumental) y bugaku (\u821e\u697d) (danza acompa\u00f1ada de gagaku).<\/span><\/p>\n<p><span style=\"color: #ffcc00\"><a href=\"http:\/\/blog.espol.edu.ec\/bmbrione\/generos-musicales-su-historia\/musicatradicional1japon\/\" rel=\"attachment wp-att-241\"><span style=\"color: #ffcc00\"><img loading=\"lazy\" decoding=\"async\" class=\"aligncenter size-medium wp-image-241\" src=\"http:\/\/blog.espol.edu.ec\/bmbrione\/files\/2012\/10\/MusicaTradicional1Japon-300x225.jpg\" alt=\"\" width=\"300\" height=\"225\" srcset=\"https:\/\/blog.espol.edu.ec\/bmbrione\/files\/2012\/10\/MusicaTradicional1Japon-300x225.jpg 300w, https:\/\/blog.espol.edu.ec\/bmbrione\/files\/2012\/10\/MusicaTradicional1Japon.jpg 450w\" sizes=\"auto, (max-width: 300px) 100vw, 300px\" \/><\/span><\/a><\/span><\/p>\n<p><span style=\"color: #ffcc00\">Las honkyoku (\"piezas originales\" se remontan al siglo 19 a. C.. Estas son piezas para solo de shakuhachi ejecutadas por los monjes de la secta mendicante Fuke de budismo Zen. Estos monjes, llamados komus\u014d (\"monjes de la vacuidad\", ejecutaban honkyoku para las limosnas e iluminaci\u00f3n. La secta Fuke dej\u00f3 de existir hacia finales del siglo XIX, pero actualmente contin\u00faa una tradici\u00f3n escrita y oral de numerosos honkyoku , si bien esta m\u00fasica es hoy a menudo ejecutada en conciertos o escenarios musicales.<\/span><\/p>\n<h3><strong><span style=\"color: #ffffff\">Principales diferencias con occidente<\/span><\/strong><\/h3>\n<h3><strong><span style=\"color: #ffffff\">T\u00edtulos en las canciones:<\/span><\/strong><\/h3>\n<p><span style=\"color: #ffcc00\">A los japoneses se les conoce por el gran respeto hacia la caligraf\u00eda y escritura. Se observa en algunos t\u00edtulos de canciones, principalmente desde la d\u00e9cada de 1980, que los artistas se han ido liberando, comenzando primero a utilizar t\u00edtulos en idiomas latinos para algunas de sus canciones (aunque estuvieran en japon\u00e9s), y despu\u00e9s incluso la utilizaci\u00f3n de t\u00edtulos completamente en may\u00fasculas y todos en min\u00fasculas, o incluso juegos entre ellas para hacerlas m\u00e1s desordenadas, y de alguna forma m\u00e1s \"llamativas\" para el p\u00fablico. Incluso nombres de bandas alternativas de rock y pop japon\u00e9s se valen de estas t\u00e9cnicas de marketing. Los ejemplos m\u00e1s cl\u00e1sicos es el t\u00edtulo ya t\u00edpico entre artistas japoneses completamente en may\u00fasculas, o tambi\u00e9n se incluye la incorporaci\u00f3n de \"~\" u \"-\", que tambi\u00e9n son s\u00edmbolos frecuentemente usados dentro de canciones, aunque tambi\u00e9n se utilizan s\u00edmbolos que no se encuentran presentes dentro de nuestro sistema como \u2606 y \u2665, para hacer t\u00edtulos a\u00fan m\u00e1s llamativos.<\/span><\/p>\n<p><span style=\"color: #ffcc00\">Los t\u00edtulos de las canciones son estrictamente respetados con sus distintas formas de ortograf\u00eda y caligraf\u00eda en el mercado, y a excepci\u00f3n de p\u00e1ginas no muy cultas respecto a la cultura musical japonesa se pueden encontrar t\u00edtulos como \"HANABI\" escrito \"Hanabi\" o \"RUN\u2606RUN\u2606RUN\" escrito \"Run*Run*Run*\", pero son la minor\u00eda (en especial sitios de internet de habla inglesa donde comercializan m\u00fasica asi\u00e1tica).<\/span><\/p>\n<p><a title=\"Banner por briibriones, en Flickr\" href=\"http:\/\/blog.espol.edu.ec\/bmbrione\/descargas-discograficas\/\"><img loading=\"lazy\" decoding=\"async\" class=\"aligncenter\" src=\"http:\/\/farm9.staticflickr.com\/8196\/8142717172_9b84ff8c2c.jpg\" alt=\"Banner\" width=\"500\" height=\"167\" \/><\/a><\/p>\n","protected":false},"excerpt":{"rendered":"<p>En Jap\u00f3n existe una inumerable variedad de tipos de m\u00fasica tradicional. Dos de los estilos m\u00e1s antiguos son sh\u014dmy\u014d, u \"hombre gordo que canta\", y gagaku, o m\u00fasica orquestal de la corte, ambos estilos proviene de los per\u00edodos Nara y Heian. El gagaku es un tipo de m\u00fasica cl\u00e1sica que ha sido ejecutada en la [&hellip;]<\/p>\n","protected":false},"author":8135,"featured_media":0,"parent":0,"menu_order":2,"comment_status":"open","ping_status":"open","template":"","meta":{"footnotes":""},"class_list":["post-145","page","type-page","status-publish","hentry"],"_links":{"self":[{"href":"https:\/\/blog.espol.edu.ec\/bmbrione\/wp-json\/wp\/v2\/pages\/145","targetHints":{"allow":["GET"]}}],"collection":[{"href":"https:\/\/blog.espol.edu.ec\/bmbrione\/wp-json\/wp\/v2\/pages"}],"about":[{"href":"https:\/\/blog.espol.edu.ec\/bmbrione\/wp-json\/wp\/v2\/types\/page"}],"author":[{"embeddable":true,"href":"https:\/\/blog.espol.edu.ec\/bmbrione\/wp-json\/wp\/v2\/users\/8135"}],"replies":[{"embeddable":true,"href":"https:\/\/blog.espol.edu.ec\/bmbrione\/wp-json\/wp\/v2\/comments?post=145"}],"version-history":[{"count":15,"href":"https:\/\/blog.espol.edu.ec\/bmbrione\/wp-json\/wp\/v2\/pages\/145\/revisions"}],"predecessor-version":[{"id":270,"href":"https:\/\/blog.espol.edu.ec\/bmbrione\/wp-json\/wp\/v2\/pages\/145\/revisions\/270"}],"wp:attachment":[{"href":"https:\/\/blog.espol.edu.ec\/bmbrione\/wp-json\/wp\/v2\/media?parent=145"}],"curies":[{"name":"wp","href":"https:\/\/api.w.org\/{rel}","templated":true}]}}