{"id":15,"date":"2011-10-26T19:07:47","date_gmt":"2011-10-26T19:07:47","guid":{"rendered":"http:\/\/blog.espol.edu.ec\/bnarvaez\/mi-primera-pagina\/"},"modified":"2011-12-14T19:10:12","modified_gmt":"2011-12-14T19:10:12","slug":"mi-primera-pagina","status":"publish","type":"page","link":"https:\/\/blog.espol.edu.ec\/bnarvaez\/mi-primera-pagina\/","title":{"rendered":"Nataci\u00f3n"},"content":{"rendered":"<ul>\n<li><strong>La nataci\u00f3n es el arte de sostenerse y avanzar, usando los brazos y las piernas, sobre o bajo el agua. Puede realizarse como actividad l\u00fadica o como deporte de competici\u00f3n. Debido a que los seres humanos no nadan instintivamente, la nataci\u00f3n es una habilidad que debe ser aprendida. A diferencia de otros animales terrestres que se dan impulso en el agua, en lo que constituye en esencia una forma de caminar, el ser humano ha tenido que desarrollar una serie de brazadas y movimientos corporales que le impulsan en el agua con potencia y velocidad. En estos movimientos y estilos se basa la evoluci\u00f3n de la nataci\u00f3n competitiva como deporte.<\/strong><\/li>\n<li><strong>La nataci\u00f3n puede practicarse en cualquier tipo de recinto de agua lo bastante grande como para permitir el libre movimiento y que no est\u00e9 demasiado fr\u00eda, caliente o turbulenta. Las corrientes y mareas pueden resultar peligrosas, pero tambi\u00e9n representan un desaf\u00edo para demostrar la fuerza y el valor de los nadadores, como se puede comprobar con los muchos intentos con \u00e9xito de cruzar el canal de la Mancha.<\/strong><\/li>\n<\/ul>\n<p style=\"text-align: center\"><a href=\"http:\/\/blog.espol.edu.ec\/bnarvaez\/files\/2011\/10\/Natacion1.jpg\"><img loading=\"lazy\" decoding=\"async\" class=\"size-full wp-image-28 aligncenter\" src=\"http:\/\/blog.espol.edu.ec\/bnarvaez\/files\/2011\/10\/Natacion1.jpg\" alt=\"\" width=\"300\" height=\"235\" \/><\/a><\/p>\n","protected":false},"excerpt":{"rendered":"<p>La nataci\u00f3n es el arte de sostenerse y avanzar, usando los brazos y las piernas, sobre o bajo el agua. Puede realizarse como actividad l\u00fadica o como deporte de competici\u00f3n. Debido a que los seres humanos no nadan instintivamente, la nataci\u00f3n es una habilidad que debe ser aprendida. A diferencia de otros animales terrestres que [&hellip;]<\/p>\n","protected":false},"author":6988,"featured_media":0,"parent":0,"menu_order":0,"comment_status":"open","ping_status":"open","template":"","meta":{"footnotes":""},"class_list":["post-15","page","type-page","status-publish","hentry"],"_links":{"self":[{"href":"https:\/\/blog.espol.edu.ec\/bnarvaez\/wp-json\/wp\/v2\/pages\/15","targetHints":{"allow":["GET"]}}],"collection":[{"href":"https:\/\/blog.espol.edu.ec\/bnarvaez\/wp-json\/wp\/v2\/pages"}],"about":[{"href":"https:\/\/blog.espol.edu.ec\/bnarvaez\/wp-json\/wp\/v2\/types\/page"}],"author":[{"embeddable":true,"href":"https:\/\/blog.espol.edu.ec\/bnarvaez\/wp-json\/wp\/v2\/users\/6988"}],"replies":[{"embeddable":true,"href":"https:\/\/blog.espol.edu.ec\/bnarvaez\/wp-json\/wp\/v2\/comments?post=15"}],"version-history":[{"count":4,"href":"https:\/\/blog.espol.edu.ec\/bnarvaez\/wp-json\/wp\/v2\/pages\/15\/revisions"}],"predecessor-version":[{"id":48,"href":"https:\/\/blog.espol.edu.ec\/bnarvaez\/wp-json\/wp\/v2\/pages\/15\/revisions\/48"}],"wp:attachment":[{"href":"https:\/\/blog.espol.edu.ec\/bnarvaez\/wp-json\/wp\/v2\/media?parent=15"}],"curies":[{"name":"wp","href":"https:\/\/api.w.org\/{rel}","templated":true}]}}