{"id":10,"date":"2016-11-07T21:19:03","date_gmt":"2016-11-07T21:19:03","guid":{"rendered":"http:\/\/blog.espol.edu.ec\/bosantos\/?page_id=10"},"modified":"2016-11-14T04:28:05","modified_gmt":"2016-11-14T04:28:05","slug":"el-nuevo-gow","status":"publish","type":"page","link":"https:\/\/blog.espol.edu.ec\/bosantos\/el-nuevo-gow\/","title":{"rendered":"God of War"},"content":{"rendered":"<p><strong>Y el tan esperado God of war ya esta generando emociones de muchos fans de la franquicia<\/strong><\/p>\n<p><strong>la espera al parecer valdr\u00e1 cada segundo :,)<\/strong><\/p>\n<p><img loading=\"lazy\" decoding=\"async\" class=\"alignnone size-medium wp-image-11\" src=\"http:\/\/blog.espol.edu.ec\/bosantos\/files\/2016\/11\/GOW-300x169.jpg\" alt=\"gow\" width=\"300\" height=\"169\" srcset=\"https:\/\/blog.espol.edu.ec\/bosantos\/files\/2016\/11\/GOW-300x169.jpg 300w, https:\/\/blog.espol.edu.ec\/bosantos\/files\/2016\/11\/GOW-768x432.jpg 768w, https:\/\/blog.espol.edu.ec\/bosantos\/files\/2016\/11\/GOW-1024x576.jpg 1024w, https:\/\/blog.espol.edu.ec\/bosantos\/files\/2016\/11\/GOW.jpg 1280w\" sizes=\"auto, (max-width: 300px) 100vw, 300px\" \/><\/p>\n<p>Wikipedia nos ayuda con una peque~a rese~a de lo que es God of War:<\/p>\n<blockquote><p><b>God of War<\/b> (literalmente en espa\u00f1ol <i>Dios de la Guerra<\/i>) es una serie de <a title=\"Videojuego\" href=\"https:\/\/es.wikipedia.org\/wiki\/Videojuego\">videojuegos<\/a> en 3.\u00aa persona creada por <a title=\"SCE Santa Monica Studio\" href=\"https:\/\/es.wikipedia.org\/wiki\/SCE_Santa_Monica_Studio\">SCE Santa Monica Studio<\/a> y distribuida por <a class=\"mw-redirect\" title=\"Sony Computer Entertainment\" href=\"https:\/\/es.wikipedia.org\/wiki\/Sony_Computer_Entertainment\">Sony Computer Entertainment<\/a>. Se basa en las aventuras de un <a class=\"new\" title=\"Semidi\u00f3s Ficticio (a\u00fan no redactado)\" href=\"https:\/\/es.wikipedia.org\/w\/index.php?title=Semidi%C3%B3s_Ficticio&amp;action=edit&amp;redlink=1\">semidi\u00f3s Ficticio<\/a> <a title=\"Grecia\" href=\"https:\/\/es.wikipedia.org\/wiki\/Grecia\">griego<\/a>, <a title=\"Kratos (God of War)\" href=\"https:\/\/es.wikipedia.org\/wiki\/Kratos_(God_of_War)\">Kratos<\/a>, qui\u00e9n se enfrenta a diversos personajes de la <a title=\"Mitolog\u00eda griega\" href=\"https:\/\/es.wikipedia.org\/wiki\/Mitolog%C3%ADa_griega\">mitolog\u00eda griega<\/a>, tanto h\u00e9roes (<a title=\"Heracles\" href=\"https:\/\/es.wikipedia.org\/wiki\/Heracles\">Heracles<\/a>, <a title=\"Teseo\" href=\"https:\/\/es.wikipedia.org\/wiki\/Teseo\">Teseo<\/a>, <a title=\"Perseo\" href=\"https:\/\/es.wikipedia.org\/wiki\/Perseo\">Perseo<\/a>, etc.) y especies mitol\u00f3gicas (tales como <a title=\"Gorgona\" href=\"https:\/\/es.wikipedia.org\/wiki\/Gorgona\">gorgonas<\/a>, <a title=\"Harp\u00edas\" href=\"https:\/\/es.wikipedia.org\/wiki\/Harp%C3%ADas\">arp\u00edas<\/a>, o <a title=\"Minotauro\" href=\"https:\/\/es.wikipedia.org\/wiki\/Minotauro\">minotauros<\/a>) como <a title=\"Anexo:Dioses griegos\" href=\"https:\/\/es.wikipedia.org\/wiki\/Anexo:Dioses_griegos\">dioses griegos<\/a> (<a title=\"Ares\" href=\"https:\/\/es.wikipedia.org\/wiki\/Ares\">Ares<\/a>, <a title=\"Poseid\u00f3n\" href=\"https:\/\/es.wikipedia.org\/wiki\/Poseid%C3%B3n\">Poseid\u00f3n<\/a>, <a title=\"Zeus\" href=\"https:\/\/es.wikipedia.org\/wiki\/Zeus\">Zeus<\/a>, entre otros) y <a title=\"Tit\u00e1n (mitolog\u00eda)\" href=\"https:\/\/es.wikipedia.org\/wiki\/Tit%C3%A1n_(mitolog%C3%ADa)\">titanes<\/a> (como <a title=\"Gea\" href=\"https:\/\/es.wikipedia.org\/wiki\/Gea\">Gaia<\/a> y <a title=\"Crono\" href=\"https:\/\/es.wikipedia.org\/wiki\/Crono\">Cronos<\/a>). Aunque el guerrero <a title=\"Esparta\" href=\"https:\/\/es.wikipedia.org\/wiki\/Esparta\">espartano<\/a> acostumbra enemistad con la mayor\u00eda de los Dioses, recibe ayuda de muchos de ellos, en especial de <a title=\"Atenea\" href=\"https:\/\/es.wikipedia.org\/wiki\/Atenea\">Atenea<\/a>.<\/p>\n<p>Los juegos est\u00e1n disponibles para las consolas <a title=\"PlayStation 2\" href=\"https:\/\/es.wikipedia.org\/wiki\/PlayStation_2\">PlayStation 2<\/a>, <a title=\"PlayStation 3\" href=\"https:\/\/es.wikipedia.org\/wiki\/PlayStation_3\">PlayStation 3<\/a>, <a title=\"PlayStation Portable\" href=\"https:\/\/es.wikipedia.org\/wiki\/PlayStation_Portable\">PlayStation Portable<\/a>, y tambi\u00e9n para <a title=\"Telefon\u00eda m\u00f3vil\" href=\"https:\/\/es.wikipedia.org\/wiki\/Telefon%C3%ADa_m%C3%B3vil\">tel\u00e9fonos m\u00f3viles<\/a>. Se han realizado remasterizaciones de los primeros juegos para jugarse en consolas a\u00fan m\u00e1s modernas, por lo cual hasta el d\u00eda de hoy, seis de los siete God of War est\u00e1n disponibles para PS3, con la excepci\u00f3n de <i><a title=\"God of War: Betrayal\" href=\"https:\/\/es.wikipedia.org\/wiki\/God_of_War:_Betrayal\">God of War: Betrayal<\/a><\/i>.<\/p><\/blockquote>\n<form id=\"vozme_form_f57f541a5d9e0602aaf02d6cb90df44c\" method=\"post\" name=\"vozme_form_f57f541a5d9e0602aaf02d6cb90df44c\" target=\"f57f541a5d9e0602aaf02d6cb90df44c\" action=\"http:\/\/vozme.com\/text2voice.php\"><input name=\"text\" type=\"hidden\" value=\"God of War. Y el tan esperado God of war ya esta generando emociones de muchos fans de la franquicia\nla espera al parecer valdr\u00e1 cada segundo :,)\n\nWikipedia nos ayuda con una peque~a rese~a de lo que es God of War:\nGod of War (literalmente en espa\u00f1ol Dios de la Guerra) es una serie de videojuegos en 3.\u00aa persona creada por SCE Santa Monica Studio y distribuida por Sony Computer Entertainment. Se basa en las aventuras de un semidi\u00f3s Ficticio griego, Kratos, qui\u00e9n se enfrenta a diversos personajes de la mitolog\u00eda griega, tanto h\u00e9roes (Heracles, Teseo, Perseo, etc.) y especies mitol\u00f3gicas (tales como gorgonas, arp\u00edas, o minotauros) como dioses griegos (Ares, Poseid\u00f3n, Zeus, entre otros) y titanes (como Gaia y Cronos). Aunque el guerrero espartano acostumbra enemistad con la mayor\u00eda de los Dioses, recibe ayuda de muchos de ellos, en especial de Atenea.\nLos juegos est\u00e1n disponibles para las consolas PlayStation 2, PlayStation 3, PlayStation Portable, y tambi\u00e9n para tel\u00e9fonos m\u00f3viles. Se han realizado remasterizaciones de los primeros juegos para jugarse en consolas a\u00fan m\u00e1s modernas, por lo cual hasta el d\u00eda de hoy, seis de los siete God of War est\u00e1n disponibles para PS3, con la excepci\u00f3n de God of War: Betrayal.\n\" \/><input name=\"lang\" type=\"hidden\" value=\"es\" \/><input name=\"gn\" type=\"hidden\" value=\"ml\" \/><input type=\"hidden\" id=\"interface\" name=\"interface\" value=\"full\" \/>\n\t\t\t<div style=\"margin-left:40%;\">\n\t\t\t\n\t\t\t\t<input style=\"float:left;\" type=\"image\" width=\"40\" height=\"40\" src=\"http:\/\/blog.espol.edu.ec\/bosantos\/wp-content\/plugins\/vozme\/img\/megaphone40x40w.gif\" alt=\"Escucha este post\" onclick=\"window.open('', 'f57f541a5d9e0602aaf02d6cb90df44c', 'width=600,height=370,scrollbars=yes,location=yes,menubar=yes,resizable=yes,status=yes,toolbar=yes');\">\n\t\t\t\t<div style=\"margin-left:48px; text-align:left;\"><a style=\"font-size:12px;\" href=\"javascript:void(0);\" onclick=\"window.open('', 'f57f541a5d9e0602aaf02d6cb90df44c', 'width=600,height=370,scrollbars=yes,location=yes,menubar=yes,resizable=yes,status=yes,toolbar=yes'); document.getElementById('vozme_form_f57f541a5d9e0602aaf02d6cb90df44c').submit();\">Escucha<br\/>este post<\/a><\/div>\n\t\t\t<\/div><\/form>","protected":false},"excerpt":{"rendered":"<p>Y el tan esperado God of war ya esta generando emociones de muchos fans de la franquicia la espera al parecer valdr\u00e1 cada segundo :,) Wikipedia nos ayuda con una peque~a rese~a de lo que es God of War: God of War (literalmente en espa\u00f1ol Dios de la Guerra) es una serie de videojuegos en &hellip; <\/p>\n<p><a class=\"more-link btn\" href=\"https:\/\/blog.espol.edu.ec\/bosantos\/el-nuevo-gow\/\">Seguir leyendo<\/a><\/p>\n","protected":false},"author":10650,"featured_media":0,"parent":0,"menu_order":0,"comment_status":"closed","ping_status":"closed","template":"","meta":{"footnotes":""},"class_list":["post-10","page","type-page","status-publish","hentry","nodate","item-wrap"],"_links":{"self":[{"href":"https:\/\/blog.espol.edu.ec\/bosantos\/wp-json\/wp\/v2\/pages\/10","targetHints":{"allow":["GET"]}}],"collection":[{"href":"https:\/\/blog.espol.edu.ec\/bosantos\/wp-json\/wp\/v2\/pages"}],"about":[{"href":"https:\/\/blog.espol.edu.ec\/bosantos\/wp-json\/wp\/v2\/types\/page"}],"author":[{"embeddable":true,"href":"https:\/\/blog.espol.edu.ec\/bosantos\/wp-json\/wp\/v2\/users\/10650"}],"replies":[{"embeddable":true,"href":"https:\/\/blog.espol.edu.ec\/bosantos\/wp-json\/wp\/v2\/comments?post=10"}],"version-history":[{"count":7,"href":"https:\/\/blog.espol.edu.ec\/bosantos\/wp-json\/wp\/v2\/pages\/10\/revisions"}],"predecessor-version":[{"id":107,"href":"https:\/\/blog.espol.edu.ec\/bosantos\/wp-json\/wp\/v2\/pages\/10\/revisions\/107"}],"wp:attachment":[{"href":"https:\/\/blog.espol.edu.ec\/bosantos\/wp-json\/wp\/v2\/media?parent=10"}],"curies":[{"name":"wp","href":"https:\/\/api.w.org\/{rel}","templated":true}]}}