{"id":2,"date":"2016-10-31T21:32:53","date_gmt":"2016-10-31T21:32:53","guid":{"rendered":"http:\/\/blog.espol.edu.ec\/bosantos\/?page_id=2"},"modified":"2016-11-14T04:50:25","modified_gmt":"2016-11-14T04:50:25","slug":"pagina-ejemplo","status":"publish","type":"page","link":"https:\/\/blog.espol.edu.ec\/bosantos\/pagina-ejemplo\/","title":{"rendered":"Need for Speed"},"content":{"rendered":"<p style=\"text-align: justify\"><strong>Una de las grandes franquicias de juegos de carreras de autos, que fue capaz de enganchar a millones de jugadores desde sus inicios en PLAYSTATION (PS1), que ha venido evolucionando con el paso de los a~os y que en la actualidad a lanzado mas videojuegos que han llegado a ser considerados una joya de los videojuegos. En mi opini\u00f3n personal la mejor entrega fue el NFS Most Wanted (2005), lanzado para la vieja confiable: PS2.<\/strong><\/p>\n<p><img loading=\"lazy\" decoding=\"async\" class=\"alignnone size-medium wp-image-108 aligncenter\" src=\"http:\/\/blog.espol.edu.ec\/bosantos\/files\/2016\/10\/NFS-240x300.jpg\" alt=\"nfs\" width=\"240\" height=\"300\" srcset=\"https:\/\/blog.espol.edu.ec\/bosantos\/files\/2016\/10\/NFS-240x300.jpg 240w, https:\/\/blog.espol.edu.ec\/bosantos\/files\/2016\/10\/NFS.jpg 256w\" sizes=\"auto, (max-width: 240px) 100vw, 240px\" \/><\/p>\n<p>Y veamos que nos sabe decir Wikipedia acerca de esta franquicia:<\/p>\n<blockquote><p><i><b>Need for Speed<\/b><\/i> (tambi\u00e9n conocido por su abreviatura <i><b>NFS<\/b><\/i>) es una saga de <a title=\"Videojuego de carreras\" href=\"https:\/\/es.wikipedia.org\/wiki\/Videojuego_de_carreras\">videojuegos de carreras<\/a> publicada por <a title=\"Electronic Arts\" href=\"https:\/\/es.wikipedia.org\/wiki\/Electronic_Arts\">Electronic Arts<\/a>, originalmente lanzado en el sistema de videojuegos \"3DO\" y posteriormente en <a title=\"PlayStation\" href=\"https:\/\/es.wikipedia.org\/wiki\/PlayStation\">PlayStation<\/a> y <a title=\"Sega Saturn\" href=\"https:\/\/es.wikipedia.org\/wiki\/Sega_Saturn\">Sega Saturn<\/a>. Actualmente y durante todos los lanzamientos de la saga han estado y est\u00e1n disponibles en otros sistemas como <a title=\"Computadora personal\" href=\"https:\/\/es.wikipedia.org\/wiki\/Computadora_personal\">PC<\/a>, <a title=\"PlayStation 2\" href=\"https:\/\/es.wikipedia.org\/wiki\/PlayStation_2\">PlayStation 2<\/a>, <a title=\"Xbox\" href=\"https:\/\/es.wikipedia.org\/wiki\/Xbox\">Xbox<\/a>, <a class=\"mw-redirect\" title=\"Gamecube\" href=\"https:\/\/es.wikipedia.org\/wiki\/Gamecube\">Gamecube<\/a>, <a title=\"Xbox 360\" href=\"https:\/\/es.wikipedia.org\/wiki\/Xbox_360\">Xbox 360<\/a>, <a title=\"Wii\" href=\"https:\/\/es.wikipedia.org\/wiki\/Wii\">Wii<\/a>, <a title=\"PlayStation 3\" href=\"https:\/\/es.wikipedia.org\/wiki\/PlayStation_3\">PlayStation 3<\/a>, <a title=\"PlayStation 4\" href=\"https:\/\/es.wikipedia.org\/wiki\/PlayStation_4\">PlayStation 4<\/a>, <a title=\"Xbox One\" href=\"https:\/\/es.wikipedia.org\/wiki\/Xbox_One\">Xbox One<\/a>, <a title=\"PlayStation Portable\" href=\"https:\/\/es.wikipedia.org\/wiki\/PlayStation_Portable\">PSP<\/a>, <a class=\"mw-redirect\" title=\"GameBoy Advance\" href=\"https:\/\/es.wikipedia.org\/wiki\/GameBoy_Advance\">GameBoy Advance<\/a>, <a title=\"Nintendo DS\" href=\"https:\/\/es.wikipedia.org\/wiki\/Nintendo_DS\">Nintendo DS<\/a>, <a title=\"Nintendo 3DS\" href=\"https:\/\/es.wikipedia.org\/wiki\/Nintendo_3DS\">Nintendo 3DS<\/a>, <a title=\"Android\" href=\"https:\/\/es.wikipedia.org\/wiki\/Android\">Android<\/a>, <a title=\"IPhone\" href=\"https:\/\/es.wikipedia.org\/wiki\/IPhone\">iPhone<\/a>, Wii U, y diversos dispositivos m\u00f3viles 3.5G. Es un juego de carreras arcade\/simulador, que lleva a las calles, carreteras y autopistas reales, as\u00ed como la posibilidad de conducir autom\u00f3viles reales como <a class=\"mw-redirect\" title=\"Superdeportivos\" href=\"https:\/\/es.wikipedia.org\/wiki\/Superdeportivos\">deportivos<\/a> y <a class=\"mw-redirect\" title=\"Todoterrenos\" href=\"https:\/\/es.wikipedia.org\/wiki\/Todoterrenos\">todoterrenos<\/a> entre otros, a los que \u00faltimas entregas se les han incorporado las opciones de <a title=\"Tuneo\" href=\"https:\/\/es.wikipedia.org\/wiki\/Tuneo\">tuneo<\/a>.<\/p>\n<p>Actualmente la saga cuenta con 23 videojuegos de carreras, con casi un lanzamiento por a\u00f1o, desde 1994 hasta 2015. En la actualidad, el videojuego m\u00e1s actual de la saga lleva como t\u00edtulo Need for Speed. Cada nuevo juego cuenta con nuevas caracter\u00edsticas y diferentes estilos de juego. Incluyendo, m\u00e1s autom\u00f3viles, m\u00e1s realismo, m\u00fasica y nuevas pistas entre otras mejoras.<\/p>\n<p>La saga Need For Speed ha tenido m\u00e1s de 4 idiomas a lo largo de su historia, como el <a title=\"Idioma espa\u00f1ol\" href=\"https:\/\/es.wikipedia.org\/wiki\/Idioma_espa%C3%B1ol\">espa\u00f1ol<\/a>, <a title=\"Idioma franc\u00e9s\" href=\"https:\/\/es.wikipedia.org\/wiki\/Idioma_franc%C3%A9s\">franc\u00e9s<\/a>, <a title=\"Idioma alem\u00e1n\" href=\"https:\/\/es.wikipedia.org\/wiki\/Idioma_alem%C3%A1n\">alem\u00e1n<\/a>, <a title=\"Idioma ingl\u00e9s\" href=\"https:\/\/es.wikipedia.org\/wiki\/Idioma_ingl%C3%A9s\">ingl\u00e9s<\/a>, entre otros.<\/p>\n<p>La saga Need For Speed empez\u00f3 a ser doblada las voces al espa\u00f1ol a partir del videojuego <i><a title=\"Need for Speed II\" href=\"https:\/\/es.wikipedia.org\/wiki\/Need_for_Speed_II\">Need for Speed II<\/a><\/i> (1996, 1997 SE).<\/p>\n<p>Gracias al \u00e9xito de la saga Need for Speed, <a title=\"DreamWorks Records\" href=\"https:\/\/es.wikipedia.org\/wiki\/DreamWorks_Records\">DreamWorks<\/a> comenz\u00f3 a rodar una adaptaci\u00f3n cinematogr\u00e1fica, por lo que el 4 de abril estrena un largometraje conservando su mismo nombre. La pel\u00edcula sigue la historia de Need for Speed en donde el personaje principal participa en carreras ilegales de coches para ganar dinero.<sup id=\"cite_ref-1\" class=\"reference\"><a href=\"https:\/\/es.wikipedia.org\/wiki\/Need_for_Speed#cite_note-1\">1<\/a><\/sup><\/p><\/blockquote>\n<form id=\"vozme_form_7fda27b7ce5c3a665854b963f79d8f6e\" method=\"post\" name=\"vozme_form_7fda27b7ce5c3a665854b963f79d8f6e\" target=\"7fda27b7ce5c3a665854b963f79d8f6e\" action=\"http:\/\/vozme.com\/text2voice.php\"><input name=\"text\" type=\"hidden\" value=\"Need for Speed. Una de las grandes franquicias de juegos de carreras de autos, que fue capaz de enganchar a millones de jugadores desde sus inicios en PLAYSTATION (PS1), que ha venido evolucionando con el paso de los a~os y que en la actualidad a lanzado mas videojuegos que han llegado a ser considerados una joya de los videojuegos. En mi opini\u00f3n personal la mejor entrega fue el NFS Most Wanted (2005), lanzado para la vieja confiable: PS2.\n\nY veamos que nos sabe decir Wikipedia acerca de esta franquicia:\nNeed for Speed (tambi\u00e9n conocido por su abreviatura NFS) es una saga de videojuegos de carreras publicada por Electronic Arts, originalmente lanzado en el sistema de videojuegos &quot;3DO&quot; y posteriormente en PlayStation y Sega Saturn. Actualmente y durante todos los lanzamientos de la saga han estado y est\u00e1n disponibles en otros sistemas como PC, PlayStation 2, Xbox, Gamecube, Xbox 360, Wii, PlayStation 3, PlayStation 4, Xbox One, PSP, GameBoy Advance, Nintendo DS, Nintendo 3DS, Android, iPhone, Wii U, y diversos dispositivos m\u00f3viles 3.5G. Es un juego de carreras arcade\/simulador, que lleva a las calles, carreteras y autopistas reales, as\u00ed como la posibilidad de conducir autom\u00f3viles reales como deportivos y todoterrenos entre otros, a los que \u00faltimas entregas se les han incorporado las opciones de tuneo.\nActualmente la saga cuenta con 23 videojuegos de carreras, con casi un lanzamiento por a\u00f1o, desde 1994 hasta 2015. En la actualidad, el videojuego m\u00e1s actual de la saga lleva como t\u00edtulo Need for Speed. Cada nuevo juego cuenta con nuevas caracter\u00edsticas y diferentes estilos de juego. Incluyendo, m\u00e1s autom\u00f3viles, m\u00e1s realismo, m\u00fasica y nuevas pistas entre otras mejoras.\nLa saga Need For Speed ha tenido m\u00e1s de 4 idiomas a lo largo de su historia, como el espa\u00f1ol, franc\u00e9s, alem\u00e1n, ingl\u00e9s, entre otros.\nLa saga Need For Speed empez\u00f3 a ser doblada las voces al espa\u00f1ol a partir del videojuego Need for Speed II (1996, 1997 SE).\nGracias al \u00e9xito de la saga Need for Speed, DreamWorks comenz\u00f3 a rodar una adaptaci\u00f3n cinematogr\u00e1fica, por lo que el 4 de abril estrena un largometraje conservando su mismo nombre. La pel\u00edcula sigue la historia de Need for Speed en donde el personaje principal participa en carreras ilegales de coches para ganar dinero.1\n\" \/><input name=\"lang\" type=\"hidden\" value=\"es\" \/><input name=\"gn\" type=\"hidden\" value=\"ml\" \/><input type=\"hidden\" id=\"interface\" name=\"interface\" value=\"full\" \/>\n\t\t\t<div style=\"margin-left:40%;\">\n\t\t\t\n\t\t\t\t<input style=\"float:left;\" type=\"image\" width=\"40\" height=\"40\" src=\"http:\/\/blog.espol.edu.ec\/bosantos\/wp-content\/plugins\/vozme\/img\/megaphone40x40w.gif\" alt=\"Escucha este post\" onclick=\"window.open('', '7fda27b7ce5c3a665854b963f79d8f6e', 'width=600,height=370,scrollbars=yes,location=yes,menubar=yes,resizable=yes,status=yes,toolbar=yes');\">\n\t\t\t\t<div style=\"margin-left:48px; text-align:left;\"><a style=\"font-size:12px;\" href=\"javascript:void(0);\" onclick=\"window.open('', '7fda27b7ce5c3a665854b963f79d8f6e', 'width=600,height=370,scrollbars=yes,location=yes,menubar=yes,resizable=yes,status=yes,toolbar=yes'); document.getElementById('vozme_form_7fda27b7ce5c3a665854b963f79d8f6e').submit();\">Escucha<br\/>este post<\/a><\/div>\n\t\t\t<\/div><\/form>","protected":false},"excerpt":{"rendered":"<p>Una de las grandes franquicias de juegos de carreras de autos, que fue capaz de enganchar a millones de jugadores desde sus inicios en PLAYSTATION (PS1), que ha venido evolucionando con el paso de los a~os y que en la actualidad a lanzado mas videojuegos que han llegado a ser considerados una joya de los &hellip; <\/p>\n<p><a class=\"more-link btn\" href=\"https:\/\/blog.espol.edu.ec\/bosantos\/pagina-ejemplo\/\">Seguir leyendo<\/a><\/p>\n","protected":false},"author":10650,"featured_media":0,"parent":0,"menu_order":0,"comment_status":"closed","ping_status":"open","template":"","meta":{"footnotes":""},"class_list":["post-2","page","type-page","status-publish","hentry","nodate","item-wrap"],"_links":{"self":[{"href":"https:\/\/blog.espol.edu.ec\/bosantos\/wp-json\/wp\/v2\/pages\/2","targetHints":{"allow":["GET"]}}],"collection":[{"href":"https:\/\/blog.espol.edu.ec\/bosantos\/wp-json\/wp\/v2\/pages"}],"about":[{"href":"https:\/\/blog.espol.edu.ec\/bosantos\/wp-json\/wp\/v2\/types\/page"}],"author":[{"embeddable":true,"href":"https:\/\/blog.espol.edu.ec\/bosantos\/wp-json\/wp\/v2\/users\/10650"}],"replies":[{"embeddable":true,"href":"https:\/\/blog.espol.edu.ec\/bosantos\/wp-json\/wp\/v2\/comments?post=2"}],"version-history":[{"count":4,"href":"https:\/\/blog.espol.edu.ec\/bosantos\/wp-json\/wp\/v2\/pages\/2\/revisions"}],"predecessor-version":[{"id":109,"href":"https:\/\/blog.espol.edu.ec\/bosantos\/wp-json\/wp\/v2\/pages\/2\/revisions\/109"}],"wp:attachment":[{"href":"https:\/\/blog.espol.edu.ec\/bosantos\/wp-json\/wp\/v2\/media?parent=2"}],"curies":[{"name":"wp","href":"https:\/\/api.w.org\/{rel}","templated":true}]}}