{"id":36,"date":"2016-11-10T03:45:35","date_gmt":"2016-11-10T03:45:35","guid":{"rendered":"http:\/\/blog.espol.edu.ec\/bosantos\/?page_id=36"},"modified":"2016-11-14T12:22:30","modified_gmt":"2016-11-14T12:22:30","slug":"dmc","status":"publish","type":"page","link":"https:\/\/blog.espol.edu.ec\/bosantos\/dmc\/","title":{"rendered":"DMC Devil my cry"},"content":{"rendered":"<p style=\"text-align: justify\"><strong>Para empezar con esta secci\u00f3n se decidi\u00f3 presentar una peque\u00f1a introducci\u00f3n del DMC, este juego salio para PS3, y el lavado de cara que le hicieron al personaje no fue de mucho agrado por parte de los fans de la franquicia. Si bien tuve la suerte de jugar las anteriores entregas de la saga, en mi opini\u00f3n el nuevo de PS3 fue una buena entrega. Y a ustedes que les pareci\u00f3 este juego?<\/strong><\/p>\n<p style=\"text-align: justify\"><strong>Ahora como la mayor\u00eda\u00a0de gamers lo saben Devil My Cry tiene como personaje principal a uno de los personajes mas recordado y el favorito de muchos, mas que todo por su personalidad; Dante, hijo de Sparda, aquel Nefilim que se ha sabido ganar un espacio en nuestros corazones de players.<img loading=\"lazy\" decoding=\"async\" class=\"size-medium wp-image-86 aligncenter\" src=\"http:\/\/blog.espol.edu.ec\/bosantos\/files\/2016\/11\/DMC-300x169.jpg\" alt=\"dmc\" width=\"300\" height=\"169\" srcset=\"https:\/\/blog.espol.edu.ec\/bosantos\/files\/2016\/11\/DMC-300x169.jpg 300w, https:\/\/blog.espol.edu.ec\/bosantos\/files\/2016\/11\/DMC-768x432.jpg 768w, https:\/\/blog.espol.edu.ec\/bosantos\/files\/2016\/11\/DMC-1024x576.jpg 1024w, https:\/\/blog.espol.edu.ec\/bosantos\/files\/2016\/11\/DMC.jpg 1920w\" sizes=\"auto, (max-width: 300px) 100vw, 300px\" \/><\/strong><\/p>\n<p style=\"text-align: justify\">Y bien wikipedia nos complementa la \u00a0informaci\u00f3n diciendo:<\/p>\n<blockquote><p><i><b>Devil May Cry<\/b><\/i> es el nombre de una serie de <a class=\"mw-redirect\" title=\"Videojuegos\" href=\"https:\/\/es.wikipedia.org\/wiki\/Videojuegos\">videojuegos<\/a> de acci\u00f3n, desarrollados por la compa\u00f1\u00eda <a title=\"Capcom\" href=\"https:\/\/es.wikipedia.org\/wiki\/Capcom\">Capcom<\/a>, y de un <a title=\"Anime\" href=\"https:\/\/es.wikipedia.org\/wiki\/Anime\">anime<\/a> basado en ellos. Tambi\u00e9n es el t\u00edtulo del primer juego de la serie. Los primeros tres juegos fueron creados para la <a title=\"Videoconsola\" href=\"https:\/\/es.wikipedia.org\/wiki\/Videoconsola\">videoconsola<\/a> <a title=\"PlayStation 2\" href=\"https:\/\/es.wikipedia.org\/wiki\/PlayStation_2\">PlayStation 2<\/a>, si bien del tercero, <a class=\"mw-redirect\" title=\"Devil May Cry 3: Special Edition\" href=\"https:\/\/es.wikipedia.org\/wiki\/Devil_May_Cry_3:_Special_Edition\">Devil May Cry 3<\/a> se hizo posteriormente un <a title=\"Port\" href=\"https:\/\/es.wikipedia.org\/wiki\/Port\">port<\/a> para <a class=\"mw-redirect\" title=\"Ordenador personal\" href=\"https:\/\/es.wikipedia.org\/wiki\/Ordenador_personal\">PC<\/a>.<\/p>\n<p>El \u00e9xito de este videojuego ha causado que haya sido adaptado a una serie de <a title=\"Anime\" href=\"https:\/\/es.wikipedia.org\/wiki\/Anime\">anime<\/a>. La cuarta entrega es multiplataforma (para <a class=\"mw-redirect\" title=\"Ordenador personal\" href=\"https:\/\/es.wikipedia.org\/wiki\/Ordenador_personal\">PC<\/a>, <a title=\"Xbox 360\" href=\"https:\/\/es.wikipedia.org\/wiki\/Xbox_360\">Xbox 360<\/a> y <a class=\"mw-redirect\" title=\"Play Station 3\" href=\"https:\/\/es.wikipedia.org\/wiki\/Play_Station_3\">Play Station 3<\/a>). En el Tokyo Game Show se anunci\u00f3 la quinta entrega para Xbox 360 y PlayStation 3.<\/p>\n<p>En su \u00faltima actualizaci\u00f3n de los datos de ventas, <a title=\"Capcom\" href=\"https:\/\/es.wikipedia.org\/wiki\/Capcom\">Capcom<\/a> inform\u00f3 que distribuy\u00f3, desde sus inicios, 10 millones de unidades de juegos de la serie.<\/p><\/blockquote>\n<p>&nbsp;<\/p>\n<form id=\"vozme_form_858c19b97218d00496781baa2326671e\" method=\"post\" name=\"vozme_form_858c19b97218d00496781baa2326671e\" target=\"858c19b97218d00496781baa2326671e\" action=\"http:\/\/vozme.com\/text2voice.php\"><input name=\"text\" type=\"hidden\" value=\"DMC Devil my cry. Para empezar con esta secci\u00f3n se decidi\u00f3 presentar una peque\u00f1a introducci\u00f3n del DMC, este juego salio para PS3, y el lavado de cara que le hicieron al personaje no fue de mucho agrado por parte de los fans de la franquicia. Si bien tuve la suerte de jugar las anteriores entregas de la saga, en mi opini\u00f3n el nuevo de PS3 fue una buena entrega. Y a ustedes que les pareci\u00f3 este juego?\nAhora como la mayor\u00eda\u00a0de gamers lo saben Devil My Cry tiene como personaje principal a uno de los personajes mas recordado y el favorito de muchos, mas que todo por su personalidad; Dante, hijo de Sparda, aquel Nefilim que se ha sabido ganar un espacio en nuestros corazones de players.\nY bien wikipedia nos complementa la \u00a0informaci\u00f3n diciendo:\nDevil May Cry es el nombre de una serie de videojuegos de acci\u00f3n, desarrollados por la compa\u00f1\u00eda Capcom, y de un anime basado en ellos. Tambi\u00e9n es el t\u00edtulo del primer juego de la serie. Los primeros tres juegos fueron creados para la videoconsola PlayStation 2, si bien del tercero, Devil May Cry 3 se hizo posteriormente un port para PC.\nEl \u00e9xito de este videojuego ha causado que haya sido adaptado a una serie de anime. La cuarta entrega es multiplataforma (para PC, Xbox 360 y Play Station 3). En el Tokyo Game Show se anunci\u00f3 la quinta entrega para Xbox 360 y PlayStation 3.\nEn su \u00faltima actualizaci\u00f3n de los datos de ventas, Capcom inform\u00f3 que distribuy\u00f3, desde sus inicios, 10 millones de unidades de juegos de la serie.\n&nbsp;\n\" \/><input name=\"lang\" type=\"hidden\" value=\"es\" \/><input name=\"gn\" type=\"hidden\" value=\"ml\" \/><input type=\"hidden\" id=\"interface\" name=\"interface\" value=\"full\" \/>\n\t\t\t<div style=\"margin-left:40%;\">\n\t\t\t\n\t\t\t\t<input style=\"float:left;\" type=\"image\" width=\"40\" height=\"40\" src=\"http:\/\/blog.espol.edu.ec\/bosantos\/wp-content\/plugins\/vozme\/img\/megaphone40x40w.gif\" alt=\"Escucha este post\" onclick=\"window.open('', '858c19b97218d00496781baa2326671e', 'width=600,height=370,scrollbars=yes,location=yes,menubar=yes,resizable=yes,status=yes,toolbar=yes');\">\n\t\t\t\t<div style=\"margin-left:48px; text-align:left;\"><a style=\"font-size:12px;\" href=\"javascript:void(0);\" onclick=\"window.open('', '858c19b97218d00496781baa2326671e', 'width=600,height=370,scrollbars=yes,location=yes,menubar=yes,resizable=yes,status=yes,toolbar=yes'); document.getElementById('vozme_form_858c19b97218d00496781baa2326671e').submit();\">Escucha<br\/>este post<\/a><\/div>\n\t\t\t<\/div><\/form>","protected":false},"excerpt":{"rendered":"<p>Para empezar con esta secci\u00f3n se decidi\u00f3 presentar una peque\u00f1a introducci\u00f3n del DMC, este juego salio para PS3, y el lavado de cara que le hicieron al personaje no fue de mucho agrado por parte de los fans de la franquicia. Si bien tuve la suerte de jugar las anteriores entregas de la saga, en &hellip; <\/p>\n<p><a class=\"more-link btn\" href=\"https:\/\/blog.espol.edu.ec\/bosantos\/dmc\/\">Seguir leyendo<\/a><\/p>\n","protected":false},"author":10650,"featured_media":0,"parent":0,"menu_order":1,"comment_status":"closed","ping_status":"closed","template":"","meta":{"footnotes":""},"class_list":["post-36","page","type-page","status-publish","hentry","nodate","item-wrap"],"_links":{"self":[{"href":"https:\/\/blog.espol.edu.ec\/bosantos\/wp-json\/wp\/v2\/pages\/36","targetHints":{"allow":["GET"]}}],"collection":[{"href":"https:\/\/blog.espol.edu.ec\/bosantos\/wp-json\/wp\/v2\/pages"}],"about":[{"href":"https:\/\/blog.espol.edu.ec\/bosantos\/wp-json\/wp\/v2\/types\/page"}],"author":[{"embeddable":true,"href":"https:\/\/blog.espol.edu.ec\/bosantos\/wp-json\/wp\/v2\/users\/10650"}],"replies":[{"embeddable":true,"href":"https:\/\/blog.espol.edu.ec\/bosantos\/wp-json\/wp\/v2\/comments?post=36"}],"version-history":[{"count":7,"href":"https:\/\/blog.espol.edu.ec\/bosantos\/wp-json\/wp\/v2\/pages\/36\/revisions"}],"predecessor-version":[{"id":113,"href":"https:\/\/blog.espol.edu.ec\/bosantos\/wp-json\/wp\/v2\/pages\/36\/revisions\/113"}],"wp:attachment":[{"href":"https:\/\/blog.espol.edu.ec\/bosantos\/wp-json\/wp\/v2\/media?parent=36"}],"curies":[{"name":"wp","href":"https:\/\/api.w.org\/{rel}","templated":true}]}}