{"id":79,"date":"2016-11-11T12:38:57","date_gmt":"2016-11-11T12:38:57","guid":{"rendered":"http:\/\/blog.espol.edu.ec\/bosantos\/?page_id=79"},"modified":"2016-11-14T05:00:30","modified_gmt":"2016-11-14T05:00:30","slug":"dbz-budokai-tenkaichi","status":"publish","type":"page","link":"https:\/\/blog.espol.edu.ec\/bosantos\/dbz-budokai-tenkaichi\/","title":{"rendered":"DBZ Budokai Tenkaichi"},"content":{"rendered":"<p style=\"text-align: justify\"><strong>Esta saga se alzo entre los juegos de la vieja confiable: PS2, como uno de los mejores juegos de pelea con tem\u00e1tica anime, a mi parecer el mejor de todos los tiempos en especial el DBZBT3. Y es que quien no paso horas peleando con su amigo con sus personajes favoritos del anime.<\/strong><\/p>\n<p>Seg\u00fan\u00a0la wikipedia:<\/p>\n<blockquote><p><i><b>Dragon Ball Z: Budokai Tenkaichi<\/b><\/i>, originalmente lanzado como <i><b>Dragon Ball Z: Sparking!<\/b><\/i> (<span class=\"t_nihongo_kanji\" lang=\"ja\" xml:lang=\"ja\">\u30c9\u30e9\u30b4\u30f3\u30dc\u30fc\u30ebZ Sparking!<\/span> <span class=\"t_nihongo_romaji\"><i>Doragon B\u014dru Zetto Sup\u0101kingu!<\/i><\/span><span class=\"t_nihongo_help\"><sup><a title=\"Ayuda:Idioma japon\u00e9s\" href=\"https:\/\/es.wikipedia.org\/wiki\/Ayuda:Idioma_japon%C3%A9s\"><span class=\"t_nihongo_icon\">?<\/span><\/a><\/sup><\/span>) en Jap\u00f3n, es una serie de <a title=\"Videojuego de lucha\" href=\"https:\/\/es.wikipedia.org\/wiki\/Videojuego_de_lucha\">videojuegos de lucha<\/a> basados en el manga y anime <i><a title=\"Dragon Ball\" href=\"https:\/\/es.wikipedia.org\/wiki\/Dragon_Ball\">Dragon Ball<\/a><\/i> por <a title=\"Akira Toriyama\" href=\"https:\/\/es.wikipedia.org\/wiki\/Akira_Toriyama\">Akira Toriyama<\/a>. Cada juego fue desarrollado por <a title=\"Spike (compa\u00f1\u00eda)\" href=\"https:\/\/es.wikipedia.org\/wiki\/Spike_(compa%C3%B1%C3%ADa)\">Spike<\/a> y distribuido por <a class=\"mw-redirect\" title=\"Namco Bandai Games\" href=\"https:\/\/es.wikipedia.org\/wiki\/Namco_Bandai_Games\">Namco Bandai Games<\/a> en Jap\u00f3n y <a title=\"Atari\" href=\"https:\/\/es.wikipedia.org\/wiki\/Atari\">Atari<\/a> en otros pa\u00edses.<\/p><\/blockquote>\n<p><img loading=\"lazy\" decoding=\"async\" class=\"alignnone size-medium wp-image-82\" src=\"http:\/\/blog.espol.edu.ec\/bosantos\/files\/2016\/11\/todaslascaps-300x169.gif\" alt=\"todaslascaps\" width=\"300\" height=\"169\" srcset=\"https:\/\/blog.espol.edu.ec\/bosantos\/files\/2016\/11\/todaslascaps-300x169.gif 300w, https:\/\/blog.espol.edu.ec\/bosantos\/files\/2016\/11\/todaslascaps-768x433.gif 768w\" sizes=\"auto, (max-width: 300px) 100vw, 300px\" \/><\/p>\n<form id=\"vozme_form_c4255c8986f3acde5926abbe8d6b3060\" method=\"post\" name=\"vozme_form_c4255c8986f3acde5926abbe8d6b3060\" target=\"c4255c8986f3acde5926abbe8d6b3060\" action=\"http:\/\/vozme.com\/text2voice.php\"><input name=\"text\" type=\"hidden\" value=\"DBZ Budokai Tenkaichi. Esta saga se alzo entre los juegos de la vieja confiable: PS2, como uno de los mejores juegos de pelea con tem\u00e1tica anime, a mi parecer el mejor de todos los tiempos en especial el DBZBT3. Y es que quien no paso horas peleando con su amigo con sus personajes favoritos del anime.\nSeg\u00fan\u00a0la wikipedia:\nDragon Ball Z: Budokai Tenkaichi, originalmente lanzado como Dragon Ball Z: Sparking! (\u30c9\u30e9\u30b4\u30f3\u30dc\u30fc\u30ebZ Sparking! Doragon B\u014dru Zetto Sup\u0101kingu!?) en Jap\u00f3n, es una serie de videojuegos de lucha basados en el manga y anime Dragon Ball por Akira Toriyama. Cada juego fue desarrollado por Spike y distribuido por Namco Bandai Games en Jap\u00f3n y Atari en otros pa\u00edses.\n\n\" \/><input name=\"lang\" type=\"hidden\" value=\"es\" \/><input name=\"gn\" type=\"hidden\" value=\"ml\" \/><input type=\"hidden\" id=\"interface\" name=\"interface\" value=\"full\" \/>\n\t\t\t<div style=\"margin-left:40%;\">\n\t\t\t\n\t\t\t\t<input style=\"float:left;\" type=\"image\" width=\"40\" height=\"40\" src=\"http:\/\/blog.espol.edu.ec\/bosantos\/wp-content\/plugins\/vozme\/img\/megaphone40x40w.gif\" alt=\"Escucha este post\" onclick=\"window.open('', 'c4255c8986f3acde5926abbe8d6b3060', 'width=600,height=370,scrollbars=yes,location=yes,menubar=yes,resizable=yes,status=yes,toolbar=yes');\">\n\t\t\t\t<div style=\"margin-left:48px; text-align:left;\"><a style=\"font-size:12px;\" href=\"javascript:void(0);\" onclick=\"window.open('', 'c4255c8986f3acde5926abbe8d6b3060', 'width=600,height=370,scrollbars=yes,location=yes,menubar=yes,resizable=yes,status=yes,toolbar=yes'); document.getElementById('vozme_form_c4255c8986f3acde5926abbe8d6b3060').submit();\">Escucha<br\/>este post<\/a><\/div>\n\t\t\t<\/div><\/form>","protected":false},"excerpt":{"rendered":"<p>Esta saga se alzo entre los juegos de la vieja confiable: PS2, como uno de los mejores juegos de pelea con tem\u00e1tica anime, a mi parecer el mejor de todos los tiempos en especial el DBZBT3. Y es que quien no paso horas peleando con su amigo con sus personajes favoritos del anime. Seg\u00fan\u00a0la wikipedia: &hellip; <\/p>\n<p><a class=\"more-link btn\" href=\"https:\/\/blog.espol.edu.ec\/bosantos\/dbz-budokai-tenkaichi\/\">Seguir leyendo<\/a><\/p>\n","protected":false},"author":10650,"featured_media":0,"parent":0,"menu_order":0,"comment_status":"closed","ping_status":"closed","template":"","meta":{"footnotes":""},"class_list":["post-79","page","type-page","status-publish","hentry","nodate","item-wrap"],"_links":{"self":[{"href":"https:\/\/blog.espol.edu.ec\/bosantos\/wp-json\/wp\/v2\/pages\/79","targetHints":{"allow":["GET"]}}],"collection":[{"href":"https:\/\/blog.espol.edu.ec\/bosantos\/wp-json\/wp\/v2\/pages"}],"about":[{"href":"https:\/\/blog.espol.edu.ec\/bosantos\/wp-json\/wp\/v2\/types\/page"}],"author":[{"embeddable":true,"href":"https:\/\/blog.espol.edu.ec\/bosantos\/wp-json\/wp\/v2\/users\/10650"}],"replies":[{"embeddable":true,"href":"https:\/\/blog.espol.edu.ec\/bosantos\/wp-json\/wp\/v2\/comments?post=79"}],"version-history":[{"count":5,"href":"https:\/\/blog.espol.edu.ec\/bosantos\/wp-json\/wp\/v2\/pages\/79\/revisions"}],"predecessor-version":[{"id":111,"href":"https:\/\/blog.espol.edu.ec\/bosantos\/wp-json\/wp\/v2\/pages\/79\/revisions\/111"}],"wp:attachment":[{"href":"https:\/\/blog.espol.edu.ec\/bosantos\/wp-json\/wp\/v2\/media?parent=79"}],"curies":[{"name":"wp","href":"https:\/\/api.w.org\/{rel}","templated":true}]}}