{"id":109,"date":"2009-11-23T16:18:51","date_gmt":"2009-11-23T21:18:51","guid":{"rendered":"http:\/\/blog.espol.edu.ec\/bquiroga\/?page_id=109"},"modified":"2009-11-23T17:18:43","modified_gmt":"2009-11-23T22:18:43","slug":"deportes","status":"publish","type":"page","link":"https:\/\/blog.espol.edu.ec\/bquiroga\/deportes\/","title":{"rendered":"deportes"},"content":{"rendered":"<h1><img loading=\"lazy\" decoding=\"async\" class=\"aligncenter size-full wp-image-112\" src=\"http:\/\/blog.espol.edu.ec\/bquiroga\/files\/2009\/11\/g-08-rob-500x365.jpg\" alt=\"g-08-rob-500x365\" width=\"500\" height=\"365\" srcset=\"https:\/\/blog.espol.edu.ec\/bquiroga\/files\/2009\/11\/g-08-rob-500x365.jpg 500w, https:\/\/blog.espol.edu.ec\/bquiroga\/files\/2009\/11\/g-08-rob-500x365-300x219.jpg 300w\" sizes=\"auto, (max-width: 500px) 100vw, 500px\" \/>Un premio muy merecido<\/h1>\n<div class=\"photowrap\">\n<div class=\"topPhoto\"><img loading=\"lazy\" decoding=\"async\" src=\"http:\/\/espndeportes-assets.espn.go.com\/2003\/photos2009\/0628\/g_brasil_campeon_412x232.jpg\" border=\"0\" alt=\"Brasil\" width=\"412\" height=\"232\" \/><\/div>\n<\/div>\n<div style=\"text-align: right;padding-bottom: 0px;padding-left: 0px;padding-right: 6px;color: #8e8e7e;font-size: x-small;padding-top: 0px\">Getty Images<\/div>\n<div class=\"topPhotoCaption\">Brasil retuvo el t\u00edtulo y festej\u00f3 su tercera Copa FIFA Confederaciones<\/div>\n<div class=\"topStoryBlurb1\">Brasil propuso un juego s\u00faper ofensivo y por eso se coron\u00f3 como un justo campe\u00f3n de la Copa Confederaciones. En tanto, el entrenador Dunga sigue acallando las voces cr\u00edticas.<\/div>\n<div class=\"topStoryBlurb1\">\n<p class=\"MsoNormal\" style=\"margin: 0cm 0cm 10pt\"><span style=\"font-family: Calibri;font-size: small\">IMAGENES:<\/span><\/p>\n<p class=\"MsoNormal\" style=\"margin: 0cm 0cm 10pt\">\u00a0<\/p>\n<p class=\"MsoNormal\" style=\"margin: 0cm 0cm 10pt\"><img loading=\"lazy\" decoding=\"async\" class=\"aligncenter size-full wp-image-110\" src=\"http:\/\/blog.espol.edu.ec\/bquiroga\/files\/2009\/11\/g-01-rob-500x365.jpg\" alt=\"g-01-rob-500x365\" width=\"500\" height=\"365\" srcset=\"https:\/\/blog.espol.edu.ec\/bquiroga\/files\/2009\/11\/g-01-rob-500x365.jpg 500w, https:\/\/blog.espol.edu.ec\/bquiroga\/files\/2009\/11\/g-01-rob-500x365-300x219.jpg 300w\" sizes=\"auto, (max-width: 500px) 100vw, 500px\" \/><\/p>\n<p class=\"MsoNormal\" style=\"margin: 0cm 0cm 10pt\">\u00a0<\/p>\n<p class=\"MsoNormal\" style=\"margin: 0cm 0cm 10pt\">\u00a0<\/p>\n<p class=\"MsoNormal\" style=\"margin: 0cm 0cm 10pt\"><img loading=\"lazy\" decoding=\"async\" class=\"aligncenter size-full wp-image-111\" src=\"http:\/\/blog.espol.edu.ec\/bquiroga\/files\/2009\/11\/g-04-rob-500x365.jpg\" alt=\"g-04-rob-500x365\" width=\"500\" height=\"365\" srcset=\"https:\/\/blog.espol.edu.ec\/bquiroga\/files\/2009\/11\/g-04-rob-500x365.jpg 500w, https:\/\/blog.espol.edu.ec\/bquiroga\/files\/2009\/11\/g-04-rob-500x365-300x219.jpg 300w\" sizes=\"auto, (max-width: 500px) 100vw, 500px\" \/><\/p>\n<p class=\"MsoNormal\" style=\"margin: 0cm 0cm 10pt\">\u00a0<\/p>\n<p class=\"MsoNormal\" style=\"margin: 0cm 0cm 10pt\">\u00a0<\/p>\n<p class=\"MsoNormal\" style=\"margin: 0cm 0cm 10pt\"><img loading=\"lazy\" decoding=\"async\" class=\"aligncenter size-full wp-image-113\" src=\"http:\/\/blog.espol.edu.ec\/bquiroga\/files\/2009\/11\/g-11-rob-500x365.jpg\" alt=\"g-11-rob-500x365\" width=\"500\" height=\"365\" srcset=\"https:\/\/blog.espol.edu.ec\/bquiroga\/files\/2009\/11\/g-11-rob-500x365.jpg 500w, https:\/\/blog.espol.edu.ec\/bquiroga\/files\/2009\/11\/g-11-rob-500x365-300x219.jpg 300w\" sizes=\"auto, (max-width: 500px) 100vw, 500px\" \/><\/p>\n<p class=\"MsoNormal\" style=\"margin: 0cm 0cm 10pt\">\u00a0<\/p>\n<p class=\"MsoNormal\" style=\"margin: 0cm 0cm 10pt\">\u00a0<\/p>\n<\/div>\n<p><img loading=\"lazy\" decoding=\"async\" src=\"http:\/\/blog.espol.edu.ec\/bquiroga\/files\/2009\/11\/p1040534.jpg\" alt=\"p1040534\" width=\"640\" height=\"480\" class=\"aligncenter size-full wp-image-130\" srcset=\"https:\/\/blog.espol.edu.ec\/bquiroga\/files\/2009\/11\/p1040534.jpg 640w, https:\/\/blog.espol.edu.ec\/bquiroga\/files\/2009\/11\/p1040534-300x225.jpg 300w\" sizes=\"auto, (max-width: 640px) 100vw, 640px\" \/><\/p>\n<p>AQUI PINPONEANDO......<\/p>\n","protected":false},"excerpt":{"rendered":"<p>Un premio muy merecido Getty Images Brasil retuvo el t\u00edtulo y festej\u00f3 su tercera Copa FIFA Confederaciones Brasil propuso un juego s\u00faper ofensivo y por eso se coron\u00f3 como un justo campe\u00f3n de la Copa Confederaciones. En tanto, el entrenador Dunga sigue acallando las voces cr\u00edticas. IMAGENES: \u00a0 \u00a0 \u00a0 \u00a0 \u00a0 \u00a0 \u00a0 AQUI [&hellip;]<\/p>\n","protected":false},"author":3101,"featured_media":0,"parent":0,"menu_order":0,"comment_status":"open","ping_status":"open","template":"","meta":{"footnotes":""},"class_list":["post-109","page","type-page","status-publish","hentry"],"_links":{"self":[{"href":"https:\/\/blog.espol.edu.ec\/bquiroga\/wp-json\/wp\/v2\/pages\/109","targetHints":{"allow":["GET"]}}],"collection":[{"href":"https:\/\/blog.espol.edu.ec\/bquiroga\/wp-json\/wp\/v2\/pages"}],"about":[{"href":"https:\/\/blog.espol.edu.ec\/bquiroga\/wp-json\/wp\/v2\/types\/page"}],"author":[{"embeddable":true,"href":"https:\/\/blog.espol.edu.ec\/bquiroga\/wp-json\/wp\/v2\/users\/3101"}],"replies":[{"embeddable":true,"href":"https:\/\/blog.espol.edu.ec\/bquiroga\/wp-json\/wp\/v2\/comments?post=109"}],"version-history":[{"count":4,"href":"https:\/\/blog.espol.edu.ec\/bquiroga\/wp-json\/wp\/v2\/pages\/109\/revisions"}],"predecessor-version":[{"id":133,"href":"https:\/\/blog.espol.edu.ec\/bquiroga\/wp-json\/wp\/v2\/pages\/109\/revisions\/133"}],"wp:attachment":[{"href":"https:\/\/blog.espol.edu.ec\/bquiroga\/wp-json\/wp\/v2\/media?parent=109"}],"curies":[{"name":"wp","href":"https:\/\/api.w.org\/{rel}","templated":true}]}}