{"id":7,"date":"2014-10-29T21:58:50","date_gmt":"2014-10-29T21:58:50","guid":{"rendered":"http:\/\/blog.espol.edu.ec\/brcedeno\/?page_id=7"},"modified":"2014-11-12T17:11:11","modified_gmt":"2014-11-12T22:11:11","slug":"mi-primera-pagina","status":"publish","type":"page","link":"https:\/\/blog.espol.edu.ec\/brcedeno\/mi-primera-pagina\/","title":{"rendered":"ACORDES"},"content":{"rendered":"<p>ALGUNOS ACORDES BASICOS<\/p>\n<p><img loading=\"lazy\" decoding=\"async\" class=\"\" src=\"http:\/\/musicaguitarra.com\/wp-content\/uploads\/2010\/10\/acordes-mayores-guitarra.jpg\" alt=\"\" width=\"513\" height=\"360\" \/><\/p>\n<p><img loading=\"lazy\" decoding=\"async\" class=\"\" src=\"http:\/\/www.semibreves.pt\/Imagens%201\/acordes%20guitarra%201.jpg\" alt=\"\" width=\"523\" height=\"677\" \/><\/p>\n<p>AQU\u00cd LES ADJUNTO LOS ACORDES DE ALGUNAS M\u00daSICAS CONOCIDAS, DISFR\u00daTENLOS.<br \/>\n<iframe loading=\"lazy\" src=\"\/\/www.slideshare.net\/slideshow\/embed_code\/41460825\" width=\"476\" height=\"400\" frameborder=\"0\"><\/iframe><br \/>\n<iframe loading=\"lazy\" src=\"\/\/www.slideshare.net\/slideshow\/embed_code\/41460826\" width=\"476\" height=\"400\" frameborder=\"0\"><\/iframe><\/p>\n<p><iframe loading=\"lazy\" src=\"\/\/www.slideshare.net\/slideshow\/embed_code\/41460828\" width=\"476\" height=\"400\" frameborder=\"0\"><\/iframe><\/p>\n<p><iframe loading=\"lazy\" src=\"\/\/www.slideshare.net\/slideshow\/embed_code\/41460827\" width=\"476\" height=\"400\" frameborder=\"0\"><\/iframe><\/p>\n<p>PUEDEN DESCARGAR MAS EN:<\/p>\n<p><a href=\"http:\/\/lacuerda.net\/\" target=\"_blank\">LA CUERDA<\/a><\/p>\n<p><a title=\"TUS ACORDES\" href=\"http:\/\/tusacordes.com\/\" target=\"_blank\">TUS ACORDES<\/a><\/p>\n<p><a title=\"Guitarra Viva\" href=\"http:\/\/guitarraviva.com\" target=\"_blank\">GUITARRA VIVA<\/a><\/p>\n<p>&nbsp;<\/p>\n","protected":false},"excerpt":{"rendered":"<p>ALGUNOS ACORDES BASICOS AQU\u00cd LES ADJUNTO LOS ACORDES DE ALGUNAS M\u00daSICAS CONOCIDAS, DISFR\u00daTENLOS. PUEDEN DESCARGAR MAS EN: LA CUERDA TUS ACORDES GUITARRA VIVA &nbsp;<\/p>\n","protected":false},"author":9316,"featured_media":0,"parent":0,"menu_order":0,"comment_status":"open","ping_status":"open","template":"","meta":{"footnotes":""},"class_list":["post-7","page","type-page","status-publish","hentry"],"_links":{"self":[{"href":"https:\/\/blog.espol.edu.ec\/brcedeno\/wp-json\/wp\/v2\/pages\/7","targetHints":{"allow":["GET"]}}],"collection":[{"href":"https:\/\/blog.espol.edu.ec\/brcedeno\/wp-json\/wp\/v2\/pages"}],"about":[{"href":"https:\/\/blog.espol.edu.ec\/brcedeno\/wp-json\/wp\/v2\/types\/page"}],"author":[{"embeddable":true,"href":"https:\/\/blog.espol.edu.ec\/brcedeno\/wp-json\/wp\/v2\/users\/9316"}],"replies":[{"embeddable":true,"href":"https:\/\/blog.espol.edu.ec\/brcedeno\/wp-json\/wp\/v2\/comments?post=7"}],"version-history":[{"count":11,"href":"https:\/\/blog.espol.edu.ec\/brcedeno\/wp-json\/wp\/v2\/pages\/7\/revisions"}],"predecessor-version":[{"id":121,"href":"https:\/\/blog.espol.edu.ec\/brcedeno\/wp-json\/wp\/v2\/pages\/7\/revisions\/121"}],"wp:attachment":[{"href":"https:\/\/blog.espol.edu.ec\/brcedeno\/wp-json\/wp\/v2\/media?parent=7"}],"curies":[{"name":"wp","href":"https:\/\/api.w.org\/{rel}","templated":true}]}}