{"id":54,"date":"2015-11-22T16:40:17","date_gmt":"2015-11-22T16:40:17","guid":{"rendered":"http:\/\/blog.espol.edu.ec\/brosado\/?page_id=54"},"modified":"2015-11-22T16:48:56","modified_gmt":"2015-11-22T16:48:56","slug":"njexnjnxckjdnckldcmkldnm","status":"publish","type":"page","link":"https:\/\/blog.espol.edu.ec\/brosado\/njexnjnxckjdnckldcmkldnm\/","title":{"rendered":"QUIMICA EN EL ESPACIO"},"content":{"rendered":"<p>A continuaci\u00f3n les presento los elementos mas abundantes en el universo:<\/p>\n<p>1)\u00a0\u00a0\u00a0\u00a0\u00a0 Hidr\u00f3geno; 75%<\/p>\n<p>El hidr\u00f3geno se puede encontrar en cualquier lugar del universo, incluyendo los vastos alcances del espacio exterior. El hidr\u00f3geno constituye alrededor de un 75 por ciento de todos los \u00e1tomos del espacio exterior y ocupa casi uno de los lugares principales ya que es el tercero m\u00e1s abundante en el planeta Tierra. La composici\u00f3n qu\u00edmica del hidr\u00f3geno tambi\u00e9n es la m\u00e1s sencilla de todos los elementos; la mayor\u00eda del tiempo, un \u00e1tomo de hidr\u00f3geno contiene s\u00f3lo un prot\u00f3n y un electr\u00f3n. Esta simplicidad hace que no tenga sabor, olor, ni color.<\/p>\n<p>2)\u00a0\u00a0\u00a0\u00a0\u00a0 Helio; 24%.<\/p>\n<p>El helio constituye un 27 por ciento de los gases presentes en el espacio exterior, lo que lo convierte en el segundo elemento m\u00e1s abundante que se encuentra all\u00ed. Este gas inerte no puede existir en forma de compuesto; la estructura simplista del helio tambi\u00e9n lo hace el segundo elemento m\u00e1s simple, constando s\u00f3lo de dos neutrones, dos electrones y dos protones. Tampoco tiene sabor, olor ni color. El helio tiene el punto de ebullici\u00f3n m\u00e1s bajo entre todos los elementos a menos 452 grados Fahrenheit (menos 268,88 grados Cent\u00edgrados).<\/p>\n<p>3)\u00a0\u00a0\u00a0\u00a0\u00a0 Oxigeno; 0,085%.<\/p>\n<p>Elemento qu\u00edmico gaseoso, s\u00edmbolo O, n\u00famero at\u00f3mico 8 y peso at\u00f3mico 15.9994. Es de gran inter\u00e9s por ser el elemento esencial en los procesos de respiraci\u00f3n de la mayor parte de las c\u00e9lulas vivas y en los procesos de combusti\u00f3n. Es el elemento m\u00e1s abundante en la corteza terrestre. Cerca de una quinta parte (en volumen) del aire es ox\u00edgeno.<\/p>\n<p>4)\u00a0\u00a0\u00a0\u00a0\u00a0 Carbono; 0,036%.<\/p>\n<p>El carbono es \u00fanico en la qu\u00edmica porque forma un n\u00famero de compuestos mayor que la suma total de todos los otros elementos combinados.<br \/>\nCon mucho, el grupo m\u00e1s grande de estos compuestos es el constituido por carbono e hidr\u00f3geno. Aunque la clasificaci\u00f3n no es rigurosa, el carbono forma otra serie de compuestos considerados como inorg\u00e1nicos, en un n\u00famero mucho menor al de los org\u00e1nicos.<\/p>\n<p>5)\u00a0\u00a0\u00a0\u00a0\u00a0 Nitr\u00f3geno; 0,0112%.<\/p>\n<p>Elemento qu\u00edmico, s\u00edmbolo N, n\u00famero at\u00f3mico 7, peso at\u00f3mico 14.0067; es un gas en condiciones normales. El nitr\u00f3geno molecular es el principal constituyente de la atm\u00f3sfera ( 78% por volumen de aire seco). Esta concentraci\u00f3n es resultado del balance entre la fijaci\u00f3n del nitr\u00f3geno atmosf\u00e9rico por acci\u00f3n bacteriana, el\u00e9ctrica (rel\u00e1mpagos) y qu\u00edmica (industrial) y su liberaci\u00f3n a trav\u00e9s de la descomposici\u00f3n de materias org\u00e1nicas por bacterias o por combusti\u00f3n. En estado combinado, el nitr\u00f3geno se presenta en diversas formas.<\/p>\n<p>6)\u00a0\u00a0\u00a0\u00a0\u00a0 Ne\u00f3n; 0,011%.<\/p>\n<p>Elemento qu\u00edmico gaseoso, s\u00edmbolo Ne, con n\u00famero at\u00f3mico 10 y peso at\u00f3mico 20.179. El ne\u00f3n es miembro de la familia de los gases nobles. La \u00fanica fuente comercial del ne\u00f3n es la atm\u00f3sfera terrestre, aunque se encuentran peque\u00f1as cantidades de ne\u00f3n en el gas natural, en los minerales y en los meteoritos.<\/p>\n<p>7)\u00a0\u00a0\u00a0\u00a0\u00a0 Hierro; 0,003%.<\/p>\n<p>Elemento qu\u00edmico, s\u00edmbolo Fe, n\u00famero at\u00f3mico 26 y peso at\u00f3mico 55.847. El hierro es el cuarto elemento m\u00e1s abundante en la corteza terrestre (5%). Es un metal maleable, tenaz, de color gres plateado y magn\u00e9tico.<\/p>\n<p>8)\u00a0\u00a0\u00a0\u00a0\u00a0 Silicio; 0,003%.<\/p>\n<p>S\u00edmbolo Si, n\u00famero at\u00f3mico 14 y peso at\u00f3mico 28.086. El silicio es el elemento electropositivo m\u00e1s abundante de la corteza terrestre. Es un metaloide con marcado lustre met\u00e1lico y sumamente quebradizo. Por lo regular, es tetravalente en sus compuestos, aunque algunas veces es divalente, y es netamente electropositivo en su comportamiento qu\u00edmico.<\/p>\n<p>9)\u00a0\u00a0\u00a0\u00a0\u00a0 Magnesio; 0,003%.<\/p>\n<p>Elemento qu\u00edmico, met\u00e1lico, de s\u00edmbolo Mg, colocado en el grupo IIa del sistema peri\u00f3dico, de n\u00famero at\u00f3mico 12, peso at\u00f3mico 24.312. El magnesio es blanco plateado y muy ligero. El magnesio se conoce desde hace mucho tiempo como el metal estructural m\u00e1s ligero en la industria, debido a su bajo peso y capacidad para formar aleaciones mec\u00e1nicamente resistentes.<\/p>\n<p>10)\u00a0 Azufre; 0,0018%.<\/p>\n<p>Elemento qu\u00edmico, S, de n\u00famero at\u00f3mico 16. La proporci\u00f3n del azufre en la corteza terrestre es de 0.03-0.1%. Con frecuencia se encuentra como elemento libre cerca de las regiones volc\u00e1nicas (dep\u00f3sitos impuros).<\/p>\n<p>&nbsp;<\/p>\n","protected":false},"excerpt":{"rendered":"<p>A continuaci\u00f3n les presento los elementos mas abundantes en el universo: 1)\u00a0\u00a0\u00a0\u00a0\u00a0 Hidr\u00f3geno; 75% El hidr\u00f3geno se puede encontrar en cualquier lugar del universo, incluyendo los vastos alcances del espacio exterior. El hidr\u00f3geno constituye alrededor de un 75 por ciento de todos los \u00e1tomos del espacio exterior y ocupa casi uno de los lugares principales [&hellip;]<\/p>\n","protected":false},"author":10038,"featured_media":57,"parent":0,"menu_order":0,"comment_status":"closed","ping_status":"closed","template":"","meta":{"footnotes":""},"class_list":["post-54","page","type-page","status-publish","has-post-thumbnail","hentry"],"_links":{"self":[{"href":"https:\/\/blog.espol.edu.ec\/brosado\/wp-json\/wp\/v2\/pages\/54","targetHints":{"allow":["GET"]}}],"collection":[{"href":"https:\/\/blog.espol.edu.ec\/brosado\/wp-json\/wp\/v2\/pages"}],"about":[{"href":"https:\/\/blog.espol.edu.ec\/brosado\/wp-json\/wp\/v2\/types\/page"}],"author":[{"embeddable":true,"href":"https:\/\/blog.espol.edu.ec\/brosado\/wp-json\/wp\/v2\/users\/10038"}],"replies":[{"embeddable":true,"href":"https:\/\/blog.espol.edu.ec\/brosado\/wp-json\/wp\/v2\/comments?post=54"}],"version-history":[{"count":3,"href":"https:\/\/blog.espol.edu.ec\/brosado\/wp-json\/wp\/v2\/pages\/54\/revisions"}],"predecessor-version":[{"id":58,"href":"https:\/\/blog.espol.edu.ec\/brosado\/wp-json\/wp\/v2\/pages\/54\/revisions\/58"}],"wp:featuredmedia":[{"embeddable":true,"href":"https:\/\/blog.espol.edu.ec\/brosado\/wp-json\/wp\/v2\/media\/57"}],"wp:attachment":[{"href":"https:\/\/blog.espol.edu.ec\/brosado\/wp-json\/wp\/v2\/media?parent=54"}],"curies":[{"name":"wp","href":"https:\/\/api.w.org\/{rel}","templated":true}]}}