{"id":59,"date":"2015-11-22T17:00:59","date_gmt":"2015-11-22T17:00:59","guid":{"rendered":"http:\/\/blog.espol.edu.ec\/brosado\/?page_id=59"},"modified":"2015-11-22T17:00:59","modified_gmt":"2015-11-22T17:00:59","slug":"curiosidades-del-universo","status":"publish","type":"page","link":"https:\/\/blog.espol.edu.ec\/brosado\/curiosidades-del-universo\/","title":{"rendered":"CURIOSIDADES DEL UNIVERSO"},"content":{"rendered":"<p>El universo es todo: es el lugar donde vivimos, es uno de los mayores misterios sin resolver, es el todo y la nada, un lugar donde todo cambia y del que sabemos poco. \u00bfCrees que sabes mucho sobre el universo? Entonces, no te pierdas estas <strong>curiosidades acerca del Universo <\/strong>a continuaci\u00f3n.<\/p>\n<ul>\n<li>\n<h2>Estaba caliente cuando era joven\u2026<\/h2>\n<p>La teor\u00eda m\u00e1s aceptada sobre el origen del universo es la del Big Bang, aunque nadie sabe exactamente qu\u00e9 fue lo que origin\u00f3 este estallido, pero s\u00ed que el universo estaba incre\u00edblemente caliente en el momento del estallido y se iba enfriando a medida que se expand\u00eda. Un minuto luego del Big Bang, se estima que la temperatura era de 1000 millones Kelvin.<\/li>\n<li>\n<h2>A medida que envejece, el universo se enfr\u00eda<\/h2>\n<p>Diversas observaciones en galaxias lejanas han demostrado que el universo se est\u00e1 expandiendo a pasos agigantados. Otros datos demuestran que gradualmente se va enfriando, por lo que se puede llegar a considerar que el fin del universo se dar\u00e1 cuando este se congele.<\/li>\n<li>\n<div class=\"bx-wrapper\">\n<div class=\"bx-viewport\">\n<div class=\"body\">\n<div id=\"page-3\" class=\"article-page\">\n<h2>El universo abarca un di\u00e1metro de 150 mil millones de a\u00f1os luz<\/h2>\n<p>Eso mismo: medidas actuales creen que el universo tiene un di\u00e1metro de aproximadamente 150 mil millones de a\u00f1os luz, aunque se expande cada vez m\u00e1s. Aunque parece poco l\u00f3gico teniendo en cuenta la edad del Universo, debemos saber que se est\u00e1 expandiendo a una velocidad cada vez mayor.<\/p>\n<\/div>\n<div id=\"page-4\" class=\"article-page\">\n<div class=\"media media-element-container media-default\"><img decoding=\"async\" class=\"media-element file-default\" src=\"http:\/\/static.batanga.com\/sites\/default\/files\/styles\/full\/public\/curiosidades.batanga.com\/files\/10-interesantes-curiosidades-sobre-el-Universo-1.jpg?itok=ApWUlgaU\" alt=\"\" \/><\/p>\n<div class=\"field field-name-field-aviso-copyright field-type-text field-label-hidden field-wrapper\"><\/div>\n<\/div>\n<h2>El universo tiene una edad de 13700 millones de a\u00f1os<\/h2>\n<p>Esta medida se hace en base a la radiaci\u00f3n c\u00f3smica de fondo y tan solo tiene un 1% de precisi\u00f3n. M\u00e9todos m\u00e1s antiguos med\u00edan la abundancia de n\u00facleos radiactivos y se hac\u00edan observaciones en c\u00famulos globulares de las estrellas m\u00e1s viejas.<\/p>\n<\/div>\n<div id=\"page-5\" class=\"article-page\">\n<div class=\"media media-element-container media-default\"><img decoding=\"async\" class=\"media-element file-default\" src=\"http:\/\/static.batanga.com\/sites\/default\/files\/styles\/full\/public\/curiosidades.batanga.com\/files\/10-interesantes-curiosidades-sobre-el-Universo-9.jpg?itok=5iOg3D7j\" alt=\"\" \/><\/p>\n<div class=\"field field-name-field-aviso-copyright field-type-text field-label-hidden field-wrapper\"><\/div>\n<\/div>\n<h2>El universo es plano<\/h2>\n<p>Basados en la\u00a0teor\u00eda de la relatividad de Einstein hay solo tres formas que puede tener el universo: abierta, cerrada y plana. Las mediciones han confirmado que, efectivamente, es plana. Combinando geometr\u00eda y la idea de la llamada materia oscura se llega a la conclusi\u00f3n de que la forma m\u00e1s probable en que el universo llegue a un fin es mediante la congelaci\u00f3n.<\/p>\n<\/div>\n<div id=\"page-6\" class=\"article-page\">\n<div class=\"media media-element-container media-default\"><img decoding=\"async\" class=\"media-element file-default\" src=\"http:\/\/static.batanga.com\/sites\/default\/files\/styles\/full\/public\/curiosidades.batanga.com\/files\/10-interesantes-curiosidades-sobre-el-Universo-7.jpg?itok=KGRBGVU7\" alt=\"\" \/><\/p>\n<div class=\"field field-name-field-aviso-copyright field-type-text field-label-hidden field-wrapper\"><\/div>\n<\/div>\n<h2>Estructuras a gran escala del universo<\/h2>\n<p>Si tenemos en cuenta solo las <strong>grandes estructuras del universo<\/strong>, est\u00e1 formado por filamentos huecos, superc\u00famulos y grupos de galaxias. Algunos superc\u00famulos forman parte de las paredes, que a su vez son parte de los filamentos. Los espacios vac\u00edos son conocidos como huecos, y estas agrupaciones de cosas y vac\u00edos se debe a la diferencia de temperatura al generarse el universo.<\/p>\n<\/div>\n<div id=\"page-7\" class=\"article-page\">\n<div class=\"media media-element-container media-default\"><img decoding=\"async\" class=\"media-element file-default\" src=\"http:\/\/static.batanga.com\/sites\/default\/files\/styles\/full\/public\/curiosidades.batanga.com\/files\/10-interesantes-curiosidades-sobre-el-Universo-4.jpg?itok=UU6A7ala\" alt=\"\" \/><\/p>\n<div class=\"field field-name-field-aviso-copyright field-type-text field-label-hidden field-wrapper\"><\/div>\n<\/div>\n<h2>Una gran proporci\u00f3n de lo que se componen las cosas no lo podemos ver<\/h2>\n<p>La luz, las ondas de radio o los rayos X son algunas de las cosas que nos permiten ver parte del universo, pero lo cierto es que la mayor\u00eda a\u00fan est\u00e1 oculta. Pero otros fen\u00f3menos como los cambios en la temperatura, las velocidades orbitales o la velocidad de rotaci\u00f3n de las galaxias son la evidencia de que eso que no vemos est\u00e1 ah\u00ed, que la <strong>materia oscura\u00a0<\/strong>existe.<\/p>\n<\/div>\n<div id=\"page-8\" class=\"article-page\">\n<div class=\"media media-element-container media-default\"><img decoding=\"async\" class=\"media-element file-default\" src=\"http:\/\/static.batanga.com\/sites\/default\/files\/styles\/full\/public\/curiosidades.batanga.com\/files\/10-interesantes-curiosidades-sobre-el-Universo-10_0.jpg?itok=pgLygiCu\" alt=\"\" \/><\/p>\n<div class=\"field field-name-field-aviso-copyright field-type-text field-label-hidden field-wrapper\"><\/div>\n<\/div>\n<h2>No hay un centro del universo<\/h2>\n<p>No es ni la Tierra, ni ning\u00fan otro planeta, galaxia ni nada en particular. El universo no tiene centro, y si lo tuviera no ser\u00eda ni nuestro planeta ni nuestra galaxia.<\/p>\n<\/div>\n<div id=\"page-9\" class=\"article-page\">\n<div class=\"media media-element-container media-default\"><img decoding=\"async\" class=\"media-element file-default\" src=\"http:\/\/static.batanga.com\/sites\/default\/files\/styles\/full\/public\/curiosidades.batanga.com\/files\/10-interesantes-curiosidades-sobre-el-Universo-2.jpg?itok=F0UgdBQx\" alt=\"\" \/><\/p>\n<div class=\"field field-name-field-aviso-copyright field-type-text field-label-hidden field-wrapper\"><\/div>\n<\/div>\n<h2>Las galaxias buscan separarse lo m\u00e1s posible una de la otra<\/h2>\n<p>Las galaxias se est\u00e1n separando la una de la otra a un ritmo cada vez m\u00e1s acelerado, lo que lleva a la conclusi\u00f3n de que, probablemente, el universo podr\u00eda finalizar en el llamado Big Rip, un desgarro del mismo. Los cient\u00edficos que creen en este final tan catastr\u00f3fico se basan en la idea de que esta expansi\u00f3n no podr\u00e1 seguir por siempre.<\/p>\n<\/div>\n<div id=\"page-10\" class=\"article-page\">\n<div class=\"media media-element-container media-default\"><img decoding=\"async\" class=\"media-element file-default\" src=\"http:\/\/static.batanga.com\/sites\/default\/files\/styles\/full\/public\/curiosidades.batanga.com\/files\/10-interesantes-curiosidades-sobre-el-Universo-6.jpg?itok=BOCb4DPr\" alt=\"\" \/><\/p>\n<div class=\"field field-name-field-aviso-copyright field-type-text field-label-hidden field-wrapper\"><\/div>\n<\/div>\n<h2>Para entender el universo, debemos entender lo m\u00e1s peque\u00f1o<\/h2>\n<p>A medida que los cient\u00edficos empezaron a investigar el <strong>Big Bang<\/strong>, se dieron cuenta que mientras m\u00e1s atr\u00e1s iban en el tiempo, se iban encontrando con un universo m\u00e1s peque\u00f1o, m\u00e1s caliente y m\u00e1s denso, regido por energ\u00edas extremadamente altas. Estas condiciones se dieron en el \u00e1mbito de la f\u00edsica de part\u00edculas, por lo tanto, para entender el universo, se tienen que empezar a estudiar en profundidad las cosas m\u00e1s peque\u00f1as del mismo.<\/p>\n<p>&nbsp;<\/p>\n<\/div>\n<\/div>\n<\/div>\n<\/div>\n<\/li>\n<\/ul>\n","protected":false},"excerpt":{"rendered":"<p>El universo es todo: es el lugar donde vivimos, es uno de los mayores misterios sin resolver, es el todo y la nada, un lugar donde todo cambia y del que sabemos poco. \u00bfCrees que sabes mucho sobre el universo? Entonces, no te pierdas estas curiosidades acerca del Universo a continuaci\u00f3n. Estaba caliente cuando era [&hellip;]<\/p>\n","protected":false},"author":10038,"featured_media":60,"parent":0,"menu_order":0,"comment_status":"closed","ping_status":"closed","template":"","meta":{"footnotes":""},"class_list":["post-59","page","type-page","status-publish","has-post-thumbnail","hentry"],"_links":{"self":[{"href":"https:\/\/blog.espol.edu.ec\/brosado\/wp-json\/wp\/v2\/pages\/59","targetHints":{"allow":["GET"]}}],"collection":[{"href":"https:\/\/blog.espol.edu.ec\/brosado\/wp-json\/wp\/v2\/pages"}],"about":[{"href":"https:\/\/blog.espol.edu.ec\/brosado\/wp-json\/wp\/v2\/types\/page"}],"author":[{"embeddable":true,"href":"https:\/\/blog.espol.edu.ec\/brosado\/wp-json\/wp\/v2\/users\/10038"}],"replies":[{"embeddable":true,"href":"https:\/\/blog.espol.edu.ec\/brosado\/wp-json\/wp\/v2\/comments?post=59"}],"version-history":[{"count":1,"href":"https:\/\/blog.espol.edu.ec\/brosado\/wp-json\/wp\/v2\/pages\/59\/revisions"}],"predecessor-version":[{"id":61,"href":"https:\/\/blog.espol.edu.ec\/brosado\/wp-json\/wp\/v2\/pages\/59\/revisions\/61"}],"wp:featuredmedia":[{"embeddable":true,"href":"https:\/\/blog.espol.edu.ec\/brosado\/wp-json\/wp\/v2\/media\/60"}],"wp:attachment":[{"href":"https:\/\/blog.espol.edu.ec\/brosado\/wp-json\/wp\/v2\/media?parent=59"}],"curies":[{"name":"wp","href":"https:\/\/api.w.org\/{rel}","templated":true}]}}