{"id":62,"date":"2015-11-22T17:18:27","date_gmt":"2015-11-22T17:18:27","guid":{"rendered":"http:\/\/blog.espol.edu.ec\/brosado\/?page_id=62"},"modified":"2015-11-22T17:18:27","modified_gmt":"2015-11-22T17:18:27","slug":"distancia-entre-planetas","status":"publish","type":"page","link":"https:\/\/blog.espol.edu.ec\/brosado\/distancia-entre-planetas\/","title":{"rendered":"DISTANCIA ENTRE PLANETAS"},"content":{"rendered":"<section class=\"content-about\">\n<h2 class=\"Heading3\">Mercurio y Venus<\/h2>\n<div class=\"nonhowto-step\">\n<p class=\"intelliTXT step-content\">Mercurio es el planeta m\u00e1s cercano al Sol a una distancia promedio de 36 millones de millas (57.936.384 km). <label>Venus<\/label> es el siguiente en la l\u00ednea a 67,1 millones de millas (107.986.982 km). La resta de 36 menos 67,1 es igual a 31,1, lo que significa que la distancia entre Mercurio y Venus es de 31,1 millones de millas (50.050.598,4 km).<\/p>\n<\/div>\n<div class=\"nonhowto-step\"><\/div>\n<\/section>\n<section class=\"content-about\">\n<h2 class=\"Heading3\">Tierra y Marte<\/h2>\n<div class=\"nonhowto-step\">\n<p class=\"intelliTXT step-content\">La Tierra se encuentra a 92,9 millones de millas (149.508.058 km) del Sol. La resta de la distancia de Venus al Sol es igual a 25,8, lo que significa que Venus y la Tierra se encuentran separados por 25,8 millones de millas (41.521.075,2 km) en promedio. Marte se encuentra a 141,5 millones de millas (227.722.176 km) del Sol. La resta de la distancia de la Tierra es igual a 48,6, lo que significa que Marte y la Tierra se encuentran aproximadamente a 50 millones de millas (80.467.200 km) de separaci\u00f3n entre s\u00ed.<\/p>\n<section class=\"content-about\">\n<h2 class=\"Heading3\">J\u00fapiter, Saturno, Urano, Neptuno (los planetas exteriores)<\/h2>\n<div class=\"nonhowto-step\">\n<p class=\"intelliTXT step-content\">Mercurio, Venus, la Tierra y Marte son los planetas interiores del sistema solar. El gran espacio entre Marte y J\u00fapiter es el lugar en el que el sistema solar <label>exterior<\/label> comienza. J\u00fapiter se encuentra a 483,4 millones de millas (777.956.890 km) del Sol, lo que significa que est\u00e1 a 341,9 millones de millas (550.234.714 km) de Marte, su vecino m\u00e1s cercano. El siguiente en la l\u00ednea es Saturno con su distancia promedio de 886,7 millones de millas (1.427.005.320 km) del Sol. Esto significa que J\u00fapiter y Saturno se encuentran a 403,3 millones de millas (649.048.435 km) de distancia. La distancia entre Saturno y Urano es mayor que la distancia entre Saturno y el Sol. Urano se encuentra a 1.782,7 millones de millas (2.868.977.550 km) del Sol, por lo que la distancia entre Urano y Saturno es de 896 millones de millas (1.441.972.224 km). El espacio entre Urano y el planeta final, Neptuno, es incluso mayor. Neptuno se encuentra a 2.794,3 millones de millas (4.496.989.940 km) del Sol y a 1.011,6 millones de millas (1.628.012.390 km) de Saturno.<\/p>\n<\/div>\n<div class=\"nonhowto-step\"><\/div>\n<\/section>\n<section class=\"content-about\">\n<h2 class=\"Heading3\">Plut\u00f3n<\/h2>\n<div class=\"nonhowto-step\">\n<p class=\"intelliTXT step-content\">Plut\u00f3n alguna vez fue considerado como el noveno planeta. Hoy en <label>d\u00eda<\/label> los astr\u00f3nomos han reclasificado a Plut\u00f3n como un \"planeta enano\"; es muy peque\u00f1o como para ser considerado un planeta pero mantiene una \u00f3rbita planetaria y tiene su propio sat\u00e9lite. Su distancia promedio del sol es 3.666,1 millones de millas (5.900.016.040 km), lo que significa que la distancia entre Plut\u00f3n y Neptuno es de 871,8 millones de millas (1.403.026.100 km). Sin embargo vale la pena se\u00f1alar que cada 248 a\u00f1os la \u00f3rbita err\u00e1tica de Plut\u00f3n causa que se mueva hacia dentro de la \u00f3rbita de Neptuno, en la que permanece aproximadamente durante 20 a\u00f1os. Durante este tiempo Plut\u00f3n se encuentra en realidad m\u00e1s cerca del Sol que Neptuno.<\/p>\n<\/div>\n<\/section>\n<\/div>\n<\/section>\n","protected":false},"excerpt":{"rendered":"<p>Mercurio y Venus Mercurio es el planeta m\u00e1s cercano al Sol a una distancia promedio de 36 millones de millas (57.936.384 km). Venus es el siguiente en la l\u00ednea a 67,1 millones de millas (107.986.982 km). La resta de 36 menos 67,1 es igual a 31,1, lo que significa que la distancia entre Mercurio y [&hellip;]<\/p>\n","protected":false},"author":10038,"featured_media":63,"parent":0,"menu_order":0,"comment_status":"closed","ping_status":"closed","template":"","meta":{"footnotes":""},"class_list":["post-62","page","type-page","status-publish","has-post-thumbnail","hentry"],"_links":{"self":[{"href":"https:\/\/blog.espol.edu.ec\/brosado\/wp-json\/wp\/v2\/pages\/62","targetHints":{"allow":["GET"]}}],"collection":[{"href":"https:\/\/blog.espol.edu.ec\/brosado\/wp-json\/wp\/v2\/pages"}],"about":[{"href":"https:\/\/blog.espol.edu.ec\/brosado\/wp-json\/wp\/v2\/types\/page"}],"author":[{"embeddable":true,"href":"https:\/\/blog.espol.edu.ec\/brosado\/wp-json\/wp\/v2\/users\/10038"}],"replies":[{"embeddable":true,"href":"https:\/\/blog.espol.edu.ec\/brosado\/wp-json\/wp\/v2\/comments?post=62"}],"version-history":[{"count":1,"href":"https:\/\/blog.espol.edu.ec\/brosado\/wp-json\/wp\/v2\/pages\/62\/revisions"}],"predecessor-version":[{"id":64,"href":"https:\/\/blog.espol.edu.ec\/brosado\/wp-json\/wp\/v2\/pages\/62\/revisions\/64"}],"wp:featuredmedia":[{"embeddable":true,"href":"https:\/\/blog.espol.edu.ec\/brosado\/wp-json\/wp\/v2\/media\/63"}],"wp:attachment":[{"href":"https:\/\/blog.espol.edu.ec\/brosado\/wp-json\/wp\/v2\/media?parent=62"}],"curies":[{"name":"wp","href":"https:\/\/api.w.org\/{rel}","templated":true}]}}