{"id":65,"date":"2015-11-22T17:49:04","date_gmt":"2015-11-22T17:49:04","guid":{"rendered":"http:\/\/blog.espol.edu.ec\/brosado\/?page_id=65"},"modified":"2015-11-22T17:49:04","modified_gmt":"2015-11-22T17:49:04","slug":"planetas","status":"publish","type":"page","link":"https:\/\/blog.espol.edu.ec\/brosado\/planetas\/","title":{"rendered":"PLANETAS"},"content":{"rendered":"<ul>\n<li><em><strong>DEFINICI\u00d3N DE PLANETA<\/strong><\/em><\/li>\n<\/ul>\n<p>&nbsp;<\/p>\n<p>Un planeta es, seg\u00fan la definici\u00f3n adoptada por la Uni\u00f3n Astron\u00f3mica Internacional es un cuerpo celeste que:<\/p>\n<p>\u00d3rbita alrededor de una estrella o remanente de ella.<br \/>\nTiene suficiente masa para que su gravedad supere las fuerzas del cuerpo r\u00edgido, de manera que asuma una forma en equilibrio hidrost\u00e1tico (pr\u00e1cticamente esf\u00e9rica).<br \/>\nHa limpiado la vecindad de su \u00f3rbita de planetesimales, o lo que es lo mismo tiene dominancia orbital.<br \/>\nNo emite una luz propia<br \/>\nSeg\u00fan la definici\u00f3n, el Sistema Solar consta de ocho planetas: Mercurio, Venus, Tierra, Marte, J\u00fapiter, Saturno, Urano y Neptuno. En cambio Plut\u00f3n, que hasta 2006 se consideraba un planeta, ha pasado a clasificarse como planeta enano, junto a Ceres, tambi\u00e9n considerado planeta durante alg\u00fan tiempo, ya que era un referente en la ley de Titius-Bode, y m\u00e1s recientemente considerado como asteroide, y Eris, un objeto transneptuniano similar a Plut\u00f3n. Ciertamente, desde los a\u00f1os setenta exist\u00eda un amplio debate sobre el concepto de planeta a la luz de los nuevos datos referentes al tama\u00f1o de Plut\u00f3n (menor de lo calculado en un principio), un debate que aument\u00f3 en los a\u00f1os siguientes al descubrirse nuevos objetos que pod\u00edan tener tama\u00f1os similares. De esta manera, esta nueva definici\u00f3n de planeta introduce el concepto de planeta enano, que incluye a Ceres, Plut\u00f3n, Haumea, Sedna, Makemake y Eris; y tiene la diferencia de definici\u00f3n en , ya que no ha despejado la zona local de su \u00f3rbita y no es un sat\u00e9lite de otro cuerpo.<\/p>\n<p>Los cuerpos que giran en torno a otras estrellas se denominan generalmente planetas extrasolares o exoplanetas. Las condiciones que han de cumplir para ser considerados como tales son las mismas que se\u00f1ala la definici\u00f3n de planeta para el Sistema Solar, si bien giran en torno a sus respectivas estrellas. Incluyen adem\u00e1s una condici\u00f3n m\u00e1s en cuanto al l\u00edmite superior de su tama\u00f1o, que no ha de exceder las 13 masas jovianas y que constituye el umbral de masa que impide la fusi\u00f3n nuclear de deuterio<\/p>\n<p>A continuacion cito algunos exoplanetas mas conocidos por la huamanidad:<\/p>\n<p><strong>El primer exomundo<\/strong><br \/>\nLa primera evidencia s\u00f3lida de un exoplaneta lleg\u00f3 en 1992 cuando los cient\u00edficos calcularos que dos cuerpos deb\u00edan estar orbitando el p\u00falsar PSR 1257. Los p\u00falsares son estrellas de neutrones de r\u00e1pido giro, remanentes superdensos de la explosi\u00f3n supernova de estrellas masivas. Los investigadores piensan que los dos planetas son los n\u00facleos rocosos de gigantes gaseosos que perdieron sus atm\u00f3sferas en la explosi\u00f3n supernova o bien que se formaron en un segundo turno de formaci\u00f3n planetaria luego de la explosi\u00f3n.<\/p>\n<p>Nombres:PSR 1257 b y PSR 1257 c<br \/>\nNombre de estrella\/Constelaci\u00f3n:PSR 1257\/Virgo<br \/>\nDistancia de la Tierra: 978 a\u00f1os luz<br \/>\nMasa:4.1 y 3.8 Tierras<br \/>\nDistancia a su estrella hu\u00e9sped:0.36 y 0.46 UA<br \/>\nA\u00f1o de descubrimiento: 1991<\/p>\n<p><strong>Estrella t\u00edpica, planeta extraordinario<\/strong><br \/>\n<img decoding=\"async\" id=\"BLOGGER_PHOTO_ID_5237901438856374434\" class=\"aligncenter\" src=\"http:\/\/4.bp.blogspot.com\/_Vea_3vg0ArY\/SLDDm2eKqKI\/AAAAAAAABgA\/nKYcMWBz3V8\/s320\/51+Pegasi+planet.jpeg\" alt=\"Ilustraci\u00f3n de 51 Pegasi b\" border=\"0\" \/><br \/>\nEl primer exoplaneta descubierto alrededor de una estrella de la secuencia principal: el gaseoso 51 Pegasi b, completa una \u00f3rbita alrededor de la estrella cada 4 d\u00edas (en comparaci\u00f3n, la Tierra tarda 365 d\u00edas). Muchos exoplanetas descubiertos posteriormente son similares planetas gigantes gaseosos cercanos a su estrella, a los que se llama \"J\u00fapiters calientes\". Se suelen detectar con el denominado m\u00e9todo de velocidad radial. Con \u00e9l, los cient\u00edficos buscan cambios regulares en la luz de la estrella, causados por el tir\u00f3n del exoplaneta. 51 Pegasi b fue apodado como Bellerophon, por el m\u00edtico h\u00e9roe Griego que captur\u00f3 a Pegasus, el caballo alado.<\/p>\n<p>Nombre:51 Pegasi b<br \/>\nNombre de estrella\/Constelaci\u00f3n: 51 Pegasi\/Pegasus<br \/>\nDistancia de la Tierra: 48 light-years<br \/>\nMasa: 0.47 Jupiter<br \/>\nDistancia a su estrella hu\u00e9sped: 0.05 AU<br \/>\nA\u00f1o de descubrimiento: 1995<\/p>\n<p><strong>Sobreviviente del apocalipsis<\/strong><br \/>\nV391 Pegasi b se distingue por ser el \u00fanico planeta conocido en orbitar una estrella que pas\u00f3 por su fase de gigante roja. Las estrellas como nuestro Sol, al final de sus vidas, cuando se les agot\u00f3 el hidr\u00f3geno, se inflan cientos de veces de su tama\u00f1o original en la etapa de gigante roja. Los cient\u00edficos piensan que el exoplaneta estuvo a una distancia similar a la de la Tierra con el Sol. Esta distancia se achic\u00f3 al expandirse la estrella, pero el planeta migr\u00f3 a lo que ser\u00eda un poco m\u00e1s lejos que la \u00f3rbita de Marte. Quiz\u00e1s sea un buen ejemplo del destino de la Tierra y otros planetas orbitando gigantes rojas.<\/p>\n<p>Nombre:V391 Pegasi b<br \/>\nNombre de estrella\/Constelaci\u00f3n: V391 Pegasi\/Pegasus<br \/>\nDistancia de la Tierra: 4.550 a\u00f1os luz<br \/>\nMasa: 3.2 J\u00fapiters<br \/>\nDistancia a su estrella hu\u00e9sped: 1.7 UA (Unidades Astron\u00f3micas)<br \/>\nA\u00f1o de descubrimiento: 2007<\/p>\n<p><strong>Popurr\u00ed de planetas<\/strong><br \/>\n<img decoding=\"async\" id=\"BLOGGER_PHOTO_ID_5237901438480163810\" class=\"aligncenter\" title=\"Comparaci\u00f3n del Sistema solar y el sistema 55 Cancri\" src=\"http:\/\/4.bp.blogspot.com\/_Vea_3vg0ArY\/SLDDm1EeI-I\/AAAAAAAABgI\/SX2M4s09atg\/s320\/comparison_sp.gif\" alt=\"Comparaci\u00f3n del Sistema solar y el sistema 55 Cancri\" border=\"0\" \/><br \/>\nEl a\u00f1o pasado cont\u00e1bamos de un sistema planetario compuesto de 5 planetas, alrededor de la estrella 55 Cancri. Se trata de Super-Tierras que podr\u00edan ser evidencia de que los sistemas planetarios son relativamente m\u00e1s comunes de lo pensado.<br \/>\nM\u00e1s informaci\u00f3n en:<\/p>\n<p>Descubierto quinto planeta alrededor de una estrella<\/p>\n<p>Nombre:55 Cancri b-f<br \/>\nNombre de estrella\/Constelaci\u00f3n: 55 Cancri\/C\u00e1ncer<br \/>\nDistancia de la Tierra: 44 a\u00f1os luz<br \/>\nMasa: desde 18 Tierras hasta 4 J\u00fapiters<br \/>\nDistancia a su estrella hu\u00e9sped: entre 0.04 y 5.9 UA<br \/>\nA\u00f1o de descubrimiento: 2007<\/p>\n<p><strong>El mundo de extra\u00f1o hielo<\/strong><br \/>\nLos cient\u00edficos piensan que Gliese 436 b (GJ 43 b), un exoplaneta del tama\u00f1o de Neptuno es demasiado pesado para ser todo de gas pero no lo suficiente para ser enteramente roca. Sospechan que est\u00e1 formado de gas, roca y un tipo de hielo presurizado que s\u00f3lo se conoce en los laboratorios como \"hielo VII\" o \"hielo X\".<br \/>\nCont\u00e1bamos algo en \"Descubiertos otros 28 exoplanetas\".<\/p>\n<p>Nombre:Gliese 436 b<br \/>\nNombre de estrella\/Constelaci\u00f3n: Gliese 436 b\/Leo<br \/>\nDistancia de la Tierra: 33a\u00f1os luz<br \/>\nMasa: desde 18 Tierras hasta 22 Tierras<br \/>\nDistancia a su estrella hu\u00e9sped: 0.29<br \/>\nA\u00f1o de descubrimiento: 2004<\/p>\n<p><strong>En la zona<\/strong><br \/>\n<img decoding=\"async\" id=\"BLOGGER_PHOTO_ID_5237898556564884674\" class=\"aligncenter\" src=\"http:\/\/3.bp.blogspot.com\/_Vea_3vg0ArY\/SLDA_FGUzMI\/AAAAAAAABfw\/mK_uGL5C1Z0\/s320\/gliese+581.jpg\" alt=\"Ilustraci\u00f3n de Gliese 581 c\" border=\"0\" \/><br \/>\nCuando los astr\u00f3nomos detectaron Gliese 581 c pensaron que el exoplaneta estaba dentro de la llamada zona habitable, donde puede existir el agua l\u00edquida en la superficie del planeta. Gliese 581 c orbita muy cerca de su estrella, pero \u00e9sta es una enana roja, una estrella 50 veces m\u00e1s fr\u00eda que nuestro Sol. Posteriores estudios indicaron que no se encontrar\u00eda en esa zona, aunque abrieron la posibilidad de que Gliese 581 d s\u00ed lo est\u00e9. Y dado que el sistema Gliese 581 es la estrella n\u00famero 87 m\u00e1s cercana a la Tierra, es ciertamente un buen lugar para estudios m\u00e1s detallados.<br \/>\nCont\u00e1bamos al respecto en Gliese 581: un planeta podr\u00eda ser habitable<\/p>\n<p>Nombre:Gliese 581 c<br \/>\nNombre de estrella\/Constelaci\u00f3n: Gliese 581 c\/Libra<br \/>\nDistancia de la Tierra: 20.5 a\u00f1os luz<br \/>\nMasa: 5 Tierras<br \/>\nDistancia a su estrella hu\u00e9sped: 0.073 UA<br \/>\nA\u00f1o de descubrimiento: 2007<\/p>\n<p><strong>Exocaliente<\/strong><br \/>\nHD 149026 b es uno de los exoplanetas m\u00e1s calientes conocidos, con una superficie a 2.000 grados Celsius. Este \"Saturno caliente\", se cree, ser\u00eda temerosamente negro, quiz\u00e1s por una alta concentraci\u00f3n de elementos met\u00e1licos.<\/p>\n<p>Nombre:HD 149026<br \/>\nNombre de estrella\/Constelaci\u00f3n: HD 149026\/H\u00e9rcules<br \/>\nDistancia de la Tierra: 256 a\u00f1os luz<br \/>\nMasa: 0.38 J\u00fapiter<br \/>\nDistancia a su estrella hu\u00e9sped: 0.042 UA<br \/>\nA\u00f1o de descubrimiento: 2005<\/p>\n<p><strong>Un mundo peque\u00f1o<\/strong><br \/>\n<img decoding=\"async\" id=\"BLOGGER_PHOTO_ID_5237898552595891922\" class=\"aligncenter\" src=\"http:\/\/4.bp.blogspot.com\/_Vea_3vg0ArY\/SLDA-2UCxtI\/AAAAAAAABfg\/esmiaM5ZC5E\/s320\/HD+209458+b.gif\" alt=\"HD 209548\" border=\"0\" \/><br \/>\nAdem\u00e1s de ser el primer exoplaneta directamente observado desde la Tierra al transitar en frente de su estrella hu\u00e9sped,HD 209458 b (tambi\u00e9n llamado Osiris), se est\u00e1 achicando. Su proximidad a su estrella calienta a este mundo a unos 10.000 grados Celsius, por lo cual perder\u00eda 9.000 toneladas m\u00e9tricas de hidr\u00f3geno atmosf\u00e9rico por segundo, formando una cola tipo cometa. Se piensa que perder\u00eda toda su atm\u00f3sfera y quedar\u00eda un n\u00facleo fundido de magma. Adem\u00e1s, se descubri\u00f3 vapor de agua en su superfice.<\/p>\n<p>Nombre:HD 209548<br \/>\nNombre de estrella\/Constelaci\u00f3n: HD 209548\/Pegasus<br \/>\nDistancia de la Tierra: 153 a\u00f1os luz<br \/>\nMasa: 0.69 J\u00fapiter<br \/>\nDistancia a su estrella hu\u00e9sped: 0.045 UA<br \/>\nA\u00f1o de descubrimiento: 1999<\/p>\n<p><strong>Tres veces Tierra<\/strong><br \/>\nMOA-192 b es el m\u00e1s peque\u00f1o hasta ahora con 3.3 Tierras de masa. Orbita a una difusa estrella que posee 1\/12 de la masa de nuestro Sol. El diminuto tama\u00f1o de su estrella, sin embargo, es bastante com\u00fan en el universo, por lo que genera confianza en la posibilidad de encontrar planetas como el nuestro. La detecci\u00f3n del exoplaneta se realiz\u00f3 con la t\u00e9cnica de microlente gravitacional, un fen\u00f3meno predicho por Albert Einstein que hace uso del efecto de luz magnificada de una estrella entre un observador en la Tierra y el objeto de inter\u00e9s.<\/p>\n<p>Nombre:MOA-192 b<br \/>\nNombre de estrella\/Constelaci\u00f3n: MOA-2007-BLG-192-L\/Sagitario<br \/>\nDistancia de la Tierra: 1.000 a\u00f1os luz<br \/>\nMasa: 3.3 Tierras<br \/>\nDistancia a su estrella hu\u00e9sped: 0.62 UA<br \/>\nA\u00f1o de descubrimiento: 2008<\/p>\n<p><strong>El m\u00e1s viejito<\/strong><br \/>\n<img decoding=\"async\" id=\"BLOGGER_PHOTO_ID_5237898556142167522\" class=\"aligncenter\" src=\"http:\/\/1.bp.blogspot.com\/_Vea_3vg0ArY\/SLDA_DhipeI\/AAAAAAAABfo\/Nx9TwKpqFUk\/s320\/psr.jpg\" alt=\"Ilustraci\u00f3n de PSR B1620-26 b\" border=\"0\" \/><br \/>\nPSR B1620-26 b se habr\u00eda formado hace 13 mil millones de a\u00f1os. Apodado Methuselah, este probable gigante gaseoso reside en un c\u00famulo globular, donde orbita a dos estrellas, una enana blanca y un p\u00falsar. Se piensa que el exoplaneta habr\u00eda orbitado a una estrella amarilla com\u00fan como nuestro Sol, que luego se convirti\u00f3 en gigante roja y alimentando de material a una estrella de neutrones que luego fue un p\u00falsar.<br \/>\nMethuselah habitar\u00eda junto a otras estrellas en el c\u00famulo por lo que se piensa que ha sufrido la radiaci\u00f3n de varias supernovas.<br \/>\nEn un c\u00famulo muy, muy lejano, un mundo pudo existir. Aunque no una Rep\u00fablica o un Imperio...<\/p>\n<p>Nombre:PSR B1620-26 b<br \/>\nNombre de estrella\/Constelaci\u00f3n: PSR B1620-26\/Escorpio<br \/>\nDistancia de la Tierra: 5.600 a\u00f1os luz<br \/>\nMasa: 2.5 J\u00fapiters<br \/>\nDistancia a su estrella hu\u00e9sped: 23 UA<br \/>\nA\u00f1o de descubrimiento: 1994<\/p>\n<p>&nbsp;<\/p>\n","protected":false},"excerpt":{"rendered":"<p>DEFINICI\u00d3N DE PLANETA &nbsp; Un planeta es, seg\u00fan la definici\u00f3n adoptada por la Uni\u00f3n Astron\u00f3mica Internacional es un cuerpo celeste que: \u00d3rbita alrededor de una estrella o remanente de ella. Tiene suficiente masa para que su gravedad supere las fuerzas del cuerpo r\u00edgido, de manera que asuma una forma en equilibrio hidrost\u00e1tico (pr\u00e1cticamente esf\u00e9rica). Ha [&hellip;]<\/p>\n","protected":false},"author":10038,"featured_media":66,"parent":0,"menu_order":0,"comment_status":"closed","ping_status":"closed","template":"","meta":{"footnotes":""},"class_list":["post-65","page","type-page","status-publish","has-post-thumbnail","hentry"],"_links":{"self":[{"href":"https:\/\/blog.espol.edu.ec\/brosado\/wp-json\/wp\/v2\/pages\/65","targetHints":{"allow":["GET"]}}],"collection":[{"href":"https:\/\/blog.espol.edu.ec\/brosado\/wp-json\/wp\/v2\/pages"}],"about":[{"href":"https:\/\/blog.espol.edu.ec\/brosado\/wp-json\/wp\/v2\/types\/page"}],"author":[{"embeddable":true,"href":"https:\/\/blog.espol.edu.ec\/brosado\/wp-json\/wp\/v2\/users\/10038"}],"replies":[{"embeddable":true,"href":"https:\/\/blog.espol.edu.ec\/brosado\/wp-json\/wp\/v2\/comments?post=65"}],"version-history":[{"count":1,"href":"https:\/\/blog.espol.edu.ec\/brosado\/wp-json\/wp\/v2\/pages\/65\/revisions"}],"predecessor-version":[{"id":67,"href":"https:\/\/blog.espol.edu.ec\/brosado\/wp-json\/wp\/v2\/pages\/65\/revisions\/67"}],"wp:featuredmedia":[{"embeddable":true,"href":"https:\/\/blog.espol.edu.ec\/brosado\/wp-json\/wp\/v2\/media\/66"}],"wp:attachment":[{"href":"https:\/\/blog.espol.edu.ec\/brosado\/wp-json\/wp\/v2\/media?parent=65"}],"curies":[{"name":"wp","href":"https:\/\/api.w.org\/{rel}","templated":true}]}}