{"id":68,"date":"2015-11-22T18:02:58","date_gmt":"2015-11-22T18:02:58","guid":{"rendered":"http:\/\/blog.espol.edu.ec\/brosado\/?page_id=68"},"modified":"2015-11-22T18:11:07","modified_gmt":"2015-11-22T18:11:07","slug":"satelites-del-universo","status":"publish","type":"page","link":"https:\/\/blog.espol.edu.ec\/brosado\/satelites-del-universo\/","title":{"rendered":"SAT\u00c9LITES DEL SISTEMA SOLAR"},"content":{"rendered":"<p class=\"texto-izquierda\">A continuaci\u00f3n detallo los nombres de cada uno de los sat\u00e9lites del sistema solar:<\/p>\n<p class=\"texto-izquierda\"><strong>Mercurio<\/strong> y <strong>Venus<\/strong> no tienen sat\u00e9lites<\/p>\n<p class=\"texto-izquierda\"><strong class=\"Titulos\">Tierra:<\/strong> LUNA<\/p>\n<p class=\"texto-izquierda\"><strong class=\"Titulos\">Marte:<\/strong> Fobos y Deimos<\/p>\n<p class=\"texto-justify\"><strong class=\"Titulos\">J\u00fapiter: <\/strong>(64 sat\u00e9lites naturales): Adrastea, Aitn\u00e9, Amaltea, Anank\u00e9, Aedea, Arce, Aut\u00f3noe, Caldona, Cal\u00e9, C\u00e1lice, Cal\u00edrroe, Calisto, Carm\u00e9, Carpo, Cilene, Elara, Er\u00ednome, Euante, Euk\u00e9lade, Euporia, Eur\u00eddome, Europa, Gan\u00edmedes, Harp\u00e1lice, Heg\u00e9mone, Helik\u00e9, Hermip\u00e9, Himalia, \u00cdo, Isono\u00e9, Kallichore, Kore, Leda, Lisitea, Megaclite, Metis, Mnemea, Ortosia, Pas\u00edfae, Pas\u00edtea, Prax\u00eddice, Sinope, Spond\u00e9, T\u00e1igete, Tebe, Temisto, Telx\u00ednoe, Tione, Yocasta<strong>, actualmente hay 14 sat\u00e9lites que no se han bautizado.<\/strong><\/p>\n<p><span class=\"Titulos\">Saturno: <\/span>(62 sat\u00e9lites): Ege\u00f3n, Aegir, Albiorix, Anthe, Atlas, Bebhionn, Bergelmir, Bestla, Calipso, Dafne, Dione, Enc\u00e9lado, Epimeteo, Erriapo, Farbauti, Febe, Fenrir, Fornjot, Greip, Hati, Helena, Hiperi\u00f3n, Hyrokkin, Ijiraq, Jano, J\u00e1peto, Jarnsaxa, Kari, Kiviuq, Loge, Metone, Mimas, Mundilfari, Narvi, Paaliaq, Palene, Pan, Pandora, Pollux, Prometeo, Rea, Siarnaq, Skadi, Skoll, Surtur, Suttungr, Tarqeq, Tarvos, Telesto, Tetis, Thrymr, Tit\u00e1n, Ymir + 9 sin nombre + 3 sin confirmar<\/p>\n<p><span class=\"Titulos\">Urano:<\/span> (27 sat\u00e9lites) <strong>: <\/strong>MIRANDA - ARIEL - UMBRIEL- TITANIA - OBERON - CORDELIA - OFELIA - BIANCA - CRESIDA - DESD\u00c9MONA - JULIETA - PORCIA - ROSALINDA- CUPIDO - BELINDA- PERDITA - PUCK - MAB - FRANCISCO - CALIBAN- STEFANO - TRINCULO - SICORAX - MARGARITA - PR\u00d3SPERO - SETEBOS - FERDINANDO<br \/>\nNeptuno<b>:<\/b> TRITON<\/p>\n<p class=\"Titulos\" align=\"left\"><strong>Planetas Enanos:<\/strong><\/p>\n<p class=\"texto\" align=\"left\"><strong class=\"TitulosChicosIzquierda\">Plut\u00f3n: <\/strong>CARONTE - HYDRA - NIX - Cerbero y Estigia<\/p>\n<p><strong class=\"TitulosChicosIzquierda\">Eris:<\/strong>\u00a0DISNOMIA<\/p>\n<p><strong class=\"TitulosChicosIzquierda\">Haumea:<\/strong>\u00a0Hi\u02bbiaka y Namaka<\/p>\n<p><iframe loading=\"lazy\" title=\"Los 7  satelites naturales m\u00e1s grandes de nuestro sistema solar\" width=\"610\" height=\"458\" src=\"https:\/\/www.youtube.com\/embed\/RJPWxB9DkTo?feature=oembed\" frameborder=\"0\" allow=\"accelerometer; autoplay; clipboard-write; encrypted-media; gyroscope; picture-in-picture; web-share\" referrerpolicy=\"strict-origin-when-cross-origin\" allowfullscreen><\/iframe><\/p>\n","protected":false},"excerpt":{"rendered":"<p>A continuaci\u00f3n detallo los nombres de cada uno de los sat\u00e9lites del sistema solar: Mercurio y Venus no tienen sat\u00e9lites Tierra: LUNA Marte: Fobos y Deimos J\u00fapiter: (64 sat\u00e9lites naturales): Adrastea, Aitn\u00e9, Amaltea, Anank\u00e9, Aedea, Arce, Aut\u00f3noe, Caldona, Cal\u00e9, C\u00e1lice, Cal\u00edrroe, Calisto, Carm\u00e9, Carpo, Cilene, Elara, Er\u00ednome, Euante, Euk\u00e9lade, Euporia, Eur\u00eddome, Europa, Gan\u00edmedes, Harp\u00e1lice, Heg\u00e9mone, [&hellip;]<\/p>\n","protected":false},"author":10038,"featured_media":69,"parent":0,"menu_order":0,"comment_status":"closed","ping_status":"closed","template":"","meta":{"footnotes":""},"class_list":["post-68","page","type-page","status-publish","has-post-thumbnail","hentry"],"_links":{"self":[{"href":"https:\/\/blog.espol.edu.ec\/brosado\/wp-json\/wp\/v2\/pages\/68","targetHints":{"allow":["GET"]}}],"collection":[{"href":"https:\/\/blog.espol.edu.ec\/brosado\/wp-json\/wp\/v2\/pages"}],"about":[{"href":"https:\/\/blog.espol.edu.ec\/brosado\/wp-json\/wp\/v2\/types\/page"}],"author":[{"embeddable":true,"href":"https:\/\/blog.espol.edu.ec\/brosado\/wp-json\/wp\/v2\/users\/10038"}],"replies":[{"embeddable":true,"href":"https:\/\/blog.espol.edu.ec\/brosado\/wp-json\/wp\/v2\/comments?post=68"}],"version-history":[{"count":2,"href":"https:\/\/blog.espol.edu.ec\/brosado\/wp-json\/wp\/v2\/pages\/68\/revisions"}],"predecessor-version":[{"id":74,"href":"https:\/\/blog.espol.edu.ec\/brosado\/wp-json\/wp\/v2\/pages\/68\/revisions\/74"}],"wp:featuredmedia":[{"embeddable":true,"href":"https:\/\/blog.espol.edu.ec\/brosado\/wp-json\/wp\/v2\/media\/69"}],"wp:attachment":[{"href":"https:\/\/blog.espol.edu.ec\/brosado\/wp-json\/wp\/v2\/media?parent=68"}],"curies":[{"name":"wp","href":"https:\/\/api.w.org\/{rel}","templated":true}]}}