{"id":71,"date":"2015-11-22T18:10:30","date_gmt":"2015-11-22T18:10:30","guid":{"rendered":"http:\/\/blog.espol.edu.ec\/brosado\/?page_id=71"},"modified":"2015-11-23T13:20:35","modified_gmt":"2015-11-23T13:20:35","slug":"nuestro-satelite-la-luna","status":"publish","type":"page","link":"https:\/\/blog.espol.edu.ec\/brosado\/nuestro-satelite-la-luna\/","title":{"rendered":"NUESTRO SATELITE: LA LUNA"},"content":{"rendered":"<p>&nbsp;<\/p>\n<p>La Luna es el \u00fanico sat\u00e9lite natural de la Tierra. Con un di\u00e1metro ecuatorial de 3474 kmes el quinto sat\u00e9lite m\u00e1s grande del Sistema Solar, mientras que en cuanto al tama\u00f1o proporcional respecto de su planeta es el sat\u00e9lite m\u00e1s grande: un cuarto del di\u00e1metro de la Tierra y 1\/81 de su masa. Despu\u00e9s de \u00cdo, es adem\u00e1s el segundo sat\u00e9lite m\u00e1s denso. Se encuentra en relaci\u00f3n s\u00edncrona con la Tierra, siempre mostrando la misma cara hacia el planeta. El hemisferio visible est\u00e1 marcado con oscuros mares lunares de origen volc\u00e1nico entre las brillantes monta\u00f1as antiguas y los destacados astroblemas. A pesar de ser en apariencia el objeto m\u00e1s brillante en el cielo despu\u00e9s del Sol, su superficie es en realidad muy oscura, con una reflexi\u00f3n similar a la del carb\u00f3n. Su prominencia en el cielo y su ciclo regular de fases han hecho de la Luna un objeto con importante influencia cultural desde la antig\u00fcedad tanto en el lenguaje, como en el calendario, el arte o la mitolog\u00eda. La influencia gravitatoria de la Luna produce las mareas y el aumento de la duraci\u00f3n del d\u00eda. La distancia orbital de la Luna, cerca de treinta veces el di\u00e1metro de la Tierra, hace que se vea en el cielo con el mismo tama\u00f1o que el Sol y permite que la Luna cubra exactamente al Sol en los eclipses solares totales.<\/p>\n<p>La Luna es el \u00fanico cuerpo celeste en el que el ser humano ha realizado un descenso tripulado. Aunque el programa Luna de la Uni\u00f3n Sovi\u00e9tica fue el primero en alcanzar la Luna con una nave espacial no tripulada, el programa Apolo de Estados Unidos consigui\u00f3 las \u00fanicas misiones tripuladas hasta la fecha, comenzando con la primera \u00f3rbita lunar tripulada por el Apolo 8 en 1968, y seis alunizajes tripulados entre 1969 y 1972, siendo el primero el Apolo 11 en 1969. Estas misiones regresaron con m\u00e1s de 380 kg de roca lunar, que han permitido alcanzar una detallada comprensi\u00f3n geol\u00f3gica de los or\u00edgenes de la Luna (se cree que se form\u00f3 hace 4500 millones de a\u00f1os despu\u00e9s de un gran impacto), la formaci\u00f3n de su estructura interna y su posterior historia.<\/p>\n<p><span style=\"color: #000000\"><b><i>FORMACI\u00d3N<\/i><\/b><\/span><\/p>\n<p>Varios mecanismos han sido propuestos para explicar la formaci\u00f3n de la Luna hace 4527\u00b110 millones de a\u00f1os. Esta edad est\u00e1 calculada, seg\u00fan la dataci\u00f3n del is\u00f3topo de las rocas lunares, entre 30 y 50 millones de a\u00f1os luego del origen del sistema solar. Estos incluyen la fisi\u00f3n de la Luna desde la corteza terrestre a trav\u00e9s de fuerzas centr\u00edfugas, que deber\u00edan haber requerido tambi\u00e9n un giro inicial de la Tierra; la atracci\u00f3n gravitacional de la Luna en estado de formaci\u00f3n, que hubiera requerido una extensi\u00f3n inviable de la atm\u00f3sfera para disipar la energ\u00eda de la Luna, que se encontraba pasando; y la co-formaci\u00f3n de la Luna y la Tierra juntas en el disco de acreci\u00f3n primordial, que no explica la depleci\u00f3n de hierro en estado met\u00e1lico. Estas hip\u00f3tesis tampoco pueden explicar el fuerte momento angular en el sistema Tierra-Luna.<\/p>\n<p><iframe loading=\"lazy\" title=\"El Universo -Misterios de la Luna-\" width=\"610\" height=\"458\" src=\"https:\/\/www.youtube.com\/embed\/VahS7RwasEM?feature=oembed\" frameborder=\"0\" allow=\"accelerometer; autoplay; clipboard-write; encrypted-media; gyroscope; picture-in-picture; web-share\" referrerpolicy=\"strict-origin-when-cross-origin\" allowfullscreen><\/iframe><\/p>\n<p>La hip\u00f3tesis general hoy en d\u00eda es que el sistema Tierra-Luna se form\u00f3 como resultado de un gran impacto: un cuerpo celeste del tama\u00f1o de Marte colision\u00f3 con la joven Tierra, volando material en \u00f3rbita alrededor de esta, que se fusion\u00f3 para formar la Luna.Se cree que impactos gigantescos eran comunes en el Sistema Solar primitivo. Los modelados de un gran impacto a trav\u00e9s de simulaciones computacionales concuerdan con las mediciones del momento angular del sistema Tierra-Luna, y el peque\u00f1o tama\u00f1o del n\u00facleo lunar; a su vez demuestran que la mayor parte de la Luna proviene del impacto, no de la joven Tierra. Sin embargo, meteoritos demuestran que las composiciones isot\u00f3picas del ox\u00edgeno y el tungsteno de otros cuerpos del Sistema Solar interior tales como Marte y \u00a0Vesta son muy distintas a las de la Tierra, mientras que la Tierra y la Luna poseen composiciones isot\u00f3picas pr\u00e1cticamente id\u00e9nticas. El mezclado de material evaporado posterior al impacto entre la Tierra y la Luna pudo haber equiparado las composiciones, aunque esto es debatido.<\/p>\n<p>La importante cantidad de energ\u00eda liberada en el gran impacto y la subsecuente fusi\u00f3n del material en la \u00f3rbita de la Tierra pudo haber derretido la capa superficial de la Tierra, formando un oc\u00e9ano de magma. La reci\u00e9n formada Luna pudo tambi\u00e9n haber tenido su propio oc\u00e9ano de magma lunar; las estimaciones de su profundidad var\u00edan entre 500 km y el radio entero de la Luna.<\/p>\n","protected":false},"excerpt":{"rendered":"<p>&nbsp; La Luna es el \u00fanico sat\u00e9lite natural de la Tierra. Con un di\u00e1metro ecuatorial de 3474 kmes el quinto sat\u00e9lite m\u00e1s grande del Sistema Solar, mientras que en cuanto al tama\u00f1o proporcional respecto de su planeta es el sat\u00e9lite m\u00e1s grande: un cuarto del di\u00e1metro de la Tierra y 1\/81 de su masa. Despu\u00e9s [&hellip;]<\/p>\n","protected":false},"author":10038,"featured_media":112,"parent":0,"menu_order":0,"comment_status":"closed","ping_status":"closed","template":"","meta":{"footnotes":""},"class_list":["post-71","page","type-page","status-publish","has-post-thumbnail","hentry"],"_links":{"self":[{"href":"https:\/\/blog.espol.edu.ec\/brosado\/wp-json\/wp\/v2\/pages\/71","targetHints":{"allow":["GET"]}}],"collection":[{"href":"https:\/\/blog.espol.edu.ec\/brosado\/wp-json\/wp\/v2\/pages"}],"about":[{"href":"https:\/\/blog.espol.edu.ec\/brosado\/wp-json\/wp\/v2\/types\/page"}],"author":[{"embeddable":true,"href":"https:\/\/blog.espol.edu.ec\/brosado\/wp-json\/wp\/v2\/users\/10038"}],"replies":[{"embeddable":true,"href":"https:\/\/blog.espol.edu.ec\/brosado\/wp-json\/wp\/v2\/comments?post=71"}],"version-history":[{"count":3,"href":"https:\/\/blog.espol.edu.ec\/brosado\/wp-json\/wp\/v2\/pages\/71\/revisions"}],"predecessor-version":[{"id":119,"href":"https:\/\/blog.espol.edu.ec\/brosado\/wp-json\/wp\/v2\/pages\/71\/revisions\/119"}],"wp:featuredmedia":[{"embeddable":true,"href":"https:\/\/blog.espol.edu.ec\/brosado\/wp-json\/wp\/v2\/media\/112"}],"wp:attachment":[{"href":"https:\/\/blog.espol.edu.ec\/brosado\/wp-json\/wp\/v2\/media?parent=71"}],"curies":[{"name":"wp","href":"https:\/\/api.w.org\/{rel}","templated":true}]}}