{"id":75,"date":"2015-11-22T18:22:15","date_gmt":"2015-11-22T18:22:15","guid":{"rendered":"http:\/\/blog.espol.edu.ec\/brosado\/?page_id=75"},"modified":"2015-11-22T18:22:15","modified_gmt":"2015-11-22T18:22:15","slug":"el-universo","status":"publish","type":"page","link":"https:\/\/blog.espol.edu.ec\/brosado\/el-universo\/","title":{"rendered":"EL UNIVERSO"},"content":{"rendered":"<p>El universo es la totalidad del espacio y del tiempo, de todas las formas de la materia, la energ\u00eda y el impulso, las leyes y constantes f\u00edsicas que las gobiernan. Sin embargo, el t\u00e9rmino tambi\u00e9n se utiliza en sentidos contextuales ligeramente diferentes y alude a conceptos como cosmos, mundo o naturaleza.<\/p>\n<p>Observaciones astron\u00f3micas indican que el universo tiene una edad de 13,73 \u00b1 0,12 millardos de a\u00f1os (entre 13 730 y 13 810 millones de a\u00f1os) y por lo menos 93 000 millones de a\u00f1os luz de extensi\u00f3n. Seg\u00fan la teor\u00eda m\u00e1s aceptada, el evento que dio inicio al universo se denomina Big Bang. Se denomina Big-Bang a la singularidad que, conforme dicha teor\u00eda, fue la que cre\u00f3 el universo. Adem\u00e1s esta afirma que despu\u00e9s del Big Bang, el universo comenz\u00f3 a expandirse hasta llegar a su condici\u00f3n actual, y contin\u00faa haci\u00e9ndolo.<\/p>\n<p>Debido a que, seg\u00fan la teor\u00eda de la relatividad especial, la materia no puede moverse a una velocidad superior a la velocidad de la luz, puede parecer parad\u00f3jico que dos objetos del universo puedan haberse separado 93 mil millones de a\u00f1os luz en un tiempo de \u00fanicamente 13 mil millones de a\u00f1os; sin embargo, esta separaci\u00f3n no entra en conflicto con la teor\u00eda de la relatividad general, ya que esta solo afecta al movimiento en el espacio, pero no al espacio mismo, que puede extenderse a un ritmo superior, no limitado por la velocidad de la luz. Por lo tanto, dos galaxias pueden separarse una de la otra m\u00e1s r\u00e1pidamente que la velocidad de la luz si es el espacio entre ellas el que se dilata.<\/p>\n<p>Mediciones sobre la distribuci\u00f3n espacial y el desplazamiento hacia el rojo (redshift) de galaxias distantes, la radiaci\u00f3n c\u00f3smica de fondo de microondas, y los porcentajes relativos de los elementos qu\u00edmicos m\u00e1s ligeros, apoyan la teor\u00eda de la expansi\u00f3n del espacio, y m\u00e1s en general, la teor\u00eda del Big Bang, que propone que el universo en s\u00ed se cre\u00f3 en un momento espec\u00edfico en el pasado.<\/p>\n<p>Observaciones recientes han demostrado que esta expansi\u00f3n se est\u00e1 acelerando, y que la mayor parte de la materia y la energ\u00eda en el universo son las denominadas materia oscura y energ\u00eda oscura, la materia ordinaria (barionica), solo representar\u00eda algo m\u00e1s del 5 % del total.<\/p>\n<p>Los experimentos sugieren que el universo se ha regido por las mismas leyes f\u00edsicas, constantes a lo largo de su extensi\u00f3n e historia. Es homog\u00e9neo e isotr\u00f3pico. La fuerza dominante en distancias c\u00f3smicas es la gravedad, y la relatividad general es actualmente la teor\u00eda m\u00e1s exacta para describirla. Las otras tres fuerzas fundamentales, y las part\u00edculas en las que act\u00faan, son descritas por el modelo est\u00e1ndar. El universo tiene por lo menos tres dimensiones de espacio y una de tiempo, aunque experimentalmente no se pueden descartar dimensiones adicionales muy peque\u00f1as. El espacio-tiempo parece estar conectado de forma sencilla, y el espacio tiene una curvatura media muy peque\u00f1a o incluso nula, de manera que la geometr\u00eda euclidiana es, como norma general, exacta en todo el universo.<\/p>\n<p><iframe loading=\"lazy\" title=\"\u00bfQue es el Universo?\" width=\"610\" height=\"343\" src=\"https:\/\/www.youtube.com\/embed\/M_lmKQM28EY?feature=oembed\" frameborder=\"0\" allow=\"accelerometer; autoplay; clipboard-write; encrypted-media; gyroscope; picture-in-picture; web-share\" referrerpolicy=\"strict-origin-when-cross-origin\" allowfullscreen><\/iframe><\/p>\n<p>La ciencia modeliza el universo como un sistema cerrado que contiene energ\u00eda y materia adscritas al espacio-tiempo y que se rige fundamentalmente por principios causales.<\/p>\n<p>Bas\u00e1ndose en observaciones del universo observable, los f\u00edsicos intentan describir el continuo espacio-tiempo en que nos encontramos, junto con toda la materia y energ\u00eda existentes en \u00e9l. Su estudio, en las mayores escalas, es el objeto de la cosmolog\u00eda, disciplina basada en la astronom\u00eda y la f\u00edsica, en la cual se describen todos los aspectos de este universo con sus fen\u00f3menos.<\/p>\n<p>La teor\u00eda actualmente m\u00e1s aceptada sobre la formaci\u00f3n del universo, fue teorizada por el can\u00f3nigo belga Lema\u00eetre, a partir de las ecuaciones de Albert Einstein. Lemaitre concluy\u00f3 (en oposici\u00f3n a lo que pensaba Einstein), que el universo no era estacionario, que el universo ten\u00eda un origen. Es el modelo del Big Bang, que describe la expansi\u00f3n del espacio-tiempo a partir de una singularidad espaciotemporal. El universo experiment\u00f3 un r\u00e1pido periodo de inflaci\u00f3n c\u00f3smica que arras\u00f3 todas las irregularidades iniciales. A partir de entonces el universo se expandi\u00f3 y se convirti\u00f3 en estable, m\u00e1s fr\u00edo y menos denso. Las variaciones menores en la distribuci\u00f3n de la masa dieron como resultado la segregaci\u00f3n fractal en porciones, que se encuentran en el universo actual como c\u00famulos de galaxias.<\/p>\n<p>En cuanto a su destino final, las pruebas actuales parecen apoyar las teor\u00edas de la expansi\u00f3n permanente del universo (Big Freeze \u00f3 Big Rip, Gran Desgarro), que nos indica que la expansi\u00f3n misma del espacio, provocar\u00e1 que llegar\u00e1 un punto en que los \u00e1tomos mismos se separar\u00e1n en part\u00edculas subat\u00f3micas. Otros futuros posibles que se barajaron, especulaban que la materia oscura podr\u00eda ejercer la fuerza de gravedad suficiente para detener la expansi\u00f3n y hacer que toda la materia se comprima nuevamente; algo a lo que los cient\u00edficos denominan el Big Crunch o la Gran Implosi\u00f3n, pero las \u00faltimas observaciones van en la direcci\u00f3n del gran desgarro.<\/p>\n<p>Cabe recalcar que los datos y citas cientificas fueron tomadas de wikipedia.<\/p>\n","protected":false},"excerpt":{"rendered":"<p>El universo es la totalidad del espacio y del tiempo, de todas las formas de la materia, la energ\u00eda y el impulso, las leyes y constantes f\u00edsicas que las gobiernan. Sin embargo, el t\u00e9rmino tambi\u00e9n se utiliza en sentidos contextuales ligeramente diferentes y alude a conceptos como cosmos, mundo o naturaleza. Observaciones astron\u00f3micas indican que [&hellip;]<\/p>\n","protected":false},"author":10038,"featured_media":76,"parent":0,"menu_order":0,"comment_status":"closed","ping_status":"closed","template":"","meta":{"footnotes":""},"class_list":["post-75","page","type-page","status-publish","has-post-thumbnail","hentry"],"_links":{"self":[{"href":"https:\/\/blog.espol.edu.ec\/brosado\/wp-json\/wp\/v2\/pages\/75","targetHints":{"allow":["GET"]}}],"collection":[{"href":"https:\/\/blog.espol.edu.ec\/brosado\/wp-json\/wp\/v2\/pages"}],"about":[{"href":"https:\/\/blog.espol.edu.ec\/brosado\/wp-json\/wp\/v2\/types\/page"}],"author":[{"embeddable":true,"href":"https:\/\/blog.espol.edu.ec\/brosado\/wp-json\/wp\/v2\/users\/10038"}],"replies":[{"embeddable":true,"href":"https:\/\/blog.espol.edu.ec\/brosado\/wp-json\/wp\/v2\/comments?post=75"}],"version-history":[{"count":1,"href":"https:\/\/blog.espol.edu.ec\/brosado\/wp-json\/wp\/v2\/pages\/75\/revisions"}],"predecessor-version":[{"id":77,"href":"https:\/\/blog.espol.edu.ec\/brosado\/wp-json\/wp\/v2\/pages\/75\/revisions\/77"}],"wp:featuredmedia":[{"embeddable":true,"href":"https:\/\/blog.espol.edu.ec\/brosado\/wp-json\/wp\/v2\/media\/76"}],"wp:attachment":[{"href":"https:\/\/blog.espol.edu.ec\/brosado\/wp-json\/wp\/v2\/media?parent=75"}],"curies":[{"name":"wp","href":"https:\/\/api.w.org\/{rel}","templated":true}]}}