{"id":78,"date":"2015-11-22T18:29:01","date_gmt":"2015-11-22T18:29:01","guid":{"rendered":"http:\/\/blog.espol.edu.ec\/brosado\/?page_id=78"},"modified":"2015-11-22T18:29:01","modified_gmt":"2015-11-22T18:29:01","slug":"el-sistema-solar","status":"publish","type":"page","link":"https:\/\/blog.espol.edu.ec\/brosado\/el-sistema-solar\/","title":{"rendered":"EL SISTEMA SOLAR"},"content":{"rendered":"<p>El sistema solar es el sistema planetario en el que se encuentran la Tierra y otros objetos astron\u00f3micos que giran directa o indirectamente en una \u00f3rbita alrededor de una \u00fanica estrella conocida como el Sol.<\/p>\n<p>La estrella concentra el 99,75 % de la masa del sistema solar, y la mayor parte de la masa restante se concentra en ocho planetas cuyas \u00f3rbitas son pr\u00e1cticamente circulares y transitan dentro de un disco casi llano llamado plano ecl\u00edptico. Los cuatro m\u00e1s cercanos, considerablemente m\u00e1s peque\u00f1os Mercurio, Venus, Tierra y Marte, tambi\u00e9n conocidos como los planetas terrestres, est\u00e1n compuestos principalmente por roca y metal. Mientras que los cuatro m\u00e1s alejados, denominados gigantes gaseosos o \"planetas jovianos\", m\u00e1s masivos que los terrestres, est\u00e1n compuesto de hielo y gases. Los dos m\u00e1s grandes, J\u00fapiter y Saturno, est\u00e1n compuestos principalmente de helio e hidr\u00f3geno. Urano y Neptuno, denominados los gigantes helados, est\u00e1n formados mayoritariamente por agua congelada, amoniaco y metano.<br \/>\nConcepci\u00f3n art\u00edstica de un disco protoplanetario.<br \/>\nEl Sol es el \u00fanico cuerpo celeste que emite luz propia, la cual es producida por la combusti\u00f3n de hidr\u00f3geno y su transformaci\u00f3n en helio por la fusi\u00f3n nuclear. El sistema solar se form\u00f3 hace unos 4600 millones de a\u00f1os a partir del colapso de una nube molecular. El material residual origin\u00f3 un disco circunestelar protoplanetario en el que ocurrieron los procesos f\u00edsicos que llevaron a la formaci\u00f3n de los planetas. El sistema solar se ubica en la actualidad en la nube Interestelar Local que se halla en la Burbuja Local del brazo de Ori\u00f3n, de la galaxia espiral V\u00eda L\u00e1ctea, a unos 28 000 a\u00f1os luz del centro de esta.<\/p>\n<p>https:\/\/www.youtube.com\/watch?v=oDooG1RkrxE<br \/>\nEl sistema solar es tambi\u00e9n el hogar de varias regiones compuestas por objetos peque\u00f1os. El cintur\u00f3n de asteroides, ubicado entre Marte y J\u00fapiter, es similar a los planetas terrestres ya que est\u00e1 constituido principalmente por roca y metal, en este se encuentra el planeta enano Ceres. M\u00e1s all\u00e1 de la \u00f3rbita de Neptuno est\u00e1n el cintur\u00f3n de Kuiper, el disco disperso y la nube de Oort, que incluyen objetos transneptunianos formados por agua, amon\u00edaco y metano principalmente. En este lugar existen cuatro planetas enanos Haumea, Makemake, Eris y Plut\u00f3n, el cual fue considerado el noveno planeta del sistema solar hasta 2006. Este tipo de cuerpos celestes ubicados m\u00e1s all\u00e1 de la \u00f3rbita de Neptuno son tambi\u00e9n llamados plutoides, los cuales junto a Ceres, poseen el suficiente tama\u00f1o para que se hayan redondeado por efectos de su gravedad, pero que se diferencian principalmente de los planetas porque no han vaciado su \u00f3rbita de cuerpos vecinos.<\/p>\n<p>Adicionalmente a los miles de objetos peque\u00f1os de estas dos zonas, algunas docenas de los cuales son candidatos a planetas enanos, existen otros grupos como cometas, centauros y polvo c\u00f3smico que viajan libremente entre regiones. Seis planetas y tres planetas enanos poseen sat\u00e9lites naturales. El viento solar, un flujo de plasma del Sol, crea una burbuja de viento estelar en el medio interestelar conocido como heliosfera, la que se extiende hasta el borde del disco disperso. La nube de Oort, de la cual se cree es la fuente de los cometas de per\u00edodo largo, es el l\u00edmite del sistema solar y su borde est\u00e1 ubicado a un a\u00f1o luz desde el Sol.<\/p>\n","protected":false},"excerpt":{"rendered":"<p>El sistema solar es el sistema planetario en el que se encuentran la Tierra y otros objetos astron\u00f3micos que giran directa o indirectamente en una \u00f3rbita alrededor de una \u00fanica estrella conocida como el Sol. La estrella concentra el 99,75 % de la masa del sistema solar, y la mayor parte de la masa restante [&hellip;]<\/p>\n","protected":false},"author":10038,"featured_media":79,"parent":0,"menu_order":0,"comment_status":"closed","ping_status":"closed","template":"","meta":{"footnotes":""},"class_list":["post-78","page","type-page","status-publish","has-post-thumbnail","hentry"],"_links":{"self":[{"href":"https:\/\/blog.espol.edu.ec\/brosado\/wp-json\/wp\/v2\/pages\/78","targetHints":{"allow":["GET"]}}],"collection":[{"href":"https:\/\/blog.espol.edu.ec\/brosado\/wp-json\/wp\/v2\/pages"}],"about":[{"href":"https:\/\/blog.espol.edu.ec\/brosado\/wp-json\/wp\/v2\/types\/page"}],"author":[{"embeddable":true,"href":"https:\/\/blog.espol.edu.ec\/brosado\/wp-json\/wp\/v2\/users\/10038"}],"replies":[{"embeddable":true,"href":"https:\/\/blog.espol.edu.ec\/brosado\/wp-json\/wp\/v2\/comments?post=78"}],"version-history":[{"count":1,"href":"https:\/\/blog.espol.edu.ec\/brosado\/wp-json\/wp\/v2\/pages\/78\/revisions"}],"predecessor-version":[{"id":80,"href":"https:\/\/blog.espol.edu.ec\/brosado\/wp-json\/wp\/v2\/pages\/78\/revisions\/80"}],"wp:featuredmedia":[{"embeddable":true,"href":"https:\/\/blog.espol.edu.ec\/brosado\/wp-json\/wp\/v2\/media\/79"}],"wp:attachment":[{"href":"https:\/\/blog.espol.edu.ec\/brosado\/wp-json\/wp\/v2\/media?parent=78"}],"curies":[{"name":"wp","href":"https:\/\/api.w.org\/{rel}","templated":true}]}}