{"id":57,"date":"2009-11-22T13:06:07","date_gmt":"2009-11-22T18:06:07","guid":{"rendered":"http:\/\/blog.espol.edu.ec\/cablanco\/?page_id=57"},"modified":"2009-11-22T17:57:43","modified_gmt":"2009-11-22T22:57:43","slug":"otras-profecias","status":"publish","type":"page","link":"https:\/\/blog.espol.edu.ec\/cablanco\/otras-profecias\/","title":{"rendered":"Otras Profecias"},"content":{"rendered":"<p>Existen muchas teor\u00edas apocal\u00edpticas gracias a las diversas religiones y civilizaciones a lo largo de la historia. A pesar de que los escenarios que presentan son muy variados, lo \u00fanico que todos nos aseguran es que al final de los tiempos todos estaremos bien muertos.<\/p>\n<p>As\u00ed que, sin mas pre\u00e1mbulos, d\u00e9mosle un vistazo a los detalles de las mejores profecias del mundo<\/p>\n<p><a href=\"http:\/\/www.taringa.net\/\" target=\"_blank\">#5 D\u00cdA DEL JUICIO FINAL.<\/a><\/p>\n<p><img loading=\"lazy\" decoding=\"async\" class=\"aligncenter size-full wp-image-58\" src=\"http:\/\/blog.espol.edu.ec\/cablanco\/files\/2009\/11\/judgmentday1.jpg\" alt=\"judgmentday1\" width=\"560\" height=\"200\" srcset=\"https:\/\/blog.espol.edu.ec\/cablanco\/files\/2009\/11\/judgmentday1.jpg 560w, https:\/\/blog.espol.edu.ec\/cablanco\/files\/2009\/11\/judgmentday1-300x107.jpg 300w\" sizes=\"auto, (max-width: 560px) 100vw, 560px\" \/><\/p>\n<p>SE\ufffd?ALES ANTICIPADAS:<br \/>\nPocas denominaciones se ponen de acuerdo sobre lo que va a ocurrir y cuando va a ocurrir. Pero la idea b\u00e1sica es que algun d\u00eda veremos al Anticristo, seremos v\u00edctimas de tornados, plagas y terremotos. Ademas de que habra muchas guerras y rumores de <a href=\"http:\/\/www.mundosinguerras.ec\" target=\"_blank\">guerras.<\/a><\/p>\n<p>QUE PODEMOS ESPERAR:<br \/>\nUn cometa se estrellara contra nuestro planeta y convertir\u00e1 las aguas de los r\u00edos en sangre. Sat\u00e1n caminar\u00e1 sobre la tierra. La humanidad pelear\u00e1 una gran batalla donde participaran 200 millones de soldados y el propio Jesus bajar\u00e1 del cielo y otorgar\u00e1 los boletos de entrada al para\u00edso, en el cual algunos afortunados humanos habitar\u00e1n por mil a\u00f1os hasta que se vuelva a presentar una nueva depuraci\u00f3n de buenos y malos. Aunque en este caso sera solo de buenos y muy buenos. Y al final solo los muy buenos que pasen la prueba final vivir\u00e1n eternamente en la <a href=\"http:\/\/www.niccolomaffeo.es\" target=\"_blank\">Nueva Jerusalem<\/a>, sin sexo, con todos los ni\u00f1os del mundo, con mucho oro y muchas iglesias (Descontando lo de sin sexo \u00bfA poco no suena esa \u00faltima frase como a la religi\u00f3n cat\u00f3lica actual?)<\/p>\n<p>Afortunadamente, de acuerdo a la propia Biblia, todo esto solo suceder\u00e1 CUANDO NADIE LO ESTE ESPERANDO. As\u00ed que por ahora no hay problema, ahora estamos seguros de que por lo pronto nada pasara gracias a la oportuna lectura de este art\u00edculo.<\/p>\n<p>#4 LA LLEGADA DE GOCHIHR<\/p>\n<p><img loading=\"lazy\" decoding=\"async\" class=\"aligncenter size-full wp-image-59\" src=\"http:\/\/blog.espol.edu.ec\/cablanco\/files\/2009\/11\/gochihr.jpg\" alt=\"gochihr\" width=\"560\" height=\"200\" srcset=\"https:\/\/blog.espol.edu.ec\/cablanco\/files\/2009\/11\/gochihr.jpg 560w, https:\/\/blog.espol.edu.ec\/cablanco\/files\/2009\/11\/gochihr-300x107.jpg 300w\" sizes=\"auto, (max-width: 560px) 100vw, 560px\" \/><\/p>\n<p>SE\ufffd?ALES ANTICIPADAS:<br \/>\nUn cometa llamado Gochihr golpeara la tierra, causando que la raza humana comience a comportarse \u201ccomo una oveja que esta siendo atacada por un <a href=\"http:\/\/www.lobo.cx\" target=\"_blank\">lobo<\/a>\u201d.<\/p>\n<p>QUE PODEMOS ESPERAR:<br \/>\nGrandes oleadas de un santo metal fundido cubrir\u00e1n la superficie completa de la Tierra. Toda persona, viva o muerta sera juzgada. Aquellos que dedicaron su vida a alimentar a los pobres y no se burlaron de los viejitos que se creen presidentes seran capaces de nadar a traves de la lava ardiente como si fuera \u201cleche tibia\u201d. Los otros malvados, como los asesinos y los que contratan spots en televisi\u00f3n que afirman que un candidato presidencial es un peligro para el pa\u00eds, seran quemados hasta que sus pecados se desvanezcan.<\/p>\n<p>Entonces aparecer\u00e1 un hombre virgen llamado Saoshyant, que derrotar\u00e1 a las fuerzas del mal y convertira la tierra en un mundo perfecto donde nadie sufrir\u00e1 o morir\u00e1.<\/p>\n<p>En nuestros tiempos, estas ideas no son muy populares, ya que con ellas, hasta Carlos Salinas de Gortari, despues de unos cuantos d\u00edas de tortura podr\u00eda ir al para\u00edso una vez que pase lo peor. Es sencillo ver la raz\u00f3n por la que el Zoroastrianismo molesta a los seguidores de las religiones mas recientes que pregonan castigos eternos.<\/p>\n<p>3 EL REGRESO DE <a href=\"http:\/\/www.reyastrol.com\" target=\"_blank\">PAHANA<\/a><\/p>\n<p><img loading=\"lazy\" decoding=\"async\" class=\"aligncenter size-full wp-image-60\" src=\"http:\/\/blog.espol.edu.ec\/cablanco\/files\/2009\/11\/pahana.jpg\" alt=\"AIRPOWER IN OPERATION DESERT STORM\" width=\"560\" height=\"200\" srcset=\"https:\/\/blog.espol.edu.ec\/cablanco\/files\/2009\/11\/pahana.jpg 560w, https:\/\/blog.espol.edu.ec\/cablanco\/files\/2009\/11\/pahana-300x107.jpg 300w\" sizes=\"auto, (max-width: 560px) 100vw, 560px\" \/><\/p>\n<p>SE\ufffd?ALES ANTICIPADAS:<br \/>\nLlegaran hombres blancos a las tierras de los nativos Hopi, apropi\u00e1ndose de la tierra que no es suya y matando a sus enemigos con \u201ctruenos port\u00e1tiles\u201d\u2026<\/p>\n<p>Hey, un momento\u2026 Oh oh.<\/p>\n<p>QUE PODEMOS ESPERAR:<br \/>\nParece que aqu\u00ed tenemos una profec\u00eda cumplida. Las grandes serpientes de metal y los r\u00edos de piedra estan por todo el planeta. Los mares estan todos contaminados y pedazos del cielo han caido a la tierra. Lo \u00fanico que queda es esperar a la Gran Guerra en el desierto entre el hombre blanco y sus enemigos.<\/p>\n<p>Los Hopi fueron muy espec\u00edficos respecto a lo que sigue. De acuerdo a su profec\u00eda, aquellos afortunados que consigan evitar las enfermedades y la destrucci\u00f3n, podr\u00e1n emigrar a la tierra de los Hopi.<\/p>\n<p>La mala noticia: La tierra de los Hopi es Arizona.<\/p>\n<p>La buena noticia: Es solo temporal.<\/p>\n<p>Solo deberemos esperar el regreso de Pahana, o el \u201cHermano Blanco Perdido\u201d, que regresara de las estrellas a donde parti\u00f3 hace miles de a\u00f1os. Pahana descendera y los sobrevivientes seran personas muy sabias y convertiran al mundo en un lugar mejor.<\/p>\n<p>#2 <a href=\"http:\/\/www.geomundos.com\" target=\"_blank\">NAHUI OLLIN<\/a>-EL FIN DE LA QUINTA ERA<br \/>\n<img loading=\"lazy\" decoding=\"async\" class=\"aligncenter size-full wp-image-61\" src=\"http:\/\/blog.espol.edu.ec\/cablanco\/files\/2009\/11\/nahui.jpg\" alt=\"nahui\" width=\"593\" height=\"200\" srcset=\"https:\/\/blog.espol.edu.ec\/cablanco\/files\/2009\/11\/nahui.jpg 593w, https:\/\/blog.espol.edu.ec\/cablanco\/files\/2009\/11\/nahui-300x101.jpg 300w\" sizes=\"auto, (max-width: 593px) 100vw, 593px\" \/><\/p>\n<p>SE\ufffd?ALES ANTICIPADAS:<br \/>\nUn eclipse solar que durara por siempre. Esto sucedera debido a que los aztecas fueron destruidos por los invasores espa\u00f1oles hace 500 a\u00f1os y han dejado de alimentar a Nanahuatzin -mejor conocido como El Sol- con los sacrificios humanos que necesita para permanecer sano y fuerte. (Gracias, pinchis espa\u00f1olitos. En buen l\u00edo nos metieron).<\/p>\n<p>QUE PODEMOS ESPERAR:<br \/>\nDe acuerdo a muchas culturas centroamericanas, el mundo ya se ha acabado cuatro veces, por m\u00e9todos que han ido desde inundaciones hasta ej\u00e9rcitos de jaguares hambrientos. Nuestro mundo\/era actual tendr\u00e1 al terrible Tzitzimime, que pueden ser dos opciones distintas: Un ej\u00e9rcito de esqueletos que en lugar de penes tienen serpientes de cascabel, o una raza de huesudos monstruos ara\u00f1as que vendran de las estrellas<\/p>\n<p>Los aztecas cre\u00edan que el sol podr\u00eda salvarnos del Tzitzimime y para hacerlo deber\u00edan alimentarlo con corazones humanos. Pero claro, \u00a1los pinchis espa\u00f1oles invasores tuvieron que llegar a echar a perder todo!<\/p>\n<p>Hablando de Tzitzimime \u00bfEn donde he visto a las criaturas-monstruos ara\u00f1as huesudas?<br \/>\n\u00a1Ah si! Ya me acorde:<\/p>\n<p>As\u00ed que van a ser estas cosas o el ej\u00e9rcito de esqueletos. Vaya si es una dif\u00edcil decisi\u00f3n. Sobre todo si los Predators no van a participar en la batalla y apoyar a los humanos.<\/p>\n<p>Lo bueno es que han pasado mas de quinientos a\u00f1os desde nuestra \u00faltima donaci\u00f3n de corazones al sol y nada ha sucedido, as\u00ed que podr\u00edamos pensar que el mentado Tzitzimime se ha tardado. Pero con los dioses aztecas\u2026 nunca se sabe.<\/p>\n<p>#1<a href=\"http:\/\/www.ragnarokonline.com\" target=\"_self\"> RAGNAROK<\/a><\/p>\n<p><img loading=\"lazy\" decoding=\"async\" class=\"aligncenter size-full wp-image-62\" src=\"http:\/\/blog.espol.edu.ec\/cablanco\/files\/2009\/11\/ragnarok.jpg\" alt=\"ragnarok\" width=\"571\" height=\"200\" srcset=\"https:\/\/blog.espol.edu.ec\/cablanco\/files\/2009\/11\/ragnarok.jpg 571w, https:\/\/blog.espol.edu.ec\/cablanco\/files\/2009\/11\/ragnarok-300x105.jpg 300w\" sizes=\"auto, (max-width: 571px) 100vw, 571px\" \/><br \/>\nSE\ufffd?ALES ANTICIPADAS:<br \/>\nUn invierno que durar\u00e1 tres temporadas.<\/p>\n<p>QUE PODEMOS ESPERAR:<br \/>\nNada bueno. El sol sera devorado por lobos. El dios Loki se liberar\u00e1 de sus cuerdas hechas de los intestinos de su hijo y secuestrar\u00e1 una nave hecha de u\u00f1as de hombres muertos. Jormungandr, la Serpiente del Mundo se levantar\u00e1 de los oc\u00e9anos y esparcir\u00e1 su veneno por toda la tierra.<\/p>\n<p>Los dioses lidereados por Odin lucharan contra los demonios lidereados por Loki y al final el universo se destruira y la tierra se hundir\u00e1 en el oc\u00e9ano.<\/p>\n<p>Solo dos humanos, Lif y Lifthrasir sobreviviran al Ragnarok escondi\u00e9ndose en el Yggdrasil, el \u00e1rbol de la vida, que tiene el largo suficiente como para contactar al infierno, la tierra y los cielos al mismo tiempo, lo que seguramente proporciona muchos lugares para esconderse. Al final de la batalla, la tierra emerger\u00e1 del mar, verde y justa. Ademas la hija del sol ser\u00e1 el nuevo astro rey, gracias a que el buen sol la dio a luz (nunca mejor dicho) justo antes de ser devorado por los lobos del principio del relato.<\/p>\n<p>Con un reparto que incluye a Odin el padre de todos los dioses, a Thor el dios del Trueno y a Fenrir, que es un lobo tan grande que tiene que agacharse para no salirse de la atm\u00f3sfera terrestre, este escenario del fin del mundo es el sue\u00f1o y fantas\u00eda de todo nerd. Una batalla \u00e9pica que cualquiera disfrutar\u00eda\u2026 si no fuera porque vamos a estar todos muertos.<\/p>\n<p>Un consejo, si tienen oportunidad, oc\u00faltense en la madera del \u00e1rbol Yggdrasil, prep\u00e1rense a disfrutar la funci\u00f3n y despues a ded\u00edquense a repoblar el nuevo mundo en compa\u00f1ia de Lif y Lifthrasir. (Espero que por lo menos uno de esos dos sea mujer, porque si no\u2026 va a estar muy dif\u00edcil la misi\u00f3n).<\/p>\n<p>Como pueden ver, hay mucho mas que las trilladas profec\u00edas del armaged\u00f3n y los jinetes del apocalipsis b\u00edblico. Por mucho, yo prefiero y me quedo con Ragnarok. Pero como siempre, todo es una cuesti\u00f3n de gustos.<\/p>\n","protected":false},"excerpt":{"rendered":"<p>Existen muchas teor\u00edas apocal\u00edpticas gracias a las diversas religiones y civilizaciones a lo largo de la historia. A pesar de que los escenarios que presentan son muy variados, lo \u00fanico que todos nos aseguran es que al final de los tiempos todos estaremos bien muertos. As\u00ed que, sin mas pre\u00e1mbulos, d\u00e9mosle un vistazo a los [&hellip;]<\/p>\n","protected":false},"author":3184,"featured_media":0,"parent":0,"menu_order":0,"comment_status":"open","ping_status":"open","template":"","meta":{"footnotes":""},"class_list":["post-57","page","type-page","status-publish","hentry"],"_links":{"self":[{"href":"https:\/\/blog.espol.edu.ec\/cablanco\/wp-json\/wp\/v2\/pages\/57","targetHints":{"allow":["GET"]}}],"collection":[{"href":"https:\/\/blog.espol.edu.ec\/cablanco\/wp-json\/wp\/v2\/pages"}],"about":[{"href":"https:\/\/blog.espol.edu.ec\/cablanco\/wp-json\/wp\/v2\/types\/page"}],"author":[{"embeddable":true,"href":"https:\/\/blog.espol.edu.ec\/cablanco\/wp-json\/wp\/v2\/users\/3184"}],"replies":[{"embeddable":true,"href":"https:\/\/blog.espol.edu.ec\/cablanco\/wp-json\/wp\/v2\/comments?post=57"}],"version-history":[{"count":4,"href":"https:\/\/blog.espol.edu.ec\/cablanco\/wp-json\/wp\/v2\/pages\/57\/revisions"}],"predecessor-version":[{"id":88,"href":"https:\/\/blog.espol.edu.ec\/cablanco\/wp-json\/wp\/v2\/pages\/57\/revisions\/88"}],"wp:attachment":[{"href":"https:\/\/blog.espol.edu.ec\/cablanco\/wp-json\/wp\/v2\/media?parent=57"}],"curies":[{"name":"wp","href":"https:\/\/api.w.org\/{rel}","templated":true}]}}