{"id":1,"date":"2009-08-08T14:26:33","date_gmt":"2009-08-08T18:26:33","guid":{"rendered":"http:\/\/blog.espol.edu.ec\/calara\/?page_id=1"},"modified":"2009-08-10T10:54:01","modified_gmt":"2009-08-10T14:54:01","slug":"yop","status":"publish","type":"page","link":"https:\/\/blog.espol.edu.ec\/calara\/yop\/","title":{"rendered":"YoP"},"content":{"rendered":"<div><span style=\"font-family: &quot;Georgia&quot;,&quot;serif&quot;color: black;font-size: 14pt\"><span style=\"font-family: &quot;Georgia&quot;,&quot;serif&quot;color: black;font-size: 11pt\">En esta p\u00e1gina podr\u00e1n encontrar una mini biograf\u00eda de mi vida y de todo lo que he realizado en estos pocos a\u00f1os mis hobbies y muchas cosas m\u00e1s<\/span><\/span><\/div>\n<div><\/div>\n<p><span style=\"font-family: &quot;Georgia&quot;,&quot;serif&quot;color: black;font-size: 14pt\"><\/p>\n<p class=\"MsoNormal\" style=\"margin: 0cm 0cm 10pt\">\u00a0<\/p>\n<p><\/span><\/p>\n<p class=\"MsoNormal\" style=\"text-align: center;margin: 0cm 0cm 10pt\"><span style=\"font-size: 14pt\"><strong><em><span style=\"color: #008000\">M<\/span><span style=\"color: #008000\">i nacimiento <\/span><\/em><\/strong><\/span><\/p>\n<p class=\"MsoNormal\" style=\"text-align: center;margin: 0cm 0cm 10pt\"><span style=\"font-size: 14pt\"><strong><em><span style=\"color: #008000\"><a href=\"http:\/\/blog.espol.edu.ec\/calara\/files\/2009\/08\/andres11.jpg\"><img loading=\"lazy\" decoding=\"async\" class=\"aligncenter size-medium wp-image-17\" src=\"http:\/\/blog.espol.edu.ec\/calara\/files\/2009\/08\/andres11-300x204.jpg\" alt=\"andres11\" width=\"300\" height=\"204\" srcset=\"https:\/\/blog.espol.edu.ec\/calara\/files\/2009\/08\/andres11-300x204.jpg 300w, https:\/\/blog.espol.edu.ec\/calara\/files\/2009\/08\/andres11.jpg 640w\" sizes=\"auto, (max-width: 300px) 100vw, 300px\" \/><\/a><\/span><\/em><\/strong><\/span><\/p>\n<p class=\"MsoNormal\" style=\"margin: 0cm 0cm 10pt\"><span style=\"font-family: Calibri;font-size: small\">Yo naci un d\u00eda s\u00e1bado 26 de octubre del 1991 a eso de la 11:45 de la ma\u00f1ana aunque por obvias razones no se lo que abra pasado en esos momentos mi mama me ha contado que todo sali\u00f3 bien en esa ocasi\u00f3n ella decidi\u00f3 ponerme de nombre Carlos Andr\u00e9s\u2026. Ya que a ella le gustaba mucho.<\/span><\/p>\n<div><\/div>\n<p><span style=\"font-family: Calibri;font-size: small\"><\/p>\n<p class=\"MsoNormal\" style=\"text-align: center;margin: 0cm 0cm 10pt\" align=\"center\"><span style=\"font-size: 14pt\"><span style=\"color: #008000\"><strong><em>Vida en la escuela<\/em><\/strong><\/span><\/span><\/p>\n<p>\u00a0<\/p>\n<p><\/span><\/p>\n<p class=\"MsoNormal\" style=\"text-align: center;margin: 0cm 0cm 10pt\" align=\"center\"><span style=\"font-size: 14pt\"><span style=\"color: #008000\"><a href=\"http:\/\/blog.espol.edu.ec\/calara\/files\/2009\/08\/andres2.jpg\"><img loading=\"lazy\" decoding=\"async\" class=\"aligncenter size-medium wp-image-16\" src=\"http:\/\/blog.espol.edu.ec\/calara\/files\/2009\/08\/andres2-300x194.jpg\" alt=\"andres2\" width=\"300\" height=\"194\" srcset=\"https:\/\/blog.espol.edu.ec\/calara\/files\/2009\/08\/andres2-300x194.jpg 300w, https:\/\/blog.espol.edu.ec\/calara\/files\/2009\/08\/andres2.jpg 640w\" sizes=\"auto, (max-width: 300px) 100vw, 300px\" \/><\/a><\/span><\/span><\/p>\n<p class=\"MsoNormal\" style=\"margin: 0cm 0cm 10pt\"><span style=\"color: black\"><span style=\"font-family: Calibri;font-size: small\">\u00a0<\/span><\/span><\/p>\n<p class=\"MsoNormal\" style=\"margin: 0cm 0cm 10pt\"><span style=\"color: black\"><span style=\"font-size: small\"><span style=\"font-family: Calibri\">Estudie desde los cuatro a\u00f1os empec\u00e9 preescolar en una escuela llamada\u00a0\u00a0Adolfo Facio solo estudie ese a\u00f1o ya que cuando entre a primer grado me cambiaron a una escuela cerca de mi casa su nombre era \u00c1rabe Unida ah\u00ed estudie hasta terminar la escuela los 6 a\u00f1os\u00a0 no recuerdo haber sido tan buen estudiante pero tampoco era vago ten\u00eda mis altas y bajas nunca tuve ning\u00fan problema con mis compa\u00f1eros de clase ya que era un mismo curso y eso fue hasta el final en cuanto a la disciplina nunca hice nada malo siempre me porte muy bien<\/span><\/span><\/span><\/p>\n<div><\/div>\n<p><span style=\"font-family: Calibri;font-size: small\"><\/p>\n<p class=\"MsoNormal\" style=\"text-align: center;margin: 0cm 0cm 10pt\" align=\"center\"><span style=\"font-size: 14pt\"><span style=\"color: #008000\"><strong><em>Mi vida en el colegio<\/em><\/strong><\/span><\/span><\/p>\n<p class=\"MsoNormal\" style=\"text-align: center;margin: 0cm 0cm 10pt\" align=\"center\"><span style=\"font-size: 14pt\"><span style=\"color: #008000\"><strong><em><\/em><\/strong><\/span><\/span><\/p>\n<p><span style=\"font-family: Calibri;font-size: small\">Luego de terminar la Escuela y rumbo al colegio mi mama decidi\u00f3 ponerme en el colegio Provincia de Chimborazo un colegio fiscal ella me puso ah\u00ed por que ah\u00ed estaba estudiando mi sobrino y mi sobrina tambi\u00e9n iva entrar a ese colegio los tres primeros a\u00f1os de b\u00e1sica estudie en la tarde no se me hizo muy complicado adaptarme al ambiente de un colegio en los 3 a\u00f1os de b\u00e1sico aprendi muchas cosas tanto en el \u00e1mbito de las materias que me daban como tambi\u00e9n de la vida ya ve\u00eda las cosas desde otra perspectivas. Cuando empece cuarto a\u00f1o se hizo un poco complicado ya que ahora se lo llama cuarto com\u00fan donde ves todas las materias de espelizacion que hay me dieron f\u00edsica, qu\u00edmica, biolog\u00eda, contabilidad, electricidad, etc, aunque lo logre superar y de muy buena forma en quinto tuve que elegir mi especializaci\u00f3n no fue muy dif\u00edcil ya que sabia lo que quer\u00eda y lo que me gustaba por eso elegi contabilidad, con eso quinto y sexto a\u00f1o se me hicieron mas sencillos ya que ve\u00eda materias que me gustaban y al fin el a\u00f1o pasado logre cumplir una de mis primeras metas en la vida graduarme ah\u00ed termina mis etapa de colegio\u2026\u2026.:-)<\/span><\/p>\n<p>\u00a0<\/p>\n<p><\/span><\/p>\n<p style=\"text-align: center\">\u00a0<a href=\"http:\/\/blog.espol.edu.ec\/calara\/files\/2009\/08\/grafico1.jpg\"><img loading=\"lazy\" decoding=\"async\" class=\"size-medium wp-image-28 aligncenter\" src=\"http:\/\/blog.espol.edu.ec\/calara\/files\/2009\/08\/grafico1-300x231.jpg\" alt=\"grafico1\" width=\"300\" height=\"231\" srcset=\"https:\/\/blog.espol.edu.ec\/calara\/files\/2009\/08\/grafico1-300x231.jpg 300w, https:\/\/blog.espol.edu.ec\/calara\/files\/2009\/08\/grafico1.jpg 1003w\" sizes=\"auto, (max-width: 300px) 100vw, 300px\" \/><\/a><\/p>\n<p style=\"text-align: left\"><a href=\"http:\/\/blog.espol.edu.ec\/calara\/files\/2009\/08\/grafico2.jpg\"><img loading=\"lazy\" decoding=\"async\" class=\"size-medium wp-image-29 aligncenter\" src=\"http:\/\/blog.espol.edu.ec\/calara\/files\/2009\/08\/grafico2-300x231.jpg\" alt=\"grafico2\" width=\"300\" height=\"230\" \/><\/a><\/p>\n<p class=\"MsoNormal\" style=\"margin: 0cm 0cm 10pt\">\n<p class=\"MsoNormal\" style=\"margin: 0cm 0cm 10pt\">\u00a0<\/p>\n<p class=\"MsoNormal\" style=\"text-align: center;margin: 0cm 0cm 10pt\" align=\"center\"><span style=\"font-size: 14pt\"><span style=\"font-family: Calibri\"><span style=\"color: #008000\">Mi vida en ESPOL<\/span><\/span><\/span><\/p>\n<p class=\"MsoNormal\" style=\"margin: 0cm 0cm 10pt\"><span style=\"font-family: Calibri;font-size: small\">Antes de culminar el colegio un amigo me menciono que se iba a inscribir para dar el examen de ubicaci\u00f3n en la ESPOL haciendo planes y viendo si las posibilidades se daban decid\u00ed optar por la misma opci\u00f3n as\u00ed que tambi\u00e9n me inscrib\u00ed para ver si aprobaba y logre ingresar a el nivel cero. Aunque todo lo que aprend\u00ed en el pre no lo sabia hice un gran esfuerzo por ir a ayudant\u00edas y practicar ejercicios y logre pasar al primer semestre\u2026\u2026. En el campus de la prosperina en esto momentos estoy cursando el primer semestre y cog\u00ed 5 materias entre ellas la de Colaboraci\u00f3n digital y por la cual estoy haciendo esta mini biograf\u00eda.<\/span><\/p>\n<p class=\"MsoNormal\" style=\"margin: 0cm 0cm 10pt\">A continuaci\u00f3 veran unas imagines de la universidad<\/p>\n<p class=\"MsoNormal\" style=\"margin: 0cm 0cm 10pt\">ESPOL\u00a0vista aerea<a href=\"http:\/\/blog.espol.edu.ec\/calara\/files\/2009\/08\/espol.jpg\"><img loading=\"lazy\" decoding=\"async\" class=\"aligncenter size-medium wp-image-20\" src=\"http:\/\/blog.espol.edu.ec\/calara\/files\/2009\/08\/espol-300x208.jpg\" alt=\"espol\" width=\"300\" height=\"208\" srcset=\"https:\/\/blog.espol.edu.ec\/calara\/files\/2009\/08\/espol-300x208.jpg 300w, https:\/\/blog.espol.edu.ec\/calara\/files\/2009\/08\/espol.jpg 500w\" sizes=\"auto, (max-width: 300px) 100vw, 300px\" \/><\/a><\/p>\n<p class=\"MsoNormal\" style=\"margin: 0cm 0cm 10pt\">Rectorado ESPOL<\/p>\n<p class=\"MsoNormal\" style=\"margin: 0cm 0cm 10pt\"><a href=\"http:\/\/blog.espol.edu.ec\/calara\/files\/2009\/08\/espol-2.jpg\"><img loading=\"lazy\" decoding=\"async\" class=\"aligncenter size-medium wp-image-21\" src=\"http:\/\/blog.espol.edu.ec\/calara\/files\/2009\/08\/espol-2-300x225.jpg\" alt=\"espol-2\" width=\"300\" height=\"225\" srcset=\"https:\/\/blog.espol.edu.ec\/calara\/files\/2009\/08\/espol-2-300x225.jpg 300w, https:\/\/blog.espol.edu.ec\/calara\/files\/2009\/08\/espol-2.jpg 500w\" sizes=\"auto, (max-width: 300px) 100vw, 300px\" \/><\/a><\/p>\n<p class=\"MsoNormal\" style=\"margin: 0cm 0cm 10pt\">Are\u00e1s verdes ESPOL<\/p>\n<p class=\"MsoNormal\" style=\"margin: 0cm 0cm 10pt\"><a href=\"http:\/\/blog.espol.edu.ec\/calara\/files\/2009\/08\/espol-3.jpg\"><img loading=\"lazy\" decoding=\"async\" class=\"aligncenter size-medium wp-image-22\" src=\"http:\/\/blog.espol.edu.ec\/calara\/files\/2009\/08\/espol-3-300x225.jpg\" alt=\"espol-3\" width=\"300\" height=\"225\" srcset=\"https:\/\/blog.espol.edu.ec\/calara\/files\/2009\/08\/espol-3-300x225.jpg 300w, https:\/\/blog.espol.edu.ec\/calara\/files\/2009\/08\/espol-3.jpg 500w\" sizes=\"auto, (max-width: 300px) 100vw, 300px\" \/><\/a><\/p>\n<p class=\"MsoNormal\" style=\"margin: 0cm 0cm 10pt\">Are\u00e1s verdes de la ESPOL<\/p>\n<p class=\"MsoNormal\" style=\"margin: 0cm 0cm 10pt\"><a href=\"http:\/\/blog.espol.edu.ec\/calara\/files\/2009\/08\/espol-4.jpg\"><img loading=\"lazy\" decoding=\"async\" class=\"aligncenter size-medium wp-image-23\" src=\"http:\/\/blog.espol.edu.ec\/calara\/files\/2009\/08\/espol-4-300x225.jpg\" alt=\"espol-4\" width=\"300\" height=\"225\" srcset=\"https:\/\/blog.espol.edu.ec\/calara\/files\/2009\/08\/espol-4-300x225.jpg 300w, https:\/\/blog.espol.edu.ec\/calara\/files\/2009\/08\/espol-4.jpg 500w\" sizes=\"auto, (max-width: 300px) 100vw, 300px\" \/><\/a><\/p>\n<p class=\"MsoNormal\" style=\"margin: 0cm 0cm 10pt\">Mi instituto ICM<\/p>\n<p class=\"MsoNormal\" style=\"margin: 0cm 0cm 10pt\"><a href=\"http:\/\/blog.espol.edu.ec\/calara\/files\/2009\/08\/espol-5.jpg\"><img loading=\"lazy\" decoding=\"async\" class=\"aligncenter size-medium wp-image-26\" src=\"http:\/\/blog.espol.edu.ec\/calara\/files\/2009\/08\/espol-5-300x224.jpg\" alt=\"espol-5\" width=\"300\" height=\"224\" srcset=\"https:\/\/blog.espol.edu.ec\/calara\/files\/2009\/08\/espol-5-300x224.jpg 300w, https:\/\/blog.espol.edu.ec\/calara\/files\/2009\/08\/espol-5.jpg 344w\" sizes=\"auto, (max-width: 300px) 100vw, 300px\" \/><\/a><\/p>\n","protected":false},"excerpt":{"rendered":"<p>En esta p\u00e1gina podr\u00e1n encontrar una mini biograf\u00eda de mi vida y de todo lo que he realizado en estos pocos a\u00f1os mis hobbies y muchas cosas m\u00e1s \u00a0 Mi nacimiento Yo naci un d\u00eda s\u00e1bado 26 de octubre del 1991 a eso de la 11:45 de la ma\u00f1ana aunque por obvias razones no se [&hellip;]<\/p>\n","protected":false},"author":1701,"featured_media":0,"parent":0,"menu_order":0,"comment_status":"open","ping_status":"open","template":"","meta":{"footnotes":""},"class_list":["post-1","page","type-page","status-publish","hentry"],"_links":{"self":[{"href":"https:\/\/blog.espol.edu.ec\/calara\/wp-json\/wp\/v2\/pages\/1","targetHints":{"allow":["GET"]}}],"collection":[{"href":"https:\/\/blog.espol.edu.ec\/calara\/wp-json\/wp\/v2\/pages"}],"about":[{"href":"https:\/\/blog.espol.edu.ec\/calara\/wp-json\/wp\/v2\/types\/page"}],"author":[{"embeddable":true,"href":"https:\/\/blog.espol.edu.ec\/calara\/wp-json\/wp\/v2\/users\/1701"}],"replies":[{"embeddable":true,"href":"https:\/\/blog.espol.edu.ec\/calara\/wp-json\/wp\/v2\/comments?post=1"}],"version-history":[{"count":12,"href":"https:\/\/blog.espol.edu.ec\/calara\/wp-json\/wp\/v2\/pages\/1\/revisions"}],"predecessor-version":[{"id":13,"href":"https:\/\/blog.espol.edu.ec\/calara\/wp-json\/wp\/v2\/pages\/1\/revisions\/13"}],"wp:attachment":[{"href":"https:\/\/blog.espol.edu.ec\/calara\/wp-json\/wp\/v2\/media?parent=1"}],"curies":[{"name":"wp","href":"https:\/\/api.w.org\/{rel}","templated":true}]}}