{"id":117,"date":"2009-08-22T11:35:17","date_gmt":"2009-08-22T15:35:17","guid":{"rendered":"http:\/\/blog.espol.edu.ec\/calara\/?page_id=117"},"modified":"2009-08-22T11:55:57","modified_gmt":"2009-08-22T15:55:57","slug":"pon-tu-musica-preferida-a-tu-blog","status":"publish","type":"page","link":"https:\/\/blog.espol.edu.ec\/calara\/pon-tu-musica-preferida-a-tu-blog\/","title":{"rendered":"Pon tu m\u00fasica preferida a tu blog"},"content":{"rendered":"<p>Pasos:<br \/>\n1. Ingresa a la p\u00e1gina <a href=\"http:\/\/www.mixpod.com\/\">www.mixpod.com <\/a><br \/>\n2. Crea tu cuenta haciendo clic en sing up. Llena todos los datos y luego ingresa a la p\u00e1gina con tu cuenta<br \/>\n3. Ub\u00edcate en la pesta\u00f1a create playlist una ves ah\u00ed busca tu canci\u00f3n preferida cuando la encuentres dale clic al s\u00edmbolo + que sale al lado izquierdo<br \/>\n4. Selecciona la pesta\u00f1a customize y selecciona la imagen que quieres que salga en tu blog<br \/>\n5. Selecciona la pesta\u00f1a save playlist y llena los datos q te piden da clic en save (get code)<br \/>\n6. Luego te sale una p\u00e1gina nueva con un c\u00f3digo embed eso no es el indicado as\u00ed que no lo copies ve a la pesta\u00f1a My playlists y selecciona saved playlists<br \/>\n7. Ah\u00ed puedes observar todas las canciones guardadas elige la que quieras poner en tu blog y dale clic al titulo de la canci\u00f3n se te abre una p\u00e1gina en la cual puedes ver la imagen q elegiste anteriormente y abajo sale embed:........ Ese c\u00f3digo debes copiarlo en un widget de texto.<\/p>\n<p>Espero lo puedan hacer cualquier consulta me avisan.... \ud83d\ude42 <\/p>\n","protected":false},"excerpt":{"rendered":"<p>Pasos: 1. Ingresa a la p\u00e1gina www.mixpod.com 2. Crea tu cuenta haciendo clic en sing up. Llena todos los datos y luego ingresa a la p\u00e1gina con tu cuenta 3. Ub\u00edcate en la pesta\u00f1a create playlist una ves ah\u00ed busca tu canci\u00f3n preferida cuando la encuentres dale clic al s\u00edmbolo + que sale al lado [&hellip;]<\/p>\n","protected":false},"author":1701,"featured_media":0,"parent":0,"menu_order":0,"comment_status":"open","ping_status":"open","template":"","meta":{"footnotes":""},"class_list":["post-117","page","type-page","status-publish","hentry"],"_links":{"self":[{"href":"https:\/\/blog.espol.edu.ec\/calara\/wp-json\/wp\/v2\/pages\/117","targetHints":{"allow":["GET"]}}],"collection":[{"href":"https:\/\/blog.espol.edu.ec\/calara\/wp-json\/wp\/v2\/pages"}],"about":[{"href":"https:\/\/blog.espol.edu.ec\/calara\/wp-json\/wp\/v2\/types\/page"}],"author":[{"embeddable":true,"href":"https:\/\/blog.espol.edu.ec\/calara\/wp-json\/wp\/v2\/users\/1701"}],"replies":[{"embeddable":true,"href":"https:\/\/blog.espol.edu.ec\/calara\/wp-json\/wp\/v2\/comments?post=117"}],"version-history":[{"count":3,"href":"https:\/\/blog.espol.edu.ec\/calara\/wp-json\/wp\/v2\/pages\/117\/revisions"}],"predecessor-version":[{"id":121,"href":"https:\/\/blog.espol.edu.ec\/calara\/wp-json\/wp\/v2\/pages\/117\/revisions\/121"}],"wp:attachment":[{"href":"https:\/\/blog.espol.edu.ec\/calara\/wp-json\/wp\/v2\/media?parent=117"}],"curies":[{"name":"wp","href":"https:\/\/api.w.org\/{rel}","templated":true}]}}