{"id":6,"date":"2010-11-10T13:01:06","date_gmt":"2010-11-10T18:01:06","guid":{"rendered":"http:\/\/blog.espol.edu.ec\/calculointegral\/examenes-de-calculo-integral\/"},"modified":"2011-01-03T10:18:17","modified_gmt":"2011-01-03T15:18:17","slug":"examenes-de-calculo-integral","status":"publish","type":"page","link":"https:\/\/blog.espol.edu.ec\/calculointegral\/examenes-de-calculo-integral\/","title":{"rendered":"Examenes de C\u00e1lculo Integral"},"content":{"rendered":"<p><strong> <\/strong><strong><a href=\"https:\/\/www.dspace.espol.edu.ec\/handle\/123456789\/8183\" target=\"_blank\">C\u00e1lculo Integral - Examen Mejoramiento - T\u00e9rmino I - 2009<\/a><\/strong><\/p>\n<p><strong><\/strong><strong><a href=\"https:\/\/www.dspace.espol.edu.ec\/handle\/123456789\/7385\">C\u00e1lculo Integral - Examen Mejoramiento - T\u00e9rmino II - 2007<\/a><\/strong><\/p>\n<p><strong><\/strong><strong><a href=\"https:\/\/www.dspace.espol.edu.ec\/handle\/123456789\/7009\">C\u00e1lculo Integral - Examen Mejoramiento - T\u00e9rmino II - 2008<\/a><\/strong><\/p>\n<p><strong><\/strong><strong><a href=\"https:\/\/www.dspace.espol.edu.ec\/handle\/123456789\/7007\">C\u00e1lculo Integral - Examen Mejoramiento - T\u00e9rmino III - 2007<\/a><\/strong><\/p>\n<p>En el repositorio de la <a href=\"http:\/\/www.espol.edu.ec\">ESPOL<\/a>, se encuentran m\u00e1s ex\u00e1menes de t\u00e9rminos anteriores que pueden ser descargardos. Buena suerte!<\/p>\n<p><a href=\"http:\/\/dspace.espol.edu.ec\" target=\"_blank\"><img loading=\"lazy\" decoding=\"async\" class=\"aligncenter size-full wp-image-35\" title=\"dspace\" src=\"http:\/\/blog.espol.edu.ec\/calculointegral\/files\/2010\/11\/dspace.jpg\" alt=\"\" width=\"299\" height=\"230\" \/><\/a><\/p>\n","protected":false},"excerpt":{"rendered":"<p>C\u00e1lculo Integral - Examen Mejoramiento - T\u00e9rmino I - 2009 C\u00e1lculo Integral - Examen Mejoramiento - T\u00e9rmino II - 2007 C\u00e1lculo Integral - Examen Mejoramiento - T\u00e9rmino II - 2008 C\u00e1lculo Integral - Examen Mejoramiento - T\u00e9rmino III - 2007 En el repositorio de la ESPOL, se encuentran m\u00e1s ex\u00e1menes de t\u00e9rminos anteriores que pueden [&hellip;]<\/p>\n","protected":false},"author":5475,"featured_media":0,"parent":0,"menu_order":0,"comment_status":"open","ping_status":"open","template":"","meta":{"_monsterinsights_skip_tracking":false,"_monsterinsights_sitenote_active":false,"_monsterinsights_sitenote_note":"","_monsterinsights_sitenote_category":0,"footnotes":""},"class_list":["post-6","page","type-page","status-publish","hentry"],"_links":{"self":[{"href":"https:\/\/blog.espol.edu.ec\/calculointegral\/wp-json\/wp\/v2\/pages\/6","targetHints":{"allow":["GET"]}}],"collection":[{"href":"https:\/\/blog.espol.edu.ec\/calculointegral\/wp-json\/wp\/v2\/pages"}],"about":[{"href":"https:\/\/blog.espol.edu.ec\/calculointegral\/wp-json\/wp\/v2\/types\/page"}],"author":[{"embeddable":true,"href":"https:\/\/blog.espol.edu.ec\/calculointegral\/wp-json\/wp\/v2\/users\/5475"}],"replies":[{"embeddable":true,"href":"https:\/\/blog.espol.edu.ec\/calculointegral\/wp-json\/wp\/v2\/comments?post=6"}],"version-history":[{"count":3,"href":"https:\/\/blog.espol.edu.ec\/calculointegral\/wp-json\/wp\/v2\/pages\/6\/revisions"}],"predecessor-version":[{"id":34,"href":"https:\/\/blog.espol.edu.ec\/calculointegral\/wp-json\/wp\/v2\/pages\/6\/revisions\/34"}],"wp:attachment":[{"href":"https:\/\/blog.espol.edu.ec\/calculointegral\/wp-json\/wp\/v2\/media?parent=6"}],"curies":[{"name":"wp","href":"https:\/\/api.w.org\/{rel}","templated":true}]}}