{"id":188,"date":"2010-06-29T11:30:53","date_gmt":"2010-06-29T16:30:53","guid":{"rendered":"http:\/\/blog.espol.edu.ec\/calo\/?page_id=188"},"modified":"2010-07-02T12:50:12","modified_gmt":"2010-07-02T17:50:12","slug":"sobre-mi-universidad","status":"publish","type":"page","link":"https:\/\/blog.espol.edu.ec\/calo\/sobre-mi-universidad\/","title":{"rendered":"- Sobre mi Universidad - Espol"},"content":{"rendered":"<h1><a href=\"http:\/\/blog.espol.edu.ec\/calo\/files\/2010\/06\/espol1.png\"><img loading=\"lazy\" decoding=\"async\" class=\"alignleft size-full wp-image-203\" title=\"espol\" src=\"http:\/\/blog.espol.edu.ec\/calo\/files\/2010\/06\/espol1.png\" alt=\"\" width=\"300\" height=\"299\" srcset=\"https:\/\/blog.espol.edu.ec\/calo\/files\/2010\/06\/espol1.png 300w, https:\/\/blog.espol.edu.ec\/calo\/files\/2010\/06\/espol1-150x150.png 150w\" sizes=\"auto, (max-width: 300px) 100vw, 300px\" \/><\/a><\/h1>\n<h1>ESPOL<\/h1>\n<h2><strong>Misi\u00f3n<\/strong><\/h2>\n<p>Formar profesionales de excelencia, l\u00edderes, emprendedores, con s\u00f3lidos valores morales y \u00e9ticos que contribuyan al desarrollo del pa\u00eds, para mejorarlo en lo social, econ\u00f3mico, ambiental y pol\u00edtico. Hacer investigaci\u00f3n, transferencia de tecnolog\u00eda y extensi\u00f3n de calidad para servir a la sociedad.<\/p>\n<h2>Vision<\/h2>\n<p>Ser l\u00edder y referente de la Educaci\u00f3n Superior de Am\u00e9rica Latina.<\/p>\n<p>Aqui les dejo el enlace de la <strong>ESPOL<\/strong> en Youtube en el encontraran cursos de matematicas explicados por los mejores Catedraticos de <strong>ECUADOR<\/strong><\/p>\n<p><cite>www.<strong>youtube<\/strong>.com\/user\/<strong>espol50<\/strong><\/cite><\/p>\n","protected":false},"excerpt":{"rendered":"<p>ESPOL Misi\u00f3n Formar profesionales de excelencia, l\u00edderes, emprendedores, con s\u00f3lidos valores morales y \u00e9ticos que contribuyan al desarrollo del pa\u00eds, para mejorarlo en lo social, econ\u00f3mico, ambiental y pol\u00edtico. Hacer investigaci\u00f3n, transferencia de tecnolog\u00eda y extensi\u00f3n de calidad para servir a la sociedad. Vision Ser l\u00edder y referente de la Educaci\u00f3n Superior de Am\u00e9rica Latina. [&hellip;]<\/p>\n","protected":false},"author":3899,"featured_media":0,"parent":0,"menu_order":0,"comment_status":"open","ping_status":"open","template":"","meta":{"footnotes":""},"class_list":["post-188","page","type-page","status-publish","hentry"],"_links":{"self":[{"href":"https:\/\/blog.espol.edu.ec\/calo\/wp-json\/wp\/v2\/pages\/188","targetHints":{"allow":["GET"]}}],"collection":[{"href":"https:\/\/blog.espol.edu.ec\/calo\/wp-json\/wp\/v2\/pages"}],"about":[{"href":"https:\/\/blog.espol.edu.ec\/calo\/wp-json\/wp\/v2\/types\/page"}],"author":[{"embeddable":true,"href":"https:\/\/blog.espol.edu.ec\/calo\/wp-json\/wp\/v2\/users\/3899"}],"replies":[{"embeddable":true,"href":"https:\/\/blog.espol.edu.ec\/calo\/wp-json\/wp\/v2\/comments?post=188"}],"version-history":[{"count":12,"href":"https:\/\/blog.espol.edu.ec\/calo\/wp-json\/wp\/v2\/pages\/188\/revisions"}],"predecessor-version":[{"id":200,"href":"https:\/\/blog.espol.edu.ec\/calo\/wp-json\/wp\/v2\/pages\/188\/revisions\/200"}],"wp:attachment":[{"href":"https:\/\/blog.espol.edu.ec\/calo\/wp-json\/wp\/v2\/media?parent=188"}],"curies":[{"name":"wp","href":"https:\/\/api.w.org\/{rel}","templated":true}]}}