{"id":46,"date":"2015-11-23T01:02:43","date_gmt":"2015-11-23T01:02:43","guid":{"rendered":"http:\/\/blog.espol.edu.ec\/caragarc\/?page_id=46"},"modified":"2015-11-23T01:37:26","modified_gmt":"2015-11-23T01:37:26","slug":"selecciones","status":"publish","type":"page","link":"https:\/\/blog.espol.edu.ec\/caragarc\/selecciones\/","title":{"rendered":"Internacional"},"content":{"rendered":"<p><strong>En Alemania jugaron bajo la nieve<\/strong><\/p>\n<p><a href=\"http:\/\/blog.espol.edu.ec\/caragarc\/files\/2015\/11\/Berlin-el-Hertha-y-el-Hoffenheim-nieve.jpg\"><img loading=\"lazy\" decoding=\"async\" class=\"alignnone size-medium wp-image-63\" src=\"http:\/\/blog.espol.edu.ec\/caragarc\/files\/2015\/11\/Berlin-el-Hertha-y-el-Hoffenheim-nieve-300x175.jpg\" alt=\"Berlin el Hertha y el Hoffenheim nieve\" width=\"300\" height=\"175\" srcset=\"https:\/\/blog.espol.edu.ec\/caragarc\/files\/2015\/11\/Berlin-el-Hertha-y-el-Hoffenheim-nieve-300x175.jpg 300w, https:\/\/blog.espol.edu.ec\/caragarc\/files\/2015\/11\/Berlin-el-Hertha-y-el-Hoffenheim-nieve.jpg 660w\" sizes=\"auto, (max-width: 300px) 100vw, 300px\" \/><\/a><\/p>\n<p>Nieva y nieva en Berl\u00edn. Primera nevada del a\u00f1o, dicen y se expresan sus habitantes. Y mientras tanto, que siga el f\u00fatbol. Nada de suspensiones por abundancia de agua, por fr\u00edo ni por la blanca nieve. En la Bundesliga dominada a pleno por el Bayern Munich de Pep Guardiola, el Hertha le gan\u00f3 al Hoffenheim.<\/p>\n<p>&nbsp;<\/p>\n<p><strong>Marcelo Salas ser\u00eda candidato a la presidencia del f\u00fatbol chileno<\/strong><\/p>\n<p><a href=\"http:\/\/blog.espol.edu.ec\/caragarc\/files\/2015\/11\/matador-salas-chile-2002.jpg\"><img loading=\"lazy\" decoding=\"async\" class=\"alignnone size-medium wp-image-64\" src=\"http:\/\/blog.espol.edu.ec\/caragarc\/files\/2015\/11\/matador-salas-chile-2002-300x200.jpg\" alt=\"matador salas chile 2002\" width=\"300\" height=\"200\" srcset=\"https:\/\/blog.espol.edu.ec\/caragarc\/files\/2015\/11\/matador-salas-chile-2002-300x200.jpg 300w, https:\/\/blog.espol.edu.ec\/caragarc\/files\/2015\/11\/matador-salas-chile-2002.jpg 600w\" sizes=\"auto, (max-width: 300px) 100vw, 300px\" \/><\/a><\/p>\n<p>Tras la renuncia del presidente de la Asociaci\u00f3n Nacional de F\u00fatbol Profesional (ANFP) ya suenan nombres para reemplazarlo, entre ellos el del retirado delantero chileno y actual cabecilla de Deportes Temuco, Marcelo Salas.<\/p>\n<p>El goleador hist\u00f3rico de la selecci\u00f3n de su pa\u00eds, se\u00f1al\u00f3 que aceptar\u00eda una candidatura a presidir la ANFP, con la condici\u00f3n de que se vayan todos los actuales dirigentes.<\/p>\n<p>Salas, que anot\u00f3 37 goles para La Roja y que gan\u00f3 t\u00edtulos y laureles con el River Plate argentino, el Lazio y la Juventus de Italia, dijo en declaraciones al diario El Mercurio sentirse \u201corgulloso\u201d de que algunos dirigentes hayan pensado en \u00e9l como carta para encabezar el f\u00fatbol chileno, sumido en la corrupci\u00f3n.<\/p>\n<p>\u2018Matador\u2019 candidato<\/p>\n<p>Sobre su eventual candidatura, coment\u00f3 que \u201cme llena de orgullo que la gente vea en m\u00ed transparencia y credibilidad. Pero eso (la candidatura) se ver\u00e1 despu\u00e9s. Lo prioritario es limpiar el ambiente\u201d, concluy\u00f3.<\/p>\n<p>Tras la renuncia de Jadue, la ANFP tiene un plazo de tres meses para convocar a elecciones y elegir un nuevo presidente, aunque cada vez son m\u00e1s los clubes que exigen una renovaci\u00f3n total.<\/p>\n","protected":false},"excerpt":{"rendered":"<p>En Alemania jugaron bajo la nieve Nieva y nieva en Berl\u00edn. Primera nevada del a\u00f1o, dicen y se expresan sus habitantes. Y mientras tanto, que siga el f\u00fatbol. Nada de suspensiones por abundancia de agua, por fr\u00edo ni por la blanca nieve. En la Bundesliga dominada a pleno por el Bayern Munich de Pep Guardiola, [&hellip;]<\/p>\n","protected":false},"author":10006,"featured_media":0,"parent":0,"menu_order":0,"comment_status":"closed","ping_status":"closed","template":"","meta":{"footnotes":""},"class_list":["post-46","page","type-page","status-publish","hentry"],"_links":{"self":[{"href":"https:\/\/blog.espol.edu.ec\/caragarc\/wp-json\/wp\/v2\/pages\/46","targetHints":{"allow":["GET"]}}],"collection":[{"href":"https:\/\/blog.espol.edu.ec\/caragarc\/wp-json\/wp\/v2\/pages"}],"about":[{"href":"https:\/\/blog.espol.edu.ec\/caragarc\/wp-json\/wp\/v2\/types\/page"}],"author":[{"embeddable":true,"href":"https:\/\/blog.espol.edu.ec\/caragarc\/wp-json\/wp\/v2\/users\/10006"}],"replies":[{"embeddable":true,"href":"https:\/\/blog.espol.edu.ec\/caragarc\/wp-json\/wp\/v2\/comments?post=46"}],"version-history":[{"count":4,"href":"https:\/\/blog.espol.edu.ec\/caragarc\/wp-json\/wp\/v2\/pages\/46\/revisions"}],"predecessor-version":[{"id":66,"href":"https:\/\/blog.espol.edu.ec\/caragarc\/wp-json\/wp\/v2\/pages\/46\/revisions\/66"}],"wp:attachment":[{"href":"https:\/\/blog.espol.edu.ec\/caragarc\/wp-json\/wp\/v2\/media?parent=46"}],"curies":[{"name":"wp","href":"https:\/\/api.w.org\/{rel}","templated":true}]}}