{"id":68,"date":"2015-11-23T01:43:52","date_gmt":"2015-11-23T01:43:52","guid":{"rendered":"http:\/\/blog.espol.edu.ec\/caragarc\/?page_id=68"},"modified":"2015-11-23T01:43:52","modified_gmt":"2015-11-23T01:43:52","slug":"champions-league","status":"publish","type":"page","link":"https:\/\/blog.espol.edu.ec\/caragarc\/champions-league\/","title":{"rendered":"Champions League"},"content":{"rendered":"<p><strong> Hincha del Real Madrid celebra con la camiseta de Messi<\/strong><\/p>\n<p><a href=\"http:\/\/blog.espol.edu.ec\/caragarc\/files\/2015\/11\/messiarg.jpg\"><img loading=\"lazy\" decoding=\"async\" class=\"alignnone size-medium wp-image-69\" src=\"http:\/\/blog.espol.edu.ec\/caragarc\/files\/2015\/11\/messiarg-300x156.jpg\" alt=\"messiarg\" width=\"300\" height=\"156\" srcset=\"https:\/\/blog.espol.edu.ec\/caragarc\/files\/2015\/11\/messiarg-300x156.jpg 300w, https:\/\/blog.espol.edu.ec\/caragarc\/files\/2015\/11\/messiarg.jpg 320w\" sizes=\"auto, (max-width: 300px) 100vw, 300px\" \/><\/a><\/p>\n<p>La derrota 3-2 del Real Madrid ante el Sevilla fue la sorpresa del fin de semana, no solo porque los de Rafa Ben\u00edtez perdieron el liderato de la liga espa\u00f1ola sino porque se vio una curiosa imagen en la que un aficionado del 'merengue' celebr\u00f3 con la camiseta de su equipo pero con el nombre de Messi en las tribunas, sin duda algo que es casi imposible por los varios a\u00f1os que la 'Pulga' ha llevado en el FC Barcelona.<\/p>\n<p><strong>Bayern Munich golea a Stuttgart de Carlos Gruezo<\/strong><\/p>\n<p><a href=\"http:\/\/blog.espol.edu.ec\/caragarc\/files\/2015\/11\/Bayern-Goleada-Stturgat.jpg\"><img loading=\"lazy\" decoding=\"async\" class=\"alignnone size-medium wp-image-70\" src=\"http:\/\/blog.espol.edu.ec\/caragarc\/files\/2015\/11\/Bayern-Goleada-Stturgat-300x170.jpg\" alt=\"Bayern-Goleada-Stturgat\" width=\"300\" height=\"170\" srcset=\"https:\/\/blog.espol.edu.ec\/caragarc\/files\/2015\/11\/Bayern-Goleada-Stturgat-300x170.jpg 300w, https:\/\/blog.espol.edu.ec\/caragarc\/files\/2015\/11\/Bayern-Goleada-Stturgat.jpg 541w\" sizes=\"auto, (max-width: 300px) 100vw, 300px\" \/><\/a><\/p>\n<p>El elenco de Alemania, Bayern Munich volvi\u00f3 a la senda del triunfo este s\u00e1bado al aplastar 4-0 a Stuttgart del ecuatoriano Carlos Gruezo, en la Bundesliga alemana.<\/p>\n<p>El cuadro b\u00e1varo necesit\u00f3 apenas 11 minutos para abrir el marcador, cuando Thomas M\u00fcller habilit\u00f3 a Douglas Costa en un contragolpe y el brasile\u00f1o asisti\u00f3 el gol de Arjen Robben. M\u00fcller dio los pases para los goles de Costa y Robert Lewandowski, y finalmente marc\u00f3 su propio tanto al aprovechar un remate del chileno Arturo Vidal que se estrell\u00f3 en el travesa\u00f1o.<\/p>\n<p>El equipo de Pep Guardiola suma 34 puntos en 12 fechas, un r\u00e9cord para la competici\u00f3n, donde se ubica como el l\u00edder general.<\/p>\n<p>&nbsp;<\/p>\n","protected":false},"excerpt":{"rendered":"<p>Hincha del Real Madrid celebra con la camiseta de Messi La derrota 3-2 del Real Madrid ante el Sevilla fue la sorpresa del fin de semana, no solo porque los de Rafa Ben\u00edtez perdieron el liderato de la liga espa\u00f1ola sino porque se vio una curiosa imagen en la que un aficionado del 'merengue' celebr\u00f3 [&hellip;]<\/p>\n","protected":false},"author":10006,"featured_media":0,"parent":0,"menu_order":0,"comment_status":"closed","ping_status":"closed","template":"","meta":{"footnotes":""},"class_list":["post-68","page","type-page","status-publish","hentry"],"_links":{"self":[{"href":"https:\/\/blog.espol.edu.ec\/caragarc\/wp-json\/wp\/v2\/pages\/68","targetHints":{"allow":["GET"]}}],"collection":[{"href":"https:\/\/blog.espol.edu.ec\/caragarc\/wp-json\/wp\/v2\/pages"}],"about":[{"href":"https:\/\/blog.espol.edu.ec\/caragarc\/wp-json\/wp\/v2\/types\/page"}],"author":[{"embeddable":true,"href":"https:\/\/blog.espol.edu.ec\/caragarc\/wp-json\/wp\/v2\/users\/10006"}],"replies":[{"embeddable":true,"href":"https:\/\/blog.espol.edu.ec\/caragarc\/wp-json\/wp\/v2\/comments?post=68"}],"version-history":[{"count":1,"href":"https:\/\/blog.espol.edu.ec\/caragarc\/wp-json\/wp\/v2\/pages\/68\/revisions"}],"predecessor-version":[{"id":71,"href":"https:\/\/blog.espol.edu.ec\/caragarc\/wp-json\/wp\/v2\/pages\/68\/revisions\/71"}],"wp:attachment":[{"href":"https:\/\/blog.espol.edu.ec\/caragarc\/wp-json\/wp\/v2\/media?parent=68"}],"curies":[{"name":"wp","href":"https:\/\/api.w.org\/{rel}","templated":true}]}}